{"id":3434,"date":"2021-11-14T17:40:51","date_gmt":"2021-11-14T16:40:51","guid":{"rendered":"http:\/\/stevenson-fontainebleau.fr\/?page_id=3434"},"modified":"2021-11-15T18:36:29","modified_gmt":"2021-11-15T17:36:29","slug":"soiree-halloween-du-30-octobre-2021","status":"publish","type":"page","link":"https:\/\/stevenson-fontainebleau.fr\/2026\/03\/24\/assemblee-generale-dimanche-29-mars\/evenements-en-cours\/programme-des-activites-2021\/soiree-halloween-du-30-octobre-2021\/","title":{"rendered":"soir\u00e9e Halloween du 30 octobre 2021"},"content":{"rendered":"<div>\n<div class=\"\" dir=\"auto\">\n<div id=\"jsc_c_jv\" class=\"ecm0bbzt hv4rvrfc ihqw7lf3 dati1w0a\" data-ad-comet-preview=\"message\" data-ad-preview=\"message\">\n<div class=\"j83agx80 cbu4d94t ew0dbk1b irj2b8pg\">\n<div class=\"qzhwtbm6 knvmm38d\">\n<div class=\"kvgmc6g5 cxmmr5t8 oygrvhab hcukyx3x c1et5uql ii04i59q\">\n<div dir=\"auto\">Le 30 octobre \u00e0 Ch\u00e2teau-Landon, soir\u00e9e Halloween.<\/div>\n<div dir=\"auto\">Les associations Histoire et Arch\u00e9ologie, Stevenson de Barbizon \u00e0 Grez, et les Amis du patrimoine de Moncourt Fromonville se retrouvaient pour une soir\u00e9e lectures partag\u00e9es et surtout avec Les Polykandres de Moncourt-Fromonville dans une lecture d&rsquo;une histoire de Stevenson qui se d\u00e9roulait \u00e0 la fin des guerres de cent ans, devinez o\u00f9 ? \u00e0 Ch\u00e2teau-Landon, le village m\u00e9di\u00e9val!!! Un joli moment \u00e0 retrouver peut \u00eatre \u00e0 la nuit de la lecture !<\/div>\n<h3 dir=\"auto\">Article de l&rsquo;Eclaireur du 3 novembre 2021.<\/h3>\n<\/div>\n<\/div>\n<\/div>\n<\/div>\n<\/div>\n<div id=\"jsc_c_jw\" class=\"l9j0dhe7\">\n<div class=\"l9j0dhe7\">\n<div class=\"bp9cbjyn cwj9ozl2 j83agx80 cbu4d94t ni8dbmo4 stjgntxs l9j0dhe7 k4urcfbm\">\n<div class=\"do00u71z ni8dbmo4 stjgntxs l9j0dhe7\">\n<div class=\"pmk7jnqg kr520xx4\"><img loading=\"lazy\" decoding=\"async\" class=\"aligncenter size-full wp-image-3450\" src=\"http:\/\/stevenson-fontainebleau.fr\/wp-content\/uploads\/2021\/11\/Nume\u0301riser.jpeg\" alt=\"\" width=\"425\" height=\"621\" srcset=\"https:\/\/stevenson-fontainebleau.fr\/wp-content\/uploads\/2021\/11\/Nume\u0301riser.jpeg 425w, https:\/\/stevenson-fontainebleau.fr\/wp-content\/uploads\/2021\/11\/Nume\u0301riser-205x300.jpeg 205w\" sizes=\"auto, (max-width: 425px) 100vw, 425px\" \/><\/div>\n<\/div>\n<\/div>\n<div class=\"linmgsc8 opwvks06 i09qtzwb n7fi1qx3 hzruof5a pmk7jnqg j9ispegn kr520xx4\"><\/div>\n<div class=\"n00je7tq arfg74bv qs9ysxi8 k77z8yql i09qtzwb n7fi1qx3 b5wmifdl hzruof5a pmk7jnqg j9ispegn kr520xx4 c5ndavph art1omkt ot9fgl3s\" data-visualcompletion=\"ignore\"><\/div>\n<\/div>\n<div class=\"stjgntxs ni8dbmo4\"><\/div>\n<\/div>\n<\/div>\n<div>\n<div class=\"stjgntxs ni8dbmo4 l82x9zwi uo3d90p7 h905i5nu monazrh9\" data-visualcompletion=\"ignore-dynamic\">\n<div>\n<div class=\"l9j0dhe7\">\n<div class=\"bp9cbjyn m9osqain j83agx80 jq4qci2q bkfpd7mw a3bd9o3v kvgmc6g5 wkznzc2l oygrvhab dhix69tm jktsbyx5 rz4wbd8a osnr6wyh a8nywdso s1tcr66n\">\n<div class=\"bp9cbjyn j83agx80 buofh1pr ni8dbmo4 stjgntxs\">\n<div class=\"oajrlxb2 gs1a9yip g5ia77u1 mtkw9kbi tlpljxtp qensuy8j ppp5ayq2 goun2846 ccm00jje s44p3ltw mk2mc5f4 rt8b4zig n8ej3o3l agehan2d sk4xxmp2 rq0escxv nhd2j8a9 pq6dq46d mg4g778l btwxx1t3 pfnyh3mw p7hjln8o kvgmc6g5 cxmmr5t8 oygrvhab hcukyx3x tgvbjcpo hpfvmrgz jb3vyjys rz4wbd8a qt6c0cv9 a8nywdso l9j0dhe7 i1ao9s8h esuyzwwr f1sip0of du4w35lb lzcic4wl n00je7tq arfg74bv qs9ysxi8 k77z8yql abiwlrkh p8dawk7l\" tabindex=\"0\" role=\"button\" aria-label=\"J\u2019aime\u00a0: 10 personnes\"><\/div>\n<div class=\"oajrlxb2 gs1a9yip g5ia77u1 mtkw9kbi tlpljxtp qensuy8j ppp5ayq2 goun2846 ccm00jje s44p3ltw mk2mc5f4 rt8b4zig n8ej3o3l agehan2d sk4xxmp2 rq0escxv nhd2j8a9 pq6dq46d mg4g778l btwxx1t3 pfnyh3mw p7hjln8o kvgmc6g5 cxmmr5t8 oygrvhab hcukyx3x tgvbjcpo hpfvmrgz jb3vyjys rz4wbd8a qt6c0cv9 a8nywdso l9j0dhe7 i1ao9s8h esuyzwwr f1sip0of du4w35lb lzcic4wl n00je7tq arfg74bv qs9ysxi8 k77z8yql abiwlrkh p8dawk7l\" tabindex=\"0\" role=\"button\" aria-label=\"J\u2019adore\u00a0: 2 personnes\"><\/div>\n<div class=\"\"><\/div>\n<\/div>\n<\/div>\n<\/div>\n<\/div>\n<div class=\"cwj9ozl2 tvmbv18p\"><\/div>\n<\/div>\n<\/div>\n","protected":false},"excerpt":{"rendered":"<p>Le 30 octobre \u00e0 Ch\u00e2teau-Landon, soir\u00e9e Halloween. Les associations Histoire et Arch\u00e9ologie, Stevenson de Barbizon \u00e0 Grez, et les Amis du patrimoine de Moncourt Fromonville se retrouvaient pour une soir\u00e9e lectures partag\u00e9es et surtout avec Les Polykandres de Moncourt-Fromonville dans une lecture d&rsquo;une histoire de Stevenson qui se d\u00e9roulait \u00e0 la fin des guerres de &hellip; <a href=\"https:\/\/stevenson-fontainebleau.fr\/2026\/03\/24\/assemblee-generale-dimanche-29-mars\/evenements-en-cours\/programme-des-activites-2021\/soiree-halloween-du-30-octobre-2021\/\" class=\"more-link\">Continuer la lecture de <span class=\"screen-reader-text\">soir\u00e9e Halloween du 30 octobre 2021<\/span>  <span class=\"meta-nav\">&rarr;<\/span><\/a><\/p>\n","protected":false},"author":1,"featured_media":0,"parent":2995,"menu_order":95,"comment_status":"closed","ping_status":"closed","template":"","meta":{"footnotes":""},"class_list":["post-3434","page","type-page","status-publish","hentry"],"_links":{"self":[{"href":"https:\/\/stevenson-fontainebleau.fr\/2026\/03\/24\/assemblee-generale-dimanche-29-mars\/wp-json\/wp\/v2\/pages\/3434","targetHints":{"allow":["GET"]}}],"collection":[{"href":"https:\/\/stevenson-fontainebleau.fr\/2026\/03\/24\/assemblee-generale-dimanche-29-mars\/wp-json\/wp\/v2\/pages"}],"about":[{"href":"https:\/\/stevenson-fontainebleau.fr\/2026\/03\/24\/assemblee-generale-dimanche-29-mars\/wp-json\/wp\/v2\/types\/page"}],"author":[{"embeddable":true,"href":"https:\/\/stevenson-fontainebleau.fr\/2026\/03\/24\/assemblee-generale-dimanche-29-mars\/wp-json\/wp\/v2\/users\/1"}],"replies":[{"embeddable":true,"href":"https:\/\/stevenson-fontainebleau.fr\/2026\/03\/24\/assemblee-generale-dimanche-29-mars\/wp-json\/wp\/v2\/comments?post=3434"}],"version-history":[{"count":4,"href":"https:\/\/stevenson-fontainebleau.fr\/2026\/03\/24\/assemblee-generale-dimanche-29-mars\/wp-json\/wp\/v2\/pages\/3434\/revisions"}],"predecessor-version":[{"id":3451,"href":"https:\/\/stevenson-fontainebleau.fr\/2026\/03\/24\/assemblee-generale-dimanche-29-mars\/wp-json\/wp\/v2\/pages\/3434\/revisions\/3451"}],"up":[{"embeddable":true,"href":"https:\/\/stevenson-fontainebleau.fr\/2026\/03\/24\/assemblee-generale-dimanche-29-mars\/wp-json\/wp\/v2\/pages\/2995"}],"wp:attachment":[{"href":"https:\/\/stevenson-fontainebleau.fr\/2026\/03\/24\/assemblee-generale-dimanche-29-mars\/wp-json\/wp\/v2\/media?parent=3434"}],"curies":[{"name":"wp","href":"https:\/\/api.w.org\/{rel}","templated":true}]}}