{"id":3385,"date":"2021-11-15T10:51:03","date_gmt":"2021-11-15T09:51:03","guid":{"rendered":"http:\/\/stevenson-fontainebleau.fr\/?page_id=3385"},"modified":"2021-11-15T18:00:07","modified_gmt":"2021-11-15T17:00:07","slug":"chasse-au-tresor-stevenson-et-lartefact-onirique-le-6-novembre-2021%e2%80%b2","status":"publish","type":"page","link":"https:\/\/stevenson-fontainebleau.fr\/2026\/03\/24\/assemblee-generale-dimanche-29-mars\/evenements-en-cours\/programme-des-activites-2021\/chasse-au-tresor-stevenson-et-lartefact-onirique-le-6-novembre-2021%e2%80%b2\/chasse-au-tresor-stevenson-et-lartefact-onirique-le-6-novembre-2021%e2%80%b2\/","title":{"rendered":"CHASSE AU TR\u00c9SOR \u2018STEVENSON ET L\u2019ARTEFACT ONIRIQUE&rsquo;"},"content":{"rendered":"<div id='gallery-1' class='gallery galleryid-3385 gallery-columns-2 gallery-size-large'><figure class='gallery-item'>\n\t\t\t<div class='gallery-icon landscape'>\n\t\t\t\t<a href='https:\/\/stevenson-fontainebleau.fr\/2026\/03\/24\/assemblee-generale-dimanche-29-mars\/evenements-en-cours\/programme-des-activites-2021\/chasse-au-tresor-stevenson-et-lartefact-onirique-le-6-novembre-2021%e2%80%b2\/chasse-au-tresor-stevenson-et-lartefact-onirique-le-6-novembre-2021%e2%80%b2\/chanson\/'><img loading=\"lazy\" decoding=\"async\" width=\"474\" height=\"269\" src=\"https:\/\/stevenson-fontainebleau.fr\/wp-content\/uploads\/2021\/11\/chanson-1024x582.jpg\" class=\"attachment-large size-large\" alt=\"\" srcset=\"https:\/\/stevenson-fontainebleau.fr\/wp-content\/uploads\/2021\/11\/chanson-1024x582.jpg 1024w, https:\/\/stevenson-fontainebleau.fr\/wp-content\/uploads\/2021\/11\/chanson-300x170.jpg 300w, https:\/\/stevenson-fontainebleau.fr\/wp-content\/uploads\/2021\/11\/chanson-768x436.jpg 768w, https:\/\/stevenson-fontainebleau.fr\/wp-content\/uploads\/2021\/11\/chanson.jpg 1326w\" sizes=\"auto, (max-width: 474px) 100vw, 474px\" \/><\/a>\n\t\t\t<\/div><\/figure><figure class='gallery-item'>\n\t\t\t<div class='gallery-icon landscape'>\n\t\t\t\t<a href='https:\/\/stevenson-fontainebleau.fr\/2026\/03\/24\/assemblee-generale-dimanche-29-mars\/evenements-en-cours\/programme-des-activites-2021\/chasse-au-tresor-stevenson-et-lartefact-onirique-le-6-novembre-2021%e2%80%b2\/chasse-au-tresor-stevenson-et-lartefact-onirique-le-6-novembre-2021%e2%80%b2\/cha\/'><img loading=\"lazy\" decoding=\"async\" width=\"474\" height=\"266\" src=\"https:\/\/stevenson-fontainebleau.fr\/wp-content\/uploads\/2021\/11\/cha-1024x575.jpg\" class=\"attachment-large size-large\" alt=\"\" srcset=\"https:\/\/stevenson-fontainebleau.fr\/wp-content\/uploads\/2021\/11\/cha-1024x575.jpg 1024w, https:\/\/stevenson-fontainebleau.fr\/wp-content\/uploads\/2021\/11\/cha-300x169.jpg 300w, https:\/\/stevenson-fontainebleau.fr\/wp-content\/uploads\/2021\/11\/cha-768x431.jpg 768w, https:\/\/stevenson-fontainebleau.fr\/wp-content\/uploads\/2021\/11\/cha.jpg 1278w\" sizes=\"auto, (max-width: 474px) 100vw, 474px\" \/><\/a>\n\t\t\t<\/div><\/figure>\n\t\t<\/div>\n\n<h4><a href=\"https:\/\/www.youtube.com\/watch?v=fuBMVwAgBbQ\" target=\"_blank\" rel=\"noopener\">https:\/\/www.youtube.com\/watch?v=fuBMVwAgBbQ<\/a><\/h4>\n<h2><\/h2>\n<h2>\u00a0 \u00a0 \u00a0 \u00a0 \u00a0 \u00a0 \u00a0 \u00a0 \u00a0 \u00a0 \u00a0 \u00a0 \u00a0 \u00a0 \u00a0 \u00a0 \u00a0 \u00a0 \u00a0 \u00a0 \u00a0 \u00a0 \u00a0 \u00a0 \u00a0 \u00a0 \u00a0 \u00a0 \u00a0 \u00a0 Une chasse au tr\u00e9sor hors du commun!<a href=\"http:\/\/labulletech.com\/\" target=\"_blank\" rel=\"noopener\"><img loading=\"lazy\" decoding=\"async\" class=\"wp-image-3419 aligncenter\" style=\"font-size: 14px;\" src=\"http:\/\/stevenson-fontainebleau.fr\/wp-content\/uploads\/2021\/11\/13047904_287883121543280_2103954904031312348_o-1-1024x1024.png\" alt=\"\" width=\"61\" height=\"61\" srcset=\"https:\/\/stevenson-fontainebleau.fr\/wp-content\/uploads\/2021\/11\/13047904_287883121543280_2103954904031312348_o-1-1024x1024.png 1024w, https:\/\/stevenson-fontainebleau.fr\/wp-content\/uploads\/2021\/11\/13047904_287883121543280_2103954904031312348_o-1-300x300.png 300w, https:\/\/stevenson-fontainebleau.fr\/wp-content\/uploads\/2021\/11\/13047904_287883121543280_2103954904031312348_o-1-150x150.png 150w, https:\/\/stevenson-fontainebleau.fr\/wp-content\/uploads\/2021\/11\/13047904_287883121543280_2103954904031312348_o-1-768x768.png 768w, https:\/\/stevenson-fontainebleau.fr\/wp-content\/uploads\/2021\/11\/13047904_287883121543280_2103954904031312348_o-1-1536x1536.png 1536w, https:\/\/stevenson-fontainebleau.fr\/wp-content\/uploads\/2021\/11\/13047904_287883121543280_2103954904031312348_o-1.png 2048w\" sizes=\"auto, (max-width: 61px) 100vw, 61px\" \/><\/a><\/h2>\n<div>\n<div class=\"\" dir=\"auto\">\n<div id=\"jsc_c_vc\" class=\"ecm0bbzt hv4rvrfc ihqw7lf3 dati1w0a\" data-ad-comet-preview=\"message\" data-ad-preview=\"message\">\n<div class=\"j83agx80 cbu4d94t ew0dbk1b irj2b8pg\">\n<div class=\"qzhwtbm6 knvmm38d\">\n<div class=\"o9v6fnle cxmmr5t8 oygrvhab hcukyx3x c1et5uql ii04i59q\">\n<div dir=\"auto\">Le samedi 6 novembre apr\u00e8s midi, \u00e0 Grez sur Loing notre quatri\u00e8me chasse au tr\u00e9sor, un peu d\u00e9tonante, sous une mise en sc\u00e8ne de la <a href=\"http:\/\/labulletech.com\/\" target=\"_blank\" rel=\"noopener\">\u00ab\u00a0Bulle Tech\u00a0\u00bb<\/a>, avec un dr\u00f4le de m\u00e9li-m\u00e9lo de personnages sortis tout droit des livres de Stevenson.<\/div>\n<div dir=\"auto\">Les personnages \u00e9taient habill\u00e9s en costume d&rsquo;\u00e9poque et attendaient les participants sur diff\u00e9rents postes diss\u00e9min\u00e9s dans tout le village de Grez-sur-Loing. Les \u00e9preuves et les \u00e9nigmes \u00e0 r\u00e9soudre \u00e9taient parfois difficiles et nos participants\u00a0 couraient voir l&rsquo;Historien pour \u00eatre aid\u00e9s.<\/div>\n<div dir=\"auto\">Au d\u00e9part, il y avait une trentaine de participants, petits et grands, familles, enfants et ados\u00a0 partag\u00e9s en 6 groupes.<\/div>\n<div dir=\"auto\">Le soleil \u00e9tait \u00e9galement pr\u00e9sent durant cette journ\u00e9e et les groupes se sont retrouv\u00e9s autour du coffre aux tr\u00e9sors, pour d\u00e9sactiver l&rsquo;artefact onirique \u2026<\/div>\n<div dir=\"auto\"><span style=\"color: #ffffff;\">.<\/span><\/div>\n<\/div>\n<\/div>\n<\/div>\n<\/div>\n<\/div>\n<\/div>\n<div dir=\"auto\"><\/div>\n<div dir=\"auto\"><\/div>\n<div dir=\"auto\"><\/div>\n<div dir=\"auto\"><\/div>\n<div dir=\"auto\"><\/div>\n<div>\n<div class=\"\" dir=\"auto\">\n<div id=\"jsc_c_vc\" class=\"ecm0bbzt hv4rvrfc ihqw7lf3 dati1w0a\" data-ad-comet-preview=\"message\" data-ad-preview=\"message\">\n<div class=\"j83agx80 cbu4d94t ew0dbk1b irj2b8pg\">\n<div class=\"qzhwtbm6 knvmm38d\">\n<div class=\"o9v6fnle cxmmr5t8 oygrvhab hcukyx3x c1et5uql ii04i59q\">\n<div dir=\"auto\"><\/div>\n<div dir=\"auto\"><\/div>\n<\/div>\n<\/div>\n<\/div>\n<\/div>\n<\/div>\n<div id=\"jsc_c_vd\" class=\"l9j0dhe7\">\n<div class=\"l9j0dhe7\">\n<div class=\"bp9cbjyn cwj9ozl2 j83agx80 cbu4d94t ni8dbmo4 stjgntxs l9j0dhe7 k4urcfbm\">\n<div class=\"do00u71z ni8dbmo4 stjgntxs l9j0dhe7\">\n<div class=\"pmk7jnqg kr520xx4\"><b><i>Quelques<\/i><\/b><em><b> personnages : <strong>L\u2019historien, <\/strong>Jim Hawkins, Captain Long John\u00a0Silver, Le pirate, Dick Shelton (fl\u00e8che noire), Herrick, Docteur Jekyll et Mr Hyde<\/b><\/em><\/div>\n<div><span style=\"color: #ffffff;\"><span style=\"color: #ffffff;\">.<\/span><\/span><\/div>\n<div><span style=\"color: #ffffff;\">.<\/span><\/div>\n<\/div>\n<\/div>\n<\/div>\n<\/div>\n<\/div>\n<div class=\"cwj9ozl2 tvmbv18p\"><\/div>\n<div><\/div>\n<div>\n<div id='gallery-2' class='gallery galleryid-3385 gallery-columns-4 gallery-size-full'><figure class='gallery-item'>\n\t\t\t<div class='gallery-icon portrait'>\n\t\t\t\t<a href='https:\/\/stevenson-fontainebleau.fr\/2026\/03\/24\/assemblee-generale-dimanche-29-mars\/20211106_154228\/'><img loading=\"lazy\" decoding=\"async\" width=\"484\" height=\"1024\" src=\"https:\/\/stevenson-fontainebleau.fr\/wp-content\/uploads\/2021\/11\/20211106_154228.jpg\" class=\"attachment-full size-full\" alt=\"\" srcset=\"https:\/\/stevenson-fontainebleau.fr\/wp-content\/uploads\/2021\/11\/20211106_154228.jpg 484w, https:\/\/stevenson-fontainebleau.fr\/wp-content\/uploads\/2021\/11\/20211106_154228-142x300.jpg 142w\" sizes=\"auto, (max-width: 484px) 100vw, 484px\" \/><\/a>\n\t\t\t<\/div><\/figure><figure class='gallery-item'>\n\t\t\t<div class='gallery-icon portrait'>\n\t\t\t\t<a href='https:\/\/stevenson-fontainebleau.fr\/2026\/03\/24\/assemblee-generale-dimanche-29-mars\/20211106_141601\/'><img loading=\"lazy\" decoding=\"async\" width=\"484\" height=\"1024\" src=\"https:\/\/stevenson-fontainebleau.fr\/wp-content\/uploads\/2021\/11\/20211106_141601.jpg\" class=\"attachment-full size-full\" alt=\"\" srcset=\"https:\/\/stevenson-fontainebleau.fr\/wp-content\/uploads\/2021\/11\/20211106_141601.jpg 484w, https:\/\/stevenson-fontainebleau.fr\/wp-content\/uploads\/2021\/11\/20211106_141601-142x300.jpg 142w\" sizes=\"auto, (max-width: 484px) 100vw, 484px\" \/><\/a>\n\t\t\t<\/div><\/figure><figure class='gallery-item'>\n\t\t\t<div class='gallery-icon portrait'>\n\t\t\t\t<a href='https:\/\/stevenson-fontainebleau.fr\/2026\/03\/24\/assemblee-generale-dimanche-29-mars\/20211106_151738\/'><img loading=\"lazy\" decoding=\"async\" width=\"484\" height=\"1024\" src=\"https:\/\/stevenson-fontainebleau.fr\/wp-content\/uploads\/2021\/11\/20211106_151738.jpg\" class=\"attachment-full size-full\" alt=\"\" srcset=\"https:\/\/stevenson-fontainebleau.fr\/wp-content\/uploads\/2021\/11\/20211106_151738.jpg 484w, https:\/\/stevenson-fontainebleau.fr\/wp-content\/uploads\/2021\/11\/20211106_151738-142x300.jpg 142w\" sizes=\"auto, (max-width: 484px) 100vw, 484px\" \/><\/a>\n\t\t\t<\/div><\/figure><figure class='gallery-item'>\n\t\t\t<div class='gallery-icon portrait'>\n\t\t\t\t<a href='https:\/\/stevenson-fontainebleau.fr\/2026\/03\/24\/assemblee-generale-dimanche-29-mars\/20211106_154349\/'><img loading=\"lazy\" decoding=\"async\" width=\"484\" height=\"1024\" src=\"https:\/\/stevenson-fontainebleau.fr\/wp-content\/uploads\/2021\/11\/20211106_154349.jpg\" class=\"attachment-full size-full\" alt=\"\" srcset=\"https:\/\/stevenson-fontainebleau.fr\/wp-content\/uploads\/2021\/11\/20211106_154349.jpg 484w, https:\/\/stevenson-fontainebleau.fr\/wp-content\/uploads\/2021\/11\/20211106_154349-142x300.jpg 142w\" sizes=\"auto, (max-width: 484px) 100vw, 484px\" \/><\/a>\n\t\t\t<\/div><\/figure><figure class='gallery-item'>\n\t\t\t<div class='gallery-icon portrait'>\n\t\t\t\t<a href='https:\/\/stevenson-fontainebleau.fr\/2026\/03\/24\/assemblee-generale-dimanche-29-mars\/20211106_152831\/'><img loading=\"lazy\" decoding=\"async\" width=\"484\" height=\"1024\" src=\"https:\/\/stevenson-fontainebleau.fr\/wp-content\/uploads\/2021\/11\/20211106_152831.jpg\" class=\"attachment-full size-full\" alt=\"\" srcset=\"https:\/\/stevenson-fontainebleau.fr\/wp-content\/uploads\/2021\/11\/20211106_152831.jpg 484w, https:\/\/stevenson-fontainebleau.fr\/wp-content\/uploads\/2021\/11\/20211106_152831-142x300.jpg 142w\" sizes=\"auto, (max-width: 484px) 100vw, 484px\" \/><\/a>\n\t\t\t<\/div><\/figure><figure class='gallery-item'>\n\t\t\t<div class='gallery-icon portrait'>\n\t\t\t\t<a href='https:\/\/stevenson-fontainebleau.fr\/2026\/03\/24\/assemblee-generale-dimanche-29-mars\/20211106_144122\/'><img loading=\"lazy\" decoding=\"async\" width=\"484\" height=\"1024\" src=\"https:\/\/stevenson-fontainebleau.fr\/wp-content\/uploads\/2021\/11\/20211106_144122.jpg\" class=\"attachment-full size-full\" alt=\"\" srcset=\"https:\/\/stevenson-fontainebleau.fr\/wp-content\/uploads\/2021\/11\/20211106_144122.jpg 484w, https:\/\/stevenson-fontainebleau.fr\/wp-content\/uploads\/2021\/11\/20211106_144122-142x300.jpg 142w\" sizes=\"auto, (max-width: 484px) 100vw, 484px\" \/><\/a>\n\t\t\t<\/div><\/figure><figure class='gallery-item'>\n\t\t\t<div class='gallery-icon portrait'>\n\t\t\t\t<a href='https:\/\/stevenson-fontainebleau.fr\/2026\/03\/24\/assemblee-generale-dimanche-29-mars\/20211106_152801\/'><img loading=\"lazy\" decoding=\"async\" width=\"484\" height=\"1024\" src=\"https:\/\/stevenson-fontainebleau.fr\/wp-content\/uploads\/2021\/11\/20211106_152801.jpg\" class=\"attachment-full size-full\" alt=\"\" srcset=\"https:\/\/stevenson-fontainebleau.fr\/wp-content\/uploads\/2021\/11\/20211106_152801.jpg 484w, https:\/\/stevenson-fontainebleau.fr\/wp-content\/uploads\/2021\/11\/20211106_152801-142x300.jpg 142w\" sizes=\"auto, (max-width: 484px) 100vw, 484px\" \/><\/a>\n\t\t\t<\/div><\/figure><figure class='gallery-item'>\n\t\t\t<div class='gallery-icon portrait'>\n\t\t\t\t<a href='https:\/\/stevenson-fontainebleau.fr\/2026\/03\/24\/assemblee-generale-dimanche-29-mars\/20211106_153605\/'><img loading=\"lazy\" decoding=\"async\" width=\"484\" height=\"1024\" src=\"https:\/\/stevenson-fontainebleau.fr\/wp-content\/uploads\/2021\/11\/20211106_153605.jpg\" class=\"attachment-full size-full\" alt=\"\" srcset=\"https:\/\/stevenson-fontainebleau.fr\/wp-content\/uploads\/2021\/11\/20211106_153605.jpg 484w, https:\/\/stevenson-fontainebleau.fr\/wp-content\/uploads\/2021\/11\/20211106_153605-142x300.jpg 142w\" sizes=\"auto, (max-width: 484px) 100vw, 484px\" \/><\/a>\n\t\t\t<\/div><\/figure><figure class='gallery-item'>\n\t\t\t<div class='gallery-icon portrait'>\n\t\t\t\t<a href='https:\/\/stevenson-fontainebleau.fr\/2026\/03\/24\/assemblee-generale-dimanche-29-mars\/20211106_155352\/'><img loading=\"lazy\" decoding=\"async\" width=\"484\" height=\"1024\" src=\"https:\/\/stevenson-fontainebleau.fr\/wp-content\/uploads\/2021\/11\/20211106_155352.jpg\" class=\"attachment-full size-full\" alt=\"\" srcset=\"https:\/\/stevenson-fontainebleau.fr\/wp-content\/uploads\/2021\/11\/20211106_155352.jpg 484w, https:\/\/stevenson-fontainebleau.fr\/wp-content\/uploads\/2021\/11\/20211106_155352-142x300.jpg 142w\" sizes=\"auto, (max-width: 484px) 100vw, 484px\" \/><\/a>\n\t\t\t<\/div><\/figure><figure class='gallery-item'>\n\t\t\t<div class='gallery-icon portrait'>\n\t\t\t\t<a href='https:\/\/stevenson-fontainebleau.fr\/2026\/03\/24\/assemblee-generale-dimanche-29-mars\/20211106_171333\/'><img loading=\"lazy\" decoding=\"async\" width=\"484\" height=\"1024\" src=\"https:\/\/stevenson-fontainebleau.fr\/wp-content\/uploads\/2021\/11\/20211106_171333.jpg\" class=\"attachment-full size-full\" alt=\"\" srcset=\"https:\/\/stevenson-fontainebleau.fr\/wp-content\/uploads\/2021\/11\/20211106_171333.jpg 484w, https:\/\/stevenson-fontainebleau.fr\/wp-content\/uploads\/2021\/11\/20211106_171333-142x300.jpg 142w\" sizes=\"auto, (max-width: 484px) 100vw, 484px\" \/><\/a>\n\t\t\t<\/div><\/figure><figure class='gallery-item'>\n\t\t\t<div class='gallery-icon portrait'>\n\t\t\t\t<a href='https:\/\/stevenson-fontainebleau.fr\/2026\/03\/24\/assemblee-generale-dimanche-29-mars\/20211106_171346\/'><img loading=\"lazy\" decoding=\"async\" width=\"484\" height=\"1024\" src=\"https:\/\/stevenson-fontainebleau.fr\/wp-content\/uploads\/2021\/11\/20211106_171346.jpg\" class=\"attachment-full size-full\" alt=\"\" srcset=\"https:\/\/stevenson-fontainebleau.fr\/wp-content\/uploads\/2021\/11\/20211106_171346.jpg 484w, https:\/\/stevenson-fontainebleau.fr\/wp-content\/uploads\/2021\/11\/20211106_171346-142x300.jpg 142w\" sizes=\"auto, (max-width: 484px) 100vw, 484px\" \/><\/a>\n\t\t\t<\/div><\/figure><figure class='gallery-item'>\n\t\t\t<div class='gallery-icon portrait'>\n\t\t\t\t<a href='https:\/\/stevenson-fontainebleau.fr\/2026\/03\/24\/assemblee-generale-dimanche-29-mars\/20211106_171350\/'><img loading=\"lazy\" decoding=\"async\" width=\"484\" height=\"1024\" src=\"https:\/\/stevenson-fontainebleau.fr\/wp-content\/uploads\/2021\/11\/20211106_171350.jpg\" class=\"attachment-full size-full\" alt=\"\" srcset=\"https:\/\/stevenson-fontainebleau.fr\/wp-content\/uploads\/2021\/11\/20211106_171350.jpg 484w, https:\/\/stevenson-fontainebleau.fr\/wp-content\/uploads\/2021\/11\/20211106_171350-142x300.jpg 142w\" sizes=\"auto, (max-width: 484px) 100vw, 484px\" \/><\/a>\n\t\t\t<\/div><\/figure><figure class='gallery-item'>\n\t\t\t<div class='gallery-icon portrait'>\n\t\t\t\t<a href='https:\/\/stevenson-fontainebleau.fr\/2026\/03\/24\/assemblee-generale-dimanche-29-mars\/20211106_171411\/'><img loading=\"lazy\" decoding=\"async\" width=\"484\" height=\"1024\" src=\"https:\/\/stevenson-fontainebleau.fr\/wp-content\/uploads\/2021\/11\/20211106_171411.jpg\" class=\"attachment-full size-full\" alt=\"\" srcset=\"https:\/\/stevenson-fontainebleau.fr\/wp-content\/uploads\/2021\/11\/20211106_171411.jpg 484w, https:\/\/stevenson-fontainebleau.fr\/wp-content\/uploads\/2021\/11\/20211106_171411-142x300.jpg 142w\" sizes=\"auto, (max-width: 484px) 100vw, 484px\" \/><\/a>\n\t\t\t<\/div><\/figure><figure class='gallery-item'>\n\t\t\t<div class='gallery-icon portrait'>\n\t\t\t\t<a href='https:\/\/stevenson-fontainebleau.fr\/2026\/03\/24\/assemblee-generale-dimanche-29-mars\/20211106_171435\/'><img loading=\"lazy\" decoding=\"async\" width=\"484\" height=\"1024\" src=\"https:\/\/stevenson-fontainebleau.fr\/wp-content\/uploads\/2021\/11\/20211106_171435.jpg\" class=\"attachment-full size-full\" alt=\"\" srcset=\"https:\/\/stevenson-fontainebleau.fr\/wp-content\/uploads\/2021\/11\/20211106_171435.jpg 484w, https:\/\/stevenson-fontainebleau.fr\/wp-content\/uploads\/2021\/11\/20211106_171435-142x300.jpg 142w\" sizes=\"auto, (max-width: 484px) 100vw, 484px\" \/><\/a>\n\t\t\t<\/div><\/figure><figure class='gallery-item'>\n\t\t\t<div class='gallery-icon portrait'>\n\t\t\t\t<a href='https:\/\/stevenson-fontainebleau.fr\/2026\/03\/24\/assemblee-generale-dimanche-29-mars\/20211106_171444\/'><img loading=\"lazy\" decoding=\"async\" width=\"484\" height=\"1024\" src=\"https:\/\/stevenson-fontainebleau.fr\/wp-content\/uploads\/2021\/11\/20211106_171444.jpg\" class=\"attachment-full size-full\" alt=\"\" srcset=\"https:\/\/stevenson-fontainebleau.fr\/wp-content\/uploads\/2021\/11\/20211106_171444.jpg 484w, https:\/\/stevenson-fontainebleau.fr\/wp-content\/uploads\/2021\/11\/20211106_171444-142x300.jpg 142w\" sizes=\"auto, (max-width: 484px) 100vw, 484px\" \/><\/a>\n\t\t\t<\/div><\/figure><figure class='gallery-item'>\n\t\t\t<div class='gallery-icon landscape'>\n\t\t\t\t<a href='https:\/\/stevenson-fontainebleau.fr\/2026\/03\/24\/assemblee-generale-dimanche-29-mars\/evenements-en-cours\/programme-des-activites-2021\/chasse-au-tresor-stevenson-et-lartefact-onirique-le-6-novembre-2021%e2%80%b2\/chasse-au-tresor-stevenson-et-lartefact-onirique-le-6-novembre-2021%e2%80%b2\/13047904_287883121543280_2103954904031312348_o-2\/'><img loading=\"lazy\" decoding=\"async\" width=\"2048\" height=\"2048\" src=\"https:\/\/stevenson-fontainebleau.fr\/wp-content\/uploads\/2021\/11\/13047904_287883121543280_2103954904031312348_o-1.png\" class=\"attachment-full size-full\" alt=\"\" srcset=\"https:\/\/stevenson-fontainebleau.fr\/wp-content\/uploads\/2021\/11\/13047904_287883121543280_2103954904031312348_o-1.png 2048w, https:\/\/stevenson-fontainebleau.fr\/wp-content\/uploads\/2021\/11\/13047904_287883121543280_2103954904031312348_o-1-300x300.png 300w, https:\/\/stevenson-fontainebleau.fr\/wp-content\/uploads\/2021\/11\/13047904_287883121543280_2103954904031312348_o-1-1024x1024.png 1024w, https:\/\/stevenson-fontainebleau.fr\/wp-content\/uploads\/2021\/11\/13047904_287883121543280_2103954904031312348_o-1-150x150.png 150w, https:\/\/stevenson-fontainebleau.fr\/wp-content\/uploads\/2021\/11\/13047904_287883121543280_2103954904031312348_o-1-768x768.png 768w, https:\/\/stevenson-fontainebleau.fr\/wp-content\/uploads\/2021\/11\/13047904_287883121543280_2103954904031312348_o-1-1536x1536.png 1536w\" sizes=\"auto, (max-width: 2048px) 100vw, 2048px\" \/><\/a>\n\t\t\t<\/div><\/figure>\n\t\t<\/div>\n\n<div id='gallery-3' class='gallery galleryid-3385 gallery-columns-2 gallery-size-large'><figure class='gallery-item'>\n\t\t\t<div class='gallery-icon landscape'>\n\t\t\t\t<a href='https:\/\/stevenson-fontainebleau.fr\/2026\/03\/24\/assemblee-generale-dimanche-29-mars\/20211106_172104\/'><img loading=\"lazy\" decoding=\"async\" width=\"474\" height=\"224\" src=\"https:\/\/stevenson-fontainebleau.fr\/wp-content\/uploads\/2021\/11\/20211106_172104-1024x484.jpg\" class=\"attachment-large size-large\" alt=\"\" srcset=\"https:\/\/stevenson-fontainebleau.fr\/wp-content\/uploads\/2021\/11\/20211106_172104-1024x484.jpg 1024w, https:\/\/stevenson-fontainebleau.fr\/wp-content\/uploads\/2021\/11\/20211106_172104-300x142.jpg 300w, https:\/\/stevenson-fontainebleau.fr\/wp-content\/uploads\/2021\/11\/20211106_172104-768x363.jpg 768w, https:\/\/stevenson-fontainebleau.fr\/wp-content\/uploads\/2021\/11\/20211106_172104.jpg 1280w\" sizes=\"auto, (max-width: 474px) 100vw, 474px\" \/><\/a>\n\t\t\t<\/div><\/figure><figure class='gallery-item'>\n\t\t\t<div class='gallery-icon landscape'>\n\t\t\t\t<a href='https:\/\/stevenson-fontainebleau.fr\/2026\/03\/24\/assemblee-generale-dimanche-29-mars\/20211106_172154\/'><img loading=\"lazy\" decoding=\"async\" width=\"474\" height=\"224\" src=\"https:\/\/stevenson-fontainebleau.fr\/wp-content\/uploads\/2021\/11\/20211106_172154-1024x484.jpg\" class=\"attachment-large size-large\" alt=\"\" srcset=\"https:\/\/stevenson-fontainebleau.fr\/wp-content\/uploads\/2021\/11\/20211106_172154-1024x484.jpg 1024w, https:\/\/stevenson-fontainebleau.fr\/wp-content\/uploads\/2021\/11\/20211106_172154-300x142.jpg 300w, https:\/\/stevenson-fontainebleau.fr\/wp-content\/uploads\/2021\/11\/20211106_172154-768x363.jpg 768w, https:\/\/stevenson-fontainebleau.fr\/wp-content\/uploads\/2021\/11\/20211106_172154.jpg 1280w\" sizes=\"auto, (max-width: 474px) 100vw, 474px\" \/><\/a>\n\t\t\t<\/div><\/figure><figure class='gallery-item'>\n\t\t\t<div class='gallery-icon landscape'>\n\t\t\t\t<a href='https:\/\/stevenson-fontainebleau.fr\/2026\/03\/24\/assemblee-generale-dimanche-29-mars\/20211106_152658\/'><img loading=\"lazy\" decoding=\"async\" width=\"474\" height=\"224\" src=\"https:\/\/stevenson-fontainebleau.fr\/wp-content\/uploads\/2021\/11\/20211106_152658-1024x484.jpg\" class=\"attachment-large size-large\" alt=\"\" srcset=\"https:\/\/stevenson-fontainebleau.fr\/wp-content\/uploads\/2021\/11\/20211106_152658-1024x484.jpg 1024w, https:\/\/stevenson-fontainebleau.fr\/wp-content\/uploads\/2021\/11\/20211106_152658-300x142.jpg 300w, https:\/\/stevenson-fontainebleau.fr\/wp-content\/uploads\/2021\/11\/20211106_152658-768x363.jpg 768w, https:\/\/stevenson-fontainebleau.fr\/wp-content\/uploads\/2021\/11\/20211106_152658.jpg 1280w\" sizes=\"auto, (max-width: 474px) 100vw, 474px\" \/><\/a>\n\t\t\t<\/div><\/figure><figure class='gallery-item'>\n\t\t\t<div class='gallery-icon landscape'>\n\t\t\t\t<a href='https:\/\/stevenson-fontainebleau.fr\/2026\/03\/24\/assemblee-generale-dimanche-29-mars\/20211106_143534\/'><img loading=\"lazy\" decoding=\"async\" width=\"474\" height=\"224\" src=\"https:\/\/stevenson-fontainebleau.fr\/wp-content\/uploads\/2021\/11\/20211106_143534-1024x484.jpg\" class=\"attachment-large size-large\" alt=\"\" srcset=\"https:\/\/stevenson-fontainebleau.fr\/wp-content\/uploads\/2021\/11\/20211106_143534-1024x484.jpg 1024w, https:\/\/stevenson-fontainebleau.fr\/wp-content\/uploads\/2021\/11\/20211106_143534-300x142.jpg 300w, https:\/\/stevenson-fontainebleau.fr\/wp-content\/uploads\/2021\/11\/20211106_143534-768x363.jpg 768w, https:\/\/stevenson-fontainebleau.fr\/wp-content\/uploads\/2021\/11\/20211106_143534.jpg 1280w\" sizes=\"auto, (max-width: 474px) 100vw, 474px\" \/><\/a>\n\t\t\t<\/div><\/figure>\n\t\t<\/div>\n\n<\/div>\n","protected":false},"excerpt":{"rendered":"<p>https:\/\/www.youtube.com\/watch?v=fuBMVwAgBbQ \u00a0 \u00a0 \u00a0 \u00a0 \u00a0 \u00a0 \u00a0 \u00a0 \u00a0 \u00a0 \u00a0 \u00a0 \u00a0 \u00a0 \u00a0 \u00a0 \u00a0 \u00a0 \u00a0 \u00a0 \u00a0 \u00a0 \u00a0 \u00a0 \u00a0 \u00a0 \u00a0 \u00a0 \u00a0 \u00a0 Une chasse au tr\u00e9sor hors du commun! Le samedi 6 novembre apr\u00e8s midi, \u00e0 Grez sur Loing notre quatri\u00e8me chasse au tr\u00e9sor, un peu &hellip; <a href=\"https:\/\/stevenson-fontainebleau.fr\/2026\/03\/24\/assemblee-generale-dimanche-29-mars\/evenements-en-cours\/programme-des-activites-2021\/chasse-au-tresor-stevenson-et-lartefact-onirique-le-6-novembre-2021%e2%80%b2\/chasse-au-tresor-stevenson-et-lartefact-onirique-le-6-novembre-2021%e2%80%b2\/\" class=\"more-link\">Continuer la lecture de <span class=\"screen-reader-text\">CHASSE AU TR\u00c9SOR \u2018STEVENSON ET L\u2019ARTEFACT ONIRIQUE&rsquo;<\/span>  <span class=\"meta-nav\">&rarr;<\/span><\/a><\/p>\n","protected":false},"author":1,"featured_media":0,"parent":3382,"menu_order":0,"comment_status":"closed","ping_status":"closed","template":"","meta":{"footnotes":""},"class_list":["post-3385","page","type-page","status-publish","hentry"],"_links":{"self":[{"href":"https:\/\/stevenson-fontainebleau.fr\/2026\/03\/24\/assemblee-generale-dimanche-29-mars\/wp-json\/wp\/v2\/pages\/3385","targetHints":{"allow":["GET"]}}],"collection":[{"href":"https:\/\/stevenson-fontainebleau.fr\/2026\/03\/24\/assemblee-generale-dimanche-29-mars\/wp-json\/wp\/v2\/pages"}],"about":[{"href":"https:\/\/stevenson-fontainebleau.fr\/2026\/03\/24\/assemblee-generale-dimanche-29-mars\/wp-json\/wp\/v2\/types\/page"}],"author":[{"embeddable":true,"href":"https:\/\/stevenson-fontainebleau.fr\/2026\/03\/24\/assemblee-generale-dimanche-29-mars\/wp-json\/wp\/v2\/users\/1"}],"replies":[{"embeddable":true,"href":"https:\/\/stevenson-fontainebleau.fr\/2026\/03\/24\/assemblee-generale-dimanche-29-mars\/wp-json\/wp\/v2\/comments?post=3385"}],"version-history":[{"count":37,"href":"https:\/\/stevenson-fontainebleau.fr\/2026\/03\/24\/assemblee-generale-dimanche-29-mars\/wp-json\/wp\/v2\/pages\/3385\/revisions"}],"predecessor-version":[{"id":3388,"href":"https:\/\/stevenson-fontainebleau.fr\/2026\/03\/24\/assemblee-generale-dimanche-29-mars\/wp-json\/wp\/v2\/pages\/3385\/revisions\/3388"}],"up":[{"embeddable":true,"href":"https:\/\/stevenson-fontainebleau.fr\/2026\/03\/24\/assemblee-generale-dimanche-29-mars\/wp-json\/wp\/v2\/pages\/3382"}],"wp:attachment":[{"href":"https:\/\/stevenson-fontainebleau.fr\/2026\/03\/24\/assemblee-generale-dimanche-29-mars\/wp-json\/wp\/v2\/media?parent=3385"}],"curies":[{"name":"wp","href":"https:\/\/api.w.org\/{rel}","templated":true}]}}