{"id":3382,"date":"2021-11-14T10:24:00","date_gmt":"2021-11-14T09:24:00","guid":{"rendered":"http:\/\/stevenson-fontainebleau.fr\/?page_id=3382"},"modified":"2021-11-15T18:31:09","modified_gmt":"2021-11-15T17:31:09","slug":"chasse-au-tresor-stevenson-et-lartefact-onirique-le-6-novembre-2021%e2%80%b2","status":"publish","type":"page","link":"https:\/\/stevenson-fontainebleau.fr\/2026\/03\/24\/assemblee-generale-dimanche-29-mars\/evenements-en-cours\/programme-des-activites-2021\/chasse-au-tresor-stevenson-et-lartefact-onirique-le-6-novembre-2021%e2%80%b2\/","title":{"rendered":"CHASSE AU TR\u00c9SOR \u2018STEVENSON ET L\u2019ARTEFACT ONIRIQUE\u2019 LE 6 NOVEMBRE 2021\u2032"},"content":{"rendered":"<h2 style=\"text-align: center;\">Samedi 6 novembre 2021 \u00e0 Grez-sur-Loing<\/h2>\n<h2 style=\"text-align: center;\">Une chasse au tr\u00e9sor hors de commun!<\/h2>\n<p><img loading=\"lazy\" decoding=\"async\" class=\"wp-image-3359 aligncenter\" src=\"http:\/\/stevenson-fontainebleau.fr\/wp-content\/uploads\/2021\/10\/artefacte-onirique-724x1024.jpg\" alt=\"\" width=\"397\" height=\"561\" srcset=\"https:\/\/stevenson-fontainebleau.fr\/wp-content\/uploads\/2021\/10\/artefacte-onirique-724x1024.jpg 724w, https:\/\/stevenson-fontainebleau.fr\/wp-content\/uploads\/2021\/10\/artefacte-onirique-212x300.jpg 212w, https:\/\/stevenson-fontainebleau.fr\/wp-content\/uploads\/2021\/10\/artefacte-onirique-768x1086.jpg 768w, https:\/\/stevenson-fontainebleau.fr\/wp-content\/uploads\/2021\/10\/artefacte-onirique-1086x1536.jpg 1086w, https:\/\/stevenson-fontainebleau.fr\/wp-content\/uploads\/2021\/10\/artefacte-onirique-1448x2048.jpg 1448w, https:\/\/stevenson-fontainebleau.fr\/wp-content\/uploads\/2021\/10\/artefacte-onirique-scaled.jpg 1810w\" sizes=\"auto, (max-width: 397px) 100vw, 397px\" \/><\/p>\n<p>A Grez sur Loing, samedi 6 novembre de 13 h 30 \u00e0 17 h, une chasse au tr\u00e9sor propos\u00e9e par l\u2019Association Robert Louis Stevenson et mise en sc\u00e8ne par la Bulle Technologique.<\/p>\n<p>Donc une chasse au tr\u00e9sor pas traditionnelle du tout: il y aura toujours des \u00e9nigmes, des cadeaux dans un coffre, pour le reste c\u2019est \u00e0 d\u00e9couvrir, et ce sera une vraie surprise!!!!<\/p>\n<p>Inscription obligatoire car limitation \u00e0 15 petites \u00e9quipes, familles, enfants, ados par notre site web: Reserver ici&#8230;<\/p>\n<p><strong>Chaque \u00e9quipe aura une heure de d\u00e9part \u00e0 respecter. Merci d&rsquo;arriver au point de d\u00e9part au plus tard 15 minutes avant l&rsquo;heure de votre d\u00e9part.<\/strong><\/p>\n<p>[wpforms id=\u00a0\u00bb3313&Prime;]<\/p>\n","protected":false},"excerpt":{"rendered":"<p>Samedi 6 novembre 2021 \u00e0 Grez-sur-Loing Une chasse au tr\u00e9sor hors de commun! A Grez sur Loing, samedi 6 novembre de 13 h 30 \u00e0 17 h, une chasse au tr\u00e9sor propos\u00e9e par l\u2019Association Robert Louis Stevenson et mise en sc\u00e8ne par la Bulle Technologique. Donc une chasse au tr\u00e9sor pas traditionnelle du tout: il &hellip; <a href=\"https:\/\/stevenson-fontainebleau.fr\/2026\/03\/24\/assemblee-generale-dimanche-29-mars\/evenements-en-cours\/programme-des-activites-2021\/chasse-au-tresor-stevenson-et-lartefact-onirique-le-6-novembre-2021%e2%80%b2\/\" class=\"more-link\">Continuer la lecture de <span class=\"screen-reader-text\">CHASSE AU TR\u00c9SOR \u2018STEVENSON ET L\u2019ARTEFACT ONIRIQUE\u2019 LE 6 NOVEMBRE 2021\u2032<\/span>  <span class=\"meta-nav\">&rarr;<\/span><\/a><\/p>\n","protected":false},"author":1,"featured_media":0,"parent":2995,"menu_order":94,"comment_status":"closed","ping_status":"closed","template":"","meta":{"footnotes":""},"class_list":["post-3382","page","type-page","status-publish","hentry"],"_links":{"self":[{"href":"https:\/\/stevenson-fontainebleau.fr\/2026\/03\/24\/assemblee-generale-dimanche-29-mars\/wp-json\/wp\/v2\/pages\/3382","targetHints":{"allow":["GET"]}}],"collection":[{"href":"https:\/\/stevenson-fontainebleau.fr\/2026\/03\/24\/assemblee-generale-dimanche-29-mars\/wp-json\/wp\/v2\/pages"}],"about":[{"href":"https:\/\/stevenson-fontainebleau.fr\/2026\/03\/24\/assemblee-generale-dimanche-29-mars\/wp-json\/wp\/v2\/types\/page"}],"author":[{"embeddable":true,"href":"https:\/\/stevenson-fontainebleau.fr\/2026\/03\/24\/assemblee-generale-dimanche-29-mars\/wp-json\/wp\/v2\/users\/1"}],"replies":[{"embeddable":true,"href":"https:\/\/stevenson-fontainebleau.fr\/2026\/03\/24\/assemblee-generale-dimanche-29-mars\/wp-json\/wp\/v2\/comments?post=3382"}],"version-history":[{"count":2,"href":"https:\/\/stevenson-fontainebleau.fr\/2026\/03\/24\/assemblee-generale-dimanche-29-mars\/wp-json\/wp\/v2\/pages\/3382\/revisions"}],"predecessor-version":[{"id":3384,"href":"https:\/\/stevenson-fontainebleau.fr\/2026\/03\/24\/assemblee-generale-dimanche-29-mars\/wp-json\/wp\/v2\/pages\/3382\/revisions\/3384"}],"up":[{"embeddable":true,"href":"https:\/\/stevenson-fontainebleau.fr\/2026\/03\/24\/assemblee-generale-dimanche-29-mars\/wp-json\/wp\/v2\/pages\/2995"}],"wp:attachment":[{"href":"https:\/\/stevenson-fontainebleau.fr\/2026\/03\/24\/assemblee-generale-dimanche-29-mars\/wp-json\/wp\/v2\/media?parent=3382"}],"curies":[{"name":"wp","href":"https:\/\/api.w.org\/{rel}","templated":true}]}}