{"id":3370,"date":"2021-10-31T14:08:31","date_gmt":"2021-10-31T13:08:31","guid":{"rendered":"http:\/\/stevenson-fontainebleau.fr\/?page_id=3370"},"modified":"2021-10-31T14:27:49","modified_gmt":"2021-10-31T13:27:49","slug":"randonnee-stevenson-du-dimanche-24-octobre-2021","status":"publish","type":"page","link":"https:\/\/stevenson-fontainebleau.fr\/2026\/03\/24\/assemblee-generale-dimanche-29-mars\/evenements-en-cours\/programme-des-activites-2021\/randonnee-stevenson-dimanche-24-octobre-2021\/randonnee-stevenson-du-dimanche-24-octobre-2021\/","title":{"rendered":"RANDONN\u00c9E STEVENSON DU  DIMANCHE 24 OCTOBRE 2021"},"content":{"rendered":"<p>Encore une belle journ\u00e9e ensoleill\u00e9e pour notre randonn\u00e9e. Nous \u00e9tions une trentaine au d\u00e9part de Barbizon et une trentaine au d\u00e9part de Grez sur Loing.<\/p>\n<p>Merci pour l&rsquo;accueil si sympathique de Madame le Maire de Recloses et bravo \u00e0 tous nos randonneurs.<\/p>\n<p>Nous remercions \u00e9galement :<\/p>\n<ul>\n<li>Quand les mots p\u00e9tillent \u00bb Marcel Goudeau, slameur, randonneur.<\/li>\n<li>M\u00e9li-m\u00e9lo de mots \u00e0 dire et \u00e0 rire, Genevi\u00e8vre Dumant, \u00ab La For\u00eat qui parle \u00bb<\/li>\n<li>Michel et Monika (l&rsquo;Anerie Bacotte) de leur pr\u00e9sence avec leur petit \u00e2ne<\/li>\n<\/ul>\n<p>Le programme de cette journ\u00e9e s&rsquo;est d\u00e9roul\u00e9 dans la joie et l&rsquo;amiti\u00e9.<\/p>\n<p><span style=\"color: #999999;\"><em>Message re\u00e7u d&rsquo; une participante:<\/em><\/span><\/p>\n<p><span style=\"color: #999999;\"><em>Un grand merci pour cette magnifique journ\u00e9e, \u00e0 la fois sportive et culturelle, riche en d\u00e9couvertes et en partages, avec un tr\u00e8s bel accueil et un buffet somptueux.<\/em><\/span><br \/>\n<span style=\"color: #999999;\"><em>Je vais vous envoyer mon bulletin d&rsquo; adh\u00e9sion.<\/em><\/span><br \/>\n<span style=\"color: #999999;\"><em>A tr\u00e8s bient\u00f4t !<\/em><\/span><\/p>\n<p><img loading=\"lazy\" decoding=\"async\" class=\"aligncenter size-full wp-image-3371\" src=\"http:\/\/stevenson-fontainebleau.fr\/wp-content\/uploads\/2021\/10\/3.jpg\" alt=\"\" width=\"480\" height=\"540\" srcset=\"https:\/\/stevenson-fontainebleau.fr\/wp-content\/uploads\/2021\/10\/3.jpg 480w, https:\/\/stevenson-fontainebleau.fr\/wp-content\/uploads\/2021\/10\/3-267x300.jpg 267w\" sizes=\"auto, (max-width: 480px) 100vw, 480px\" \/> <img loading=\"lazy\" decoding=\"async\" class=\"aligncenter size-large wp-image-3372\" src=\"http:\/\/stevenson-fontainebleau.fr\/wp-content\/uploads\/2021\/10\/4.jpg\" alt=\"\" width=\"474\" height=\"316\" srcset=\"https:\/\/stevenson-fontainebleau.fr\/wp-content\/uploads\/2021\/10\/4.jpg 640w, https:\/\/stevenson-fontainebleau.fr\/wp-content\/uploads\/2021\/10\/4-300x200.jpg 300w\" sizes=\"auto, (max-width: 474px) 100vw, 474px\" \/> <img loading=\"lazy\" decoding=\"async\" class=\"aligncenter size-large wp-image-3373\" src=\"http:\/\/stevenson-fontainebleau.fr\/wp-content\/uploads\/2021\/10\/5.jpg\" alt=\"\" width=\"474\" height=\"337\" srcset=\"https:\/\/stevenson-fontainebleau.fr\/wp-content\/uploads\/2021\/10\/5.jpg 640w, https:\/\/stevenson-fontainebleau.fr\/wp-content\/uploads\/2021\/10\/5-300x213.jpg 300w\" sizes=\"auto, (max-width: 474px) 100vw, 474px\" \/> <img loading=\"lazy\" decoding=\"async\" class=\"aligncenter size-large wp-image-3374\" src=\"http:\/\/stevenson-fontainebleau.fr\/wp-content\/uploads\/2021\/10\/1.jpg\" alt=\"\" width=\"474\" height=\"316\" srcset=\"https:\/\/stevenson-fontainebleau.fr\/wp-content\/uploads\/2021\/10\/1.jpg 640w, https:\/\/stevenson-fontainebleau.fr\/wp-content\/uploads\/2021\/10\/1-300x200.jpg 300w\" sizes=\"auto, (max-width: 474px) 100vw, 474px\" \/> <img loading=\"lazy\" decoding=\"async\" class=\"aligncenter size-large wp-image-3375\" src=\"http:\/\/stevenson-fontainebleau.fr\/wp-content\/uploads\/2021\/10\/2.jpg\" alt=\"\" width=\"474\" height=\"347\" srcset=\"https:\/\/stevenson-fontainebleau.fr\/wp-content\/uploads\/2021\/10\/2.jpg 640w, https:\/\/stevenson-fontainebleau.fr\/wp-content\/uploads\/2021\/10\/2-300x219.jpg 300w\" sizes=\"auto, (max-width: 474px) 100vw, 474px\" \/><\/p>\n","protected":false},"excerpt":{"rendered":"<p>Encore une belle journ\u00e9e ensoleill\u00e9e pour notre randonn\u00e9e. Nous \u00e9tions une trentaine au d\u00e9part de Barbizon et une trentaine au d\u00e9part de Grez sur Loing. Merci pour l&rsquo;accueil si sympathique de Madame le Maire de Recloses et bravo \u00e0 tous nos randonneurs. Nous remercions \u00e9galement : Quand les mots p\u00e9tillent \u00bb Marcel Goudeau, slameur, randonneur. &hellip; <a href=\"https:\/\/stevenson-fontainebleau.fr\/2026\/03\/24\/assemblee-generale-dimanche-29-mars\/evenements-en-cours\/programme-des-activites-2021\/randonnee-stevenson-dimanche-24-octobre-2021\/randonnee-stevenson-du-dimanche-24-octobre-2021\/\" class=\"more-link\">Continuer la lecture de <span class=\"screen-reader-text\">RANDONN\u00c9E STEVENSON DU  DIMANCHE 24 OCTOBRE 2021<\/span>  <span class=\"meta-nav\">&rarr;<\/span><\/a><\/p>\n","protected":false},"author":1,"featured_media":0,"parent":3347,"menu_order":0,"comment_status":"closed","ping_status":"closed","template":"","meta":{"footnotes":""},"class_list":["post-3370","page","type-page","status-publish","hentry"],"_links":{"self":[{"href":"https:\/\/stevenson-fontainebleau.fr\/2026\/03\/24\/assemblee-generale-dimanche-29-mars\/wp-json\/wp\/v2\/pages\/3370","targetHints":{"allow":["GET"]}}],"collection":[{"href":"https:\/\/stevenson-fontainebleau.fr\/2026\/03\/24\/assemblee-generale-dimanche-29-mars\/wp-json\/wp\/v2\/pages"}],"about":[{"href":"https:\/\/stevenson-fontainebleau.fr\/2026\/03\/24\/assemblee-generale-dimanche-29-mars\/wp-json\/wp\/v2\/types\/page"}],"author":[{"embeddable":true,"href":"https:\/\/stevenson-fontainebleau.fr\/2026\/03\/24\/assemblee-generale-dimanche-29-mars\/wp-json\/wp\/v2\/users\/1"}],"replies":[{"embeddable":true,"href":"https:\/\/stevenson-fontainebleau.fr\/2026\/03\/24\/assemblee-generale-dimanche-29-mars\/wp-json\/wp\/v2\/comments?post=3370"}],"version-history":[{"count":4,"href":"https:\/\/stevenson-fontainebleau.fr\/2026\/03\/24\/assemblee-generale-dimanche-29-mars\/wp-json\/wp\/v2\/pages\/3370\/revisions"}],"predecessor-version":[{"id":3379,"href":"https:\/\/stevenson-fontainebleau.fr\/2026\/03\/24\/assemblee-generale-dimanche-29-mars\/wp-json\/wp\/v2\/pages\/3370\/revisions\/3379"}],"up":[{"embeddable":true,"href":"https:\/\/stevenson-fontainebleau.fr\/2026\/03\/24\/assemblee-generale-dimanche-29-mars\/wp-json\/wp\/v2\/pages\/3347"}],"wp:attachment":[{"href":"https:\/\/stevenson-fontainebleau.fr\/2026\/03\/24\/assemblee-generale-dimanche-29-mars\/wp-json\/wp\/v2\/media?parent=3370"}],"curies":[{"name":"wp","href":"https:\/\/api.w.org\/{rel}","templated":true}]}}