{"id":3347,"date":"2021-10-23T11:02:50","date_gmt":"2021-10-23T10:02:50","guid":{"rendered":"http:\/\/stevenson-fontainebleau.fr\/?page_id=3347"},"modified":"2021-11-15T18:30:31","modified_gmt":"2021-11-15T17:30:31","slug":"randonnee-stevenson-dimanche-24-octobre-2021","status":"publish","type":"page","link":"https:\/\/stevenson-fontainebleau.fr\/2026\/03\/24\/assemblee-generale-dimanche-29-mars\/evenements-en-cours\/programme-des-activites-2021\/randonnee-stevenson-dimanche-24-octobre-2021\/","title":{"rendered":"Randonn\u00e9e Stevenson &#8211; dimanche 24 octobre 2021"},"content":{"rendered":"<p><span style=\"color: #008000;\"><img loading=\"lazy\" decoding=\"async\" class=\"aligncenter wp-image-3334 size-large\" src=\"http:\/\/stevenson-fontainebleau.fr\/wp-content\/uploads\/2021\/10\/RLSdBaG-Randonee-24-Oct-2021-affiche-724x1024.jpg\" alt=\"\" width=\"474\" height=\"670\" \/><\/span><\/p>\n<p><span style=\"color: #008000;\">Comme chaque ann\u00e9e, mais encore en mieux cette ann\u00e9e, nos randonn\u00e9es \u00e0 Recloses depuis Grez sur Loing et Barbizon, randonnez comme vous aimez.\u00a0<\/span><\/p>\n<p><span style=\"color: #008000;\">Cette ann\u00e9e deux trajets au choix (Inscriptions souhait\u00e9es &#8211; <a style=\"color: #008000;\" href=\"mailto: inscription@stevenson-fontainebleau.fr?subject=RLSdBaG%20Randon\u00e9es%20Stevenson%202021&amp;body=Veuillez%20m'inscrire%20\/%20nous%20inscrire%20\u00e0%20la\/les%20randonn\u00e9es%20RLSdBaG%20le%20dimanche%2024%20octobre:%0ARandonn\u00e9e%20Babizon-Recloses:%20Nom%20et%20Nombre%20de%20personnes:%20%0ARandonn\u00e9e%20Grez-Recloses:%20Nom%20et%20Nombre%20de%20personnes:%20\">cliquez sur ce lien<\/a>):<\/span><\/p>\n<ol>\n<li><span style=\"color: #008000;\">Grez sur Loing &#8211; Recloses 10 km:\u00a0Rdv \u00e0 Grez sur Loing au pr\u00e9 communal \u00e0 9 h.<\/span><\/li>\n<li><span style=\"color: #008000;\">Barbizon &#8211; Recloses 15 km:\u00a0Rdv devant la Mairie de Barbizon \u00e0 8 h 15.<\/span><\/li>\n<\/ol>\n<p><span style=\"color: #008000;\">A partir de 13 heures dans les jardins du Bar Eph\u00e9m\u00e8re (2 Rue des \u00c9coles, 77760 Recloses)<\/span><\/p>\n<ul>\n<li><span style=\"color: #008000;\">Ap\u00e9ritif et amuse-bouche offerts par l\u2019association.<\/span><\/li>\n<li><span style=\"color: #008000;\">Repas tir\u00e9 du sac.<\/span><\/li>\n<li><span style=\"color: #008000;\">Buvette (eau, vin, jus de fruit) ou Caf\u00e9s friandises au prix de 2 \u20ac.<\/span><\/li>\n<\/ul>\n<p><span style=\"color: #008000;\">A partir de 14 heures dans les jardins du Bar Eph\u00e9m\u00e8re, animations et r\u00e9cits autour de Robert Louis Stevenson.<\/span><\/p>\n<ul>\n<li><span style=\"color: #008000;\">\u00ab Quand les mots p\u00e9tillent \u00bb Marcel Goudeau, slameur, randonneur.<\/span><\/li>\n<li><span style=\"color: #008000;\">M\u00e9li-m\u00e9lo de mots \u00e0 dire et \u00e0 rire, Genevi\u00e8vre Dumant, \u00ab La For\u00eat qui parle \u00bb.<\/span><\/li>\n<\/ul>\n<p><span style=\"color: #008000;\"><strong>L\u2019association de Recloses \u00ab l\u2019esprit des jardins \u00bb animera une bourse aux plantes.<\/strong><\/span><\/p>\n<p><span style=\"color: #666699;\"><em>Journ\u00e9e organis\u00e9e avec le soutien de la Mairie et du S.I. de Recloses.<\/em><\/span><\/p>\n<p><span style=\"color: #993366;\">A bient\u00f4t \u00e0 toutes et \u00e0 tous, Michel Legros<\/span><\/p>\n<p>&nbsp;<\/p>\n<p><a href=\"http:\/\/stevenson-fontainebleau.fr\/wp-content\/uploads\/2021\/10\/RLSdBaG-Randonee-24-Oct-2021-affiche.pdf\">RLSdBaG Randon\u00e9e 24 Oct 2021 affiche<\/a><\/p>\n","protected":false},"excerpt":{"rendered":"<p>Comme chaque ann\u00e9e, mais encore en mieux cette ann\u00e9e, nos randonn\u00e9es \u00e0 Recloses depuis Grez sur Loing et Barbizon, randonnez comme vous aimez.\u00a0 Cette ann\u00e9e deux trajets au choix (Inscriptions souhait\u00e9es &#8211; cliquez sur ce lien): Grez sur Loing &#8211; Recloses 10 km:\u00a0Rdv \u00e0 Grez sur Loing au pr\u00e9 communal \u00e0 9 h. Barbizon &#8211; &hellip; <a href=\"https:\/\/stevenson-fontainebleau.fr\/2026\/03\/24\/assemblee-generale-dimanche-29-mars\/evenements-en-cours\/programme-des-activites-2021\/randonnee-stevenson-dimanche-24-octobre-2021\/\" class=\"more-link\">Continuer la lecture de <span class=\"screen-reader-text\">Randonn\u00e9e Stevenson &#8211; dimanche 24 octobre 2021<\/span>  <span class=\"meta-nav\">&rarr;<\/span><\/a><\/p>\n","protected":false},"author":1,"featured_media":0,"parent":2995,"menu_order":96,"comment_status":"closed","ping_status":"closed","template":"","meta":{"footnotes":""},"class_list":["post-3347","page","type-page","status-publish","hentry"],"_links":{"self":[{"href":"https:\/\/stevenson-fontainebleau.fr\/2026\/03\/24\/assemblee-generale-dimanche-29-mars\/wp-json\/wp\/v2\/pages\/3347","targetHints":{"allow":["GET"]}}],"collection":[{"href":"https:\/\/stevenson-fontainebleau.fr\/2026\/03\/24\/assemblee-generale-dimanche-29-mars\/wp-json\/wp\/v2\/pages"}],"about":[{"href":"https:\/\/stevenson-fontainebleau.fr\/2026\/03\/24\/assemblee-generale-dimanche-29-mars\/wp-json\/wp\/v2\/types\/page"}],"author":[{"embeddable":true,"href":"https:\/\/stevenson-fontainebleau.fr\/2026\/03\/24\/assemblee-generale-dimanche-29-mars\/wp-json\/wp\/v2\/users\/1"}],"replies":[{"embeddable":true,"href":"https:\/\/stevenson-fontainebleau.fr\/2026\/03\/24\/assemblee-generale-dimanche-29-mars\/wp-json\/wp\/v2\/comments?post=3347"}],"version-history":[{"count":2,"href":"https:\/\/stevenson-fontainebleau.fr\/2026\/03\/24\/assemblee-generale-dimanche-29-mars\/wp-json\/wp\/v2\/pages\/3347\/revisions"}],"predecessor-version":[{"id":3349,"href":"https:\/\/stevenson-fontainebleau.fr\/2026\/03\/24\/assemblee-generale-dimanche-29-mars\/wp-json\/wp\/v2\/pages\/3347\/revisions\/3349"}],"up":[{"embeddable":true,"href":"https:\/\/stevenson-fontainebleau.fr\/2026\/03\/24\/assemblee-generale-dimanche-29-mars\/wp-json\/wp\/v2\/pages\/2995"}],"wp:attachment":[{"href":"https:\/\/stevenson-fontainebleau.fr\/2026\/03\/24\/assemblee-generale-dimanche-29-mars\/wp-json\/wp\/v2\/media?parent=3347"}],"curies":[{"name":"wp","href":"https:\/\/api.w.org\/{rel}","templated":true}]}}