{"id":3344,"date":"2021-09-25T11:00:17","date_gmt":"2021-09-25T10:00:17","guid":{"rendered":"http:\/\/stevenson-fontainebleau.fr\/?page_id=3344"},"modified":"2021-11-15T18:30:11","modified_gmt":"2021-11-15T17:30:11","slug":"soiree-debat-marcher-avec-les-anes","status":"publish","type":"page","link":"https:\/\/stevenson-fontainebleau.fr\/2026\/03\/24\/assemblee-generale-dimanche-29-mars\/evenements-en-cours\/programme-des-activites-2021\/soiree-debat-marcher-avec-les-anes\/","title":{"rendered":"SOIR\u00c9E D\u00c9BAT \u00ab\u00a0MARCHER AVEC LES \u00c2NES\u00a0\u00bb"},"content":{"rendered":"<p><img loading=\"lazy\" decoding=\"async\" class=\"size-full wp-image-3298 aligncenter\" src=\"http:\/\/stevenson-fontainebleau.fr\/wp-content\/uploads\/2021\/09\/SD-antoinette-002.jpeg\" alt=\"\" width=\"640\" height=\"452\" srcset=\"https:\/\/stevenson-fontainebleau.fr\/wp-content\/uploads\/2021\/09\/SD-antoinette-002.jpeg 640w, https:\/\/stevenson-fontainebleau.fr\/wp-content\/uploads\/2021\/09\/SD-antoinette-002-300x212.jpeg 300w\" sizes=\"auto, (max-width: 640px) 100vw, 640px\" \/><\/p>\n<h4><span style=\"color: #808080;\">Bonjour \u00e0 toutes et \u00e0 tous,<\/span><\/h4>\n<h4><span style=\"color: #808080;\">L\u2019ann\u00e9e derni\u00e8re, \u00e0 la sortie du film, \u00ab\u00a0Antoinette dans les C\u00e9vennes\u00a0\u00bb, nous avions fait le projet avec l\u2019\u00e9quipe de l\u2019Ermitage, le cin\u00e9ma de Fontainebleau, et Monika et Michel Brun, de l\u2019Anerie Bacotte, d\u2019organiser une soir\u00e9e autour de ce film,<\/span><\/h4>\n<h4><span style=\"color: #808080;\">Laetitia Galitzine, la coproductrice, qui est li\u00e9e \u00e0 notre r\u00e9gion, avait accueillie cette id\u00e9e avec un grand plaisir.<\/span><\/h4>\n<h4><span style=\"color: #808080;\">\u00a0Beaucoup d\u2019entre nous avons vu le film avant ou pendant les confinements, ou ensuite \u00e0 la t\u00e9l\u00e9vision, mais nous avions conserv\u00e9 le projet de le voir ou de le revoir ensemble, pour un moment de plaisir, \u00a0pour parler de Stevenson et de la randonn\u00e9e avec les \u00e2nes. Ce moment est enfin arriv\u00e9.<\/span><\/h4>\n<h4><span style=\"color: #808080;\">Nous nous retrouverons mardi 28 septembre \u00e0 20 heures \u00e0 l\u2019Ermitage, pour cette s\u00e9ance de cin\u00e9ma un peu particuli\u00e8re.<\/span><\/h4>\n<h4><span style=\"color: #808080;\">Michel Legros<\/span><\/h4>\n","protected":false},"excerpt":{"rendered":"<p>Bonjour \u00e0 toutes et \u00e0 tous, L\u2019ann\u00e9e derni\u00e8re, \u00e0 la sortie du film, \u00ab\u00a0Antoinette dans les C\u00e9vennes\u00a0\u00bb, nous avions fait le projet avec l\u2019\u00e9quipe de l\u2019Ermitage, le cin\u00e9ma de Fontainebleau, et Monika et Michel Brun, de l\u2019Anerie Bacotte, d\u2019organiser une soir\u00e9e autour de ce film, Laetitia Galitzine, la coproductrice, qui est li\u00e9e \u00e0 notre r\u00e9gion, &hellip; <a href=\"https:\/\/stevenson-fontainebleau.fr\/2026\/03\/24\/assemblee-generale-dimanche-29-mars\/evenements-en-cours\/programme-des-activites-2021\/soiree-debat-marcher-avec-les-anes\/\" class=\"more-link\">Continuer la lecture de <span class=\"screen-reader-text\">SOIR\u00c9E D\u00c9BAT \u00ab\u00a0MARCHER AVEC LES \u00c2NES\u00a0\u00bb<\/span>  <span class=\"meta-nav\">&rarr;<\/span><\/a><\/p>\n","protected":false},"author":1,"featured_media":0,"parent":2995,"menu_order":97,"comment_status":"closed","ping_status":"closed","template":"","meta":{"footnotes":""},"class_list":["post-3344","page","type-page","status-publish","hentry"],"_links":{"self":[{"href":"https:\/\/stevenson-fontainebleau.fr\/2026\/03\/24\/assemblee-generale-dimanche-29-mars\/wp-json\/wp\/v2\/pages\/3344","targetHints":{"allow":["GET"]}}],"collection":[{"href":"https:\/\/stevenson-fontainebleau.fr\/2026\/03\/24\/assemblee-generale-dimanche-29-mars\/wp-json\/wp\/v2\/pages"}],"about":[{"href":"https:\/\/stevenson-fontainebleau.fr\/2026\/03\/24\/assemblee-generale-dimanche-29-mars\/wp-json\/wp\/v2\/types\/page"}],"author":[{"embeddable":true,"href":"https:\/\/stevenson-fontainebleau.fr\/2026\/03\/24\/assemblee-generale-dimanche-29-mars\/wp-json\/wp\/v2\/users\/1"}],"replies":[{"embeddable":true,"href":"https:\/\/stevenson-fontainebleau.fr\/2026\/03\/24\/assemblee-generale-dimanche-29-mars\/wp-json\/wp\/v2\/comments?post=3344"}],"version-history":[{"count":2,"href":"https:\/\/stevenson-fontainebleau.fr\/2026\/03\/24\/assemblee-generale-dimanche-29-mars\/wp-json\/wp\/v2\/pages\/3344\/revisions"}],"predecessor-version":[{"id":3346,"href":"https:\/\/stevenson-fontainebleau.fr\/2026\/03\/24\/assemblee-generale-dimanche-29-mars\/wp-json\/wp\/v2\/pages\/3344\/revisions\/3346"}],"up":[{"embeddable":true,"href":"https:\/\/stevenson-fontainebleau.fr\/2026\/03\/24\/assemblee-generale-dimanche-29-mars\/wp-json\/wp\/v2\/pages\/2995"}],"wp:attachment":[{"href":"https:\/\/stevenson-fontainebleau.fr\/2026\/03\/24\/assemblee-generale-dimanche-29-mars\/wp-json\/wp\/v2\/media?parent=3344"}],"curies":[{"name":"wp","href":"https:\/\/api.w.org\/{rel}","templated":true}]}}