{"id":33,"date":"2015-06-02T23:15:38","date_gmt":"2015-06-02T22:15:38","guid":{"rendered":"http:\/\/stevenson-fontainebleau.fr\/?page_id=33"},"modified":"2018-02-18T17:54:33","modified_gmt":"2018-02-18T16:54:33","slug":"19-octobre-2014-recloses","status":"publish","type":"page","link":"https:\/\/stevenson-fontainebleau.fr\/2026\/03\/24\/assemblee-generale-dimanche-29-mars\/evenements-en-cours\/evenements-2014\/19-octobre-2014-recloses\/","title":{"rendered":"19 octobre 2014"},"content":{"rendered":"<h3 style=\"text-align: left;\"><strong style=\"line-height: 1.5;\">Randonn\u00e9e jusqu\u2019\u00e0 Recloses avec R.L.STEVENSON<\/strong><\/h3>\n<p style=\"text-align: left;\"><strong style=\"line-height: 1.5;\"><u>Le matin, deux circuits\u00a0de randonn\u00e9e vers RECLOSES\u00a0<\/u><\/strong><\/p>\n<p style=\"text-align: left;\"><strong>\u00a0\u00a0\u00a0\u00a0\u00a0\u00a0\u00a0\u00a0 <\/strong>(Retours non organis\u00e9s par l\u2019association RLS)<strong><u>\u00a0<\/u><\/strong><br \/>\n<strong>Marcher avec des \u00e2nes <\/strong>(10 km \u2013 Infos 06 81 77 65 15)<br \/>\n&#8211; D\u00e9part de Grez sur Loing \u00e0 9h15, RV sur les pr\u00e9s du Vieux Pont. Passage \u00e0 Villiers sous Grez vers 10h15 &#8211; 10h30 (RV \u00e0 l\u2019\u00e9glise si vous\u00a0 rejoignez \u00e0 Villiers sous Grez \u2013 6 kms).<br \/>\n<strong>Marcher\u00a0 d\u2019un bon pas <\/strong>(14 kms \u2013\u00a0 Infos 06 51\u00a0 43 28 29)<br \/>\n&#8211; D\u00e9part de Barbizon \u00e0 8h30, RV devant l&rsquo;h\u00f4tellerie du Bas-Br\u00e9au, 22 Grande Rue, Passage \u00e0 Franchard vers 10 heures (Pause caf\u00e9 au centre d&rsquo;Eco-tourisme).<\/p>\n<p style=\"text-align: left;\"><strong><u>D\u00e9jeuner\u00a0 entre 12 h et 14 h 30\u00a0dans les jardins de la Mairie de Recloses<\/u><\/strong><u>:<\/u><br \/>\nPossibilit\u00e9 restauration sur place (Les recettes au b\u00e9n\u00e9fice de l&rsquo;association.)\u00a0: P\u00e2tes, sauces Stevenson et italienne et verre de Modestine, vin de l\u2019Ard\u00e8che, ou de jus de fruit.<br \/>\n<strong>12 h 30. Signature de la convention \u00ab\u00a0sentier Stevenson\u00a0\u00bb, par Lionel WALKER, Pr\u00e9sident du Comit\u00e9 D\u00e9partemental du Tourisme et Michel LEGROS, pr\u00e9sident de l\u2019association \u00ab\u00a0R.L. Stevenson, de Barbizon \u00e0 Grez \u00bb<\/strong><\/p>\n<p style=\"text-align: left;\"><strong><u>Apr\u00e8s midi\u00a0: jardins et mairie de RECLOSES\u00a0 (activit\u00e9s gratuites)<\/u><\/strong><u>:<\/u><br \/>\n<strong>&#8211; Exposition des dessins de Juliette LEVEJAC\u00a0 <\/strong><br \/>\n<strong>&#8211; Visite du Retable de l\u2019\u00e9glise.<\/strong><br \/>\n&#8211; \u00ab\u00a0<strong>Marcher, ici et ailleurs\u00a0\u00bb.<\/strong> T\u00e9moignages-d\u00e9bats\u00a0:<br \/>\n<strong>&#8211; Sur les chemins de Compostelle &#8211; <\/strong>Pierre Maury<br \/>\n<strong>&#8211; Marcher avec des \u00e2nes &#8211;\u00a0 <\/strong>Michel et Monika Brun de l\u2019Anerie Bacotte<br \/>\n<strong>&#8211; Stevenson \u00e0 Grez sur Loing, une histoire d\u2019amour &#8211; <\/strong>Claire Leray<br \/>\n<strong>&#8211; Polyn\u00e9sie, la naissance d\u2019un mythe \u2013 <\/strong>Mich\u00e8le Polack<br \/>\n<strong>&#8211; Heureuse errance au Royaume-Uni \u2013 <\/strong>Genevi\u00e8ve Dumant<br \/>\n<strong>&#8211; Denecourt, l\u2019homme des sentiers<\/strong> \u2013 Jean-Claude Polton<br \/>\n&#8211; <strong>Marcher et voir sans regarder<\/strong> \u2013 Romain Villet<br \/>\n<strong><u>&#8211; Petit salon du livre de voyages, de randonn\u00e9es\u00a0 et d\u2019histoires locales<\/u><\/strong><br \/>\n&#8211; la Librairie Marine et Voyage (Paris),<br \/>\n&#8211; la Librairie du H\u00e9risson (Egreville),<br \/>\n&#8211; la Librairie anglaise Reelbooks (Fontainebleau).<br \/>\n<em>(ch\u00e8ques ou esp\u00e8ces).<\/em><br \/>\n<strong>Juliette LEVEJAC, invit\u00e9e d\u2019honneur, adaptatrice et dessinatrice, <\/strong><br \/>\n<strong>d\u00e9dicacera son album\u00ab\u00a0Voyage avec un \u00e2ne dans les C\u00e9vennes\u00a0\u00bb.<\/strong><br \/>\n<strong>&#8211; Pour les enfants<\/strong><strong>\u00a0:<\/strong> Contes (14 h 30),\u00a0 Dessins et peintures (15 h 30)<\/p>\n<div class=\"mceTemp\"><\/div>\n<table border=\"0\" align=\"center\">\n<tbody>\n<tr>\n<td style=\"text-align: center;\" width=\"320\"><a href=\"http:\/\/stevenson-fontainebleau.fr\/wp-content\/uploads\/2015\/06\/n__39050_w.jpg\"><img loading=\"lazy\" decoding=\"async\" class=\"size-medium wp-image-55 alignnone\" src=\"http:\/\/stevenson-fontainebleau.fr\/wp-content\/uploads\/2015\/06\/n__39050_w-300x200.jpg\" alt=\"n__39050_w\" width=\"300\" height=\"200\" srcset=\"https:\/\/stevenson-fontainebleau.fr\/wp-content\/uploads\/2015\/06\/n__39050_w-300x200.jpg 300w, https:\/\/stevenson-fontainebleau.fr\/wp-content\/uploads\/2015\/06\/n__39050_w-1024x683.jpg 1024w, https:\/\/stevenson-fontainebleau.fr\/wp-content\/uploads\/2015\/06\/n__39050_w.jpg 1200w\" sizes=\"auto, (max-width: 300px) 100vw, 300px\" \/><\/a><br \/>\nA quoi cela sert de marcher ?<\/td>\n<td style=\"text-align: center;\" width=\"320\"><a href=\"http:\/\/stevenson-fontainebleau.fr\/wp-content\/uploads\/2015\/06\/n_34024_w.jpg\"><img loading=\"lazy\" decoding=\"async\" class=\"size-medium wp-image-56 alignnone\" src=\"http:\/\/stevenson-fontainebleau.fr\/wp-content\/uploads\/2015\/06\/n_34024_w-300x200.jpg\" alt=\"n_34024_w\" width=\"300\" height=\"200\" srcset=\"https:\/\/stevenson-fontainebleau.fr\/wp-content\/uploads\/2015\/06\/n_34024_w-300x200.jpg 300w, https:\/\/stevenson-fontainebleau.fr\/wp-content\/uploads\/2015\/06\/n_34024_w-1024x683.jpg 1024w, https:\/\/stevenson-fontainebleau.fr\/wp-content\/uploads\/2015\/06\/n_34024_w.jpg 1200w\" sizes=\"auto, (max-width: 300px) 100vw, 300px\" \/><\/a><br \/>\nChasse au tr\u00e9sor<\/td>\n<\/tr>\n<tr>\n<td style=\"text-align: center;\" width=\"320\">\n<p><figure id=\"attachment_54\" aria-describedby=\"caption-attachment-54\" style=\"width: 300px\" class=\"wp-caption aligncenter\"><a href=\"http:\/\/stevenson-fontainebleau.fr\/wp-content\/uploads\/2015\/06\/n__38951_w.jpg\"><img loading=\"lazy\" decoding=\"async\" class=\"wp-image-54 size-medium\" src=\"http:\/\/stevenson-fontainebleau.fr\/wp-content\/uploads\/2015\/06\/n__38951_w-300x300.jpg\" alt=\"n__38951_w\" width=\"300\" height=\"300\" srcset=\"https:\/\/stevenson-fontainebleau.fr\/wp-content\/uploads\/2015\/06\/n__38951_w-300x300.jpg 300w, https:\/\/stevenson-fontainebleau.fr\/wp-content\/uploads\/2015\/06\/n__38951_w-150x150.jpg 150w, https:\/\/stevenson-fontainebleau.fr\/wp-content\/uploads\/2015\/06\/n__38951_w.jpg 900w\" sizes=\"auto, (max-width: 300px) 100vw, 300px\" \/><\/a><figcaption id=\"caption-attachment-54\" class=\"wp-caption-text\">Sur le chemin de Compostelle<\/figcaption><\/figure><\/td>\n<td style=\"text-align: center;\" width=\"320\"><a href=\"http:\/\/stevenson-fontainebleau.fr\/wp-content\/uploads\/2015\/06\/n__38815_w.jpg\"><img loading=\"lazy\" decoding=\"async\" class=\"wp-image-51 aligncenter\" src=\"http:\/\/stevenson-fontainebleau.fr\/wp-content\/uploads\/2015\/06\/n__38815_w-300x225.jpg\" alt=\"n__38815_w\" width=\"398\" height=\"299\" srcset=\"https:\/\/stevenson-fontainebleau.fr\/wp-content\/uploads\/2015\/06\/n__38815_w-300x225.jpg 300w, https:\/\/stevenson-fontainebleau.fr\/wp-content\/uploads\/2015\/06\/n__38815_w-1024x768.jpg 1024w, https:\/\/stevenson-fontainebleau.fr\/wp-content\/uploads\/2015\/06\/n__38815_w.jpg 1200w\" sizes=\"auto, (max-width: 398px) 100vw, 398px\" \/><\/a>Marcher avec des \u00e2nes<\/td>\n<\/tr>\n<tr>\n<td style=\"text-align: center;\" width=\"320\"><a href=\"http:\/\/stevenson-fontainebleau.fr\/wp-content\/uploads\/2015\/06\/n__38857_w.jpg\"><img loading=\"lazy\" decoding=\"async\" class=\"wp-image-52 aligncenter\" src=\"http:\/\/stevenson-fontainebleau.fr\/wp-content\/uploads\/2015\/06\/n__38857_w-300x200.jpg\" alt=\"n__38857_w\" width=\"375\" height=\"250\" srcset=\"https:\/\/stevenson-fontainebleau.fr\/wp-content\/uploads\/2015\/06\/n__38857_w-300x200.jpg 300w, https:\/\/stevenson-fontainebleau.fr\/wp-content\/uploads\/2015\/06\/n__38857_w-1024x683.jpg 1024w, https:\/\/stevenson-fontainebleau.fr\/wp-content\/uploads\/2015\/06\/n__38857_w.jpg 1200w\" sizes=\"auto, (max-width: 375px) 100vw, 375px\" \/> <\/a><\/td>\n<td style=\"text-align: center;\" width=\"320\">\n<p><figure id=\"attachment_53\" aria-describedby=\"caption-attachment-53\" style=\"width: 389px\" class=\"wp-caption alignnone\"><a href=\"http:\/\/stevenson-fontainebleau.fr\/wp-content\/uploads\/2015\/06\/n__38895_w.jpg\"><img loading=\"lazy\" decoding=\"async\" class=\"wp-image-53\" src=\"http:\/\/stevenson-fontainebleau.fr\/wp-content\/uploads\/2015\/06\/n__38895_w-300x200.jpg\" alt=\"n__38895_w\" width=\"389\" height=\"259\" srcset=\"https:\/\/stevenson-fontainebleau.fr\/wp-content\/uploads\/2015\/06\/n__38895_w-300x200.jpg 300w, https:\/\/stevenson-fontainebleau.fr\/wp-content\/uploads\/2015\/06\/n__38895_w-1024x683.jpg 1024w, https:\/\/stevenson-fontainebleau.fr\/wp-content\/uploads\/2015\/06\/n__38895_w.jpg 1200w\" sizes=\"auto, (max-width: 389px) 100vw, 389px\" \/><\/a><figcaption id=\"caption-attachment-53\" class=\"wp-caption-text\">Mot d&rsquo;accueil de Mme la Maire Catherine Triolet<\/figcaption><\/figure><\/td>\n<\/tr>\n<\/tbody>\n<\/table>\n","protected":false},"excerpt":{"rendered":"<p>Randonn\u00e9e jusqu\u2019\u00e0 Recloses avec R.L.STEVENSON Le matin, deux circuits\u00a0de randonn\u00e9e vers RECLOSES\u00a0 \u00a0\u00a0\u00a0\u00a0\u00a0\u00a0\u00a0\u00a0 (Retours non organis\u00e9s par l\u2019association RLS)\u00a0 Marcher avec des \u00e2nes (10 km \u2013 Infos 06 81 77 65 15) &#8211; D\u00e9part de Grez sur Loing \u00e0 9h15, RV sur les pr\u00e9s du Vieux Pont. Passage \u00e0 Villiers sous Grez vers 10h15 &#8211; &hellip; <a href=\"https:\/\/stevenson-fontainebleau.fr\/2026\/03\/24\/assemblee-generale-dimanche-29-mars\/evenements-en-cours\/evenements-2014\/19-octobre-2014-recloses\/\" class=\"more-link\">Continuer la lecture de <span class=\"screen-reader-text\">19 octobre 2014<\/span>  <span class=\"meta-nav\">&rarr;<\/span><\/a><\/p>\n","protected":false},"author":1,"featured_media":0,"parent":1423,"menu_order":98,"comment_status":"closed","ping_status":"closed","template":"","meta":{"footnotes":""},"class_list":["post-33","page","type-page","status-publish","hentry"],"_links":{"self":[{"href":"https:\/\/stevenson-fontainebleau.fr\/2026\/03\/24\/assemblee-generale-dimanche-29-mars\/wp-json\/wp\/v2\/pages\/33","targetHints":{"allow":["GET"]}}],"collection":[{"href":"https:\/\/stevenson-fontainebleau.fr\/2026\/03\/24\/assemblee-generale-dimanche-29-mars\/wp-json\/wp\/v2\/pages"}],"about":[{"href":"https:\/\/stevenson-fontainebleau.fr\/2026\/03\/24\/assemblee-generale-dimanche-29-mars\/wp-json\/wp\/v2\/types\/page"}],"author":[{"embeddable":true,"href":"https:\/\/stevenson-fontainebleau.fr\/2026\/03\/24\/assemblee-generale-dimanche-29-mars\/wp-json\/wp\/v2\/users\/1"}],"replies":[{"embeddable":true,"href":"https:\/\/stevenson-fontainebleau.fr\/2026\/03\/24\/assemblee-generale-dimanche-29-mars\/wp-json\/wp\/v2\/comments?post=33"}],"version-history":[{"count":24,"href":"https:\/\/stevenson-fontainebleau.fr\/2026\/03\/24\/assemblee-generale-dimanche-29-mars\/wp-json\/wp\/v2\/pages\/33\/revisions"}],"predecessor-version":[{"id":585,"href":"https:\/\/stevenson-fontainebleau.fr\/2026\/03\/24\/assemblee-generale-dimanche-29-mars\/wp-json\/wp\/v2\/pages\/33\/revisions\/585"}],"up":[{"embeddable":true,"href":"https:\/\/stevenson-fontainebleau.fr\/2026\/03\/24\/assemblee-generale-dimanche-29-mars\/wp-json\/wp\/v2\/pages\/1423"}],"wp:attachment":[{"href":"https:\/\/stevenson-fontainebleau.fr\/2026\/03\/24\/assemblee-generale-dimanche-29-mars\/wp-json\/wp\/v2\/media?parent=33"}],"curies":[{"name":"wp","href":"https:\/\/api.w.org\/{rel}","templated":true}]}}