{"id":3294,"date":"2021-09-17T10:28:36","date_gmt":"2021-09-17T09:28:36","guid":{"rendered":"http:\/\/stevenson-fontainebleau.fr\/?page_id=3294"},"modified":"2021-09-17T10:28:36","modified_gmt":"2021-09-17T09:28:36","slug":"le-jeudi-cest-toujours-stevenson-nos-dernieres-sorties-2021","status":"publish","type":"page","link":"https:\/\/stevenson-fontainebleau.fr\/2026\/03\/24\/assemblee-generale-dimanche-29-mars\/evenements-en-cours\/programme-des-activites-2021\/le-jeudi-cest-toujours-stevenson-programme-juillet-et-aout-2021-page\/le-jeudi-cest-toujours-stevenson-nos-dernieres-sorties-2021\/","title":{"rendered":"\u00ab LE JEUDI, C\u2019EST TOUJOURS STEVENSON \u00bb<br\/> nos derni\u00e8res sorties 2021"},"content":{"rendered":"<p>&nbsp;<\/p>\r\n<h2 style=\"text-align: center;\"><span style=\"color: #339966;\">Le jeudi, c&rsquo;est toujours Stevenson &#8211;\u00a0\u00a0<\/span><\/h2>\r\n<p class=\"has-text-color has-background has-white-color\" style=\"background-color: #73b3d8;\">\u00a0<\/p>\r\n<p><em><!-- \/wp:post-content --><\/em><\/p>\r\n<!-- wp:paragraph -->\r\n<p>&nbsp;<\/p>\r\n<p>\u00a0 <strong>Entre \u00e9tangs, canal et rivi\u00e8re (Suite\u00a0!!!)<\/strong> \u00a0 Apr\u00e8s le vif succ\u00e8s de la rando-promenade du 26 ao\u00fbt <strong>\u00ab\u00a0au bord de l\u2019eau entre Loing, Moulin et Tacot des lacs<\/strong>\u00a0\u00bb, Philippe Petit, animateur de cette rando vous propose d\u2019en reprendre le cours afin de terminer le programme initialement pr\u00e9vu. <em><u>\u00a0<span style=\"color: #0000ff;\"><strong>le jeudi 2 septembre 2021<\/strong><\/span><\/u><\/em> <em><span style=\"color: #0000ff;\"><strong>Rendez-vous \u00e0 <u>9 heures 30<\/u> \u00a0<\/strong><\/span>sur le parking des \u00e9tangs de Grez\/Moncourt. Au programme\u00a0: le sable et son acheminement depuis la carri\u00e8re, les gravi\u00e8res, le canal du Loing jusqu\u2019\u00e0 l\u2019ancienne auberge du \u00ab\u00a0 Chaland qui passe\u00a0\u00bb, et retour par les chemins de for\u00eat.<\/em> <em>\u00a0<\/em><\/p>\r\n<h2 align=\"center\"><span style=\"font-family: Arial;\">Participants de la sortie du jeudi\u00a0 26 ao\u00fbt\u00a0 \u00e0 l&rsquo;arriv\u00e9e du Tacot des Lacs<\/span><\/h2>\r\n<p><img loading=\"lazy\" decoding=\"async\" class=\"size-large wp-image-3259 aligncenter\" src=\"http:\/\/stevenson-fontainebleau.fr\/wp-content\/uploads\/2021\/08\/20210826_120552-1024x768.jpg\" alt=\"\" width=\"474\" height=\"356\" srcset=\"https:\/\/stevenson-fontainebleau.fr\/wp-content\/uploads\/2021\/08\/20210826_120552-1024x768.jpg 1024w, https:\/\/stevenson-fontainebleau.fr\/wp-content\/uploads\/2021\/08\/20210826_120552-300x225.jpg 300w, https:\/\/stevenson-fontainebleau.fr\/wp-content\/uploads\/2021\/08\/20210826_120552-768x576.jpg 768w, https:\/\/stevenson-fontainebleau.fr\/wp-content\/uploads\/2021\/08\/20210826_120552-1536x1152.jpg 1536w, https:\/\/stevenson-fontainebleau.fr\/wp-content\/uploads\/2021\/08\/20210826_120552-2048x1536.jpg 2048w\" sizes=\"auto, (max-width: 474px) 100vw, 474px\" \/><\/p>\r\n<p>&nbsp;<\/p>\r\n<h3><em><strong>Pour rappel:<\/strong><\/em> \u00a0<\/h3>\r\n<ul>\r\n<li><strong>Dimanche 29 ao\u00fbt<\/strong>, dans le cadre de la journ\u00e9e organis\u00e9e par la municipalit\u00e9 et les associations de Recloses, rando-promenade n \u00b0 12 \u201cAutour de Recloses avec Robert Louis Stevenson de Barbizon \u00e0 Grez\u201d, anim\u00e9e par Chantal Huguet. Rendez-vous \u00e0 partir de 9 h 30 sur le terrain de P\u00e9tanque de Recloses\u00a0 pour un d\u00e9part \u00e0 10 heures.<\/li>\r\n<\/ul>\r\n<p>&nbsp;<\/p>\r\n<ul>\r\n<li><strong>Mercredi 8 septembre<\/strong>, sp\u00e9ciale \u00ab\u00a0familles et enfants\u00a0\u00bb \u00e0 Barbizon <strong>journ\u00e9e-promenade \u00e0 Barbizon N\u00b013- et longue halte pour dessiner, et raconter, moments de d\u00e9tente avec parents, grands-parents et enfants \u2013 <\/strong>Apporter le pique-nique, RL Stevenson offrira une boisson rafraichissante. (25 personnes- sur inscription). Rendez-vous \u00e0 10 h 30, Chalet des Brigands, \u00e0 la fin de l\u2019All\u00e9e aux Vaches \u2013 Barbizon. Inscription sur le site de l\u2019association ou par e-mail \u00e0 inscription@stevenson-fontainebleau.fr<\/li>\r\n<\/ul>\r\n<p>\u00a0 \u00a0 <strong>Et encore\u00a0:<\/strong> \u00a0<\/p>\r\n<ul>\r\n<li>Retenez votre soir\u00e9e du mercredi 22 septembre pour voir et revoir le film <strong>\u00ab\u00a0 Antoinette dans les C\u00e9vennes\u00a0\u00bb au cin\u00e9ma Ermitage<\/strong> de Fontainebleau, avec Laetitia Galitzine, productrice du film et Michel et Monica de l\u2019Anerie Bacotte. Des pr\u00e9cisions d\u2019horaires et de programme seront disponibles d\u00e9but septembre.<\/li>\r\n<\/ul>\r\n<p>&nbsp;<\/p>\r\n<ul>\r\n<li>Attention, <strong>la journ\u00e9e annuelle Stevenson<\/strong> se tiendra probablement le 24 octobre et non le 17 octobre comme annonc\u00e9e pr\u00e9c\u00e9demment \u2013 Nous vous en informerons l\u00e0 encore d\u00e9but septembre.<\/li>\r\n<\/ul>\r\n<p><span style=\"color: #0000ff;\"><strong>Inscrivez vous pour les sorties.<\/strong> Merci de remplir la fiche d\u2019inscription suivante et cliquez sur \u2018Envoyer\u2019 une fois termin\u00e9.\u00a0: [wpforms id=\u00a0\u00bb3085&Prime; title=\u00a0\u00bbfalse\u00a0\u00bb description=\u00a0\u00bbfalse\u00a0\u00bb]<\/span><\/p>","protected":false},"excerpt":{"rendered":"<p>&nbsp; Le jeudi, c&rsquo;est toujours Stevenson &#8211;\u00a0\u00a0 \u00a0 &nbsp; \u00a0 Entre \u00e9tangs, canal et rivi\u00e8re (Suite\u00a0!!!) \u00a0 Apr\u00e8s le vif succ\u00e8s de la rando-promenade du 26 ao\u00fbt \u00ab\u00a0au bord de l\u2019eau entre Loing, Moulin et Tacot des lacs\u00a0\u00bb, Philippe Petit, animateur de cette rando vous propose d\u2019en reprendre le cours afin de terminer le programme &hellip; <a href=\"https:\/\/stevenson-fontainebleau.fr\/2026\/03\/24\/assemblee-generale-dimanche-29-mars\/evenements-en-cours\/programme-des-activites-2021\/le-jeudi-cest-toujours-stevenson-programme-juillet-et-aout-2021-page\/le-jeudi-cest-toujours-stevenson-nos-dernieres-sorties-2021\/\" class=\"more-link\">Continuer la lecture de <span class=\"screen-reader-text\">\u00ab LE JEUDI, C\u2019EST TOUJOURS STEVENSON \u00bb<br \/> nos derni\u00e8res sorties 2021<\/span>  <span class=\"meta-nav\">&rarr;<\/span><\/a><\/p>\n","protected":false},"author":1,"featured_media":0,"parent":3076,"menu_order":0,"comment_status":"closed","ping_status":"closed","template":"","meta":{"footnotes":""},"class_list":["post-3294","page","type-page","status-publish","hentry"],"_links":{"self":[{"href":"https:\/\/stevenson-fontainebleau.fr\/2026\/03\/24\/assemblee-generale-dimanche-29-mars\/wp-json\/wp\/v2\/pages\/3294","targetHints":{"allow":["GET"]}}],"collection":[{"href":"https:\/\/stevenson-fontainebleau.fr\/2026\/03\/24\/assemblee-generale-dimanche-29-mars\/wp-json\/wp\/v2\/pages"}],"about":[{"href":"https:\/\/stevenson-fontainebleau.fr\/2026\/03\/24\/assemblee-generale-dimanche-29-mars\/wp-json\/wp\/v2\/types\/page"}],"author":[{"embeddable":true,"href":"https:\/\/stevenson-fontainebleau.fr\/2026\/03\/24\/assemblee-generale-dimanche-29-mars\/wp-json\/wp\/v2\/users\/1"}],"replies":[{"embeddable":true,"href":"https:\/\/stevenson-fontainebleau.fr\/2026\/03\/24\/assemblee-generale-dimanche-29-mars\/wp-json\/wp\/v2\/comments?post=3294"}],"version-history":[{"count":1,"href":"https:\/\/stevenson-fontainebleau.fr\/2026\/03\/24\/assemblee-generale-dimanche-29-mars\/wp-json\/wp\/v2\/pages\/3294\/revisions"}],"predecessor-version":[{"id":3295,"href":"https:\/\/stevenson-fontainebleau.fr\/2026\/03\/24\/assemblee-generale-dimanche-29-mars\/wp-json\/wp\/v2\/pages\/3294\/revisions\/3295"}],"up":[{"embeddable":true,"href":"https:\/\/stevenson-fontainebleau.fr\/2026\/03\/24\/assemblee-generale-dimanche-29-mars\/wp-json\/wp\/v2\/pages\/3076"}],"wp:attachment":[{"href":"https:\/\/stevenson-fontainebleau.fr\/2026\/03\/24\/assemblee-generale-dimanche-29-mars\/wp-json\/wp\/v2\/media?parent=3294"}],"curies":[{"name":"wp","href":"https:\/\/api.w.org\/{rel}","templated":true}]}}