{"id":3126,"date":"2021-06-24T22:33:16","date_gmt":"2021-06-24T21:33:16","guid":{"rendered":"http:\/\/stevenson-fontainebleau.fr\/?page_id=3126"},"modified":"2021-11-15T18:29:14","modified_gmt":"2021-11-15T17:29:14","slug":"le-jeudi-cest-toujours-stevenson-gazette-n9-24-juin-2021","status":"publish","type":"page","link":"https:\/\/stevenson-fontainebleau.fr\/2026\/03\/24\/assemblee-generale-dimanche-29-mars\/evenements-en-cours\/programme-des-activites-2021\/le-jeudi-cest-toujours-stevenson-gazette-n9-24-juin-2021\/","title":{"rendered":"\u00able jeudi, c\u2019est toujours Stevenson\u00a0\u00bb Gazette N\u00b09-24 juin 2021"},"content":{"rendered":"<p><img decoding=\"async\" width=\"2560\" height=\"1066\" src=\"http:\/\/stevenson-fontainebleau.fr\/wp-content\/uploads\/2021\/06\/Gazette-header-No9-scaled.jpg\" alt=\"\" loading=\"lazy\" srcset=\"http:\/\/stevenson-fontainebleau.fr\/wp-content\/uploads\/2021\/06\/Gazette-header-No9-scaled.jpg 2560w, http:\/\/stevenson-fontainebleau.fr\/wp-content\/uploads\/2021\/06\/Gazette-header-No9-300x125.jpg 300w, http:\/\/stevenson-fontainebleau.fr\/wp-content\/uploads\/2021\/06\/Gazette-header-No9-1024x426.jpg 1024w, http:\/\/stevenson-fontainebleau.fr\/wp-content\/uploads\/2021\/06\/Gazette-header-No9-768x320.jpg 768w, http:\/\/stevenson-fontainebleau.fr\/wp-content\/uploads\/2021\/06\/Gazette-header-No9-1536x640.jpg 1536w, http:\/\/stevenson-fontainebleau.fr\/wp-content\/uploads\/2021\/06\/Gazette-header-No9-2048x853.jpg 2048w\" sizes=\"auto, (max-width: 2560px) 100vw, 2560px\" \/>\t\t\t\t\t\t\t\t\t\t\t\t\t\t<\/p>\n<h4 style=\"background-color: #ccffcc;\"><em><b>Cliquez ici-&gt;\u00a0 Gazette N\u00b09 en PDF: <\/b><b><a style=\"color: #41a62a; outline: 0px;\" href=\"http:\/\/stevenson-fontainebleau.fr\/wp-content\/uploads\/2021\/06\/RLSdBaG-Gazette-n\u00b09-24-juin-2021.pdf\" target=\"_blank\" rel=\"noopener noreferrer\">Gazette n\u00b09-24 juin 2021<\/a><\/b><b>\u00a0:\u00a0<\/b><\/em><\/h4>\n<p>L\u2019association \u00ab\u00a0Robert Louis Stevenson de Barbizon \u00e0 Grez\u00a0\u00bb, faute d\u2019avoir pu organiser des activit\u00e9s pendant l\u2019ann\u00e9e avait propos\u00e9 ces petites randonn\u00e9es d\u00e9couvertes, loin de la foule. Ce fut un succ\u00e8s. Alors l\u2019\u00e9t\u00e9 revenant, le vaccin diminuant la pression, nous vous proposons de recommencer. Chaque semaine une rando-promenade, pas plus d\u2019une vingtaine de participants, \u00e0 un rythme doux, pour regarder, sentir, s\u2019\u00e9couter, se parler, ensemble.\u00a0\u00a0\u00a0\u00a0<\/p>\n<p>\u00a0\u00a0\u00a0\u00a0\u00a0\u00a0\u00a0\u00a0\u00a0\u00a0\u00a0\u00a0\u00a0\u00a0\u00a0\u00a0\u00a0\u00a0\u00a0\u00a0\u00a0\u00a0\u00a0\u00a0\u00a0\u00a0\u00a0\u00a0\u00a0\u00a0\u00a0\u00a0\u00a0\u00a0\u00a0\u00a0\u00a0\u00a0\u00a0\u00a0\u00a0\u00a0\u00a0\u00a0\u00a0 Michel Legros<\/p>\n<p>\t\t\t\t\t\t\t\t\t\t\t\t<img decoding=\"async\" width=\"1000\" height=\"667\" src=\"http:\/\/stevenson-fontainebleau.fr\/wp-content\/uploads\/2021\/06\/Gazette-No9-image1-e1624566986490.jpg\" alt=\"\" loading=\"lazy\" \/>\t\t\t\t\t\t\t\t\t\t\t\t\t\t<\/p>\n<h2><strong>Programme de juillet\u00a0:<\/strong><\/h2>\n<p><strong>N\u00b01 &#8211; Jeudi 8 juillet\u00a0<\/strong>: <strong>D\u00e9couverte de Villiers sous Grez et des lieux remarquables de la for\u00eat environnante avec Maryse Terragno, Maryse Bosi<\/strong> et l\u2019association des Amis du Patrimoine de Moncourt-Fromonville (APMF). Rendez-vous place de l\u2019Eglise de Villiers \u00e0 10 h pour une rando-promenade de 2 heures.<\/p>\n<p><strong>N\u00b02 <\/strong>&#8211; <strong>Samedi 10 juillet<\/strong>\u00a0: <strong>De flore et de pierres,<\/strong> vers Larchant et la Dame Jouanne. Rendez-vous \u00e0 10 h. Parking de l\u2019El\u00e9phant \u00e0 Larchant avec <strong>Genevi\u00e8ve Dumant, <\/strong>Conteuse Buissonni\u00e8re de\u00a0\u00ab\u00a0la For\u00eat qui Parle\u00a0\u00bb. On pourra \u00ab\u00a0piqueniquer\u00a0\u00bb apr\u00e8s la rando-balade, repas tir\u00e9 du sac et pot rafraichissant offert par l\u2019association.<\/p>\n<p><strong>N\u00b03 &#8211; Jeudi 15 juillet\u00a0: <\/strong><strong>le circuit des peintres <\/strong>en for\u00eat \u00e0 Barbizon avec <strong>Rosalie Ienna,<\/strong> Rendez-vous \u00e0 10 h 30 \u00e0 la caverne des Brigands, (ancienne auberge) retour entre 12 h 30 et 13 heures (Rendez-vous \u00e0 10 h 30, Chalet des Brigands, \u00e0 la fin de l\u2019All\u00e9e aux Vaches \u2013 Barbizon.<\/p>\n<p><strong>N\u00b0 4 \u2013 Mardi 20 juillet\u00a0: Fl\u00e2nerie Gr\u00e9zoise, plantes et petites histoires du patrimoine local <\/strong>avec <strong>Jean Le Vot<\/strong>. Rendez-vous \u00e0 10 h. \u00e0 l\u2019\u00e9glise de Grez-sur-Loing.<\/p>\n<p><strong>N\u00b05 \u2013 Jeudi 22 juillet <\/strong>: <strong>Histoires et sciences naturelles (comme vous ne les avez rarement vues et entendues\u00a0!) avec Annie Adam, <\/strong>Rendez-vous \u00e0 10 h. sur le parking de la plaine de Chanfroy, commune d\u2019Arbonne-la-For\u00eat, retour vers 12 h 30.<\/p>\n<p><strong>N\u00b06 &#8211; Jeudi 29 juillet\u00a0: Sur les traces des vestiges militaires de l\u2019\u00e9cole des artilleurs\u00a0 <\/strong>et passage par le fameux rocher M\u00e9gatherium, <strong>\u00a0<\/strong>avec<strong> Pierre Maury. <\/strong>Rendez-vous \u00e0 10 h route d\u2019Orl\u00e9ans (D152) sous l\u2019Aqueduc de la Vanne, apr\u00e8s le Grand Parquet. Retour pr\u00e9vu vers 13 h.<\/p>\n<p style=\"background-color: #ccffcc; text-align: left;\"><em>cliquez ici-&gt;\u00a0<\/em><a href=\"http:\/\/stevenson-fontainebleau.fr\/le-jeudi-cest-toujours-stevenson-programme-juillet-et-aout-2021\/\" target=\"_blank\" rel=\"noopener\">Inscrivez-vous<\/a><\/p>\n<h2><strong>Programme d&rsquo;ao\u00fbt :<\/strong><\/h2>\n<p><strong>N\u00b07 \u2013 Dimanche 1<sup>er<\/sup> ao\u00fbt<\/strong><strong>. D\u00e9couverte du village de Moncourt-Fromonville<\/strong> \u2013 circuit de bois et d\u2019eau avec <strong>Alain Quenot de l\u2019APMF<\/strong> \u2013 Rendez-vous \u00e0 la mairie de Moncourt \u00e0 9h 30, retour vers 12 h.<strong>\u00a0<\/strong><\/p>\n<p><strong>N\u00b08 &#8211;<\/strong><strong> Jeudi 5 ao\u00fbt\u00a0: En marche vers la Fosse aux loups et les abris grav\u00e9s de Recloses,\u00a0avec Chantal Huguet<\/strong><strong>. <\/strong>Rendez-vous \u00e0 10 h\u00a0 terrain de boules de Recloses\u00a0 retour vers 12 h.<\/p>\n<p><strong>N\u00b09- Jeudi 12 ao\u00fbt\u00a0: Les venelles de Saint-Mamm\u00e8s, sur les traces des mariniers, avec Pierre Maury, <\/strong>rendez-vous 10 h au Pont de Saint-Mamm\u00e8s.<\/p>\n<p><strong>N\u00b010<\/strong> \u2013 <strong>Jeudi 19 ao\u00fbt, Autour de la vigne et du raisin, avec Annie Adam.<\/strong> Rendez-vous \u00e0 10 h. devant l\u2019Eglise de Thomery<\/p>\n<p><strong>N\u00b011 \u2013 Jeudi 26 ao\u00fbt, \u00e0 Grez-sur Loing, entre \u00e9tangs et rivi\u00e8re, avec Philippe Petit. <\/strong>Rendez-vous \u00e0 9 h 30 au Pont de Grez.<\/p>\n<p><strong>N\u00b012 \u2013 dimanche 29 ao\u00fbt, journ\u00e9e des associations de Recloses, l\u2019association R-L Stevenson propose une rando-d\u00e9couverte du village et de la for\u00eat environnante, avec Chantal Huguet, <\/strong>RV 10 h 30, devant la mairie de Recloses<\/p>\n<p><strong>N\u00b013- Mercredi 8 septembre, journ\u00e9e-promenade \u00e0 Barbizon et longue halte pour dessiner, et raconter, moments de d\u00e9tente avec parents, grands-parents et enfants \u2013 <\/strong>Apporter le piquenique, RL Stevenson offrira une boisson rafraichissante. (25 personnes- sur inscription). Rendez-vous \u00e0 10 h 30, Chalet des Brigands, \u00e0 la fin de l\u2019All\u00e9e aux Vaches \u2013 Barbizon.<\/p>\n<p style=\"background-color: #ccffcc; text-align: left;\"><em>cliquez ici-&gt;\u00a0<\/em><a href=\"http:\/\/stevenson-fontainebleau.fr\/le-jeudi-cest-toujours-stevenson-programme-juillet-et-aout-2021\/\" target=\"_blank\" rel=\"noopener\">Inscrivez-vous<\/a><\/p>\n<p><strong><em>Les sorties sont gratuites mais l\u2019inscription sur notre site est fortement recommand\u00e9e\u00a0:<\/em><\/strong><\/p>\n<p><a style=\"color: #0000ff;\" href=\"http:\/\/stevenson-fontainebleau.fr\/le-jeudi-cest-toujours-stevenson-programme-juillet-et-aout-2021\/\"><strong><em>Cliquez ici pour vous inscrire via notre site internet<\/em><\/strong><\/a><strong><em>, ou si vous pr\u00e9f\u00e9rez nous envoyer un e-mail \u00e0 <\/em><\/strong><a style=\"color: #0000ff;\" href=\"mailto:inscription@stevenson-fontainebleau.fr?subject=Jeudi%20c'est%20Stevenson%20Inscription&amp;Body=Promenade%20Numero:%20%0AVotre%20Nom:%20%0ANombre%20de%20personnes:%20%0A\"><strong><em>inscription@stevenson-fontainebleau.fr<\/em><\/strong><\/a><strong><em> \u2013 Indiquez votre nom et le nombre de personnes que vous inscrivez,\u00a0 la date et le num\u00e9ro de la sortie. <\/em><\/strong><\/p>\n<p><strong><em>Nous disposerons toujours de gel hydro-alcoolique- Masques selon les directives sanitaires du moment. Pensez chaussures, v\u00eatements de marche et boissons, et vous pourrez acheter un joli gobelet \u00ab\u00a0Stevenson\u00a0\u00bb au prix de 1\u20ac..<\/em><\/strong><\/p>\n<p>\t\t\t\t\t\t\t\t\t\t\t\t<img decoding=\"async\" width=\"250\" height=\"248\" src=\"http:\/\/stevenson-fontainebleau.fr\/wp-content\/uploads\/2021\/06\/QR-RLSdBaG-promenades-2021-light-green.jpg\" alt=\"\" loading=\"lazy\" srcset=\"http:\/\/stevenson-fontainebleau.fr\/wp-content\/uploads\/2021\/06\/QR-RLSdBaG-promenades-2021-light-green.jpg 250w, http:\/\/stevenson-fontainebleau.fr\/wp-content\/uploads\/2021\/06\/QR-RLSdBaG-promenades-2021-light-green-150x150.jpg 150w\" sizes=\"auto, (max-width: 250px) 100vw, 250px\" \/>\t\t\t\t\t\t\t\t\t\t\t\t\t\t<\/p>\n<p><strong><em>D\u00e8s septembre : <\/em><\/strong><\/p>\n<ul>\n<li> soir\u00e9e comment\u00e9e au cin\u00e9ma l\u2019Ermitage autour du film \u00ab Antoinette dans les C\u00e9vennes \u00bb,<\/li>\n<li> chasse au tr\u00e9sor \u00e0 Grez sur Loing<\/li>\n<li> dimanche 17 octobre, journ\u00e9e Stevenson, avec des randos vers Recloses.<\/li>\n<\/ul>\n<p>\t\t\t\t\t\t\t\t\t\t\t\t<img decoding=\"async\" width=\"2560\" height=\"624\" src=\"http:\/\/stevenson-fontainebleau.fr\/wp-content\/uploads\/2021\/06\/Gazette-footer-scaled.jpg\" alt=\"\" loading=\"lazy\" srcset=\"http:\/\/stevenson-fontainebleau.fr\/wp-content\/uploads\/2021\/06\/Gazette-footer-scaled.jpg 2560w, http:\/\/stevenson-fontainebleau.fr\/wp-content\/uploads\/2021\/06\/Gazette-footer-300x73.jpg 300w, http:\/\/stevenson-fontainebleau.fr\/wp-content\/uploads\/2021\/06\/Gazette-footer-1024x249.jpg 1024w, http:\/\/stevenson-fontainebleau.fr\/wp-content\/uploads\/2021\/06\/Gazette-footer-768x187.jpg 768w, http:\/\/stevenson-fontainebleau.fr\/wp-content\/uploads\/2021\/06\/Gazette-footer-1536x374.jpg 1536w, http:\/\/stevenson-fontainebleau.fr\/wp-content\/uploads\/2021\/06\/Gazette-footer-2048x499.jpg 2048w\" sizes=\"auto, (max-width: 2560px) 100vw, 2560px\" \/><\/p>\n","protected":false},"excerpt":{"rendered":"<p>Cliquez ici-&gt;\u00a0 Gazette N\u00b09 en PDF: Gazette n\u00b09-24 juin 2021\u00a0:\u00a0 L\u2019association \u00ab\u00a0Robert Louis Stevenson de Barbizon \u00e0 Grez\u00a0\u00bb, faute d\u2019avoir pu organiser des activit\u00e9s pendant l\u2019ann\u00e9e avait propos\u00e9 ces petites randonn\u00e9es d\u00e9couvertes, loin de la foule. Ce fut un succ\u00e8s. Alors l\u2019\u00e9t\u00e9 revenant, le vaccin diminuant la pression, nous vous proposons de recommencer. Chaque semaine &hellip; <a href=\"https:\/\/stevenson-fontainebleau.fr\/2026\/03\/24\/assemblee-generale-dimanche-29-mars\/evenements-en-cours\/programme-des-activites-2021\/le-jeudi-cest-toujours-stevenson-gazette-n9-24-juin-2021\/\" class=\"more-link\">Continuer la lecture de <span class=\"screen-reader-text\">\u00able jeudi, c\u2019est toujours Stevenson\u00a0\u00bb Gazette N\u00b09-24 juin 2021<\/span>  <span class=\"meta-nav\">&rarr;<\/span><\/a><\/p>\n","protected":false},"author":1,"featured_media":0,"parent":2995,"menu_order":100,"comment_status":"closed","ping_status":"closed","template":"","meta":{"footnotes":""},"class_list":["post-3126","page","type-page","status-publish","hentry"],"_links":{"self":[{"href":"https:\/\/stevenson-fontainebleau.fr\/2026\/03\/24\/assemblee-generale-dimanche-29-mars\/wp-json\/wp\/v2\/pages\/3126","targetHints":{"allow":["GET"]}}],"collection":[{"href":"https:\/\/stevenson-fontainebleau.fr\/2026\/03\/24\/assemblee-generale-dimanche-29-mars\/wp-json\/wp\/v2\/pages"}],"about":[{"href":"https:\/\/stevenson-fontainebleau.fr\/2026\/03\/24\/assemblee-generale-dimanche-29-mars\/wp-json\/wp\/v2\/types\/page"}],"author":[{"embeddable":true,"href":"https:\/\/stevenson-fontainebleau.fr\/2026\/03\/24\/assemblee-generale-dimanche-29-mars\/wp-json\/wp\/v2\/users\/1"}],"replies":[{"embeddable":true,"href":"https:\/\/stevenson-fontainebleau.fr\/2026\/03\/24\/assemblee-generale-dimanche-29-mars\/wp-json\/wp\/v2\/comments?post=3126"}],"version-history":[{"count":18,"href":"https:\/\/stevenson-fontainebleau.fr\/2026\/03\/24\/assemblee-generale-dimanche-29-mars\/wp-json\/wp\/v2\/pages\/3126\/revisions"}],"predecessor-version":[{"id":3502,"href":"https:\/\/stevenson-fontainebleau.fr\/2026\/03\/24\/assemblee-generale-dimanche-29-mars\/wp-json\/wp\/v2\/pages\/3126\/revisions\/3502"}],"up":[{"embeddable":true,"href":"https:\/\/stevenson-fontainebleau.fr\/2026\/03\/24\/assemblee-generale-dimanche-29-mars\/wp-json\/wp\/v2\/pages\/2995"}],"wp:attachment":[{"href":"https:\/\/stevenson-fontainebleau.fr\/2026\/03\/24\/assemblee-generale-dimanche-29-mars\/wp-json\/wp\/v2\/media?parent=3126"}],"curies":[{"name":"wp","href":"https:\/\/api.w.org\/{rel}","templated":true}]}}