{"id":3076,"date":"2021-06-24T12:17:56","date_gmt":"2021-06-24T11:17:56","guid":{"rendered":"http:\/\/stevenson-fontainebleau.fr\/?page_id=3076"},"modified":"2021-11-15T18:29:56","modified_gmt":"2021-11-15T17:29:56","slug":"le-jeudi-cest-toujours-stevenson-programme-juillet-et-aout-2021-page","status":"publish","type":"page","link":"https:\/\/stevenson-fontainebleau.fr\/2026\/03\/24\/assemblee-generale-dimanche-29-mars\/evenements-en-cours\/programme-des-activites-2021\/le-jeudi-cest-toujours-stevenson-programme-juillet-et-aout-2021-page\/","title":{"rendered":"\u00able jeudi, c\u2019est toujours Stevenson\u00a0\u00bb <br\/>programme juillet et ao\u00fbt\/septembre 2021."},"content":{"rendered":"<h2 style=\"text-align: center;\"><span style=\"color: #339966;\">Le jeudi, c&rsquo;est toujours Stevenson &#8211;\u00a0\u00a0<\/span><\/h2>\r\n<h2 style=\"text-align: center;\"><span style=\"color: #339966;\">l\u2019\u00e9t\u00e9 pour d\u00e9couvrir et red\u00e9couvrir for\u00eats et villages<\/span><\/h2>\r\n<p>L\u2019association \u00ab\u00a0Robert Louis Stevenson, de Barbizon \u00e0 Grez\u00a0\u00bb, faute d\u2019avoir pu organiser des activit\u00e9s pendant l\u2019ann\u00e9e avait propos\u00e9 ces petites randonn\u00e9es d\u00e9couvertes, loin de la foule. Ce fut un succ\u00e8s. Alors l\u2019\u00e9t\u00e9 revenant, le vaccin diminuant la pression, nous vous proposons de recommencer. Chaque semaine une rando-promenade, <span style=\"color: #ff6600;\"><em>pas plus d\u2019une vingtaine de participants<\/em><\/span>, \u00e0 un rythme doux, pour regarder, sentir, s\u2019\u00e9couter, se parler, ensemble.<\/p>\r\n<p>Les sorties sont gratuites mais l\u2019inscription sur notre site est fortement recommand\u00e9e :<\/p>\r\n<p>Cliquez ici pour vous inscrire. Ou, si vous pr\u00e9f\u00e9rez, envoyez-nous un e-mail \u00e0 l&rsquo;adresse <a style=\"font-weight: bold;\" href=\"inscription@stevenson-fontainebleau.fr\">inscription@stevenson-fontainebleau.fr<\/a> \u2013 Indiquez: votre nom et le nombre de personnes que vous inscrivez, la date et le num\u00e9ro de la sortie.<\/p>\r\n<p>Nous disposerons toujours de gel hydroalcoolique et masques selon les directives sanitaires du moment.<\/p>\r\n<p>Pensez chaussures, v\u00eatements de marche et boissons, et vous pourrez acheter un joli gobelet \u00ab\u00a0Stevenson\u00a0\u00bb au prix de 1\u20ac..\u00a0<\/p>\r\n<p>Pour plus d&rsquo;informations sur nos \u00e9v\u00e9nements, veuillez consulter <a href=\"http:\/\/stevenson-fontainebleau.fr\/evenements\/programme-des-activites-2021\/le-jeudi-cest-toujours-stevenson-gazette-n9-24-juin-2021\/\" target=\"_blank\" rel=\"noopener\">la Gazette N\u00b0 9 du 24 juin 2021<\/a>.<\/p>\r\n<p><strong>\u00a0\u00a0\u00a0\u00a0\u00a0\u00a0\u00a0\u00a0\u00a0\u00a0\u00a0\u00a0\u00a0\u00a0\u00a0\u00a0\u00a0\u00a0\u00a0\u00a0\u00a0\u00a0\u00a0\u00a0\u00a0\u00a0\u00a0\u00a0\u00a0\u00a0\u00a0\u00a0\u00a0\u00a0\u00a0\u00a0\u00a0\u00a0\u00a0\u00a0\u00a0\u00a0\u00a0\u00a0\u00a0 <\/strong><strong>Michel Legros<\/strong><\/p>\r\n<h2><span style=\"color: #ff6600;\"><strong>Programme de juillet\u00a0:<\/strong><\/span>\u00a0<\/h2>\r\n<p><span style=\"color: #999999;\"><strong>N\u00b01 &#8211; Jeudi 8 juillet <\/strong>: <strong>D\u00e9couverte de Villiers sous Grez et des lieux remarquables de la for\u00eat environnante avec Maryse Terragno, Maryse Bosi<\/strong> et l\u2019association des Amis du Patrimoine de Moncourt-Fromonville (APMF). Rendez-vous place de l\u2019Eglise de Villiers \u00e0 10 h pour une rando-promenade de 2 heures. \u00a0<\/span><\/p>\r\n<p><span style=\"color: #999999;\"><strong>N\u00b02 <\/strong>&#8211; <strong>Samedi 10 juillet<\/strong>\u00a0: <strong>De flore et de pierres,<\/strong> vers Larchant et la Dame Jouanne. Rendez-vous \u00e0 10 h. Parking de l\u2019El\u00e9phant \u00e0 Larchant avec <strong>Genevi\u00e8ve Dumant, <\/strong>Conteuse Buissonni\u00e8re de\u00a0\u00ab\u00a0la For\u00eat qui Parle\u00a0\u00bb. On pourra \u00ab\u00a0piqueniquer\u00a0\u00bb apr\u00e8s la rando-balade, repas tir\u00e9 du sac et pot rafraichissant offert par l\u2019association. \u00a0<\/span><\/p>\r\n<p><span style=\"color: #999999;\"><strong>N\u00b03 &#8211; Jeudi 15 juillet\u00a0: <\/strong><strong>le circuit des peintres <\/strong>en for\u00eat \u00e0 Barbizon avec <strong>Rosalie Ienna,<\/strong> Rendez-vous \u00e0 10 h 30 \u00e0 la caverne des Brigands, (ancienne auberge) retour entre 12 h 30 et 13 heures (Rendez-vous \u00e0 10 h 30, Chalet des Brigands, \u00e0 la fin de l\u2019All\u00e9e aux Vaches \u2013 Barbizon. \u00a0<\/span><\/p>\r\n<p><span style=\"color: #999999;\"><strong>N\u00b0 4 \u2013 Mardi 20 juillet\u00a0: Fl\u00e2nerie Gr\u00e9zoise, plantes et petites histoires du patrimoine local <\/strong>avec <strong>Jean Le Vot<\/strong>. Rendez-vous \u00e0 10 h. \u00e0 l\u2019\u00e9glise de Grez-sur-Loing. \u00a0<\/span><\/p>\r\n<p><span style=\"color: #999999;\"><strong>N\u00b05 \u2013 Jeudi 22 juillet <\/strong>: <strong>Histoires et sciences naturelles (comme vous ne les avez rarement vues et entendues\u00a0!) avec Annie Adam, <\/strong>Rendez-vous \u00e0 10 h. sur le parking de la plaine de Chanfroy, commune d\u2019Arbonne-la-For\u00eat, retour vers 12 h 30. \u00a0<\/span><\/p>\r\n<p><span style=\"color: #999999;\"><strong>N\u00b06 &#8211; Jeudi 29 juillet\u00a0: Sur les traces des vestiges militaires de l\u2019\u00e9cole des artilleurs\u00a0 <\/strong>et passage par le fameux rocher M\u00e9gatherium, <strong>\u00a0<\/strong>avec<strong> Pierre Maury. <\/strong>Rendez-vous \u00e0 10 h route d\u2019Orl\u00e9ans (D152) sous l\u2019Aqueduc de la Vanne, apr\u00e8s le Grand Parquet. Retour pr\u00e9vu vers 13 h. \u00a0<\/span><\/p>\r\n<p>&nbsp;<\/p>\r\n<h2><span style=\"color: #ff6600;\"><strong>Programme d\u2019<\/strong>ao\u00fbt\/septembre :<\/span><\/h2>\r\n<p><span style=\"color: #999999;\"><strong>N\u00b07 \u2013 Dimanche 1<sup>er<\/sup> ao\u00fbt<\/strong><strong>. D\u00e9couverte du village de Moncourt-Fromonville<\/strong> \u2013 circuit de bois et d\u2019eau avec <strong>Alain Quenot de l\u2019APMF<\/strong> \u2013 Rendez-vous \u00e0 la mairie de Moncourt \u00e0 9h 30, retour vers 12 h.<strong>\u00a0<\/strong><\/span><\/p>\r\n<p><span style=\"color: #999999;\"><strong>N\u00b08 &#8211;<\/strong><strong> Jeudi 5 ao\u00fbt\u00a0: En marche vers la Fosse aux loups et les abris grav\u00e9s de Recloses,\u00a0avec Chantal Huguet<\/strong><strong>. <\/strong>Rendez-vous \u00e0 10 h\u00a0 terrain de boules de Recloses\u00a0 retour vers 12 h.<strong>\u00a0<\/strong><\/span><\/p>\r\n<p><span style=\"color: #999999;\"><strong>N\u00b09- Jeudi 12 ao\u00fbt\u00a0: Les venelles de Saint-Mamm\u00e8s, sur les traces des mariniers, avec Pierre Maury, <\/strong>rendez-vous 10 h au Pont de Saint-Mamm\u00e8s.<\/span><\/p>\r\n<p><span style=\"color: #808080;\"><strong>N\u00b010<\/strong> \u2013 <strong>Jeudi 19 ao\u00fbt, Autour de la vigne et du raisin, avec Annie Adam.<\/strong> Rendez-vous \u00e0 10 h. devant l\u2019Eglise de Thomery<\/span><\/p>\r\n<p><span style=\"color: #808080;\"><strong>N\u00b011 \u2013 Jeudi 26 ao\u00fbt, \u00e0 Grez-sur Loing, entre \u00e9tangs et rivi\u00e8re, avec Philippe PETIT. <\/strong>Rendez-vous \u00e0 9 h 30 au Pont de Grez.<\/span><\/p>\r\n<p><strong>N\u00b012 \u2013 dimanche 29 ao\u00fbt, journ\u00e9e des associations de Recloses, l\u2019association R-L Stevenson propose une rando-d\u00e9couverte du village et de la for\u00eat environnante, avec Chantal Huguet, <\/strong>RV 10 h 30, devant la mairie de Recloses<\/p>\r\n<p><strong><span style=\"color: #3366ff;\">Nouveau N\u00b011bis: Jeudi 2 septembre, \u00e0 Grez-sur Loing, entre \u00e9tangs et rivi\u00e8re suite, avec Philippe Petit<\/span><\/strong><\/p>\r\n<p><strong>N\u00b013- Mercredi 8 septembre, journ\u00e9e-promenade \u00e0 Barbizon et longue halte pour dessiner, et raconter, moments de d\u00e9tente avec parents, grands-parents et enfants \u2013 <\/strong>Apporter le piquenique, RL Stevenson offrira une boisson rafraichissante. (25 personnes- sur inscription). Rendez-vous \u00e0 10 h 30, Chalet des Brigands, \u00e0 la fin de l\u2019All\u00e9e aux Vaches \u2013 Barbizon.<\/p>\r\n<h2><span style=\"color: #ff6600;\">Inscription<\/span><\/h2>\r\n<!-- \/wp:post-content -->\r\n\r\n<!-- wp:paragraph {\"textColor\":\"white\",\"customBackgroundColor\":\"#73b3d8\"} -->\r\n<p class=\"has-text-color has-background has-white-color\" style=\"background-color: #73b3d8;\">Inscrivez vous pour les sorties. Merci de remplir la fiche d\u2019inscription suivante et cliquez sur \u2018Envoyer\u2019 une fois termin\u00e9. Si vous souhaitez vous inscrire \u00e0 plusieurs sorties, veuillez soumettre un formulaire pour chaque sortie. D\u00e9sol\u00e9 pour le d\u00e9rangement &#8211; c&rsquo;est une limitation du formulaire que nous utilisons<\/p>\r\n<!-- \/wp:paragraph -->\r\n\r\n<!-- wp:paragraph -->\r\n<p>[wpforms id=\u00a0\u00bb3085&Prime; title=\u00a0\u00bbfalse\u00a0\u00bb description=\u00a0\u00bbfalse\u00a0\u00bb]<\/p>\r\n<!-- \/wp:paragraph -->\r\n\r\n<!-- wp:paragraph -->\r\n<p>&nbsp;<\/p>","protected":false},"excerpt":{"rendered":"<p>Le jeudi, c&rsquo;est toujours Stevenson &#8211;\u00a0\u00a0 l\u2019\u00e9t\u00e9 pour d\u00e9couvrir et red\u00e9couvrir for\u00eats et villages L\u2019association \u00ab\u00a0Robert Louis Stevenson, de Barbizon \u00e0 Grez\u00a0\u00bb, faute d\u2019avoir pu organiser des activit\u00e9s pendant l\u2019ann\u00e9e avait propos\u00e9 ces petites randonn\u00e9es d\u00e9couvertes, loin de la foule. Ce fut un succ\u00e8s. Alors l\u2019\u00e9t\u00e9 revenant, le vaccin diminuant la pression, nous vous proposons &hellip; <a href=\"https:\/\/stevenson-fontainebleau.fr\/2026\/03\/24\/assemblee-generale-dimanche-29-mars\/evenements-en-cours\/programme-des-activites-2021\/le-jeudi-cest-toujours-stevenson-programme-juillet-et-aout-2021-page\/\" class=\"more-link\">Continuer la lecture de <span class=\"screen-reader-text\">\u00able jeudi, c\u2019est toujours Stevenson\u00a0\u00bb <br \/>programme juillet et ao\u00fbt\/septembre 2021.<\/span>  <span class=\"meta-nav\">&rarr;<\/span><\/a><\/p>\n","protected":false},"author":1,"featured_media":0,"parent":2995,"menu_order":98,"comment_status":"closed","ping_status":"closed","template":"","meta":{"footnotes":""},"class_list":["post-3076","page","type-page","status-publish","hentry"],"_links":{"self":[{"href":"https:\/\/stevenson-fontainebleau.fr\/2026\/03\/24\/assemblee-generale-dimanche-29-mars\/wp-json\/wp\/v2\/pages\/3076","targetHints":{"allow":["GET"]}}],"collection":[{"href":"https:\/\/stevenson-fontainebleau.fr\/2026\/03\/24\/assemblee-generale-dimanche-29-mars\/wp-json\/wp\/v2\/pages"}],"about":[{"href":"https:\/\/stevenson-fontainebleau.fr\/2026\/03\/24\/assemblee-generale-dimanche-29-mars\/wp-json\/wp\/v2\/types\/page"}],"author":[{"embeddable":true,"href":"https:\/\/stevenson-fontainebleau.fr\/2026\/03\/24\/assemblee-generale-dimanche-29-mars\/wp-json\/wp\/v2\/users\/1"}],"replies":[{"embeddable":true,"href":"https:\/\/stevenson-fontainebleau.fr\/2026\/03\/24\/assemblee-generale-dimanche-29-mars\/wp-json\/wp\/v2\/comments?post=3076"}],"version-history":[{"count":24,"href":"https:\/\/stevenson-fontainebleau.fr\/2026\/03\/24\/assemblee-generale-dimanche-29-mars\/wp-json\/wp\/v2\/pages\/3076\/revisions"}],"predecessor-version":[{"id":3284,"href":"https:\/\/stevenson-fontainebleau.fr\/2026\/03\/24\/assemblee-generale-dimanche-29-mars\/wp-json\/wp\/v2\/pages\/3076\/revisions\/3284"}],"up":[{"embeddable":true,"href":"https:\/\/stevenson-fontainebleau.fr\/2026\/03\/24\/assemblee-generale-dimanche-29-mars\/wp-json\/wp\/v2\/pages\/2995"}],"wp:attachment":[{"href":"https:\/\/stevenson-fontainebleau.fr\/2026\/03\/24\/assemblee-generale-dimanche-29-mars\/wp-json\/wp\/v2\/media?parent=3076"}],"curies":[{"name":"wp","href":"https:\/\/api.w.org\/{rel}","templated":true}]}}