{"id":297,"date":"2016-01-19T11:29:08","date_gmt":"2016-01-19T10:29:08","guid":{"rendered":"http:\/\/stevenson-fontainebleau.fr\/?page_id=297"},"modified":"2018-02-18T18:13:13","modified_gmt":"2018-02-18T17:13:13","slug":"chasse-au-tresor-le-3-avril-2016","status":"publish","type":"page","link":"https:\/\/stevenson-fontainebleau.fr\/2026\/03\/24\/assemblee-generale-dimanche-29-mars\/evenements-en-cours\/evenements-2016\/chasse-au-tresor-le-3-avril-2016\/","title":{"rendered":"Chasse au tr\u00e9sor dimanche 3 avril 2016"},"content":{"rendered":"<h2 style=\"text-align: center;\"><em><span style=\"color: #808080;\">Centre Ecotourisme de\u00a0Franchard<\/span><\/em><\/h2>\n<p style=\"text-align: center; padding-left: 30px;\"><span style=\"color: #808080;\"><strong><em><span style=\"color: #339966;\">Une journ\u00e9e Robert-louis Stevenson sous le soleil, la joie et les rires des enfants. La participation a \u00e9t\u00e9 exceptionnelle : 80 dipl\u00f4mes de &lsquo;petits pirates&rsquo; remis \u00e0 la fin du parcours. La chasse a pris fin avec la satisfaction g\u00e9n\u00e9rale des petits et des grands. Merci \u00e0 tous les animateurs. Voici ci-dessous quelques photos, prises par notre photographe Jean-Paul Battin, de cette magnifique journ\u00e9e. <\/span><\/em><\/strong><\/span><\/p>\n<p>&nbsp;<\/p>\n<p><span style=\"color: #ff0000;\">\u00a0<\/span><\/p>\n<div id='gallery-1' class='gallery galleryid-297 gallery-columns-2 gallery-size-medium'><figure class='gallery-item'>\n\t\t\t<div class='gallery-icon landscape'>\n\t\t\t\t<img loading=\"lazy\" decoding=\"async\" width=\"300\" height=\"200\" src=\"https:\/\/stevenson-fontainebleau.fr\/wp-content\/uploads\/2016\/04\/n__47565_w-300x200.jpg\" class=\"attachment-medium size-medium\" alt=\"\" aria-describedby=\"gallery-1-396\" srcset=\"https:\/\/stevenson-fontainebleau.fr\/wp-content\/uploads\/2016\/04\/n__47565_w-300x200.jpg 300w, https:\/\/stevenson-fontainebleau.fr\/wp-content\/uploads\/2016\/04\/n__47565_w-768x512.jpg 768w, https:\/\/stevenson-fontainebleau.fr\/wp-content\/uploads\/2016\/04\/n__47565_w-1024x683.jpg 1024w, https:\/\/stevenson-fontainebleau.fr\/wp-content\/uploads\/2016\/04\/n__47565_w.jpg 1200w\" sizes=\"auto, (max-width: 300px) 100vw, 300px\" \/>\n\t\t\t<\/div>\n\t\t\t\t<figcaption class='wp-caption-text gallery-caption' id='gallery-1-396'>\n\t\t\t\tL\u00e9a\n\t\t\t\t<\/figcaption><\/figure><figure class='gallery-item'>\n\t\t\t<div class='gallery-icon landscape'>\n\t\t\t\t<img loading=\"lazy\" decoding=\"async\" width=\"300\" height=\"225\" src=\"https:\/\/stevenson-fontainebleau.fr\/wp-content\/uploads\/2016\/04\/n__47558_w-300x225.jpg\" class=\"attachment-medium size-medium\" alt=\"\" aria-describedby=\"gallery-1-393\" srcset=\"https:\/\/stevenson-fontainebleau.fr\/wp-content\/uploads\/2016\/04\/n__47558_w-300x225.jpg 300w, https:\/\/stevenson-fontainebleau.fr\/wp-content\/uploads\/2016\/04\/n__47558_w-768x576.jpg 768w, https:\/\/stevenson-fontainebleau.fr\/wp-content\/uploads\/2016\/04\/n__47558_w-1024x768.jpg 1024w, https:\/\/stevenson-fontainebleau.fr\/wp-content\/uploads\/2016\/04\/n__47558_w.jpg 1200w\" sizes=\"auto, (max-width: 300px) 100vw, 300px\" \/>\n\t\t\t<\/div>\n\t\t\t\t<figcaption class='wp-caption-text gallery-caption' id='gallery-1-393'>\n\t\t\t\tJulie\n\t\t\t\t<\/figcaption><\/figure><figure class='gallery-item'>\n\t\t\t<div class='gallery-icon landscape'>\n\t\t\t\t<img loading=\"lazy\" decoding=\"async\" width=\"300\" height=\"300\" src=\"https:\/\/stevenson-fontainebleau.fr\/wp-content\/uploads\/2016\/04\/n__47555_ww-300x300.jpg\" class=\"attachment-medium size-medium\" alt=\"\" aria-describedby=\"gallery-1-392\" srcset=\"https:\/\/stevenson-fontainebleau.fr\/wp-content\/uploads\/2016\/04\/n__47555_ww-300x300.jpg 300w, https:\/\/stevenson-fontainebleau.fr\/wp-content\/uploads\/2016\/04\/n__47555_ww-150x150.jpg 150w, https:\/\/stevenson-fontainebleau.fr\/wp-content\/uploads\/2016\/04\/n__47555_ww-768x768.jpg 768w, https:\/\/stevenson-fontainebleau.fr\/wp-content\/uploads\/2016\/04\/n__47555_ww.jpg 900w\" sizes=\"auto, (max-width: 300px) 100vw, 300px\" \/>\n\t\t\t<\/div>\n\t\t\t\t<figcaption class='wp-caption-text gallery-caption' id='gallery-1-392'>\n\t\t\t\tJulie\n\t\t\t\t<\/figcaption><\/figure><figure class='gallery-item'>\n\t\t\t<div class='gallery-icon landscape'>\n\t\t\t\t<img loading=\"lazy\" decoding=\"async\" width=\"300\" height=\"225\" src=\"https:\/\/stevenson-fontainebleau.fr\/wp-content\/uploads\/2016\/04\/n__47552_w-300x225.jpg\" class=\"attachment-medium size-medium\" alt=\"\" aria-describedby=\"gallery-1-390\" srcset=\"https:\/\/stevenson-fontainebleau.fr\/wp-content\/uploads\/2016\/04\/n__47552_w-300x225.jpg 300w, https:\/\/stevenson-fontainebleau.fr\/wp-content\/uploads\/2016\/04\/n__47552_w-768x576.jpg 768w, https:\/\/stevenson-fontainebleau.fr\/wp-content\/uploads\/2016\/04\/n__47552_w-1024x768.jpg 1024w, https:\/\/stevenson-fontainebleau.fr\/wp-content\/uploads\/2016\/04\/n__47552_w.jpg 1200w\" sizes=\"auto, (max-width: 300px) 100vw, 300px\" \/>\n\t\t\t<\/div>\n\t\t\t\t<figcaption class='wp-caption-text gallery-caption' id='gallery-1-390'>\n\t\t\t\tPhilippe\n\t\t\t\t<\/figcaption><\/figure><figure class='gallery-item'>\n\t\t\t<div class='gallery-icon landscape'>\n\t\t\t\t<img loading=\"lazy\" decoding=\"async\" width=\"300\" height=\"225\" src=\"https:\/\/stevenson-fontainebleau.fr\/wp-content\/uploads\/2016\/04\/n__47549_w-300x225.jpg\" class=\"attachment-medium size-medium\" alt=\"\" aria-describedby=\"gallery-1-389\" srcset=\"https:\/\/stevenson-fontainebleau.fr\/wp-content\/uploads\/2016\/04\/n__47549_w-300x225.jpg 300w, https:\/\/stevenson-fontainebleau.fr\/wp-content\/uploads\/2016\/04\/n__47549_w-768x576.jpg 768w, https:\/\/stevenson-fontainebleau.fr\/wp-content\/uploads\/2016\/04\/n__47549_w-1024x768.jpg 1024w, https:\/\/stevenson-fontainebleau.fr\/wp-content\/uploads\/2016\/04\/n__47549_w.jpg 1200w\" sizes=\"auto, (max-width: 300px) 100vw, 300px\" \/>\n\t\t\t<\/div>\n\t\t\t\t<figcaption class='wp-caption-text gallery-caption' id='gallery-1-389'>\n\t\t\t\tPhilippe\n\t\t\t\t<\/figcaption><\/figure><figure class='gallery-item'>\n\t\t\t<div class='gallery-icon landscape'>\n\t\t\t\t<img loading=\"lazy\" decoding=\"async\" width=\"300\" height=\"300\" src=\"https:\/\/stevenson-fontainebleau.fr\/wp-content\/uploads\/2016\/04\/n__47571_w-300x300.jpg\" class=\"attachment-medium size-medium\" alt=\"\" aria-describedby=\"gallery-1-397\" srcset=\"https:\/\/stevenson-fontainebleau.fr\/wp-content\/uploads\/2016\/04\/n__47571_w-300x300.jpg 300w, https:\/\/stevenson-fontainebleau.fr\/wp-content\/uploads\/2016\/04\/n__47571_w-150x150.jpg 150w, https:\/\/stevenson-fontainebleau.fr\/wp-content\/uploads\/2016\/04\/n__47571_w-768x768.jpg 768w, https:\/\/stevenson-fontainebleau.fr\/wp-content\/uploads\/2016\/04\/n__47571_w.jpg 900w\" sizes=\"auto, (max-width: 300px) 100vw, 300px\" \/>\n\t\t\t<\/div>\n\t\t\t\t<figcaption class='wp-caption-text gallery-caption' id='gallery-1-397'>\n\t\t\t\tPierre\n\t\t\t\t<\/figcaption><\/figure><figure class='gallery-item'>\n\t\t\t<div class='gallery-icon landscape'>\n\t\t\t\t<img loading=\"lazy\" decoding=\"async\" width=\"300\" height=\"225\" src=\"https:\/\/stevenson-fontainebleau.fr\/wp-content\/uploads\/2016\/04\/n__47575_w-300x225.jpg\" class=\"attachment-medium size-medium\" alt=\"\" aria-describedby=\"gallery-1-399\" srcset=\"https:\/\/stevenson-fontainebleau.fr\/wp-content\/uploads\/2016\/04\/n__47575_w-300x225.jpg 300w, https:\/\/stevenson-fontainebleau.fr\/wp-content\/uploads\/2016\/04\/n__47575_w-768x576.jpg 768w, https:\/\/stevenson-fontainebleau.fr\/wp-content\/uploads\/2016\/04\/n__47575_w-1024x768.jpg 1024w, https:\/\/stevenson-fontainebleau.fr\/wp-content\/uploads\/2016\/04\/n__47575_w.jpg 1200w\" sizes=\"auto, (max-width: 300px) 100vw, 300px\" \/>\n\t\t\t<\/div>\n\t\t\t\t<figcaption class='wp-caption-text gallery-caption' id='gallery-1-399'>\n\t\t\t\tAlexandre\n\t\t\t\t<\/figcaption><\/figure><figure class='gallery-item'>\n\t\t\t<div class='gallery-icon landscape'>\n\t\t\t\t<img loading=\"lazy\" decoding=\"async\" width=\"300\" height=\"225\" src=\"https:\/\/stevenson-fontainebleau.fr\/wp-content\/uploads\/2016\/04\/n__47573_w-300x225.jpg\" class=\"attachment-medium size-medium\" alt=\"\" aria-describedby=\"gallery-1-398\" srcset=\"https:\/\/stevenson-fontainebleau.fr\/wp-content\/uploads\/2016\/04\/n__47573_w-300x225.jpg 300w, https:\/\/stevenson-fontainebleau.fr\/wp-content\/uploads\/2016\/04\/n__47573_w-768x576.jpg 768w, https:\/\/stevenson-fontainebleau.fr\/wp-content\/uploads\/2016\/04\/n__47573_w-1024x768.jpg 1024w, https:\/\/stevenson-fontainebleau.fr\/wp-content\/uploads\/2016\/04\/n__47573_w.jpg 1200w\" sizes=\"auto, (max-width: 300px) 100vw, 300px\" \/>\n\t\t\t<\/div>\n\t\t\t\t<figcaption class='wp-caption-text gallery-caption' id='gallery-1-398'>\n\t\t\t\tAlexande\n\t\t\t\t<\/figcaption><\/figure><figure class='gallery-item'>\n\t\t\t<div class='gallery-icon portrait'>\n\t\t\t\t<img loading=\"lazy\" decoding=\"async\" width=\"225\" height=\"300\" src=\"https:\/\/stevenson-fontainebleau.fr\/wp-content\/uploads\/2016\/04\/n__47587_w-225x300.jpg\" class=\"attachment-medium size-medium\" alt=\"\" srcset=\"https:\/\/stevenson-fontainebleau.fr\/wp-content\/uploads\/2016\/04\/n__47587_w-225x300.jpg 225w, https:\/\/stevenson-fontainebleau.fr\/wp-content\/uploads\/2016\/04\/n__47587_w.jpg 600w\" sizes=\"auto, (max-width: 225px) 100vw, 225px\" \/>\n\t\t\t<\/div><\/figure><figure class='gallery-item'>\n\t\t\t<div class='gallery-icon landscape'>\n\t\t\t\t<img loading=\"lazy\" decoding=\"async\" width=\"300\" height=\"200\" src=\"https:\/\/stevenson-fontainebleau.fr\/wp-content\/uploads\/2016\/04\/n__47584_w-300x200.jpg\" class=\"attachment-medium size-medium\" alt=\"\" srcset=\"https:\/\/stevenson-fontainebleau.fr\/wp-content\/uploads\/2016\/04\/n__47584_w-300x200.jpg 300w, https:\/\/stevenson-fontainebleau.fr\/wp-content\/uploads\/2016\/04\/n__47584_w-768x512.jpg 768w, https:\/\/stevenson-fontainebleau.fr\/wp-content\/uploads\/2016\/04\/n__47584_w-1024x683.jpg 1024w, https:\/\/stevenson-fontainebleau.fr\/wp-content\/uploads\/2016\/04\/n__47584_w.jpg 1200w\" sizes=\"auto, (max-width: 300px) 100vw, 300px\" \/>\n\t\t\t<\/div><\/figure><figure class='gallery-item'>\n\t\t\t<div class='gallery-icon landscape'>\n\t\t\t\t<img loading=\"lazy\" decoding=\"async\" width=\"300\" height=\"225\" src=\"https:\/\/stevenson-fontainebleau.fr\/wp-content\/uploads\/2016\/04\/n__47583_w-300x225.jpg\" class=\"attachment-medium size-medium\" alt=\"\" srcset=\"https:\/\/stevenson-fontainebleau.fr\/wp-content\/uploads\/2016\/04\/n__47583_w-300x225.jpg 300w, https:\/\/stevenson-fontainebleau.fr\/wp-content\/uploads\/2016\/04\/n__47583_w-768x576.jpg 768w, https:\/\/stevenson-fontainebleau.fr\/wp-content\/uploads\/2016\/04\/n__47583_w-1024x768.jpg 1024w, https:\/\/stevenson-fontainebleau.fr\/wp-content\/uploads\/2016\/04\/n__47583_w.jpg 1200w\" sizes=\"auto, (max-width: 300px) 100vw, 300px\" \/>\n\t\t\t<\/div><\/figure><figure class='gallery-item'>\n\t\t\t<div class='gallery-icon landscape'>\n\t\t\t\t<img loading=\"lazy\" decoding=\"async\" width=\"300\" height=\"200\" src=\"https:\/\/stevenson-fontainebleau.fr\/wp-content\/uploads\/2016\/04\/n__47582_w-300x200.jpg\" class=\"attachment-medium size-medium\" alt=\"\" srcset=\"https:\/\/stevenson-fontainebleau.fr\/wp-content\/uploads\/2016\/04\/n__47582_w-300x200.jpg 300w, https:\/\/stevenson-fontainebleau.fr\/wp-content\/uploads\/2016\/04\/n__47582_w-768x512.jpg 768w, https:\/\/stevenson-fontainebleau.fr\/wp-content\/uploads\/2016\/04\/n__47582_w-1024x683.jpg 1024w, https:\/\/stevenson-fontainebleau.fr\/wp-content\/uploads\/2016\/04\/n__47582_w.jpg 1200w\" sizes=\"auto, (max-width: 300px) 100vw, 300px\" \/>\n\t\t\t<\/div><\/figure><figure class='gallery-item'>\n\t\t\t<div class='gallery-icon landscape'>\n\t\t\t\t<img loading=\"lazy\" decoding=\"async\" width=\"300\" height=\"199\" src=\"https:\/\/stevenson-fontainebleau.fr\/wp-content\/uploads\/2016\/04\/n__47581_w-300x199.jpg\" class=\"attachment-medium size-medium\" alt=\"\" srcset=\"https:\/\/stevenson-fontainebleau.fr\/wp-content\/uploads\/2016\/04\/n__47581_w-300x199.jpg 300w, https:\/\/stevenson-fontainebleau.fr\/wp-content\/uploads\/2016\/04\/n__47581_w-768x509.jpg 768w, https:\/\/stevenson-fontainebleau.fr\/wp-content\/uploads\/2016\/04\/n__47581_w-1024x678.jpg 1024w, https:\/\/stevenson-fontainebleau.fr\/wp-content\/uploads\/2016\/04\/n__47581_w.jpg 1200w\" sizes=\"auto, (max-width: 300px) 100vw, 300px\" \/>\n\t\t\t<\/div><\/figure><figure class='gallery-item'>\n\t\t\t<div class='gallery-icon landscape'>\n\t\t\t\t<img loading=\"lazy\" decoding=\"async\" width=\"300\" height=\"199\" src=\"https:\/\/stevenson-fontainebleau.fr\/wp-content\/uploads\/2016\/04\/n__47625_w-300x199.jpg\" class=\"attachment-medium size-medium\" alt=\"\" srcset=\"https:\/\/stevenson-fontainebleau.fr\/wp-content\/uploads\/2016\/04\/n__47625_w-300x199.jpg 300w, https:\/\/stevenson-fontainebleau.fr\/wp-content\/uploads\/2016\/04\/n__47625_w-768x509.jpg 768w, https:\/\/stevenson-fontainebleau.fr\/wp-content\/uploads\/2016\/04\/n__47625_w-1024x678.jpg 1024w, https:\/\/stevenson-fontainebleau.fr\/wp-content\/uploads\/2016\/04\/n__47625_w.jpg 1200w\" sizes=\"auto, (max-width: 300px) 100vw, 300px\" \/>\n\t\t\t<\/div><\/figure><figure class='gallery-item'>\n\t\t\t<div class='gallery-icon landscape'>\n\t\t\t\t<img loading=\"lazy\" decoding=\"async\" width=\"300\" height=\"199\" src=\"https:\/\/stevenson-fontainebleau.fr\/wp-content\/uploads\/2016\/04\/n__47616_w-300x199.jpg\" class=\"attachment-medium size-medium\" alt=\"\" srcset=\"https:\/\/stevenson-fontainebleau.fr\/wp-content\/uploads\/2016\/04\/n__47616_w-300x199.jpg 300w, https:\/\/stevenson-fontainebleau.fr\/wp-content\/uploads\/2016\/04\/n__47616_w-768x509.jpg 768w, https:\/\/stevenson-fontainebleau.fr\/wp-content\/uploads\/2016\/04\/n__47616_w-1024x678.jpg 1024w, https:\/\/stevenson-fontainebleau.fr\/wp-content\/uploads\/2016\/04\/n__47616_w.jpg 1200w\" sizes=\"auto, (max-width: 300px) 100vw, 300px\" \/>\n\t\t\t<\/div><\/figure><figure class='gallery-item'>\n\t\t\t<div class='gallery-icon landscape'>\n\t\t\t\t<img loading=\"lazy\" decoding=\"async\" width=\"300\" height=\"225\" src=\"https:\/\/stevenson-fontainebleau.fr\/wp-content\/uploads\/2016\/04\/n__47598_w-300x225.jpg\" class=\"attachment-medium size-medium\" alt=\"\" srcset=\"https:\/\/stevenson-fontainebleau.fr\/wp-content\/uploads\/2016\/04\/n__47598_w-300x225.jpg 300w, https:\/\/stevenson-fontainebleau.fr\/wp-content\/uploads\/2016\/04\/n__47598_w-768x576.jpg 768w, https:\/\/stevenson-fontainebleau.fr\/wp-content\/uploads\/2016\/04\/n__47598_w-1024x768.jpg 1024w, https:\/\/stevenson-fontainebleau.fr\/wp-content\/uploads\/2016\/04\/n__47598_w.jpg 1200w\" sizes=\"auto, (max-width: 300px) 100vw, 300px\" \/>\n\t\t\t<\/div><\/figure><figure class='gallery-item'>\n\t\t\t<div class='gallery-icon landscape'>\n\t\t\t\t<img loading=\"lazy\" decoding=\"async\" width=\"300\" height=\"225\" src=\"https:\/\/stevenson-fontainebleau.fr\/wp-content\/uploads\/2016\/04\/n__47601_w-300x225.jpg\" class=\"attachment-medium size-medium\" alt=\"\" srcset=\"https:\/\/stevenson-fontainebleau.fr\/wp-content\/uploads\/2016\/04\/n__47601_w-300x225.jpg 300w, https:\/\/stevenson-fontainebleau.fr\/wp-content\/uploads\/2016\/04\/n__47601_w-768x576.jpg 768w, https:\/\/stevenson-fontainebleau.fr\/wp-content\/uploads\/2016\/04\/n__47601_w-1024x768.jpg 1024w, https:\/\/stevenson-fontainebleau.fr\/wp-content\/uploads\/2016\/04\/n__47601_w.jpg 1200w\" sizes=\"auto, (max-width: 300px) 100vw, 300px\" \/>\n\t\t\t<\/div><\/figure><figure class='gallery-item'>\n\t\t\t<div class='gallery-icon landscape'>\n\t\t\t\t<img loading=\"lazy\" decoding=\"async\" width=\"300\" height=\"300\" src=\"https:\/\/stevenson-fontainebleau.fr\/wp-content\/uploads\/2016\/04\/n__47603_bw-300x300.jpg\" class=\"attachment-medium size-medium\" alt=\"\" srcset=\"https:\/\/stevenson-fontainebleau.fr\/wp-content\/uploads\/2016\/04\/n__47603_bw-300x300.jpg 300w, https:\/\/stevenson-fontainebleau.fr\/wp-content\/uploads\/2016\/04\/n__47603_bw-150x150.jpg 150w, https:\/\/stevenson-fontainebleau.fr\/wp-content\/uploads\/2016\/04\/n__47603_bw-768x768.jpg 768w, https:\/\/stevenson-fontainebleau.fr\/wp-content\/uploads\/2016\/04\/n__47603_bw.jpg 900w\" sizes=\"auto, (max-width: 300px) 100vw, 300px\" \/>\n\t\t\t<\/div><\/figure><figure class='gallery-item'>\n\t\t\t<div class='gallery-icon portrait'>\n\t\t\t\t<img loading=\"lazy\" decoding=\"async\" width=\"200\" height=\"300\" src=\"https:\/\/stevenson-fontainebleau.fr\/wp-content\/uploads\/2016\/04\/n__47611_w-200x300.jpg\" class=\"attachment-medium size-medium\" alt=\"\" srcset=\"https:\/\/stevenson-fontainebleau.fr\/wp-content\/uploads\/2016\/04\/n__47611_w-200x300.jpg 200w, https:\/\/stevenson-fontainebleau.fr\/wp-content\/uploads\/2016\/04\/n__47611_w.jpg 600w\" sizes=\"auto, (max-width: 200px) 100vw, 200px\" \/>\n\t\t\t<\/div><\/figure><figure class='gallery-item'>\n\t\t\t<div class='gallery-icon landscape'>\n\t\t\t\t<img loading=\"lazy\" decoding=\"async\" width=\"300\" height=\"200\" src=\"https:\/\/stevenson-fontainebleau.fr\/wp-content\/uploads\/2016\/04\/n__47613_w-300x200.jpg\" class=\"attachment-medium size-medium\" alt=\"\" srcset=\"https:\/\/stevenson-fontainebleau.fr\/wp-content\/uploads\/2016\/04\/n__47613_w-300x200.jpg 300w, https:\/\/stevenson-fontainebleau.fr\/wp-content\/uploads\/2016\/04\/n__47613_w-768x512.jpg 768w, https:\/\/stevenson-fontainebleau.fr\/wp-content\/uploads\/2016\/04\/n__47613_w-1024x683.jpg 1024w, https:\/\/stevenson-fontainebleau.fr\/wp-content\/uploads\/2016\/04\/n__47613_w.jpg 1200w\" sizes=\"auto, (max-width: 300px) 100vw, 300px\" \/>\n\t\t\t<\/div><\/figure><figure class='gallery-item'>\n\t\t\t<div class='gallery-icon landscape'>\n\t\t\t\t<img loading=\"lazy\" decoding=\"async\" width=\"300\" height=\"225\" src=\"https:\/\/stevenson-fontainebleau.fr\/wp-content\/uploads\/2016\/04\/n__47595_w-300x225.jpg\" class=\"attachment-medium size-medium\" alt=\"\" srcset=\"https:\/\/stevenson-fontainebleau.fr\/wp-content\/uploads\/2016\/04\/n__47595_w-300x225.jpg 300w, https:\/\/stevenson-fontainebleau.fr\/wp-content\/uploads\/2016\/04\/n__47595_w-768x576.jpg 768w, https:\/\/stevenson-fontainebleau.fr\/wp-content\/uploads\/2016\/04\/n__47595_w-1024x768.jpg 1024w, https:\/\/stevenson-fontainebleau.fr\/wp-content\/uploads\/2016\/04\/n__47595_w.jpg 1200w\" sizes=\"auto, (max-width: 300px) 100vw, 300px\" \/>\n\t\t\t<\/div><\/figure><figure class='gallery-item'>\n\t\t\t<div class='gallery-icon portrait'>\n\t\t\t\t<img loading=\"lazy\" decoding=\"async\" width=\"199\" height=\"300\" src=\"https:\/\/stevenson-fontainebleau.fr\/wp-content\/uploads\/2016\/04\/n__47597_w-199x300.jpg\" class=\"attachment-medium size-medium\" alt=\"\" srcset=\"https:\/\/stevenson-fontainebleau.fr\/wp-content\/uploads\/2016\/04\/n__47597_w-199x300.jpg 199w, https:\/\/stevenson-fontainebleau.fr\/wp-content\/uploads\/2016\/04\/n__47597_w.jpg 596w\" sizes=\"auto, (max-width: 199px) 100vw, 199px\" \/>\n\t\t\t<\/div><\/figure><figure class='gallery-item'>\n\t\t\t<div class='gallery-icon landscape'>\n\t\t\t\t<img loading=\"lazy\" decoding=\"async\" width=\"300\" height=\"200\" src=\"https:\/\/stevenson-fontainebleau.fr\/wp-content\/uploads\/2016\/04\/n__47546_w-300x200.jpg\" class=\"attachment-medium size-medium\" alt=\"\" srcset=\"https:\/\/stevenson-fontainebleau.fr\/wp-content\/uploads\/2016\/04\/n__47546_w-300x200.jpg 300w, https:\/\/stevenson-fontainebleau.fr\/wp-content\/uploads\/2016\/04\/n__47546_w-768x512.jpg 768w, https:\/\/stevenson-fontainebleau.fr\/wp-content\/uploads\/2016\/04\/n__47546_w-1024x683.jpg 1024w, https:\/\/stevenson-fontainebleau.fr\/wp-content\/uploads\/2016\/04\/n__47546_w.jpg 1200w\" sizes=\"auto, (max-width: 300px) 100vw, 300px\" \/>\n\t\t\t<\/div><\/figure>\n\t\t<\/div>\n\n<p>&nbsp;<\/p>\n<h6><\/h6>\n","protected":false},"excerpt":{"rendered":"<p>Centre Ecotourisme de\u00a0Franchard Une journ\u00e9e Robert-louis Stevenson sous le soleil, la joie et les rires des enfants. La participation a \u00e9t\u00e9 exceptionnelle : 80 dipl\u00f4mes de &lsquo;petits pirates&rsquo; remis \u00e0 la fin du parcours. La chasse a pris fin avec la satisfaction g\u00e9n\u00e9rale des petits et des grands. Merci \u00e0 tous les animateurs. Voici ci-dessous &hellip; <a href=\"https:\/\/stevenson-fontainebleau.fr\/2026\/03\/24\/assemblee-generale-dimanche-29-mars\/evenements-en-cours\/evenements-2016\/chasse-au-tresor-le-3-avril-2016\/\" class=\"more-link\">Continuer la lecture de <span class=\"screen-reader-text\">Chasse au tr\u00e9sor dimanche 3 avril 2016<\/span>  <span class=\"meta-nav\">&rarr;<\/span><\/a><\/p>\n","protected":false},"author":1,"featured_media":0,"parent":1428,"menu_order":93,"comment_status":"closed","ping_status":"closed","template":"","meta":{"footnotes":""},"class_list":["post-297","page","type-page","status-publish","hentry"],"_links":{"self":[{"href":"https:\/\/stevenson-fontainebleau.fr\/2026\/03\/24\/assemblee-generale-dimanche-29-mars\/wp-json\/wp\/v2\/pages\/297","targetHints":{"allow":["GET"]}}],"collection":[{"href":"https:\/\/stevenson-fontainebleau.fr\/2026\/03\/24\/assemblee-generale-dimanche-29-mars\/wp-json\/wp\/v2\/pages"}],"about":[{"href":"https:\/\/stevenson-fontainebleau.fr\/2026\/03\/24\/assemblee-generale-dimanche-29-mars\/wp-json\/wp\/v2\/types\/page"}],"author":[{"embeddable":true,"href":"https:\/\/stevenson-fontainebleau.fr\/2026\/03\/24\/assemblee-generale-dimanche-29-mars\/wp-json\/wp\/v2\/users\/1"}],"replies":[{"embeddable":true,"href":"https:\/\/stevenson-fontainebleau.fr\/2026\/03\/24\/assemblee-generale-dimanche-29-mars\/wp-json\/wp\/v2\/comments?post=297"}],"version-history":[{"count":55,"href":"https:\/\/stevenson-fontainebleau.fr\/2026\/03\/24\/assemblee-generale-dimanche-29-mars\/wp-json\/wp\/v2\/pages\/297\/revisions"}],"predecessor-version":[{"id":733,"href":"https:\/\/stevenson-fontainebleau.fr\/2026\/03\/24\/assemblee-generale-dimanche-29-mars\/wp-json\/wp\/v2\/pages\/297\/revisions\/733"}],"up":[{"embeddable":true,"href":"https:\/\/stevenson-fontainebleau.fr\/2026\/03\/24\/assemblee-generale-dimanche-29-mars\/wp-json\/wp\/v2\/pages\/1428"}],"wp:attachment":[{"href":"https:\/\/stevenson-fontainebleau.fr\/2026\/03\/24\/assemblee-generale-dimanche-29-mars\/wp-json\/wp\/v2\/media?parent=297"}],"curies":[{"name":"wp","href":"https:\/\/api.w.org\/{rel}","templated":true}]}}