{"id":2873,"date":"2020-09-30T22:31:43","date_gmt":"2020-09-30T21:31:43","guid":{"rendered":"http:\/\/stevenson-fontainebleau.fr\/?page_id=2873"},"modified":"2020-11-07T08:53:43","modified_gmt":"2020-11-07T07:53:43","slug":"journee-rls-a-recloses-18-octobre-2020","status":"publish","type":"page","link":"https:\/\/stevenson-fontainebleau.fr\/2026\/03\/24\/assemblee-generale-dimanche-29-mars\/evenements-en-cours\/programme-2020\/journee-rls-a-recloses-18-octobre-2020\/","title":{"rendered":"Journ\u00e9e RLS \u00e0 Recloses &#8211; 18 octobre 2020"},"content":{"rendered":"<h2 style=\"padding-left: 80px;\"><span style=\"color: #ff0000;\"><img loading=\"lazy\" decoding=\"async\" class=\"wp-image-2883 alignleft\" style=\"color: #000000; font-size: 14px;\" src=\"http:\/\/stevenson-fontainebleau.fr\/wp-content\/uploads\/2020\/10\/RLS-outline.jpg\" alt=\"\" width=\"133\" height=\"193\" srcset=\"https:\/\/stevenson-fontainebleau.fr\/wp-content\/uploads\/2020\/10\/RLS-outline.jpg 236w, https:\/\/stevenson-fontainebleau.fr\/wp-content\/uploads\/2020\/10\/RLS-outline-207x300.jpg 207w\" sizes=\"auto, (max-width: 133px) 100vw, 133px\" \/>JOURN\u00c9E ANNUL\u00c9E<\/span><\/h2>\n<p>Notre journ\u00e9e RLS \u00e0 Recloses aura lieu cette ann\u00e9e le dimanche 18 octobre 2020.<\/p>\n<p>Deux trajets aux choix:<\/p>\n<ul>\n<li>Randonn\u00e9e entre Grez-sur-Loing et Recloses 10km. Rendez-vous \u00e0 Grez-sur-Loing au pr\u00e9 communal route de Montcourt \u00e0 9h.<\/li>\n<li>Pour les plus sportifs randonn\u00e9e entre Barbizon et Recloses 15km. Rendez-vous devant la Mairie de Barbizon \u00e0 8h15.<\/li>\n<\/ul>\n<h4>La COVID-19 toujours la!!<\/h4>\n<p>Contrairement aux ann\u00e9es pr\u00e9c\u00e9dentes le repas convivial et les animations organis\u00e9s par l&rsquo;association Robert Louis Stevenson de Barbizon \u00e0 Grez sont annul\u00e9s.<\/p>\n<p>Pour les personnes qui le souhaitent, vous pourrez vous restaurer avec votre repas tir\u00e9 du sac sur le terrain face \u00e0 l&rsquo;Eglise de Recloses. En respectant bien sur les prescriptions sanitaires: port du masque, distanciation, lavage des mains, gel hydroalcoolique.<\/p>\n<h4>La COVID-19 toujours lui !!<\/h4>\n<p>Vu la situation cette ann\u00e9e nous sommes tenus de limiter un nombre maximum de 30 personnes par circuit soit: 30 au d\u00e9part de Grez et 30 au d\u00e9part de Barbizon, <u>membres de l\u2019association<\/u>. D\u00e8s que ce nombre sera atteint, une liste d\u2019attente sera ouverte.<\/p>\n<p>Afin de respecter ces contraintes <span style=\"color: #ff0000;\"><strong>l&rsquo;inscription et obligatoire.<\/strong><\/span> Merci de remplir le formulaire ci-dessous. <em>Indiquez votre nom, combien de personnes que vous inscrivez et le choix du parcours.<\/em><\/p>\n<p><strong><em>&#8211; nous respecterons les distances entre nous. Si le masque n\u2019est pas recommand\u00e9 pendant les marches, il est utile dans les moments de pause ou d\u2019\u00e9changes. <\/em><\/strong><strong><em>Nous disposerons de gel hydro-alcoolique. <\/em><\/strong><strong><em>Pensez chaussures, v\u00eatements de marche et boissons, nous n\u2019aurons pas de gobelet, \u00a0vous pourrez acheter un gobelet \u00ab\u00a0Stevenson\u00a0\u00bb <span style=\"color: #000080;\">au prix de 1\u20ac..<\/span><\/em><\/strong><\/p>\n<p><strong><em>. Et en cas de sympt\u00f4mes, ne randonnez pas mais consultez votre m\u00e9decin\u2026..<\/em><\/strong><\/p>\n<h3>Formulaire d&rsquo;inscription<\/h3>\n<p>[wpforms id=\u00a0\u00bb2872&Prime;]<\/p>\n","protected":false},"excerpt":{"rendered":"<p>JOURN\u00c9E ANNUL\u00c9E Notre journ\u00e9e RLS \u00e0 Recloses aura lieu cette ann\u00e9e le dimanche 18 octobre 2020. Deux trajets aux choix: Randonn\u00e9e entre Grez-sur-Loing et Recloses 10km. Rendez-vous \u00e0 Grez-sur-Loing au pr\u00e9 communal route de Montcourt \u00e0 9h. Pour les plus sportifs randonn\u00e9e entre Barbizon et Recloses 15km. Rendez-vous devant la Mairie de Barbizon \u00e0 8h15. &hellip; <a href=\"https:\/\/stevenson-fontainebleau.fr\/2026\/03\/24\/assemblee-generale-dimanche-29-mars\/evenements-en-cours\/programme-2020\/journee-rls-a-recloses-18-octobre-2020\/\" class=\"more-link\">Continuer la lecture de <span class=\"screen-reader-text\">Journ\u00e9e RLS \u00e0 Recloses &#8211; 18 octobre 2020<\/span>  <span class=\"meta-nav\">&rarr;<\/span><\/a><\/p>\n","protected":false},"author":1,"featured_media":0,"parent":2806,"menu_order":0,"comment_status":"closed","ping_status":"closed","template":"","meta":{"footnotes":""},"class_list":["post-2873","page","type-page","status-publish","hentry"],"_links":{"self":[{"href":"https:\/\/stevenson-fontainebleau.fr\/2026\/03\/24\/assemblee-generale-dimanche-29-mars\/wp-json\/wp\/v2\/pages\/2873","targetHints":{"allow":["GET"]}}],"collection":[{"href":"https:\/\/stevenson-fontainebleau.fr\/2026\/03\/24\/assemblee-generale-dimanche-29-mars\/wp-json\/wp\/v2\/pages"}],"about":[{"href":"https:\/\/stevenson-fontainebleau.fr\/2026\/03\/24\/assemblee-generale-dimanche-29-mars\/wp-json\/wp\/v2\/types\/page"}],"author":[{"embeddable":true,"href":"https:\/\/stevenson-fontainebleau.fr\/2026\/03\/24\/assemblee-generale-dimanche-29-mars\/wp-json\/wp\/v2\/users\/1"}],"replies":[{"embeddable":true,"href":"https:\/\/stevenson-fontainebleau.fr\/2026\/03\/24\/assemblee-generale-dimanche-29-mars\/wp-json\/wp\/v2\/comments?post=2873"}],"version-history":[{"count":24,"href":"https:\/\/stevenson-fontainebleau.fr\/2026\/03\/24\/assemblee-generale-dimanche-29-mars\/wp-json\/wp\/v2\/pages\/2873\/revisions"}],"predecessor-version":[{"id":2924,"href":"https:\/\/stevenson-fontainebleau.fr\/2026\/03\/24\/assemblee-generale-dimanche-29-mars\/wp-json\/wp\/v2\/pages\/2873\/revisions\/2924"}],"up":[{"embeddable":true,"href":"https:\/\/stevenson-fontainebleau.fr\/2026\/03\/24\/assemblee-generale-dimanche-29-mars\/wp-json\/wp\/v2\/pages\/2806"}],"wp:attachment":[{"href":"https:\/\/stevenson-fontainebleau.fr\/2026\/03\/24\/assemblee-generale-dimanche-29-mars\/wp-json\/wp\/v2\/media?parent=2873"}],"curies":[{"name":"wp","href":"https:\/\/api.w.org\/{rel}","templated":true}]}}