{"id":285,"date":"2016-01-18T10:57:21","date_gmt":"2016-01-18T09:57:21","guid":{"rendered":"http:\/\/stevenson-fontainebleau.fr\/?page_id=285"},"modified":"2026-02-15T09:14:46","modified_gmt":"2026-02-15T08:14:46","slug":"adhesion","status":"publish","type":"page","link":"https:\/\/stevenson-fontainebleau.fr\/2026\/03\/24\/assemblee-generale-dimanche-29-mars\/contact\/adhesion\/","title":{"rendered":"Adh\u00e9sion"},"content":{"rendered":"<p><img loading=\"lazy\" decoding=\"async\" class=\"size-medium wp-image-295 aligncenter\" src=\"http:\/\/stevenson-fontainebleau.fr\/wp-content\/uploads\/2016\/01\/RLS-plaque-Grez_1769_p-300x216.jpg\" alt=\"RLS plaque Grez_1769_p\" width=\"300\" height=\"216\" srcset=\"https:\/\/stevenson-fontainebleau.fr\/wp-content\/uploads\/2016\/01\/RLS-plaque-Grez_1769_p-300x216.jpg 300w, https:\/\/stevenson-fontainebleau.fr\/wp-content\/uploads\/2016\/01\/RLS-plaque-Grez_1769_p-768x552.jpg 768w, https:\/\/stevenson-fontainebleau.fr\/wp-content\/uploads\/2016\/01\/RLS-plaque-Grez_1769_p-1024x736.jpg 1024w, https:\/\/stevenson-fontainebleau.fr\/wp-content\/uploads\/2016\/01\/RLS-plaque-Grez_1769_p.jpg 1643w\" sizes=\"auto, (max-width: 300px) 100vw, 300px\" \/><\/p>\n<h2 style=\"text-align: center;\"><strong>Soutenez notre association :<\/strong><\/h2>\n<p style=\"text-align: center;\">Vous \u00eates un passionn\u00e9 de Robert Louis Stevenson ? Adh\u00e9rez \u00e0 la d\u00e9marche de l&rsquo;association Stevenson de Barbizon \u00e0 Grez qui a pour objectif de valoriser la pr\u00e9sence de Robert Louis Stevenson dans la r\u00e9gion entre\u00a01875 et 1878 au travers de son \u0153uvre litt\u00e9raire, notamment des ouvrages r\u00e9alis\u00e9s durant cette p\u00e9riode, et de sa vie au milieu des\u00a0colonies d\u2019artistes, plus particuli\u00e8rement \u00e0 Barbizon et \u00e0 Grez sur Loing.<\/p>\n<p style=\"text-align: center;\"><strong>Adh\u00e9rez \u00e0 l&rsquo;Association : RLSdBaG &#8211; Appel Cotisation 2026<\/strong><\/p>\n<p style=\"text-align: center;\">Si vous d\u00e9sirez nous rejoindre, veuillez remplir le bulletin d&rsquo;adh\u00e9sion \u25ba<\/p>\n<p style=\"text-align: center;\"><a href=\"https:\/\/view.officeapps.live.com\/op\/view.aspx?src=https%3A%2F%2Fstevenson-fontainebleau.fr%2Fwp-content%2Fuploads%2F2025%2F03%2FRLSdBaG-Appel-Cotisation-2025.docx&amp;wdOrigin=BROWSELINK\" target=\"_blank\" rel=\"noopener\">RLSdBaG Appel Cotisation 2026<\/a><\/p>\n","protected":false},"excerpt":{"rendered":"<p>Soutenez notre association : Vous \u00eates un passionn\u00e9 de Robert Louis Stevenson ? Adh\u00e9rez \u00e0 la d\u00e9marche de l&rsquo;association Stevenson de Barbizon \u00e0 Grez qui a pour objectif de valoriser la pr\u00e9sence de Robert Louis Stevenson dans la r\u00e9gion entre\u00a01875 et 1878 au travers de son \u0153uvre litt\u00e9raire, notamment des ouvrages r\u00e9alis\u00e9s durant cette p\u00e9riode, &hellip; <a href=\"https:\/\/stevenson-fontainebleau.fr\/2026\/03\/24\/assemblee-generale-dimanche-29-mars\/contact\/adhesion\/\" class=\"more-link\">Continuer la lecture de <span class=\"screen-reader-text\">Adh\u00e9sion<\/span>  <span class=\"meta-nav\">&rarr;<\/span><\/a><\/p>\n","protected":false},"author":1,"featured_media":0,"parent":176,"menu_order":1,"comment_status":"closed","ping_status":"closed","template":"","meta":{"footnotes":""},"class_list":["post-285","page","type-page","status-publish","hentry"],"_links":{"self":[{"href":"https:\/\/stevenson-fontainebleau.fr\/2026\/03\/24\/assemblee-generale-dimanche-29-mars\/wp-json\/wp\/v2\/pages\/285","targetHints":{"allow":["GET"]}}],"collection":[{"href":"https:\/\/stevenson-fontainebleau.fr\/2026\/03\/24\/assemblee-generale-dimanche-29-mars\/wp-json\/wp\/v2\/pages"}],"about":[{"href":"https:\/\/stevenson-fontainebleau.fr\/2026\/03\/24\/assemblee-generale-dimanche-29-mars\/wp-json\/wp\/v2\/types\/page"}],"author":[{"embeddable":true,"href":"https:\/\/stevenson-fontainebleau.fr\/2026\/03\/24\/assemblee-generale-dimanche-29-mars\/wp-json\/wp\/v2\/users\/1"}],"replies":[{"embeddable":true,"href":"https:\/\/stevenson-fontainebleau.fr\/2026\/03\/24\/assemblee-generale-dimanche-29-mars\/wp-json\/wp\/v2\/comments?post=285"}],"version-history":[{"count":40,"href":"https:\/\/stevenson-fontainebleau.fr\/2026\/03\/24\/assemblee-generale-dimanche-29-mars\/wp-json\/wp\/v2\/pages\/285\/revisions"}],"predecessor-version":[{"id":5077,"href":"https:\/\/stevenson-fontainebleau.fr\/2026\/03\/24\/assemblee-generale-dimanche-29-mars\/wp-json\/wp\/v2\/pages\/285\/revisions\/5077"}],"up":[{"embeddable":true,"href":"https:\/\/stevenson-fontainebleau.fr\/2026\/03\/24\/assemblee-generale-dimanche-29-mars\/wp-json\/wp\/v2\/pages\/176"}],"wp:attachment":[{"href":"https:\/\/stevenson-fontainebleau.fr\/2026\/03\/24\/assemblee-generale-dimanche-29-mars\/wp-json\/wp\/v2\/media?parent=285"}],"curies":[{"name":"wp","href":"https:\/\/api.w.org\/{rel}","templated":true}]}}