{"id":2832,"date":"2020-08-05T18:23:25","date_gmt":"2020-08-05T17:23:25","guid":{"rendered":"http:\/\/stevenson-fontainebleau.fr\/?page_id=2832"},"modified":"2020-08-05T18:23:28","modified_gmt":"2020-08-05T17:23:28","slug":"les-activites-de-mars-et-avril-2020","status":"publish","type":"page","link":"https:\/\/stevenson-fontainebleau.fr\/2026\/03\/24\/assemblee-generale-dimanche-29-mars\/evenements-en-cours\/programme-2020\/evenements-annules-cause-covid\/les-activites-de-mars-et-avril-2020\/","title":{"rendered":"Les activit\u00e9s de Mars et Avril 2020"},"content":{"rendered":"<h3><span style=\"color: #808080;\"><em>A vos AGENDAS, ce sera en mars et avril. Venez nombreux\u2026<\/em><\/span><\/h3>\n<p><span style=\"color: #808080;\"><em>Promis, On ne se serrera pas les mains, on ne se fera pas les bises usuelles, mais on marchera en plein air, c\u00f4te \u00e0 c\u00f4te, parfois on cherchera un tr\u00e9sor cach\u00e9 ou on \u00e9coutera de jolis textes de Stevenson ou d&rsquo;autres auteurs.<\/em><\/span><\/p>\n<h3><em>Samedi 14 mars 2020\u00a0: <\/em><\/h3>\n<p><a href=\"http:\/\/stevenson-fontainebleau.fr\/2020\/03\/14\/annulation-de-la-randonnee-du-samedi-14-mars-2020\/\" target=\"_blank\" rel=\"noopener noreferrer\"><span style=\"color: #ff0000;\"><strong><u>Annul\u00e9e:<\/u><\/strong><\/span><\/a><\/p>\n<p><a href=\"http:\/\/stevenson-fontainebleau.fr\/2020\/03\/14\/annulation-de-la-randonnee-du-samedi-14-mars-2020\/\" target=\"_blank\" rel=\"noopener noreferrer\"><span style=\"color: #ff0000;\"><del><strong><u> BALADE SIMPLE SUR LES CHEMINS DU PRINTEMPS\u00a0:<\/u><u>lire et conter le renouveau<\/u><\/strong><strong>\u2026<\/strong><\/del><\/span><\/a><\/p>\n<p><strong>\u00a0<\/strong>Une balade tranquille pour gourmets de nature et de r\u00eaveries, entre d\u00e9couvertes de la nature, lectures et temps de contes, sur les chemins des sauvageons de Bois-Minard, un riche milieu de nos collines \u00e0 d\u00e9couvrir.<strong>\u00a0<\/strong><\/p>\n<p>Balade gratuite ouverte \u00e0 tous \u00e0 partir de cinq ans. Rendez-vous \u00e0 15 heures \u00e0 Milly la For\u00eat au dos de l\u2019\u00e9glise-co-voiturage possible \u00e0 partir de Grez sur Loing, Nemours\u2026<\/p>\n<p>Renseignements et inscriptions\u00a0: <strong><span style=\"color: #000080;\">Genevi\u00e8ve Dumant\u00a0<\/span><\/strong>: 06 79 58 41 30 &#8211; mail: <span style=\"color: #000080;\">genevievedumant@orange.fr<\/span> ou sur le mail de l\u2019association\u00a0: info@stevenson-fontainebleau.fr (Laissez un t\u00e9l\u00e9phone pour vous joindre en ces temps troubl\u00e9s de temp\u00eates et de virus\u2026)<\/p>\n<p>&nbsp;<\/p>\n<h3><strong><em>Samedi 4 avril 2020\u00a0:<\/em><\/strong><\/h3>\n<h4 style=\"text-align: justify;\"><span style=\"color: #000080; text-decoration: underline;\">\u00ab A LA RECHERCHE DU TRESOR PERDU \u00bb :<\/span> <span style=\"color: #00ff00;\"><a style=\"color: #00ff00;\" href=\"http:\/\/stevenson-fontainebleau.fr\/2020\/03\/09\/a-la-recherche-du-tresor-perdu\/\" target=\"_blank\" rel=\"noopener noreferrer\"><span style=\"text-decoration: underline;\"><span style=\"color: #00ff00; text-decoration: underline;\"><span style=\"color: #008000; text-decoration: underline;\">jeu de piste \u00e0 Grez sur Loing.<\/span><\/span><\/span><\/a><\/span><\/h4>\n<p>Par \u00e9quipe de 2, 3 ou 4 personnes. Chaque \u00e9quipe doit comprendre au minimum un enfant de moins de 10 ans et un adulte.<\/p>\n<p>Inscription obligatoire sur <span style=\"color: #003366;\">info@stevenson-fontainebleau.fr<\/span> : nom, t\u00e9l\u00e9phone, nombre d\u2019adultes et nombre d\u2019enfants.<\/p>\n<p>Accueil \u00e0 13 h 30 et premier d\u00e9part \u00e0 14 h. Dernier d\u00e9part \u00e0 15 heures. Dur\u00e9e du parcours 1 heure. Participation limit\u00e9e \u00e0 25 \u00e9quipes.<\/p>\n<p>Des informations compl\u00e9mentaires ( lieu de RV\u2026) vous seront communiqu\u00e9es lors de votre inscription.<\/p>\n<p>&nbsp;<\/p>\n<h3><strong><em>Samedi 11 avril 2020\u00a0<\/em>:<\/strong><\/h3>\n<h4><span style=\"color: #333399;\"><strong><u>CHASSE AUX \u0152UFS EN FORET DE FRANCHARD<\/u><\/strong><\/span><\/h4>\n<p>Venez participer \u00e0 une grande chasse aux \u0153ufs pas comme les autres\u00a0!<\/p>\n<p>D\u00e9couvrez o\u00f9 sont cach\u00e9s les \u0153ufs en chocolat en suivant des parcours ludiques sem\u00e9s d\u2019\u00e9nigmes et d\u2019\u00e9preuves qui vous feront p\u00e9n\u00e9trer dans le monde secret des vrais oiseaux des bois\u00a0\u2026<\/p>\n<p>Par \u00e9quipe de 2 \u00e0 5 ou 6 personnes, adultes et enfants. Chaque \u00e9quipe doit comprendre au minimum un adulte<\/p>\n<p>Inscription obligatoire sur<span style=\"color: #333399;\"> info@stevenson-fontainebleau.fr<\/span> : nom, t\u00e9l\u00e9phone, nombre d\u2019adultes et nombre d\u2019enfants.<\/p>\n<p>Premier d\u00e9part \u00e0 14 h. Participation limit\u00e9e \u00e0 15 \u00e9quipes.<\/p>\n<p>Des informations compl\u00e9mentaires ( lieu de RV\u2026) seront communiqu\u00e9es lors de votre inscription.<\/p>\n<p><strong>\u00a0<\/strong><strong>\u00a0<\/strong><\/p>\n<h3><strong><em>Dimanche 26 avril 2020\u00a0<\/em>: <\/strong><\/h3>\n<h4><strong><u><span style=\"color: #333399;\">RANDONNEE-<\/span><\/u><\/strong> <strong>fl\u00e2nerie sous les arbres, en fran\u00e7ais, en anglais, en allemand, en italien\u2026..et en stevensonnien<\/strong><\/h4>\n<p>D\u00e9couvrir la for\u00eat de Fontainebleau, les chemins, les arbres et les fontaines, quand les bruits de la for\u00eat se m\u00ealent aux sons des lectures.<\/p>\n<p>Rendez vous \u00e0 14 h 30 devant la gare de Fontainebleau \u2013Avon \u2013 dur\u00e9e deux heures.<\/p>\n","protected":false},"excerpt":{"rendered":"<p>A vos AGENDAS, ce sera en mars et avril. Venez nombreux\u2026 Promis, On ne se serrera pas les mains, on ne se fera pas les bises usuelles, mais on marchera en plein air, c\u00f4te \u00e0 c\u00f4te, parfois on cherchera un tr\u00e9sor cach\u00e9 ou on \u00e9coutera de jolis textes de Stevenson ou d&rsquo;autres auteurs. Samedi 14 &hellip; <a href=\"https:\/\/stevenson-fontainebleau.fr\/2026\/03\/24\/assemblee-generale-dimanche-29-mars\/evenements-en-cours\/programme-2020\/evenements-annules-cause-covid\/les-activites-de-mars-et-avril-2020\/\" class=\"more-link\">Continuer la lecture de <span class=\"screen-reader-text\">Les activit\u00e9s de Mars et Avril 2020<\/span>  <span class=\"meta-nav\">&rarr;<\/span><\/a><\/p>\n","protected":false},"author":1,"featured_media":0,"parent":2823,"menu_order":0,"comment_status":"closed","ping_status":"closed","template":"","meta":{"footnotes":""},"class_list":["post-2832","page","type-page","status-publish","hentry"],"_links":{"self":[{"href":"https:\/\/stevenson-fontainebleau.fr\/2026\/03\/24\/assemblee-generale-dimanche-29-mars\/wp-json\/wp\/v2\/pages\/2832","targetHints":{"allow":["GET"]}}],"collection":[{"href":"https:\/\/stevenson-fontainebleau.fr\/2026\/03\/24\/assemblee-generale-dimanche-29-mars\/wp-json\/wp\/v2\/pages"}],"about":[{"href":"https:\/\/stevenson-fontainebleau.fr\/2026\/03\/24\/assemblee-generale-dimanche-29-mars\/wp-json\/wp\/v2\/types\/page"}],"author":[{"embeddable":true,"href":"https:\/\/stevenson-fontainebleau.fr\/2026\/03\/24\/assemblee-generale-dimanche-29-mars\/wp-json\/wp\/v2\/users\/1"}],"replies":[{"embeddable":true,"href":"https:\/\/stevenson-fontainebleau.fr\/2026\/03\/24\/assemblee-generale-dimanche-29-mars\/wp-json\/wp\/v2\/comments?post=2832"}],"version-history":[{"count":1,"href":"https:\/\/stevenson-fontainebleau.fr\/2026\/03\/24\/assemblee-generale-dimanche-29-mars\/wp-json\/wp\/v2\/pages\/2832\/revisions"}],"predecessor-version":[{"id":2833,"href":"https:\/\/stevenson-fontainebleau.fr\/2026\/03\/24\/assemblee-generale-dimanche-29-mars\/wp-json\/wp\/v2\/pages\/2832\/revisions\/2833"}],"up":[{"embeddable":true,"href":"https:\/\/stevenson-fontainebleau.fr\/2026\/03\/24\/assemblee-generale-dimanche-29-mars\/wp-json\/wp\/v2\/pages\/2823"}],"wp:attachment":[{"href":"https:\/\/stevenson-fontainebleau.fr\/2026\/03\/24\/assemblee-generale-dimanche-29-mars\/wp-json\/wp\/v2\/media?parent=2832"}],"curies":[{"name":"wp","href":"https:\/\/api.w.org\/{rel}","templated":true}]}}