{"id":2830,"date":"2020-08-05T18:21:39","date_gmt":"2020-08-05T17:21:39","guid":{"rendered":"http:\/\/stevenson-fontainebleau.fr\/?page_id=2830"},"modified":"2020-08-05T18:21:39","modified_gmt":"2020-08-05T17:21:39","slug":"a-la-recherche-du-tresor-perdu","status":"publish","type":"page","link":"https:\/\/stevenson-fontainebleau.fr\/2026\/03\/24\/assemblee-generale-dimanche-29-mars\/evenements-en-cours\/programme-2020\/evenements-annules-cause-covid\/a-la-recherche-du-tresor-perdu\/","title":{"rendered":"\u00ab A LA RECHERCHE DU TRESOR PERDU \u00bb"},"content":{"rendered":"<h3>Les associations, la Bulle Tech et RLSB\u00e0G organisent pour les grands et les petits un jeu de piste.<\/h3>\n<h3><\/h3>\n<h3>VENEZ \u00c0 GREZ ! VENEZ \u00c0 GREZ !<\/h3>\n<h3 style=\"text-align: center;\"><img loading=\"lazy\" decoding=\"async\" class=\"size-medium wp-image-2538 aligncenter\" src=\"http:\/\/stevenson-fontainebleau.fr\/wp-content\/uploads\/2020\/03\/jeu-de-piste-affiche-B_w-210x300.jpg\" alt=\"\" width=\"210\" height=\"300\" srcset=\"https:\/\/stevenson-fontainebleau.fr\/wp-content\/uploads\/2020\/03\/jeu-de-piste-affiche-B_w-210x300.jpg 210w, https:\/\/stevenson-fontainebleau.fr\/wp-content\/uploads\/2020\/03\/jeu-de-piste-affiche-B_w-717x1024.jpg 717w, https:\/\/stevenson-fontainebleau.fr\/wp-content\/uploads\/2020\/03\/jeu-de-piste-affiche-B_w-768x1097.jpg 768w, https:\/\/stevenson-fontainebleau.fr\/wp-content\/uploads\/2020\/03\/jeu-de-piste-affiche-B_w.jpg 896w\" sizes=\"auto, (max-width: 210px) 100vw, 210px\" \/><\/h3>\n<h3 style=\"text-align: center;\">JEU DE PISTE<\/h3>\n<p><span style=\"color: #000080;\">Le Pr\u00e9sident de la R\u00e9publique et le Premier ministre ont pris des mesures fortes afin de lutter contre la pand\u00e9mie li\u00e9e au Covid-19. En cons\u00e9quence nos manifestations sont donc repouss\u00e9es, pour l&rsquo;instant <em>sine die<\/em>, mais d\u00e8s qu&rsquo;on verra la fin de l&rsquo;\u00e9pid\u00e9mie on les reprogrammera.<\/span><\/p>\n<p>Quel jour : <del>Samedi 4 avril 2020<\/del><\/p>\n<p>Quelle heure : accueil 13h30 \u00a0 -premier d\u00e9part 14 heures \u00a0 -dernier d\u00e9part 15 heures \u00a0 -cl\u00f4ture du jeu 16h30<\/p>\n<p>O\u00f9 : \u00e0 Grez sur Loing.<\/p>\n<p>Comment : Par \u00e9quipe de 2, 3 ou 4 personnes. Chaque \u00e9quipe doit comprendre au minimum un enfant de moins de 10 ans et un adulte\u00a0 -dur\u00e9e approximative du parcours 1 heure\u00a0 -chaussures de sport ou de marche conseill\u00e9es<\/p>\n<p>&nbsp;<\/p>\n<p>Pour facilit\u00e9 l&rsquo;organisation, l&rsquo;inscription est obligatoire sur <a href=\"mailto:info@stevenson-fontainebleau.fr\" target=\"_blank\" rel=\"noopener noreferrer\"><strong><span style=\"color: #3366ff;\">info@stevenson-fontainebleau.fr<\/span> <\/strong><\/a>en nous indiquant votre nom, votre t\u00e9l\u00e9phone, votre adresse e-mail, le nombre d\u2019adultes et le nombre d\u2019enfants.<\/p>\n<p>Des informations compl\u00e9mentaires (lieu de RV, r\u00e8gles du jeu\u2026) vous seront communiqu\u00e9es lors de votre inscription.<\/p>\n<p style=\"padding-left: 40px;\">\n","protected":false},"excerpt":{"rendered":"<p>Les associations, la Bulle Tech et RLSB\u00e0G organisent pour les grands et les petits un jeu de piste. VENEZ \u00c0 GREZ ! VENEZ \u00c0 GREZ ! JEU DE PISTE Le Pr\u00e9sident de la R\u00e9publique et le Premier ministre ont pris des mesures fortes afin de lutter contre la pand\u00e9mie li\u00e9e au Covid-19. En cons\u00e9quence nos &hellip; <a href=\"https:\/\/stevenson-fontainebleau.fr\/2026\/03\/24\/assemblee-generale-dimanche-29-mars\/evenements-en-cours\/programme-2020\/evenements-annules-cause-covid\/a-la-recherche-du-tresor-perdu\/\" class=\"more-link\">Continuer la lecture de <span class=\"screen-reader-text\">\u00ab A LA RECHERCHE DU TRESOR PERDU \u00bb<\/span>  <span class=\"meta-nav\">&rarr;<\/span><\/a><\/p>\n","protected":false},"author":1,"featured_media":0,"parent":2823,"menu_order":0,"comment_status":"closed","ping_status":"closed","template":"","meta":{"footnotes":""},"class_list":["post-2830","page","type-page","status-publish","hentry"],"_links":{"self":[{"href":"https:\/\/stevenson-fontainebleau.fr\/2026\/03\/24\/assemblee-generale-dimanche-29-mars\/wp-json\/wp\/v2\/pages\/2830","targetHints":{"allow":["GET"]}}],"collection":[{"href":"https:\/\/stevenson-fontainebleau.fr\/2026\/03\/24\/assemblee-generale-dimanche-29-mars\/wp-json\/wp\/v2\/pages"}],"about":[{"href":"https:\/\/stevenson-fontainebleau.fr\/2026\/03\/24\/assemblee-generale-dimanche-29-mars\/wp-json\/wp\/v2\/types\/page"}],"author":[{"embeddable":true,"href":"https:\/\/stevenson-fontainebleau.fr\/2026\/03\/24\/assemblee-generale-dimanche-29-mars\/wp-json\/wp\/v2\/users\/1"}],"replies":[{"embeddable":true,"href":"https:\/\/stevenson-fontainebleau.fr\/2026\/03\/24\/assemblee-generale-dimanche-29-mars\/wp-json\/wp\/v2\/comments?post=2830"}],"version-history":[{"count":1,"href":"https:\/\/stevenson-fontainebleau.fr\/2026\/03\/24\/assemblee-generale-dimanche-29-mars\/wp-json\/wp\/v2\/pages\/2830\/revisions"}],"predecessor-version":[{"id":2831,"href":"https:\/\/stevenson-fontainebleau.fr\/2026\/03\/24\/assemblee-generale-dimanche-29-mars\/wp-json\/wp\/v2\/pages\/2830\/revisions\/2831"}],"up":[{"embeddable":true,"href":"https:\/\/stevenson-fontainebleau.fr\/2026\/03\/24\/assemblee-generale-dimanche-29-mars\/wp-json\/wp\/v2\/pages\/2823"}],"wp:attachment":[{"href":"https:\/\/stevenson-fontainebleau.fr\/2026\/03\/24\/assemblee-generale-dimanche-29-mars\/wp-json\/wp\/v2\/media?parent=2830"}],"curies":[{"name":"wp","href":"https:\/\/api.w.org\/{rel}","templated":true}]}}