{"id":2811,"date":"2020-08-05T17:57:04","date_gmt":"2020-08-05T16:57:04","guid":{"rendered":"http:\/\/stevenson-fontainebleau.fr\/?page_id=2811"},"modified":"2020-08-05T19:38:59","modified_gmt":"2020-08-05T18:38:59","slug":"la-gazette-du-deconfinement-n-5-30-juin-2020","status":"publish","type":"page","link":"https:\/\/stevenson-fontainebleau.fr\/2026\/03\/24\/assemblee-generale-dimanche-29-mars\/evenements-en-cours\/programme-2020\/la-gazette-du-deconfinement-n-5-30-juin-2020\/","title":{"rendered":"La gazette du (d\u00e9)confinement n\u00b0 5-30 juin 2020"},"content":{"rendered":"<p><em><b>cliquez ici-&gt; en PDF <a href=\"http:\/\/stevenson-fontainebleau.fr\/wp-content\/uploads\/2020\/07\/Gazette-n\u00b05bis-v3.pdf\" target=\"_blank\" rel=\"noopener noreferrer\">Gazette n\u00b05bis v3<\/a><\/b><\/em><\/p>\r\n<p><em>cliquez ici-&gt; <\/em><a href=\"#InscriptionSorties2020\">Inscrivez-vous<\/a><\/p>\r\n<p style=\"padding-left: 40px; text-align: left;\"><em>Apr\u00e8s cette longue p\u00e9riode d\u2019inactivit\u00e9, l\u2019association \u00ab\u00a0 Robert Louis Stevenson, de Barbizon \u00e0 Grez\u00a0\u00bb\u00a0<\/em><em>est heureuse de vous pr\u00e9senter sous l\u2019intitul\u00e9 <strong><span style=\"color: #ff0000;\">\u00ab \u00a0Et le jeudi, c\u2019est Stevenson\u00a0\u00bb<\/span><\/strong>, un programme <\/em><em>de petites randonn\u00e9es-promenades en juillet et en ao\u00fbt. Nous limiterons le nombre de participants<\/em><em> et prendrons quelques pr\u00e9cautions suppl\u00e9mentaires,\u00a0 pour cause de virus.<\/em><\/p>\r\n<p style=\"padding-left: 40px; text-align: left;\"><em>Nous esp\u00e9rons vous retrouver sur les si jolis chemins de nos for\u00eats et de nos villages.<\/em><\/p>\r\n<p style=\"padding-left: 40px; text-align: left;\"><em>Michel Legros<\/em><\/p>\r\n<p><strong><em>Le virus circule toujours\u00a0: nous prendrons plusieurs pr\u00e9cautions\u00a0:<\/em><\/strong><strong><em>\u00a0&#8211; M\u00eame si le d\u00e9cret du 20 juin abroge l\u2019interdiction des groupes de plus de 10 personnes. Nous limiterons le nombre de participants de chaque rando \u00e0 15.<\/em><\/strong><strong><em>&#8211; les sorties sont gratuites mais l\u2019inscription sur notre site est obligatoire\u00a0:<\/em><\/strong><\/p>\r\n<p><strong><em>cliquez ici-&gt; \u00a0<a href=\"#InscriptionSorties2020\">Inscrivez-vous &#8230;<\/a><\/em><\/strong><\/p>\r\n<p><strong><em>Indiquez votre nom et celui des personnes que vous inscrivez, \u00a0la date et le num\u00e9ro de la sortie.<\/em><\/strong><\/p>\r\n<p><strong><em>&#8211; nous respecterons les distances entre nous. Si le masque n\u2019est pas recommand\u00e9 pendant les marches, il est utile dans les moments de pause ou d\u2019\u00e9changes.<\/em><\/strong><strong><em>&#8211; Nous disposerons de gel hydro-alcoolique<\/em><\/strong><strong><em>&#8211; Pensez chaussures, v\u00eatements de marche et boissons, nous n\u2019aurons pas de gobelet, \u00a0vous pourrez acheter un gobelet \u00ab\u00a0Stevenson\u00a0\u00bb <span style=\"color: #000080;\">au prix de 1\u20ac..<\/span><\/em><\/strong><\/p>\r\n<p><strong><em>. Et en cas de sympt\u00f4mes, ne randonnez pas mais consultez votre m\u00e9decin\u2026..<\/em><\/strong><\/p>\r\n<h4><em><img loading=\"lazy\" decoding=\"async\" class=\"size-full wp-image-2701 aligncenter\" src=\"http:\/\/stevenson-fontainebleau.fr\/wp-content\/uploads\/2020\/07\/programme-juillet.jpg\" alt=\"\" width=\"642\" height=\"891\" srcset=\"https:\/\/stevenson-fontainebleau.fr\/wp-content\/uploads\/2020\/07\/programme-juillet.jpg 642w, https:\/\/stevenson-fontainebleau.fr\/wp-content\/uploads\/2020\/07\/programme-juillet-216x300.jpg 216w\" sizes=\"auto, (max-width: 642px) 100vw, 642px\" \/><\/em><\/h4>\r\n<h3><img loading=\"lazy\" decoding=\"async\" class=\" wp-image-2716 aligncenter\" src=\"http:\/\/stevenson-fontainebleau.fr\/wp-content\/uploads\/2020\/07\/aout.jpg\" alt=\"\" width=\"639\" height=\"307\" srcset=\"https:\/\/stevenson-fontainebleau.fr\/wp-content\/uploads\/2020\/07\/aout.jpg 780w, https:\/\/stevenson-fontainebleau.fr\/wp-content\/uploads\/2020\/07\/aout-300x144.jpg 300w, https:\/\/stevenson-fontainebleau.fr\/wp-content\/uploads\/2020\/07\/aout-768x369.jpg 768w\" sizes=\"auto, (max-width: 639px) 100vw, 639px\" \/><\/h3>\r\n<p>&nbsp;<\/p>\r\n\r\n<div class=\"wp-block-group\">\r\n<div class=\"wp-block-group__inner-container is-layout-flow wp-block-group-is-layout-flow\">\r\n<h2 id=\"InscriptionSorties2020\" class=\"has-text-color wp-block-heading\" style=\"color: #155e93;\">Inscription<\/h2>\r\n<\/div>\r\n<\/div>\r\n\r\n\r\n\r\n<p class=\"has-text-color has-background has-white-color\" style=\"background-color: #73b3d8;\">Inscrivez vous pour les sorties figurant dans la Gazettes N\u00b05 et 6.<br \/>Merci de remplir la fiche d\u2019inscription suivante et cliquez sur \u2018Envoyer\u2019 une fois termin\u00e9.<br \/>Si vous souhaitez vous inscrire \u00e0 plusieurs sorties, veuillez soumettre un formulaire pour chaque sortie. D\u00e9sol\u00e9 pour le d\u00e9rangement &#8211; c&rsquo;est une limitation du formulaire que nous utilisons<\/p>\r\n\r\n\r\n\r\n<p>[wpforms id=\u00a0\u00bb2730&Prime; title=\u00a0\u00bbfalse\u00a0\u00bb description=\u00a0\u00bbfalse\u00a0\u00bb]<\/p>\r\n\r\n\r\n\r\n<p>&nbsp;<\/p>\r\n\r\n\r\n\r\n<p>&nbsp;<\/p>\r\n","protected":false},"excerpt":{"rendered":"<p>cliquez ici-&gt; en PDF Gazette n\u00b05bis v3 cliquez ici-&gt; Inscrivez-vous Apr\u00e8s cette longue p\u00e9riode d\u2019inactivit\u00e9, l\u2019association \u00ab\u00a0 Robert Louis Stevenson, de Barbizon \u00e0 Grez\u00a0\u00bb\u00a0est heureuse de vous pr\u00e9senter sous l\u2019intitul\u00e9 \u00ab \u00a0Et le jeudi, c\u2019est Stevenson\u00a0\u00bb, un programme de petites randonn\u00e9es-promenades en juillet et en ao\u00fbt. Nous limiterons le nombre de participants et prendrons quelques &hellip; <a href=\"https:\/\/stevenson-fontainebleau.fr\/2026\/03\/24\/assemblee-generale-dimanche-29-mars\/evenements-en-cours\/programme-2020\/la-gazette-du-deconfinement-n-5-30-juin-2020\/\" class=\"more-link\">Continuer la lecture de <span class=\"screen-reader-text\">La gazette du (d\u00e9)confinement n\u00b0 5-30 juin 2020<\/span>  <span class=\"meta-nav\">&rarr;<\/span><\/a><\/p>\n","protected":false},"author":1,"featured_media":0,"parent":2806,"menu_order":24,"comment_status":"closed","ping_status":"closed","template":"","meta":{"footnotes":""},"class_list":["post-2811","page","type-page","status-publish","hentry"],"_links":{"self":[{"href":"https:\/\/stevenson-fontainebleau.fr\/2026\/03\/24\/assemblee-generale-dimanche-29-mars\/wp-json\/wp\/v2\/pages\/2811","targetHints":{"allow":["GET"]}}],"collection":[{"href":"https:\/\/stevenson-fontainebleau.fr\/2026\/03\/24\/assemblee-generale-dimanche-29-mars\/wp-json\/wp\/v2\/pages"}],"about":[{"href":"https:\/\/stevenson-fontainebleau.fr\/2026\/03\/24\/assemblee-generale-dimanche-29-mars\/wp-json\/wp\/v2\/types\/page"}],"author":[{"embeddable":true,"href":"https:\/\/stevenson-fontainebleau.fr\/2026\/03\/24\/assemblee-generale-dimanche-29-mars\/wp-json\/wp\/v2\/users\/1"}],"replies":[{"embeddable":true,"href":"https:\/\/stevenson-fontainebleau.fr\/2026\/03\/24\/assemblee-generale-dimanche-29-mars\/wp-json\/wp\/v2\/comments?post=2811"}],"version-history":[{"count":1,"href":"https:\/\/stevenson-fontainebleau.fr\/2026\/03\/24\/assemblee-generale-dimanche-29-mars\/wp-json\/wp\/v2\/pages\/2811\/revisions"}],"predecessor-version":[{"id":2812,"href":"https:\/\/stevenson-fontainebleau.fr\/2026\/03\/24\/assemblee-generale-dimanche-29-mars\/wp-json\/wp\/v2\/pages\/2811\/revisions\/2812"}],"up":[{"embeddable":true,"href":"https:\/\/stevenson-fontainebleau.fr\/2026\/03\/24\/assemblee-generale-dimanche-29-mars\/wp-json\/wp\/v2\/pages\/2806"}],"wp:attachment":[{"href":"https:\/\/stevenson-fontainebleau.fr\/2026\/03\/24\/assemblee-generale-dimanche-29-mars\/wp-json\/wp\/v2\/media?parent=2811"}],"curies":[{"name":"wp","href":"https:\/\/api.w.org\/{rel}","templated":true}]}}