{"id":2806,"date":"2020-08-05T17:32:46","date_gmt":"2020-08-05T16:32:46","guid":{"rendered":"http:\/\/stevenson-fontainebleau.fr\/?page_id=2806"},"modified":"2024-05-27T18:09:47","modified_gmt":"2024-05-27T17:09:47","slug":"programme-2020","status":"publish","type":"page","link":"https:\/\/stevenson-fontainebleau.fr\/2026\/03\/24\/assemblee-generale-dimanche-29-mars\/evenements-en-cours\/programme-2020\/","title":{"rendered":"PROGRAMME DES ACTIVIT\u00c9S 2020"},"content":{"rendered":"<p>&nbsp;<\/p>\n<h3>Pour le programme juillet et ao\u00fbt 2020, voir la page \u00ab\u00a0et le jeudi, c&rsquo;est Stevenson\u00a0\u00bb, gazette n\u00b06<\/h3>\n<p>&nbsp;<\/p>\n<p><span style=\"color: #808080;\"><em>Pour le programme en pdf cliquez<\/em><\/span> :\u00a0<a href=\"http:\/\/stevenson-fontainebleau.fr\/wp-content\/uploads\/2019\/04\/Programme-2020.pdf\" target=\"_blank\" rel=\"noopener noreferrer\">Programme 2020<\/a><\/p>\n<h4><span style=\"color: #000080;\">\u2022 Dimanche 2 f\u00e9vrier : Assembl\u00e9e g\u00e9n\u00e9rale \u00e0 Recloses, salle polyvalente<\/span><\/h4>\n<p>10 h 30 \u2013 12 h 30 Assembl\u00e9e g\u00e9n\u00e9rale statutaire<br \/>\n12 h 30 \u2013 14 h les cr\u00eapes de la Chandeleur<br \/>\n14 h 15 -15h30 \u2013 R L Stevenson, un \u00e9crivain, des chemins, photos, des r\u00e9seaux<\/p>\n<h4><span style=\"color: #000080;\">\u2022 <del>Samedi 14 mars : apr\u00e8s-midi<\/del>.\u00a0<span style=\"color: #ff0000;\"> Annul\u00e9e:<\/span><\/span><\/h4>\n<p><strong>Randonn\u00e9e cont\u00e9e en for\u00eat<\/strong> avec Genevi\u00e8ve Dumant.<\/p>\n<h4><span style=\"color: #000080;\">\u2022 <del>Samedi 4 avril :<\/del> <span style=\"color: #ff0000;\">Annul\u00e9e:<\/span><\/span><\/h4>\n<p>Sur la piste de Robert-Louis et de Fanny \u00e0 Grez-sur-Loing, <span style=\"color: #008000;\"><a style=\"color: #008000;\" href=\"http:\/\/stevenson-fontainebleau.fr\/2020\/03\/09\/a-la-recherche-du-tresor-perdu\/\" target=\"_blank\" rel=\"noopener noreferrer\"><strong>jeu de piste<\/strong> pour familles et enfants.<\/a><\/span><\/p>\n<h4><span style=\"color: #000080;\">\u2022 Samedi 11 avril :<\/span><\/h4>\n<p>pour familles et enfants en for\u00eat, \u00e0 la <strong>d\u00e9couverte des \u0153ufs et des oiseaux<\/strong> en for\u00eat de Fontainebleau.<\/p>\n<h4><span style=\"color: #000080;\">\u2022 Dimanche 26 avril :<\/span><\/h4>\n<p><strong>randonn\u00e9es sous les arbres<\/strong>, en anglais, italien et allemand avec Ian Fuller.<\/p>\n<h4><span style=\"color: #000080;\">\u2022 Du vendredi 8 au dimanche 10 mai : <\/span><\/h4>\n<p><strong>randonn\u00e9es sur le chemin Stevenson<\/strong>, entre Grez, Ch\u00e2teau-Landon et Ferri\u00e8res, soir\u00e9e festive le 9 mai \u00e0 Ch\u00e2teau-Landon.<\/p>\n<h4><span style=\"color: #000080;\">\u2022 Samedi 16 et dimanche 17 mai :<\/span><\/h4>\n<p>Participation aux <strong>Naturiales<\/strong> de Fontainebleau, sur le th\u00e8me des Oiseaux.<\/p>\n<h4><span style=\"color: #000080;\">\u2022 Lundi 18-mardi 19 et mercredi 20 mai :<\/span><\/h4>\n<p>accueil des <strong>coll\u00e9giens de la chorale de Saint-Fargeau-Ponthierry<\/strong> \u2013 le 18 randonn\u00e9es, le 19, soir\u00e9e chant\u00e9e \u00e0 Grez sur Loing (salle Sadler), le 20 descente du Loing en cano\u00eb.<\/p>\n<h4><span style=\"color: #000080;\">\u2022 Dimanche 21 \u2013lundi 22 juin :<\/span><\/h4>\n<p><strong>Assembl\u00e9e g\u00e9n\u00e9rale<\/strong> du r\u00e9seau Europ\u00e9en au Puy en Velay et randonn\u00e9e dans les C\u00e9vennes.<\/p>\n<h4><span style=\"color: #000080;\">\u2022 Dimanche 13 septembre :<\/span><\/h4>\n<p>En For\u00eat avec les <strong>peintres de Barbizon<\/strong>, randonn\u00e9e avec Marie-Rosalie Iena.<\/p>\n<h4><span style=\"color: #000080;\">\u2022 Dimanche 11 octobre :<\/span><\/h4>\n<p><strong>Journ\u00e9e randonn\u00e9es Stevenson<\/strong> vers Recloses, randonn\u00e9es matinales, repas partag\u00e9s, l\u2019apr\u00e8s midi : salon litt\u00e9raire, lectures, conf\u00e9rences, musiques.<\/p>\n","protected":false},"excerpt":{"rendered":"<p>&nbsp; Pour le programme juillet et ao\u00fbt 2020, voir la page \u00ab\u00a0et le jeudi, c&rsquo;est Stevenson\u00a0\u00bb, gazette n\u00b06 &nbsp; Pour le programme en pdf cliquez :\u00a0Programme 2020 \u2022 Dimanche 2 f\u00e9vrier : Assembl\u00e9e g\u00e9n\u00e9rale \u00e0 Recloses, salle polyvalente 10 h 30 \u2013 12 h 30 Assembl\u00e9e g\u00e9n\u00e9rale statutaire 12 h 30 \u2013 14 h les &hellip; <a href=\"https:\/\/stevenson-fontainebleau.fr\/2026\/03\/24\/assemblee-generale-dimanche-29-mars\/evenements-en-cours\/programme-2020\/\" class=\"more-link\">Continuer la lecture de <span class=\"screen-reader-text\">PROGRAMME DES ACTIVIT\u00c9S 2020<\/span>  <span class=\"meta-nav\">&rarr;<\/span><\/a><\/p>\n","protected":false},"author":1,"featured_media":0,"parent":3890,"menu_order":898,"comment_status":"closed","ping_status":"closed","template":"","meta":{"footnotes":""},"class_list":["post-2806","page","type-page","status-publish","hentry"],"_links":{"self":[{"href":"https:\/\/stevenson-fontainebleau.fr\/2026\/03\/24\/assemblee-generale-dimanche-29-mars\/wp-json\/wp\/v2\/pages\/2806","targetHints":{"allow":["GET"]}}],"collection":[{"href":"https:\/\/stevenson-fontainebleau.fr\/2026\/03\/24\/assemblee-generale-dimanche-29-mars\/wp-json\/wp\/v2\/pages"}],"about":[{"href":"https:\/\/stevenson-fontainebleau.fr\/2026\/03\/24\/assemblee-generale-dimanche-29-mars\/wp-json\/wp\/v2\/types\/page"}],"author":[{"embeddable":true,"href":"https:\/\/stevenson-fontainebleau.fr\/2026\/03\/24\/assemblee-generale-dimanche-29-mars\/wp-json\/wp\/v2\/users\/1"}],"replies":[{"embeddable":true,"href":"https:\/\/stevenson-fontainebleau.fr\/2026\/03\/24\/assemblee-generale-dimanche-29-mars\/wp-json\/wp\/v2\/comments?post=2806"}],"version-history":[{"count":4,"href":"https:\/\/stevenson-fontainebleau.fr\/2026\/03\/24\/assemblee-generale-dimanche-29-mars\/wp-json\/wp\/v2\/pages\/2806\/revisions"}],"predecessor-version":[{"id":2844,"href":"https:\/\/stevenson-fontainebleau.fr\/2026\/03\/24\/assemblee-generale-dimanche-29-mars\/wp-json\/wp\/v2\/pages\/2806\/revisions\/2844"}],"up":[{"embeddable":true,"href":"https:\/\/stevenson-fontainebleau.fr\/2026\/03\/24\/assemblee-generale-dimanche-29-mars\/wp-json\/wp\/v2\/pages\/3890"}],"wp:attachment":[{"href":"https:\/\/stevenson-fontainebleau.fr\/2026\/03\/24\/assemblee-generale-dimanche-29-mars\/wp-json\/wp\/v2\/media?parent=2806"}],"curies":[{"name":"wp","href":"https:\/\/api.w.org\/{rel}","templated":true}]}}