{"id":2498,"date":"2019-12-15T11:14:13","date_gmt":"2019-12-15T10:14:13","guid":{"rendered":"http:\/\/stevenson-fontainebleau.fr\/?page_id=2498"},"modified":"2019-12-15T11:14:45","modified_gmt":"2019-12-15T10:14:45","slug":"assemblee-generale-2017","status":"publish","type":"page","link":"https:\/\/stevenson-fontainebleau.fr\/2026\/03\/24\/assemblee-generale-dimanche-29-mars\/evenements-en-cours\/evenements-2017\/assemblee-generale-2017\/","title":{"rendered":"Assembl\u00e9e G\u00e9n\u00e9rale 2017"},"content":{"rendered":"<h1>Assembl\u00e9e G\u00e9n\u00e9rale 2017 du 9 au 13 novembre 2017 \u00e0 Edinburgh (Ecosse)<\/h1>\n<h2 style=\"text-align: center;\"><strong><em>R\u00e9seau Europ\u00e9en sur les Traces de Robert Louis STEVENSON<\/em><\/strong><\/h2>\n<p><a href=\"http:\/\/stevenson-fontainebleau.fr\/wp-content\/uploads\/2018\/03\/Rapport-AG-STEVENSON-2017-Edinburgh-v1.pdf\" target=\"_blank\" rel=\"noopener noreferrer\">Cliquez ici, pour avoir l&rsquo;article en PDF<\/a><\/p>\n<h4><img loading=\"lazy\" decoding=\"async\" class=\" wp-image-1673 aligncenter\" src=\"http:\/\/stevenson-fontainebleau.fr\/wp-content\/uploads\/2018\/03\/01P1060332.jpg\" alt=\"\" width=\"327\" height=\"142\" srcset=\"https:\/\/stevenson-fontainebleau.fr\/wp-content\/uploads\/2018\/03\/01P1060332.jpg 1024w, https:\/\/stevenson-fontainebleau.fr\/wp-content\/uploads\/2018\/03\/01P1060332-300x130.jpg 300w, https:\/\/stevenson-fontainebleau.fr\/wp-content\/uploads\/2018\/03\/01P1060332-768x333.jpg 768w\" sizes=\"auto, (max-width: 327px) 100vw, 327px\" \/><\/h4>\n<p style=\"text-align: center;\"><em>Photo 01 \u2013 Vue d\u2019Edinburgh<\/em><\/p>\n<p><em>Cette Assembl\u00e9e a r\u00e9uni comme tous les ans des membres de toutes les associations STEVENSON. Ainsi nous avons retrouv\u00e9 chez nos h\u00f4tes d\u2019Edinburgh nos amis de Bristol, des Cevennes et du Nord de la France. L\u2019Association R.L. Stevenson de Barbizon \u00e0 Grez a \u00e9t\u00e9 repr\u00e9sent\u00e9e par Michel Legros (notre pr\u00e9sident), Genevi\u00e8ve Dumant, Ian Fuller et Sophie Batsis, Dominique Calmels et son amie Christiane, et Isolde et Guy Duvaud. Pour la premi\u00e8re fois un repr\u00e9sentant de la ville de Bad Homburg (Allemagne) le Dr. Matthias Setzer, Charg\u00e9 de Culture, \u00e9tait parmi nous.<\/em><\/p>\n<p><em>Apr\u00e8s un chaleureux accueil le jeudi soir l\u2019Assembl\u00e9e G\u00e9n\u00e9rale nous a tous r\u00e9uni le lendemain matin. C\u2019\u00e9tait un grand moment d\u2019\u00e9changes et de partage. Nous avons pu entendre le r\u00e9cit des r\u00e9ussites, projets et aussi des <\/em><em>soucis des diff\u00e9rentes associations.<\/em><\/p>\n<p style=\"text-align: center;\"><img loading=\"lazy\" decoding=\"async\" class=\"wp-image-1674 aligncenter\" src=\"http:\/\/stevenson-fontainebleau.fr\/wp-content\/uploads\/2018\/03\/02bisP1060335.jpg\" alt=\"\" width=\"280\" height=\"186\" srcset=\"https:\/\/stevenson-fontainebleau.fr\/wp-content\/uploads\/2018\/03\/02bisP1060335.jpg 1024w, https:\/\/stevenson-fontainebleau.fr\/wp-content\/uploads\/2018\/03\/02bisP1060335-300x200.jpg 300w, https:\/\/stevenson-fontainebleau.fr\/wp-content\/uploads\/2018\/03\/02bisP1060335-768x512.jpg 768w\" sizes=\"auto, (max-width: 280px) 100vw, 280px\" \/><em> AG Edinburgh 2017<\/em><\/p>\n<p><em>L\u2019apr\u00e8s-midi a eu lieu le Conseil d\u2019Administration avec deux grands \u00e9v\u00e8nements. Notre Pr\u00e9sident Michel Legros, apr\u00e8s plusieurs ann\u00e9es de travail et de d\u00e9vouement consacr\u00e9es avec passion au R\u00e9seau a demand\u00e9 de quitter cette fonction et a pass\u00e9 le flambeau \u00e0 Christian Brochier des Cevennes \u00e0 qui nous souhaitons courage et r\u00e9ussite pour cette tache importante. Le deuxi\u00e8me \u00e9v\u00e8nement \u00e9tait l\u2019adh\u00e9sion officielle au R\u00e9seau de la ville de Bad Homburg et qui nous a d\u00e9j\u00e0 annonc\u00e9 une manifestation sur les traces de RL Stevenson pr\u00e9vue pour le mois de mai 2018.<\/em><\/p>\n<p><em> <img loading=\"lazy\" decoding=\"async\" class=\"wp-image-1652 alignnone\" src=\"http:\/\/stevenson-fontainebleau.fr\/wp-content\/uploads\/2018\/03\/02P1060372.jpg\" alt=\"\" width=\"145\" height=\"220\" srcset=\"https:\/\/stevenson-fontainebleau.fr\/wp-content\/uploads\/2018\/03\/02P1060372.jpg 507w, https:\/\/stevenson-fontainebleau.fr\/wp-content\/uploads\/2018\/03\/02P1060372-198x300.jpg 198w\" sizes=\"auto, (max-width: 145px) 100vw, 145px\" \/> <\/em><img loading=\"lazy\" decoding=\"async\" class=\"wp-image-1653 alignnone\" src=\"http:\/\/stevenson-fontainebleau.fr\/wp-content\/uploads\/2018\/03\/03P1060340.jpg\" alt=\"\" width=\"134\" height=\"202\" srcset=\"https:\/\/stevenson-fontainebleau.fr\/wp-content\/uploads\/2018\/03\/03P1060340.jpg 512w, https:\/\/stevenson-fontainebleau.fr\/wp-content\/uploads\/2018\/03\/03P1060340-200x300.jpg 200w\" sizes=\"auto, (max-width: 134px) 100vw, 134px\" \/><\/p>\n<p><em> un vrai Ecossais <\/em><em> La vieille ville Edinburgh<\/em><\/p>\n<p><em>Pendant le Conseil d\u2019Administration certains membres ont pu visiter le centre historique d\u2019Edimbourg avec John Shedden, membre du RLS Club ; une visite passionnante, avec des d\u00e9couvertes de sites magnifiques, agr\u00e9ment\u00e9e par les commentaires pleins d\u2019humour de notre guide John. Entre autres, le Writer\u2019s Museum nous a fait d\u00e9couvrir des objets ayant appartenu \u00e0 RLS, comme une pipe, sa canne \u00e0 p\u00eache, ses bottes et une cape ainsi que des nombreuses photos et lettres relatives \u00e0 sa vie. Ce mus\u00e9e d\u00e9tient \u00e9galement une peinture montrant le vieux pont de Grez et les bords du Loing. <\/em><\/p>\n<div id='gallery-1' class='gallery galleryid-2498 gallery-columns-2 gallery-size-medium'><figure class='gallery-item'>\n\t\t\t<div class='gallery-icon landscape'>\n\t\t\t\t<a href='https:\/\/stevenson-fontainebleau.fr\/2026\/03\/24\/assemblee-generale-dimanche-29-mars\/04p1060343\/'><img loading=\"lazy\" decoding=\"async\" width=\"300\" height=\"200\" src=\"https:\/\/stevenson-fontainebleau.fr\/wp-content\/uploads\/2018\/03\/04P1060343-300x200.jpg\" class=\"attachment-medium size-medium\" alt=\"\" srcset=\"https:\/\/stevenson-fontainebleau.fr\/wp-content\/uploads\/2018\/03\/04P1060343-300x200.jpg 300w, https:\/\/stevenson-fontainebleau.fr\/wp-content\/uploads\/2018\/03\/04P1060343-768x512.jpg 768w, https:\/\/stevenson-fontainebleau.fr\/wp-content\/uploads\/2018\/03\/04P1060343.jpg 1024w\" sizes=\"auto, (max-width: 300px) 100vw, 300px\" \/><\/a>\n\t\t\t<\/div><\/figure><figure class='gallery-item'>\n\t\t\t<div class='gallery-icon landscape'>\n\t\t\t\t<a href='https:\/\/stevenson-fontainebleau.fr\/2026\/03\/24\/assemblee-generale-dimanche-29-mars\/06\/'><img loading=\"lazy\" decoding=\"async\" width=\"300\" height=\"200\" src=\"https:\/\/stevenson-fontainebleau.fr\/wp-content\/uploads\/2018\/03\/06-300x200.jpg\" class=\"attachment-medium size-medium\" alt=\"\" srcset=\"https:\/\/stevenson-fontainebleau.fr\/wp-content\/uploads\/2018\/03\/06-300x200.jpg 300w, https:\/\/stevenson-fontainebleau.fr\/wp-content\/uploads\/2018\/03\/06-768x512.jpg 768w, https:\/\/stevenson-fontainebleau.fr\/wp-content\/uploads\/2018\/03\/06.jpg 1024w\" sizes=\"auto, (max-width: 300px) 100vw, 300px\" \/><\/a>\n\t\t\t<\/div><\/figure>\n\t\t<\/div>\n\n<div id='gallery-2' class='gallery galleryid-2498 gallery-columns-2 gallery-size-medium'><figure class='gallery-item'>\n\t\t\t<div class='gallery-icon landscape'>\n\t\t\t\t<a href='https:\/\/stevenson-fontainebleau.fr\/2026\/03\/24\/assemblee-generale-dimanche-29-mars\/07p1060348\/'><img loading=\"lazy\" decoding=\"async\" width=\"300\" height=\"200\" src=\"https:\/\/stevenson-fontainebleau.fr\/wp-content\/uploads\/2018\/03\/07P1060348-300x200.jpg\" class=\"attachment-medium size-medium\" alt=\"\" srcset=\"https:\/\/stevenson-fontainebleau.fr\/wp-content\/uploads\/2018\/03\/07P1060348-300x200.jpg 300w, https:\/\/stevenson-fontainebleau.fr\/wp-content\/uploads\/2018\/03\/07P1060348-768x512.jpg 768w, https:\/\/stevenson-fontainebleau.fr\/wp-content\/uploads\/2018\/03\/07P1060348.jpg 1024w\" sizes=\"auto, (max-width: 300px) 100vw, 300px\" \/><\/a>\n\t\t\t<\/div><\/figure><figure class='gallery-item'>\n\t\t\t<div class='gallery-icon landscape'>\n\t\t\t\t<a href='https:\/\/stevenson-fontainebleau.fr\/2026\/03\/24\/assemblee-generale-dimanche-29-mars\/08p1060362\/'><img loading=\"lazy\" decoding=\"async\" width=\"300\" height=\"200\" src=\"https:\/\/stevenson-fontainebleau.fr\/wp-content\/uploads\/2018\/03\/08P1060362-300x200.jpg\" class=\"attachment-medium size-medium\" alt=\"\" srcset=\"https:\/\/stevenson-fontainebleau.fr\/wp-content\/uploads\/2018\/03\/08P1060362-300x200.jpg 300w, https:\/\/stevenson-fontainebleau.fr\/wp-content\/uploads\/2018\/03\/08P1060362-768x512.jpg 768w, https:\/\/stevenson-fontainebleau.fr\/wp-content\/uploads\/2018\/03\/08P1060362.jpg 1024w\" sizes=\"auto, (max-width: 300px) 100vw, 300px\" \/><\/a>\n\t\t\t<\/div><\/figure>\n\t\t<\/div>\n\n<p><em>Notre balade s\u2019est termin\u00e9e dans le Pub Deacon Brodie\u2019s Tavern, un Pub plein de cachet, toujours rempli et bruyant, mais vraiment sympa et qui aurait inspir\u00e9 Stevenson pour son roman Dr. Jekyll et Mr. Hyde.<\/em><\/p>\n<p><img loading=\"lazy\" decoding=\"async\" class=\"wp-image-1659 aligncenter\" src=\"http:\/\/stevenson-fontainebleau.fr\/wp-content\/uploads\/2018\/03\/09P1060361.jpg\" alt=\"\" width=\"381\" height=\"254\" srcset=\"https:\/\/stevenson-fontainebleau.fr\/wp-content\/uploads\/2018\/03\/09P1060361.jpg 1024w, https:\/\/stevenson-fontainebleau.fr\/wp-content\/uploads\/2018\/03\/09P1060361-300x200.jpg 300w, https:\/\/stevenson-fontainebleau.fr\/wp-content\/uploads\/2018\/03\/09P1060361-768x512.jpg 768w\" sizes=\"auto, (max-width: 381px) 100vw, 381px\" \/><\/p>\n<p><em>Petite anecdote : Lors de notre d\u00eener au pub nous avons fait par hasard la connaissance de trois jeunes filles am\u00e9ricaines et co\u00efncidence, la m\u00e8re d\u2019une des filles \u00e0 fait sa scolarit\u00e9 \u00e0 l\u2019\u00e9cole Stevenson \u00e0 Pebble Beach en Californie.<\/em><\/p>\n<p><em>Le lendemain notre programme nous a men\u00e9 \u00e0 l\u2019Universit\u00e9 d\u2019Edinburgh Napier dans la Biblioth\u00e8que Stevenson. Nous avons pu admirer des livres originaux de Stevenson et suivre une pr\u00e9sentation sur son \u0153uvre par un \u00e9tudiant \u00ab comme nous sur les traces de Stevenson \u00bb.<\/em><\/p>\n<p><img loading=\"lazy\" decoding=\"async\" class=\"wp-image-1660 alignnone\" src=\"http:\/\/stevenson-fontainebleau.fr\/wp-content\/uploads\/2018\/03\/10P1060366.jpg\" alt=\"\" width=\"224\" height=\"149\" srcset=\"https:\/\/stevenson-fontainebleau.fr\/wp-content\/uploads\/2018\/03\/10P1060366.jpg 1024w, https:\/\/stevenson-fontainebleau.fr\/wp-content\/uploads\/2018\/03\/10P1060366-300x200.jpg 300w, https:\/\/stevenson-fontainebleau.fr\/wp-content\/uploads\/2018\/03\/10P1060366-768x512.jpg 768w\" sizes=\"auto, (max-width: 224px) 100vw, 224px\" \/> <img loading=\"lazy\" decoding=\"async\" class=\"wp-image-1661 alignnone\" src=\"http:\/\/stevenson-fontainebleau.fr\/wp-content\/uploads\/2018\/03\/11P1060370.jpg\" alt=\"\" width=\"223\" height=\"148\" srcset=\"https:\/\/stevenson-fontainebleau.fr\/wp-content\/uploads\/2018\/03\/11P1060370.jpg 1024w, https:\/\/stevenson-fontainebleau.fr\/wp-content\/uploads\/2018\/03\/11P1060370-300x200.jpg 300w, https:\/\/stevenson-fontainebleau.fr\/wp-content\/uploads\/2018\/03\/11P1060370-768x512.jpg 768w\" sizes=\"auto, (max-width: 223px) 100vw, 223px\" \/><\/p>\n<p><span style=\"color: #ff0000;\"><em>Le 11 novembre \u00e0 Edinburgh<\/em><\/span><\/p>\n<p><em>L\u2019apr\u00e8s-midi nous avons fait une sortie \u00e0 Colinto<\/em><em>n o\u00f9 RLS a pass\u00e9 une partie de son enfance aupr\u00e8s de son grand-p\u00e8re Lewis Balfour, pasteur \u00e0 l\u2019\u00e9glise de Colinton.<\/em><\/p>\n<p><em>La ville a mis en place un chemin de la po\u00e9sie d\u00e9butant avec une statue en bronze de RLS enfant et son chien ; c\u2019est une belle promenade tr\u00e8s instructive .<\/em><img loading=\"lazy\" decoding=\"async\" class=\"wp-image-1662 aligncenter\" src=\"http:\/\/stevenson-fontainebleau.fr\/wp-content\/uploads\/2018\/03\/12P1060373.jpg\" alt=\"\" width=\"356\" height=\"237\" srcset=\"https:\/\/stevenson-fontainebleau.fr\/wp-content\/uploads\/2018\/03\/12P1060373.jpg 1024w, https:\/\/stevenson-fontainebleau.fr\/wp-content\/uploads\/2018\/03\/12P1060373-300x200.jpg 300w, https:\/\/stevenson-fontainebleau.fr\/wp-content\/uploads\/2018\/03\/12P1060373-768x512.jpg 768w\" sizes=\"auto, (max-width: 356px) 100vw, 356px\" \/><\/p>\n<p>&nbsp;<\/p>\n<div id='gallery-3' class='gallery galleryid-2498 gallery-columns-2 gallery-size-large'><figure class='gallery-item'>\n\t\t\t<div class='gallery-icon landscape'>\n\t\t\t\t<a href='https:\/\/stevenson-fontainebleau.fr\/2026\/03\/24\/assemblee-generale-dimanche-29-mars\/13p1060389\/'><img loading=\"lazy\" decoding=\"async\" width=\"474\" height=\"316\" src=\"https:\/\/stevenson-fontainebleau.fr\/wp-content\/uploads\/2018\/03\/13P1060389-1024x683.jpg\" class=\"attachment-large size-large\" alt=\"\" srcset=\"https:\/\/stevenson-fontainebleau.fr\/wp-content\/uploads\/2018\/03\/13P1060389.jpg 1024w, https:\/\/stevenson-fontainebleau.fr\/wp-content\/uploads\/2018\/03\/13P1060389-300x200.jpg 300w, https:\/\/stevenson-fontainebleau.fr\/wp-content\/uploads\/2018\/03\/13P1060389-768x512.jpg 768w\" sizes=\"auto, (max-width: 474px) 100vw, 474px\" \/><\/a>\n\t\t\t<\/div><\/figure><figure class='gallery-item'>\n\t\t\t<div class='gallery-icon landscape'>\n\t\t\t\t<a href='https:\/\/stevenson-fontainebleau.fr\/2026\/03\/24\/assemblee-generale-dimanche-29-mars\/14p1060385\/'><img loading=\"lazy\" decoding=\"async\" width=\"474\" height=\"316\" src=\"https:\/\/stevenson-fontainebleau.fr\/wp-content\/uploads\/2018\/03\/14P1060385-1024x683.jpg\" class=\"attachment-large size-large\" alt=\"\" srcset=\"https:\/\/stevenson-fontainebleau.fr\/wp-content\/uploads\/2018\/03\/14P1060385.jpg 1024w, https:\/\/stevenson-fontainebleau.fr\/wp-content\/uploads\/2018\/03\/14P1060385-300x200.jpg 300w, https:\/\/stevenson-fontainebleau.fr\/wp-content\/uploads\/2018\/03\/14P1060385-768x512.jpg 768w\" sizes=\"auto, (max-width: 474px) 100vw, 474px\" \/><\/a>\n\t\t\t<\/div><\/figure><figure class='gallery-item'>\n\t\t\t<div class='gallery-icon landscape'>\n\t\t\t\t<a href='https:\/\/stevenson-fontainebleau.fr\/2026\/03\/24\/assemblee-generale-dimanche-29-mars\/15p1060386\/'><img loading=\"lazy\" decoding=\"async\" width=\"474\" height=\"316\" src=\"https:\/\/stevenson-fontainebleau.fr\/wp-content\/uploads\/2018\/03\/15P1060386-1024x683.jpg\" class=\"attachment-large size-large\" alt=\"\" srcset=\"https:\/\/stevenson-fontainebleau.fr\/wp-content\/uploads\/2018\/03\/15P1060386.jpg 1024w, https:\/\/stevenson-fontainebleau.fr\/wp-content\/uploads\/2018\/03\/15P1060386-300x200.jpg 300w, https:\/\/stevenson-fontainebleau.fr\/wp-content\/uploads\/2018\/03\/15P1060386-768x512.jpg 768w\" sizes=\"auto, (max-width: 474px) 100vw, 474px\" \/><\/a>\n\t\t\t<\/div><\/figure><figure class='gallery-item'>\n\t\t\t<div class='gallery-icon landscape'>\n\t\t\t\t<a href='https:\/\/stevenson-fontainebleau.fr\/2026\/03\/24\/assemblee-generale-dimanche-29-mars\/17p1060391\/'><img loading=\"lazy\" decoding=\"async\" width=\"474\" height=\"316\" src=\"https:\/\/stevenson-fontainebleau.fr\/wp-content\/uploads\/2018\/03\/17P1060391-1024x683.jpg\" class=\"attachment-large size-large\" alt=\"\" srcset=\"https:\/\/stevenson-fontainebleau.fr\/wp-content\/uploads\/2018\/03\/17P1060391.jpg 1024w, https:\/\/stevenson-fontainebleau.fr\/wp-content\/uploads\/2018\/03\/17P1060391-300x200.jpg 300w, https:\/\/stevenson-fontainebleau.fr\/wp-content\/uploads\/2018\/03\/17P1060391-768x512.jpg 768w\" sizes=\"auto, (max-width: 474px) 100vw, 474px\" \/><\/a>\n\t\t\t<\/div><\/figure>\n\t\t<\/div>\n\n<p><em>Le soir nous nous sommes <\/em><img loading=\"lazy\" decoding=\"async\" class=\"alignright wp-image-1666\" src=\"http:\/\/stevenson-fontainebleau.fr\/wp-content\/uploads\/2018\/03\/16P1060387.jpg\" alt=\"\" width=\"265\" height=\"398\" srcset=\"https:\/\/stevenson-fontainebleau.fr\/wp-content\/uploads\/2018\/03\/16P1060387.jpg 512w, https:\/\/stevenson-fontainebleau.fr\/wp-content\/uploads\/2018\/03\/16P1060387-200x300.jpg 200w\" sizes=\"auto, (max-width: 265px) 100vw, 265px\" \/><em>tous retrouv\u00e9s autour d\u2019un bon d\u00eener suivi d\u2019un bal \u00e9cossais avec des musiciens en kilt et nous avons pu nous entra\u00eener dans la joie et la bonne humeur pour les danses \u00e9cossaises.<\/em><\/p>\n<p><em>Toute la journ\u00e9e du dimanche s\u2019est d\u00e9roul\u00e9e au bord de la mer \u00e0 North Berwick avec un beau soleil mais un vent glacial. Nous avons pu admirer la belle c\u00f4te avec ses iles rocheuses et les phares, tous \u0153uvres de la famille Stevenson qui passait de nombreux s\u00e9jour \u00e0 cet endroit. <\/em><img loading=\"lazy\" decoding=\"async\" class=\"wp-image-1668 alignnone\" src=\"http:\/\/stevenson-fontainebleau.fr\/wp-content\/uploads\/2018\/03\/18IMG_20180301_0001.jpg\" alt=\"\" width=\"452\" height=\"249\" srcset=\"https:\/\/stevenson-fontainebleau.fr\/wp-content\/uploads\/2018\/03\/18IMG_20180301_0001.jpg 1024w, https:\/\/stevenson-fontainebleau.fr\/wp-content\/uploads\/2018\/03\/18IMG_20180301_0001-300x165.jpg 300w, https:\/\/stevenson-fontainebleau.fr\/wp-content\/uploads\/2018\/03\/18IMG_20180301_0001-768x423.jpg 768w, https:\/\/stevenson-fontainebleau.fr\/wp-content\/uploads\/2018\/03\/18IMG_20180301_0001-672x372.jpg 672w\" sizes=\"auto, (max-width: 452px) 100vw, 452px\" \/><\/p>\n<p><em>Le hasard nous a fait rencontrer un p\u00eacheur de langoustes revenant de la p\u00eache qui nous a \u00e9t\u00e9 pr\u00e9sent\u00e9 comme un descendant de la famille Stevenson.<\/em><\/p>\n<div id='gallery-4' class='gallery galleryid-2498 gallery-columns-2 gallery-size-medium'><figure class='gallery-item'>\n\t\t\t<div class='gallery-icon landscape'>\n\t\t\t\t<a href='https:\/\/stevenson-fontainebleau.fr\/2026\/03\/24\/assemblee-generale-dimanche-29-mars\/20p1060417\/'><img loading=\"lazy\" decoding=\"async\" width=\"300\" height=\"160\" src=\"https:\/\/stevenson-fontainebleau.fr\/wp-content\/uploads\/2018\/03\/20P1060417-300x160.jpg\" class=\"attachment-medium size-medium\" alt=\"\" srcset=\"https:\/\/stevenson-fontainebleau.fr\/wp-content\/uploads\/2018\/03\/20P1060417-300x160.jpg 300w, https:\/\/stevenson-fontainebleau.fr\/wp-content\/uploads\/2018\/03\/20P1060417-768x410.jpg 768w, https:\/\/stevenson-fontainebleau.fr\/wp-content\/uploads\/2018\/03\/20P1060417.jpg 1024w\" sizes=\"auto, (max-width: 300px) 100vw, 300px\" \/><\/a>\n\t\t\t<\/div><\/figure><figure class='gallery-item'>\n\t\t\t<div class='gallery-icon landscape'>\n\t\t\t\t<a href='https:\/\/stevenson-fontainebleau.fr\/2026\/03\/24\/assemblee-generale-dimanche-29-mars\/19p1060415\/'><img loading=\"lazy\" decoding=\"async\" width=\"300\" height=\"200\" src=\"https:\/\/stevenson-fontainebleau.fr\/wp-content\/uploads\/2018\/03\/19P1060415-300x200.jpg\" class=\"attachment-medium size-medium\" alt=\"\" srcset=\"https:\/\/stevenson-fontainebleau.fr\/wp-content\/uploads\/2018\/03\/19P1060415-300x200.jpg 300w, https:\/\/stevenson-fontainebleau.fr\/wp-content\/uploads\/2018\/03\/19P1060415-768x512.jpg 768w, https:\/\/stevenson-fontainebleau.fr\/wp-content\/uploads\/2018\/03\/19P1060415.jpg 1024w\" sizes=\"auto, (max-width: 300px) 100vw, 300px\" \/><\/a>\n\t\t\t<\/div><\/figure><figure class='gallery-item'>\n\t\t\t<div class='gallery-icon landscape'>\n\t\t\t\t<a href='https:\/\/stevenson-fontainebleau.fr\/2026\/03\/24\/assemblee-generale-dimanche-29-mars\/21p1060432\/'><img loading=\"lazy\" decoding=\"async\" width=\"300\" height=\"200\" src=\"https:\/\/stevenson-fontainebleau.fr\/wp-content\/uploads\/2018\/03\/21P1060432-300x200.jpg\" class=\"attachment-medium size-medium\" alt=\"\" srcset=\"https:\/\/stevenson-fontainebleau.fr\/wp-content\/uploads\/2018\/03\/21P1060432-300x200.jpg 300w, https:\/\/stevenson-fontainebleau.fr\/wp-content\/uploads\/2018\/03\/21P1060432-768x512.jpg 768w, https:\/\/stevenson-fontainebleau.fr\/wp-content\/uploads\/2018\/03\/21P1060432.jpg 1024w\" sizes=\"auto, (max-width: 300px) 100vw, 300px\" \/><\/a>\n\t\t\t<\/div><\/figure><figure class='gallery-item'>\n\t\t\t<div class='gallery-icon landscape'>\n\t\t\t\t<a href='https:\/\/stevenson-fontainebleau.fr\/2026\/03\/24\/assemblee-generale-dimanche-29-mars\/22p1060433\/'><img loading=\"lazy\" decoding=\"async\" width=\"300\" height=\"200\" src=\"https:\/\/stevenson-fontainebleau.fr\/wp-content\/uploads\/2018\/03\/22P1060433-300x200.jpg\" class=\"attachment-medium size-medium\" alt=\"\" srcset=\"https:\/\/stevenson-fontainebleau.fr\/wp-content\/uploads\/2018\/03\/22P1060433-300x200.jpg 300w, https:\/\/stevenson-fontainebleau.fr\/wp-content\/uploads\/2018\/03\/22P1060433-768x512.jpg 768w, https:\/\/stevenson-fontainebleau.fr\/wp-content\/uploads\/2018\/03\/22P1060433.jpg 1024w\" sizes=\"auto, (max-width: 300px) 100vw, 300px\" \/><\/a>\n\t\t\t<\/div><\/figure>\n\t\t<\/div>\n\n<p><em>La ville \u0153uvre \u00e0 la valorisation du patrimoine li\u00e9 \u00e0 Stevenson. Ainsi nous avons pu assister \u00e0 des lectures et faire une visite du Mus\u00e9e des Communaut\u00e9s Littorales.<\/em><\/p>\n<p><em>En rentrant le soir \u00e0 Edinburgh Linda Dryden (Professeur de Litt\u00e9rature anglaise \u00e0 l\u2019Universit\u00e9 Napier Edinburgh) nous a re\u00e7u dans une ambiance bien conviviale pour un ap\u00e9ritif d\u00eenatoire.<\/em><\/p>\n<p><em>Avant de rentrer en France le lundi apr\u00e8s-midi notre s\u00e9jour s\u2019est termin\u00e9 avec une matin\u00e9e de lecture en fran\u00e7ais et anglais tr\u00e8s amusante ou chaque membre a pu s\u2019exprimer par un po\u00e8me de Stevenson pour clore ces quelques jours d\u2019\u00e9changes et de passion dans les traces de Robert Louis Stevenson . <\/em><\/p>\n<p><em>Pour conclure nous voudrions dire un grand merci \u00e0 Elizabeth et Rosemary qui nous ont guid\u00e9 et accompagn\u00e9 avec beaucoup de gentillesse tout au long de ce s\u00e9jour.<\/em><\/p>\n<p><em>Si vous souhaitez partager et \u00e9changer autour de Robert Louis Stevenson notez les informations concernant la prochaine AG qui aura lieu en novembre 2018 en France et sera organis\u00e9e par les Canaux du Nord.<\/em><\/p>\n<p>Isolde Duvaud, f\u00e9vrier 2018<\/p>\n<p>&nbsp;<\/p>\n","protected":false},"excerpt":{"rendered":"<p>Assembl\u00e9e G\u00e9n\u00e9rale 2017 du 9 au 13 novembre 2017 \u00e0 Edinburgh (Ecosse) R\u00e9seau Europ\u00e9en sur les Traces de Robert Louis STEVENSON Cliquez ici, pour avoir l&rsquo;article en PDF Photo 01 \u2013 Vue d\u2019Edinburgh Cette Assembl\u00e9e a r\u00e9uni comme tous les ans des membres de toutes les associations STEVENSON. Ainsi nous avons retrouv\u00e9 chez nos h\u00f4tes &hellip; <a href=\"https:\/\/stevenson-fontainebleau.fr\/2026\/03\/24\/assemblee-generale-dimanche-29-mars\/evenements-en-cours\/evenements-2017\/assemblee-generale-2017\/\" class=\"more-link\">Continuer la lecture de <span class=\"screen-reader-text\">Assembl\u00e9e G\u00e9n\u00e9rale 2017<\/span>  <span class=\"meta-nav\">&rarr;<\/span><\/a><\/p>\n","protected":false},"author":1,"featured_media":0,"parent":1432,"menu_order":0,"comment_status":"closed","ping_status":"closed","template":"","meta":{"footnotes":""},"class_list":["post-2498","page","type-page","status-publish","hentry"],"_links":{"self":[{"href":"https:\/\/stevenson-fontainebleau.fr\/2026\/03\/24\/assemblee-generale-dimanche-29-mars\/wp-json\/wp\/v2\/pages\/2498","targetHints":{"allow":["GET"]}}],"collection":[{"href":"https:\/\/stevenson-fontainebleau.fr\/2026\/03\/24\/assemblee-generale-dimanche-29-mars\/wp-json\/wp\/v2\/pages"}],"about":[{"href":"https:\/\/stevenson-fontainebleau.fr\/2026\/03\/24\/assemblee-generale-dimanche-29-mars\/wp-json\/wp\/v2\/types\/page"}],"author":[{"embeddable":true,"href":"https:\/\/stevenson-fontainebleau.fr\/2026\/03\/24\/assemblee-generale-dimanche-29-mars\/wp-json\/wp\/v2\/users\/1"}],"replies":[{"embeddable":true,"href":"https:\/\/stevenson-fontainebleau.fr\/2026\/03\/24\/assemblee-generale-dimanche-29-mars\/wp-json\/wp\/v2\/comments?post=2498"}],"version-history":[{"count":1,"href":"https:\/\/stevenson-fontainebleau.fr\/2026\/03\/24\/assemblee-generale-dimanche-29-mars\/wp-json\/wp\/v2\/pages\/2498\/revisions"}],"predecessor-version":[{"id":2499,"href":"https:\/\/stevenson-fontainebleau.fr\/2026\/03\/24\/assemblee-generale-dimanche-29-mars\/wp-json\/wp\/v2\/pages\/2498\/revisions\/2499"}],"up":[{"embeddable":true,"href":"https:\/\/stevenson-fontainebleau.fr\/2026\/03\/24\/assemblee-generale-dimanche-29-mars\/wp-json\/wp\/v2\/pages\/1432"}],"wp:attachment":[{"href":"https:\/\/stevenson-fontainebleau.fr\/2026\/03\/24\/assemblee-generale-dimanche-29-mars\/wp-json\/wp\/v2\/media?parent=2498"}],"curies":[{"name":"wp","href":"https:\/\/api.w.org\/{rel}","templated":true}]}}