{"id":2381,"date":"2019-10-23T10:50:27","date_gmt":"2019-10-23T09:50:27","guid":{"rendered":"http:\/\/stevenson-fontainebleau.fr\/?page_id=2381"},"modified":"2019-10-28T21:41:42","modified_gmt":"2019-10-28T20:41:42","slug":"le-20-10-2019","status":"publish","type":"page","link":"https:\/\/stevenson-fontainebleau.fr\/2026\/03\/24\/assemblee-generale-dimanche-29-mars\/evenements-en-cours\/programme-2019\/randonnee-stevenson-du-20-10-2019\/le-20-10-2019\/","title":{"rendered":"Le 20\/10\/2019"},"content":{"rendered":"<h4>Journ\u00e9e Stevenson de ce dimanche<\/h4>\n<p>De Larchant nous part\u00eemes \u00e0 cinq mais en arrivant \u00e0 Villiers, nous nous v\u00eemes soixante par l&rsquo;arriv\u00e9e rapide du groupe parti de Grez dont les plus courageux avaient plant\u00e9 le rosier.<\/p>\n<p>Les plus mouill\u00e9s reprenaient du courage, les marcheurs br\u00fblant d&rsquo;impatience, le nombre augmentait \u00e0 cette heure et le d\u00e9part pour Recloses fut donn\u00e9.<\/p>\n<p>Luc et Antoine install\u00e9s dans des \u00a0<a href=\"https:\/\/randopourtous-boisleroi.org\/index.php\/qu-est-ce-qu-une-joelette\" target=\"_blank\" rel=\"noopener noreferrer\">jo\u00eblettes<\/a>, conduites par des b\u00e9n\u00e9voles, ont chemin\u00e9 avec le groupe depuis Villiers sous Grez jusqu\u2019\u00e0 destination.<\/p>\n<p>Nous tenons \u00e0 remercier tout particuli\u00e8rement le club de\u00a0 <a href=\"https:\/\/randopourtous-boisleroi.org\/index.php\" target=\"_blank\" rel=\"noopener noreferrer\">&lsquo;Rando pour Tous&rsquo;<\/a> de Bois-le-Roi et &lsquo;<a href=\"http:\/\/anerie-bacotte.fr\/\" target=\"_blank\" rel=\"noopener noreferrer\">L&rsquo;\u00c2nerie Bacotte&rsquo;<\/a> pour leur participation \u00e0 cette journ\u00e9e.<\/p>\n<p>&nbsp;<\/p>\n<div id='gallery-1' class='gallery galleryid-2381 gallery-columns-2 gallery-size-large'><figure class='gallery-item'>\n\t\t\t<div class='gallery-icon landscape'>\n\t\t\t\t<a href='https:\/\/stevenson-fontainebleau.fr\/2026\/03\/24\/assemblee-generale-dimanche-29-mars\/evenements-en-cours\/programme-2019\/randonnee-stevenson-du-20-10-2019\/le-20-10-2019\/pm-20-10-19-16\/'><img loading=\"lazy\" decoding=\"async\" width=\"474\" height=\"267\" src=\"https:\/\/stevenson-fontainebleau.fr\/wp-content\/uploads\/2019\/10\/pm-20-10-19-16-1024x576.jpg\" class=\"attachment-large size-large\" alt=\"\" srcset=\"https:\/\/stevenson-fontainebleau.fr\/wp-content\/uploads\/2019\/10\/pm-20-10-19-16-1024x576.jpg 1024w, https:\/\/stevenson-fontainebleau.fr\/wp-content\/uploads\/2019\/10\/pm-20-10-19-16-300x169.jpg 300w, https:\/\/stevenson-fontainebleau.fr\/wp-content\/uploads\/2019\/10\/pm-20-10-19-16-768x432.jpg 768w\" sizes=\"auto, (max-width: 474px) 100vw, 474px\" \/><\/a>\n\t\t\t<\/div><\/figure><figure class='gallery-item'>\n\t\t\t<div class='gallery-icon landscape'>\n\t\t\t\t<a href='https:\/\/stevenson-fontainebleau.fr\/2026\/03\/24\/assemblee-generale-dimanche-29-mars\/evenements-en-cours\/programme-2019\/randonnee-stevenson-du-20-10-2019\/le-20-10-2019\/pm-20-10-19-21\/'><img loading=\"lazy\" decoding=\"async\" width=\"474\" height=\"267\" src=\"https:\/\/stevenson-fontainebleau.fr\/wp-content\/uploads\/2019\/10\/pm-20-10-19-21-1024x576.jpg\" class=\"attachment-large size-large\" alt=\"\" srcset=\"https:\/\/stevenson-fontainebleau.fr\/wp-content\/uploads\/2019\/10\/pm-20-10-19-21-1024x576.jpg 1024w, https:\/\/stevenson-fontainebleau.fr\/wp-content\/uploads\/2019\/10\/pm-20-10-19-21-300x169.jpg 300w, https:\/\/stevenson-fontainebleau.fr\/wp-content\/uploads\/2019\/10\/pm-20-10-19-21-768x432.jpg 768w\" sizes=\"auto, (max-width: 474px) 100vw, 474px\" \/><\/a>\n\t\t\t<\/div><\/figure><figure class='gallery-item'>\n\t\t\t<div class='gallery-icon portrait'>\n\t\t\t\t<a href='https:\/\/stevenson-fontainebleau.fr\/2026\/03\/24\/assemblee-generale-dimanche-29-mars\/pm-20-10-19-19\/'><img loading=\"lazy\" decoding=\"async\" width=\"474\" height=\"843\" src=\"https:\/\/stevenson-fontainebleau.fr\/wp-content\/uploads\/2019\/10\/pm-20-10-19-19-576x1024.jpg\" class=\"attachment-large size-large\" alt=\"\" srcset=\"https:\/\/stevenson-fontainebleau.fr\/wp-content\/uploads\/2019\/10\/pm-20-10-19-19-576x1024.jpg 576w, https:\/\/stevenson-fontainebleau.fr\/wp-content\/uploads\/2019\/10\/pm-20-10-19-19-169x300.jpg 169w, https:\/\/stevenson-fontainebleau.fr\/wp-content\/uploads\/2019\/10\/pm-20-10-19-19-768x1365.jpg 768w\" sizes=\"auto, (max-width: 474px) 100vw, 474px\" \/><\/a>\n\t\t\t<\/div><\/figure><figure class='gallery-item'>\n\t\t\t<div class='gallery-icon portrait'>\n\t\t\t\t<a href='https:\/\/stevenson-fontainebleau.fr\/2026\/03\/24\/assemblee-generale-dimanche-29-mars\/evenements-en-cours\/programme-2019\/randonnee-stevenson-du-20-10-2019\/le-20-10-2019\/pm-20-10-19-22\/'><img loading=\"lazy\" decoding=\"async\" width=\"474\" height=\"843\" src=\"https:\/\/stevenson-fontainebleau.fr\/wp-content\/uploads\/2019\/10\/pm-20-10-19-22-576x1024.jpg\" class=\"attachment-large size-large\" alt=\"\" srcset=\"https:\/\/stevenson-fontainebleau.fr\/wp-content\/uploads\/2019\/10\/pm-20-10-19-22-576x1024.jpg 576w, https:\/\/stevenson-fontainebleau.fr\/wp-content\/uploads\/2019\/10\/pm-20-10-19-22-169x300.jpg 169w, https:\/\/stevenson-fontainebleau.fr\/wp-content\/uploads\/2019\/10\/pm-20-10-19-22-768x1365.jpg 768w\" sizes=\"auto, (max-width: 474px) 100vw, 474px\" \/><\/a>\n\t\t\t<\/div><\/figure>\n\t\t<\/div>\n\n<p>Nous aurions pu \u00eatre submerg\u00e9 par des trombes d\u2019eau, marcher dans la gadoue, ou pire rester \u00e0 3 ou 4 devant des kilos de veau italien\u2026.<\/p>\n<p>Et non, il y avait le sourire d\u2019Antoine, les marcheurs mouill\u00e9s et heureux, la grange pour s\u2019abriter et prendre ensemble l\u2019ap\u00e9ritif d\u2019accueil, le vrai repas pr\u00e9par\u00e9 maison qui effa\u00e7ait la pluie, <a href=\"http:\/\/www.laforetquiparle.com\/\" target=\"_blank\" rel=\"noopener noreferrer\">le petit salon litt\u00e9raire<\/a>, gourmand, accueillant et joyeux, et nous \u00e9tions pr\u00e8s de soixante-dix \u00e0 \u00e9couter, ravis, la <a href=\"http:\/\/steamup.free.fr\/htm\/bio.htm\" target=\"_blank\" rel=\"noopener noreferrer\">musique \u00e9cossaise<\/a>\u2026\u2026 Soixante-douze avec Zorro et son \u00ab coll\u00e8gue\u00a0\u00bb !<\/p>\n<p>Le rosier Stevenson plant\u00e9 sous la pluie \u00e0 Grez pousse, les marcheurs r\u00e9cup\u00e8rent et les \u00e2nes sont rentr\u00e9s \u00e0 l&rsquo;\u00e2nerie, sous le regard attendri de leur ma\u00eetre, Michel.<\/p>\n<p>Notre photographe, Jean-Paul, avait toujours l&rsquo;\u0153il \u00e0 l&rsquo;aff\u00fbt pour capter les bons moments.<\/p>\n<p>Tout est bien, bravo \u00e0 toutes et \u00e0 tous et \u00e0 l&rsquo;ann\u00e9e prochaine.<\/p>\n<p><a href=\"http:\/\/steamup.free.fr\/htm\/extracts.htm\" target=\"_blank\" rel=\"noopener noreferrer\">The Vagabond (musique compos\u00e9e par Ross McKerrell, sur un po\u00e8me de R L Stevenson)<\/a><\/p>\n<p>&nbsp;<\/p>\n<div id='gallery-2' class='gallery galleryid-2381 gallery-columns-3 gallery-size-medium'><figure class='gallery-item'>\n\t\t\t<div class='gallery-icon portrait'>\n\t\t\t\t<a href='https:\/\/stevenson-fontainebleau.fr\/2026\/03\/24\/assemblee-generale-dimanche-29-mars\/pm-20-10-19-27\/'><img loading=\"lazy\" decoding=\"async\" width=\"169\" height=\"300\" src=\"https:\/\/stevenson-fontainebleau.fr\/wp-content\/uploads\/2019\/10\/pm-20-10-19-27-e1571925828221-169x300.jpg\" class=\"attachment-medium size-medium\" alt=\"\" srcset=\"https:\/\/stevenson-fontainebleau.fr\/wp-content\/uploads\/2019\/10\/pm-20-10-19-27-e1571925828221-169x300.jpg 169w, https:\/\/stevenson-fontainebleau.fr\/wp-content\/uploads\/2019\/10\/pm-20-10-19-27-e1571925828221-768x1365.jpg 768w, https:\/\/stevenson-fontainebleau.fr\/wp-content\/uploads\/2019\/10\/pm-20-10-19-27-e1571925828221-576x1024.jpg 576w\" sizes=\"auto, (max-width: 169px) 100vw, 169px\" \/><\/a>\n\t\t\t<\/div><\/figure><figure class='gallery-item'>\n\t\t\t<div class='gallery-icon portrait'>\n\t\t\t\t<a href='https:\/\/stevenson-fontainebleau.fr\/2026\/03\/24\/assemblee-generale-dimanche-29-mars\/evenements-en-cours\/programme-2019\/randonnee-stevenson-du-20-10-2019\/le-20-10-2019\/btn_7478_w1\/'><img loading=\"lazy\" decoding=\"async\" width=\"197\" height=\"300\" src=\"https:\/\/stevenson-fontainebleau.fr\/wp-content\/uploads\/2019\/10\/BTN_7478_w1-197x300.jpg\" class=\"attachment-medium size-medium\" alt=\"\" srcset=\"https:\/\/stevenson-fontainebleau.fr\/wp-content\/uploads\/2019\/10\/BTN_7478_w1-197x300.jpg 197w, https:\/\/stevenson-fontainebleau.fr\/wp-content\/uploads\/2019\/10\/BTN_7478_w1-768x1170.jpg 768w, https:\/\/stevenson-fontainebleau.fr\/wp-content\/uploads\/2019\/10\/BTN_7478_w1-672x1024.jpg 672w, https:\/\/stevenson-fontainebleau.fr\/wp-content\/uploads\/2019\/10\/BTN_7478_w1.jpg 840w\" sizes=\"auto, (max-width: 197px) 100vw, 197px\" \/><\/a>\n\t\t\t<\/div><\/figure><figure class='gallery-item'>\n\t\t\t<div class='gallery-icon landscape'>\n\t\t\t\t<a href='https:\/\/stevenson-fontainebleau.fr\/2026\/03\/24\/assemblee-generale-dimanche-29-mars\/evenements-en-cours\/programme-2019\/randonnee-stevenson-du-20-10-2019\/le-20-10-2019\/btn_7481_w\/'><img loading=\"lazy\" decoding=\"async\" width=\"300\" height=\"225\" src=\"https:\/\/stevenson-fontainebleau.fr\/wp-content\/uploads\/2019\/10\/BTN_7481_w-300x225.jpg\" class=\"attachment-medium size-medium\" alt=\"\" srcset=\"https:\/\/stevenson-fontainebleau.fr\/wp-content\/uploads\/2019\/10\/BTN_7481_w-300x225.jpg 300w, https:\/\/stevenson-fontainebleau.fr\/wp-content\/uploads\/2019\/10\/BTN_7481_w-768x576.jpg 768w, https:\/\/stevenson-fontainebleau.fr\/wp-content\/uploads\/2019\/10\/BTN_7481_w-1024x768.jpg 1024w, https:\/\/stevenson-fontainebleau.fr\/wp-content\/uploads\/2019\/10\/BTN_7481_w.jpg 1920w\" sizes=\"auto, (max-width: 300px) 100vw, 300px\" \/><\/a>\n\t\t\t<\/div><\/figure><figure class='gallery-item'>\n\t\t\t<div class='gallery-icon landscape'>\n\t\t\t\t<a href='https:\/\/stevenson-fontainebleau.fr\/2026\/03\/24\/assemblee-generale-dimanche-29-mars\/evenements-en-cours\/programme-2019\/randonnee-stevenson-du-20-10-2019\/le-20-10-2019\/btn_7510_w\/'><img loading=\"lazy\" decoding=\"async\" width=\"300\" height=\"199\" src=\"https:\/\/stevenson-fontainebleau.fr\/wp-content\/uploads\/2019\/10\/BTN_7510_w-300x199.jpg\" class=\"attachment-medium size-medium\" alt=\"\" srcset=\"https:\/\/stevenson-fontainebleau.fr\/wp-content\/uploads\/2019\/10\/BTN_7510_w-300x199.jpg 300w, https:\/\/stevenson-fontainebleau.fr\/wp-content\/uploads\/2019\/10\/BTN_7510_w-768x509.jpg 768w, https:\/\/stevenson-fontainebleau.fr\/wp-content\/uploads\/2019\/10\/BTN_7510_w-1024x678.jpg 1024w, https:\/\/stevenson-fontainebleau.fr\/wp-content\/uploads\/2019\/10\/BTN_7510_w.jpg 1920w\" sizes=\"auto, (max-width: 300px) 100vw, 300px\" \/><\/a>\n\t\t\t<\/div><\/figure><figure class='gallery-item'>\n\t\t\t<div class='gallery-icon landscape'>\n\t\t\t\t<a href='https:\/\/stevenson-fontainebleau.fr\/2026\/03\/24\/assemblee-generale-dimanche-29-mars\/evenements-en-cours\/programme-2019\/randonnee-stevenson-du-20-10-2019\/le-20-10-2019\/btn_7505_w\/'><img loading=\"lazy\" decoding=\"async\" width=\"300\" height=\"200\" src=\"https:\/\/stevenson-fontainebleau.fr\/wp-content\/uploads\/2019\/10\/BTN_7505_w-300x200.jpg\" class=\"attachment-medium size-medium\" alt=\"\" srcset=\"https:\/\/stevenson-fontainebleau.fr\/wp-content\/uploads\/2019\/10\/BTN_7505_w-300x200.jpg 300w, https:\/\/stevenson-fontainebleau.fr\/wp-content\/uploads\/2019\/10\/BTN_7505_w-768x512.jpg 768w, https:\/\/stevenson-fontainebleau.fr\/wp-content\/uploads\/2019\/10\/BTN_7505_w-1024x683.jpg 1024w, https:\/\/stevenson-fontainebleau.fr\/wp-content\/uploads\/2019\/10\/BTN_7505_w.jpg 1920w\" sizes=\"auto, (max-width: 300px) 100vw, 300px\" \/><\/a>\n\t\t\t<\/div><\/figure><figure class='gallery-item'>\n\t\t\t<div class='gallery-icon landscape'>\n\t\t\t\t<a href='https:\/\/stevenson-fontainebleau.fr\/2026\/03\/24\/assemblee-generale-dimanche-29-mars\/evenements-en-cours\/programme-2019\/randonnee-stevenson-du-20-10-2019\/le-20-10-2019\/btn_7472_w\/'><img loading=\"lazy\" decoding=\"async\" width=\"300\" height=\"199\" src=\"https:\/\/stevenson-fontainebleau.fr\/wp-content\/uploads\/2019\/10\/BTN_7472_w-300x199.jpg\" class=\"attachment-medium size-medium\" alt=\"\" srcset=\"https:\/\/stevenson-fontainebleau.fr\/wp-content\/uploads\/2019\/10\/BTN_7472_w-300x199.jpg 300w, https:\/\/stevenson-fontainebleau.fr\/wp-content\/uploads\/2019\/10\/BTN_7472_w-768x509.jpg 768w, https:\/\/stevenson-fontainebleau.fr\/wp-content\/uploads\/2019\/10\/BTN_7472_w-1024x678.jpg 1024w, https:\/\/stevenson-fontainebleau.fr\/wp-content\/uploads\/2019\/10\/BTN_7472_w.jpg 1920w\" sizes=\"auto, (max-width: 300px) 100vw, 300px\" \/><\/a>\n\t\t\t<\/div><\/figure><figure class='gallery-item'>\n\t\t\t<div class='gallery-icon landscape'>\n\t\t\t\t<a href='https:\/\/stevenson-fontainebleau.fr\/2026\/03\/24\/assemblee-generale-dimanche-29-mars\/evenements-en-cours\/programme-2019\/randonnee-stevenson-du-20-10-2019\/le-20-10-2019\/btn_7552_w\/'><img loading=\"lazy\" decoding=\"async\" width=\"300\" height=\"199\" src=\"https:\/\/stevenson-fontainebleau.fr\/wp-content\/uploads\/2019\/10\/BTN_7552_w-300x199.jpg\" class=\"attachment-medium size-medium\" alt=\"\" srcset=\"https:\/\/stevenson-fontainebleau.fr\/wp-content\/uploads\/2019\/10\/BTN_7552_w-300x199.jpg 300w, https:\/\/stevenson-fontainebleau.fr\/wp-content\/uploads\/2019\/10\/BTN_7552_w-768x509.jpg 768w, https:\/\/stevenson-fontainebleau.fr\/wp-content\/uploads\/2019\/10\/BTN_7552_w-1024x678.jpg 1024w, https:\/\/stevenson-fontainebleau.fr\/wp-content\/uploads\/2019\/10\/BTN_7552_w.jpg 1920w\" sizes=\"auto, (max-width: 300px) 100vw, 300px\" \/><\/a>\n\t\t\t<\/div><\/figure><figure class='gallery-item'>\n\t\t\t<div class='gallery-icon landscape'>\n\t\t\t\t<a href='https:\/\/stevenson-fontainebleau.fr\/2026\/03\/24\/assemblee-generale-dimanche-29-mars\/evenements-en-cours\/programme-2019\/randonnee-stevenson-du-20-10-2019\/le-20-10-2019\/btn_7550_w\/'><img loading=\"lazy\" decoding=\"async\" width=\"300\" height=\"200\" src=\"https:\/\/stevenson-fontainebleau.fr\/wp-content\/uploads\/2019\/10\/BTN_7550_w-300x200.jpg\" class=\"attachment-medium size-medium\" alt=\"\" srcset=\"https:\/\/stevenson-fontainebleau.fr\/wp-content\/uploads\/2019\/10\/BTN_7550_w-300x200.jpg 300w, https:\/\/stevenson-fontainebleau.fr\/wp-content\/uploads\/2019\/10\/BTN_7550_w-768x512.jpg 768w, https:\/\/stevenson-fontainebleau.fr\/wp-content\/uploads\/2019\/10\/BTN_7550_w-1024x683.jpg 1024w, https:\/\/stevenson-fontainebleau.fr\/wp-content\/uploads\/2019\/10\/BTN_7550_w.jpg 1920w\" sizes=\"auto, (max-width: 300px) 100vw, 300px\" \/><\/a>\n\t\t\t<\/div><\/figure><figure class='gallery-item'>\n\t\t\t<div class='gallery-icon landscape'>\n\t\t\t\t<a href='https:\/\/stevenson-fontainebleau.fr\/2026\/03\/24\/assemblee-generale-dimanche-29-mars\/evenements-en-cours\/programme-2019\/randonnee-stevenson-du-20-10-2019\/le-20-10-2019\/btn_7498_w\/'><img loading=\"lazy\" decoding=\"async\" width=\"300\" height=\"200\" src=\"https:\/\/stevenson-fontainebleau.fr\/wp-content\/uploads\/2019\/10\/BTN_7498_w-300x200.jpg\" class=\"attachment-medium size-medium\" alt=\"\" srcset=\"https:\/\/stevenson-fontainebleau.fr\/wp-content\/uploads\/2019\/10\/BTN_7498_w-300x200.jpg 300w, https:\/\/stevenson-fontainebleau.fr\/wp-content\/uploads\/2019\/10\/BTN_7498_w-768x512.jpg 768w, https:\/\/stevenson-fontainebleau.fr\/wp-content\/uploads\/2019\/10\/BTN_7498_w-1024x683.jpg 1024w, https:\/\/stevenson-fontainebleau.fr\/wp-content\/uploads\/2019\/10\/BTN_7498_w.jpg 1920w\" sizes=\"auto, (max-width: 300px) 100vw, 300px\" \/><\/a>\n\t\t\t<\/div><\/figure><figure class='gallery-item'>\n\t\t\t<div class='gallery-icon portrait'>\n\t\t\t\t<a href='https:\/\/stevenson-fontainebleau.fr\/2026\/03\/24\/assemblee-generale-dimanche-29-mars\/evenements-en-cours\/programme-2019\/randonnee-stevenson-du-20-10-2019\/le-20-10-2019\/btn_7497_w\/'><img loading=\"lazy\" decoding=\"async\" width=\"197\" height=\"300\" src=\"https:\/\/stevenson-fontainebleau.fr\/wp-content\/uploads\/2019\/10\/BTN_7497_w-197x300.jpg\" class=\"attachment-medium size-medium\" alt=\"\" srcset=\"https:\/\/stevenson-fontainebleau.fr\/wp-content\/uploads\/2019\/10\/BTN_7497_w-197x300.jpg 197w, https:\/\/stevenson-fontainebleau.fr\/wp-content\/uploads\/2019\/10\/BTN_7497_w-768x1170.jpg 768w, https:\/\/stevenson-fontainebleau.fr\/wp-content\/uploads\/2019\/10\/BTN_7497_w-672x1024.jpg 672w, https:\/\/stevenson-fontainebleau.fr\/wp-content\/uploads\/2019\/10\/BTN_7497_w.jpg 840w\" sizes=\"auto, (max-width: 197px) 100vw, 197px\" \/><\/a>\n\t\t\t<\/div><\/figure><figure class='gallery-item'>\n\t\t\t<div class='gallery-icon portrait'>\n\t\t\t\t<a href='https:\/\/stevenson-fontainebleau.fr\/2026\/03\/24\/assemblee-generale-dimanche-29-mars\/evenements-en-cours\/programme-2019\/randonnee-stevenson-du-20-10-2019\/le-20-10-2019\/btn_7568_w\/'><img loading=\"lazy\" decoding=\"async\" width=\"199\" height=\"300\" src=\"https:\/\/stevenson-fontainebleau.fr\/wp-content\/uploads\/2019\/10\/BTN_7568_w-199x300.jpg\" class=\"attachment-medium size-medium\" alt=\"\" srcset=\"https:\/\/stevenson-fontainebleau.fr\/wp-content\/uploads\/2019\/10\/BTN_7568_w-199x300.jpg 199w, https:\/\/stevenson-fontainebleau.fr\/wp-content\/uploads\/2019\/10\/BTN_7568_w-768x1159.jpg 768w, https:\/\/stevenson-fontainebleau.fr\/wp-content\/uploads\/2019\/10\/BTN_7568_w-678x1024.jpg 678w, https:\/\/stevenson-fontainebleau.fr\/wp-content\/uploads\/2019\/10\/BTN_7568_w.jpg 848w\" sizes=\"auto, (max-width: 199px) 100vw, 199px\" \/><\/a>\n\t\t\t<\/div><\/figure><figure class='gallery-item'>\n\t\t\t<div class='gallery-icon portrait'>\n\t\t\t\t<a href='https:\/\/stevenson-fontainebleau.fr\/2026\/03\/24\/assemblee-generale-dimanche-29-mars\/evenements-en-cours\/programme-2019\/randonnee-stevenson-du-20-10-2019\/le-20-10-2019\/btn_7554_w\/'><img loading=\"lazy\" decoding=\"async\" width=\"225\" height=\"300\" src=\"https:\/\/stevenson-fontainebleau.fr\/wp-content\/uploads\/2019\/10\/BTN_7554_w-225x300.jpg\" class=\"attachment-medium size-medium\" alt=\"\" srcset=\"https:\/\/stevenson-fontainebleau.fr\/wp-content\/uploads\/2019\/10\/BTN_7554_w-225x300.jpg 225w, https:\/\/stevenson-fontainebleau.fr\/wp-content\/uploads\/2019\/10\/BTN_7554_w-768x1024.jpg 768w, https:\/\/stevenson-fontainebleau.fr\/wp-content\/uploads\/2019\/10\/BTN_7554_w.jpg 960w\" sizes=\"auto, (max-width: 225px) 100vw, 225px\" \/><\/a>\n\t\t\t<\/div><\/figure><figure class='gallery-item'>\n\t\t\t<div class='gallery-icon landscape'>\n\t\t\t\t<a href='https:\/\/stevenson-fontainebleau.fr\/2026\/03\/24\/assemblee-generale-dimanche-29-mars\/evenements-en-cours\/programme-2019\/randonnee-stevenson-du-20-10-2019\/le-20-10-2019\/btn_7558_w\/'><img loading=\"lazy\" decoding=\"async\" width=\"300\" height=\"225\" src=\"https:\/\/stevenson-fontainebleau.fr\/wp-content\/uploads\/2019\/10\/BTN_7558_w-300x225.jpg\" class=\"attachment-medium size-medium\" alt=\"\" srcset=\"https:\/\/stevenson-fontainebleau.fr\/wp-content\/uploads\/2019\/10\/BTN_7558_w-300x225.jpg 300w, https:\/\/stevenson-fontainebleau.fr\/wp-content\/uploads\/2019\/10\/BTN_7558_w-768x576.jpg 768w, https:\/\/stevenson-fontainebleau.fr\/wp-content\/uploads\/2019\/10\/BTN_7558_w-1024x768.jpg 1024w, https:\/\/stevenson-fontainebleau.fr\/wp-content\/uploads\/2019\/10\/BTN_7558_w.jpg 1920w\" sizes=\"auto, (max-width: 300px) 100vw, 300px\" \/><\/a>\n\t\t\t<\/div><\/figure><figure class='gallery-item'>\n\t\t\t<div class='gallery-icon landscape'>\n\t\t\t\t<a href='https:\/\/stevenson-fontainebleau.fr\/2026\/03\/24\/assemblee-generale-dimanche-29-mars\/evenements-en-cours\/programme-2019\/randonnee-stevenson-du-20-10-2019\/le-20-10-2019\/pm-20-10-19-5\/'><img loading=\"lazy\" decoding=\"async\" width=\"300\" height=\"169\" src=\"https:\/\/stevenson-fontainebleau.fr\/wp-content\/uploads\/2019\/10\/pm-20-10-19-5-300x169.jpg\" class=\"attachment-medium size-medium\" alt=\"\" srcset=\"https:\/\/stevenson-fontainebleau.fr\/wp-content\/uploads\/2019\/10\/pm-20-10-19-5-300x169.jpg 300w, https:\/\/stevenson-fontainebleau.fr\/wp-content\/uploads\/2019\/10\/pm-20-10-19-5-768x432.jpg 768w, https:\/\/stevenson-fontainebleau.fr\/wp-content\/uploads\/2019\/10\/pm-20-10-19-5-1024x576.jpg 1024w\" sizes=\"auto, (max-width: 300px) 100vw, 300px\" \/><\/a>\n\t\t\t<\/div><\/figure><figure class='gallery-item'>\n\t\t\t<div class='gallery-icon landscape'>\n\t\t\t\t<a href='https:\/\/stevenson-fontainebleau.fr\/2026\/03\/24\/assemblee-generale-dimanche-29-mars\/evenements-en-cours\/programme-2019\/randonnee-stevenson-du-20-10-2019\/le-20-10-2019\/btn_7583_w\/'><img loading=\"lazy\" decoding=\"async\" width=\"300\" height=\"225\" src=\"https:\/\/stevenson-fontainebleau.fr\/wp-content\/uploads\/2019\/10\/BTN_7583_w-300x225.jpg\" class=\"attachment-medium size-medium\" alt=\"\" srcset=\"https:\/\/stevenson-fontainebleau.fr\/wp-content\/uploads\/2019\/10\/BTN_7583_w-300x225.jpg 300w, https:\/\/stevenson-fontainebleau.fr\/wp-content\/uploads\/2019\/10\/BTN_7583_w-768x576.jpg 768w, https:\/\/stevenson-fontainebleau.fr\/wp-content\/uploads\/2019\/10\/BTN_7583_w-1024x768.jpg 1024w, https:\/\/stevenson-fontainebleau.fr\/wp-content\/uploads\/2019\/10\/BTN_7583_w.jpg 1920w\" sizes=\"auto, (max-width: 300px) 100vw, 300px\" \/><\/a>\n\t\t\t<\/div><\/figure><figure class='gallery-item'>\n\t\t\t<div class='gallery-icon landscape'>\n\t\t\t\t<a href='https:\/\/stevenson-fontainebleau.fr\/2026\/03\/24\/assemblee-generale-dimanche-29-mars\/evenements-en-cours\/programme-2019\/randonnee-stevenson-du-20-10-2019\/le-20-10-2019\/btn_7581_w\/'><img loading=\"lazy\" decoding=\"async\" width=\"300\" height=\"200\" src=\"https:\/\/stevenson-fontainebleau.fr\/wp-content\/uploads\/2019\/10\/BTN_7581_w-300x200.jpg\" class=\"attachment-medium size-medium\" alt=\"\" srcset=\"https:\/\/stevenson-fontainebleau.fr\/wp-content\/uploads\/2019\/10\/BTN_7581_w-300x200.jpg 300w, https:\/\/stevenson-fontainebleau.fr\/wp-content\/uploads\/2019\/10\/BTN_7581_w-768x512.jpg 768w, https:\/\/stevenson-fontainebleau.fr\/wp-content\/uploads\/2019\/10\/BTN_7581_w-1024x683.jpg 1024w, https:\/\/stevenson-fontainebleau.fr\/wp-content\/uploads\/2019\/10\/BTN_7581_w.jpg 1920w\" sizes=\"auto, (max-width: 300px) 100vw, 300px\" \/><\/a>\n\t\t\t<\/div><\/figure>\n\t\t<\/div>\n\n<div id='gallery-3' class='gallery galleryid-2381 gallery-columns-3 gallery-size-thumbnail'><figure class='gallery-item'>\n\t\t\t<div class='gallery-icon landscape'>\n\t\t\t\t<a href='https:\/\/stevenson-fontainebleau.fr\/2026\/03\/24\/assemblee-generale-dimanche-29-mars\/evenements-en-cours\/programme-2019\/randonnee-stevenson-du-20-10-2019\/le-20-10-2019\/btn_7466_w\/'><img loading=\"lazy\" decoding=\"async\" width=\"150\" height=\"150\" src=\"https:\/\/stevenson-fontainebleau.fr\/wp-content\/uploads\/2019\/10\/BTN_7466_w-150x150.jpg\" class=\"attachment-thumbnail size-thumbnail\" alt=\"\" \/><\/a>\n\t\t\t<\/div><\/figure><figure class='gallery-item'>\n\t\t\t<div class='gallery-icon landscape'>\n\t\t\t\t<a href='https:\/\/stevenson-fontainebleau.fr\/2026\/03\/24\/assemblee-generale-dimanche-29-mars\/evenements-en-cours\/programme-2019\/randonnee-stevenson-du-20-10-2019\/le-20-10-2019\/btn_7458_w\/'><img loading=\"lazy\" decoding=\"async\" width=\"150\" height=\"150\" src=\"https:\/\/stevenson-fontainebleau.fr\/wp-content\/uploads\/2019\/10\/BTN_7458_w-150x150.jpg\" class=\"attachment-thumbnail size-thumbnail\" alt=\"\" srcset=\"https:\/\/stevenson-fontainebleau.fr\/wp-content\/uploads\/2019\/10\/BTN_7458_w-150x150.jpg 150w, https:\/\/stevenson-fontainebleau.fr\/wp-content\/uploads\/2019\/10\/BTN_7458_w-300x300.jpg 300w, https:\/\/stevenson-fontainebleau.fr\/wp-content\/uploads\/2019\/10\/BTN_7458_w-768x768.jpg 768w, https:\/\/stevenson-fontainebleau.fr\/wp-content\/uploads\/2019\/10\/BTN_7458_w-1024x1024.jpg 1024w, https:\/\/stevenson-fontainebleau.fr\/wp-content\/uploads\/2019\/10\/BTN_7458_w.jpg 1280w\" sizes=\"auto, (max-width: 150px) 100vw, 150px\" \/><\/a>\n\t\t\t<\/div><\/figure><figure class='gallery-item'>\n\t\t\t<div class='gallery-icon landscape'>\n\t\t\t\t<a href='https:\/\/stevenson-fontainebleau.fr\/2026\/03\/24\/assemblee-generale-dimanche-29-mars\/evenements-en-cours\/programme-2019\/randonnee-stevenson-du-20-10-2019\/le-20-10-2019\/btn_7579_w1\/'><img loading=\"lazy\" decoding=\"async\" width=\"150\" height=\"150\" src=\"https:\/\/stevenson-fontainebleau.fr\/wp-content\/uploads\/2019\/10\/BTN_7579_w1-150x150.jpg\" class=\"attachment-thumbnail size-thumbnail\" alt=\"\" srcset=\"https:\/\/stevenson-fontainebleau.fr\/wp-content\/uploads\/2019\/10\/BTN_7579_w1-150x150.jpg 150w, https:\/\/stevenson-fontainebleau.fr\/wp-content\/uploads\/2019\/10\/BTN_7579_w1-300x300.jpg 300w, https:\/\/stevenson-fontainebleau.fr\/wp-content\/uploads\/2019\/10\/BTN_7579_w1-768x768.jpg 768w, https:\/\/stevenson-fontainebleau.fr\/wp-content\/uploads\/2019\/10\/BTN_7579_w1-1024x1024.jpg 1024w, https:\/\/stevenson-fontainebleau.fr\/wp-content\/uploads\/2019\/10\/BTN_7579_w1.jpg 1920w\" sizes=\"auto, (max-width: 150px) 100vw, 150px\" \/><\/a>\n\t\t\t<\/div><\/figure>\n\t\t<\/div>\n\n","protected":false},"excerpt":{"rendered":"<p>Journ\u00e9e Stevenson de ce dimanche De Larchant nous part\u00eemes \u00e0 cinq mais en arrivant \u00e0 Villiers, nous nous v\u00eemes soixante par l&rsquo;arriv\u00e9e rapide du groupe parti de Grez dont les plus courageux avaient plant\u00e9 le rosier. Les plus mouill\u00e9s reprenaient du courage, les marcheurs br\u00fblant d&rsquo;impatience, le nombre augmentait \u00e0 cette heure et le d\u00e9part &hellip; <a href=\"https:\/\/stevenson-fontainebleau.fr\/2026\/03\/24\/assemblee-generale-dimanche-29-mars\/evenements-en-cours\/programme-2019\/randonnee-stevenson-du-20-10-2019\/le-20-10-2019\/\" class=\"more-link\">Continuer la lecture de <span class=\"screen-reader-text\">Le 20\/10\/2019<\/span>  <span class=\"meta-nav\">&rarr;<\/span><\/a><\/p>\n","protected":false},"author":1,"featured_media":0,"parent":2379,"menu_order":0,"comment_status":"closed","ping_status":"closed","template":"","meta":{"footnotes":""},"class_list":["post-2381","page","type-page","status-publish","hentry"],"_links":{"self":[{"href":"https:\/\/stevenson-fontainebleau.fr\/2026\/03\/24\/assemblee-generale-dimanche-29-mars\/wp-json\/wp\/v2\/pages\/2381","targetHints":{"allow":["GET"]}}],"collection":[{"href":"https:\/\/stevenson-fontainebleau.fr\/2026\/03\/24\/assemblee-generale-dimanche-29-mars\/wp-json\/wp\/v2\/pages"}],"about":[{"href":"https:\/\/stevenson-fontainebleau.fr\/2026\/03\/24\/assemblee-generale-dimanche-29-mars\/wp-json\/wp\/v2\/types\/page"}],"author":[{"embeddable":true,"href":"https:\/\/stevenson-fontainebleau.fr\/2026\/03\/24\/assemblee-generale-dimanche-29-mars\/wp-json\/wp\/v2\/users\/1"}],"replies":[{"embeddable":true,"href":"https:\/\/stevenson-fontainebleau.fr\/2026\/03\/24\/assemblee-generale-dimanche-29-mars\/wp-json\/wp\/v2\/comments?post=2381"}],"version-history":[{"count":25,"href":"https:\/\/stevenson-fontainebleau.fr\/2026\/03\/24\/assemblee-generale-dimanche-29-mars\/wp-json\/wp\/v2\/pages\/2381\/revisions"}],"predecessor-version":[{"id":2483,"href":"https:\/\/stevenson-fontainebleau.fr\/2026\/03\/24\/assemblee-generale-dimanche-29-mars\/wp-json\/wp\/v2\/pages\/2381\/revisions\/2483"}],"up":[{"embeddable":true,"href":"https:\/\/stevenson-fontainebleau.fr\/2026\/03\/24\/assemblee-generale-dimanche-29-mars\/wp-json\/wp\/v2\/pages\/2379"}],"wp:attachment":[{"href":"https:\/\/stevenson-fontainebleau.fr\/2026\/03\/24\/assemblee-generale-dimanche-29-mars\/wp-json\/wp\/v2\/media?parent=2381"}],"curies":[{"name":"wp","href":"https:\/\/api.w.org\/{rel}","templated":true}]}}