{"id":2379,"date":"2019-10-23T10:36:24","date_gmt":"2019-10-23T09:36:24","guid":{"rendered":"http:\/\/stevenson-fontainebleau.fr\/?page_id=2379"},"modified":"2019-10-23T10:36:43","modified_gmt":"2019-10-23T09:36:43","slug":"randonnee-stevenson-du-20-10-2019","status":"publish","type":"page","link":"https:\/\/stevenson-fontainebleau.fr\/2026\/03\/24\/assemblee-generale-dimanche-29-mars\/evenements-en-cours\/programme-2019\/randonnee-stevenson-du-20-10-2019\/","title":{"rendered":"RANDONN\u00c9E STEVENSON DU 20\/10\/2019"},"content":{"rendered":"<p>Et comme chaque ann\u00e9e, mais encore en mieux cette ann\u00e9e, Stevenson \u00e0 Recloses depuis Grez sur Loing, Villiers et Larchant, randonnez comme vous aimez mais inscrivez vous si vous voulez un ou des repas, \u00e0 bient\u00f4t \u00e0 toutes et \u00e0 tous.<\/p>\n<p>Michel Legros<\/p>\n<p><img loading=\"lazy\" decoding=\"async\" class=\"size-full wp-image-2369 aligncenter\" src=\"http:\/\/stevenson-fontainebleau.fr\/wp-content\/uploads\/2019\/10\/72884164_2687800531251678_816130007708467200_n1.jpg\" alt=\"\" width=\"679\" height=\"951\" srcset=\"https:\/\/stevenson-fontainebleau.fr\/wp-content\/uploads\/2019\/10\/72884164_2687800531251678_816130007708467200_n1.jpg 679w, https:\/\/stevenson-fontainebleau.fr\/wp-content\/uploads\/2019\/10\/72884164_2687800531251678_816130007708467200_n1-214x300.jpg 214w\" sizes=\"auto, (max-width: 679px) 100vw, 679px\" \/><\/p>\n","protected":false},"excerpt":{"rendered":"<p>Et comme chaque ann\u00e9e, mais encore en mieux cette ann\u00e9e, Stevenson \u00e0 Recloses depuis Grez sur Loing, Villiers et Larchant, randonnez comme vous aimez mais inscrivez vous si vous voulez un ou des repas, \u00e0 bient\u00f4t \u00e0 toutes et \u00e0 tous. Michel Legros<\/p>\n","protected":false},"author":1,"featured_media":0,"parent":2195,"menu_order":0,"comment_status":"closed","ping_status":"closed","template":"","meta":{"footnotes":""},"class_list":["post-2379","page","type-page","status-publish","hentry"],"_links":{"self":[{"href":"https:\/\/stevenson-fontainebleau.fr\/2026\/03\/24\/assemblee-generale-dimanche-29-mars\/wp-json\/wp\/v2\/pages\/2379","targetHints":{"allow":["GET"]}}],"collection":[{"href":"https:\/\/stevenson-fontainebleau.fr\/2026\/03\/24\/assemblee-generale-dimanche-29-mars\/wp-json\/wp\/v2\/pages"}],"about":[{"href":"https:\/\/stevenson-fontainebleau.fr\/2026\/03\/24\/assemblee-generale-dimanche-29-mars\/wp-json\/wp\/v2\/types\/page"}],"author":[{"embeddable":true,"href":"https:\/\/stevenson-fontainebleau.fr\/2026\/03\/24\/assemblee-generale-dimanche-29-mars\/wp-json\/wp\/v2\/users\/1"}],"replies":[{"embeddable":true,"href":"https:\/\/stevenson-fontainebleau.fr\/2026\/03\/24\/assemblee-generale-dimanche-29-mars\/wp-json\/wp\/v2\/comments?post=2379"}],"version-history":[{"count":1,"href":"https:\/\/stevenson-fontainebleau.fr\/2026\/03\/24\/assemblee-generale-dimanche-29-mars\/wp-json\/wp\/v2\/pages\/2379\/revisions"}],"predecessor-version":[{"id":2380,"href":"https:\/\/stevenson-fontainebleau.fr\/2026\/03\/24\/assemblee-generale-dimanche-29-mars\/wp-json\/wp\/v2\/pages\/2379\/revisions\/2380"}],"up":[{"embeddable":true,"href":"https:\/\/stevenson-fontainebleau.fr\/2026\/03\/24\/assemblee-generale-dimanche-29-mars\/wp-json\/wp\/v2\/pages\/2195"}],"wp:attachment":[{"href":"https:\/\/stevenson-fontainebleau.fr\/2026\/03\/24\/assemblee-generale-dimanche-29-mars\/wp-json\/wp\/v2\/media?parent=2379"}],"curies":[{"name":"wp","href":"https:\/\/api.w.org\/{rel}","templated":true}]}}