{"id":2244,"date":"2019-06-22T15:14:50","date_gmt":"2019-06-22T14:14:50","guid":{"rendered":"http:\/\/stevenson-fontainebleau.fr\/?page_id=2244"},"modified":"2019-08-27T09:54:22","modified_gmt":"2019-08-27T08:54:22","slug":"ce-dimanche-1er-mai-2019","status":"publish","type":"page","link":"https:\/\/stevenson-fontainebleau.fr\/2026\/03\/24\/assemblee-generale-dimanche-29-mars\/evenements-en-cours\/programme-2019\/ce-dimanche-1er-mai-2019\/","title":{"rendered":"Balade litt\u00e9raire"},"content":{"rendered":"<h2>Balade litt\u00e9raire multilingue mercredi 1er mai 2019<\/h2>\n<p>Nous nous retrouvons une trentaine au lieu de rendez-vous sous un soleil bien timide mais sous la bonne \u00e9toile de Robert-Louis Stevenson et, aid\u00e9s d\u2019une bonne tasse de caf\u00e9, nous d\u00e9marrons notre balade multilingue.<br \/>\nNous retrouvons des amis et quelques nouveaux compagnons qui, lors de nos arr\u00eats en for\u00eat, \u00e9couteront avec int\u00e9r\u00eat les textes lus en anglais, allemand, italien de Robert-Louis Stevenson, Katherine Mansfield, Paul Fort, personnages illustres ayant v\u00e9cu dans notre r\u00e9gion.<\/p>\n<h4>Discussion, for\u00eat, litt\u00e9rature<\/h4>\n<p><img loading=\"lazy\" decoding=\"async\" class=\"size-large wp-image-2263 aligncenter\" src=\"http:\/\/stevenson-fontainebleau.fr\/wp-content\/uploads\/2019\/06\/P1070721_w-1024x682.jpg\" alt=\"\" width=\"474\" height=\"316\" srcset=\"https:\/\/stevenson-fontainebleau.fr\/wp-content\/uploads\/2019\/06\/P1070721_w-1024x682.jpg 1024w, https:\/\/stevenson-fontainebleau.fr\/wp-content\/uploads\/2019\/06\/P1070721_w-300x200.jpg 300w, https:\/\/stevenson-fontainebleau.fr\/wp-content\/uploads\/2019\/06\/P1070721_w-768x512.jpg 768w, https:\/\/stevenson-fontainebleau.fr\/wp-content\/uploads\/2019\/06\/P1070721_w.jpg 1280w\" sizes=\"auto, (max-width: 474px) 100vw, 474px\" \/><\/p>\n<p>&nbsp;<\/p>\n<p>&nbsp;<\/p>\n<p style=\"text-align: center;\"><img loading=\"lazy\" decoding=\"async\" class=\"wp-image-2259 alignnone\" src=\"http:\/\/stevenson-fontainebleau.fr\/wp-content\/uploads\/2019\/06\/P1070708_w-1024x768.jpg\" alt=\"\" width=\"251\" height=\"189\" srcset=\"https:\/\/stevenson-fontainebleau.fr\/wp-content\/uploads\/2019\/06\/P1070708_w-1024x768.jpg 1024w, https:\/\/stevenson-fontainebleau.fr\/wp-content\/uploads\/2019\/06\/P1070708_w-300x225.jpg 300w, https:\/\/stevenson-fontainebleau.fr\/wp-content\/uploads\/2019\/06\/P1070708_w-768x576.jpg 768w, https:\/\/stevenson-fontainebleau.fr\/wp-content\/uploads\/2019\/06\/P1070708_w.jpg 1280w\" sizes=\"auto, (max-width: 251px) 100vw, 251px\" \/> \u00a0 <img loading=\"lazy\" decoding=\"async\" class=\"wp-image-2261 alignnone\" src=\"http:\/\/stevenson-fontainebleau.fr\/wp-content\/uploads\/2019\/06\/P1070711_w-683x1024.jpg\" alt=\"\" width=\"163\" height=\"246\" srcset=\"https:\/\/stevenson-fontainebleau.fr\/wp-content\/uploads\/2019\/06\/P1070711_w-200x300.jpg 200w, https:\/\/stevenson-fontainebleau.fr\/wp-content\/uploads\/2019\/06\/P1070711_w.jpg 720w\" sizes=\"auto, (max-width: 163px) 100vw, 163px\" \/> \u00a0 <img loading=\"lazy\" decoding=\"async\" class=\"wp-image-2260 alignnone\" src=\"http:\/\/stevenson-fontainebleau.fr\/wp-content\/uploads\/2019\/06\/P1070709_nbw-683x1024.jpg\" alt=\"\" width=\"168\" height=\"253\" srcset=\"https:\/\/stevenson-fontainebleau.fr\/wp-content\/uploads\/2019\/06\/P1070709_nbw-683x1024.jpg 683w, https:\/\/stevenson-fontainebleau.fr\/wp-content\/uploads\/2019\/06\/P1070709_nbw-200x300.jpg 200w, https:\/\/stevenson-fontainebleau.fr\/wp-content\/uploads\/2019\/06\/P1070709_nbw.jpg 720w\" sizes=\"auto, (max-width: 168px) 100vw, 168px\" \/> \u00a0\u00a0 <img loading=\"lazy\" decoding=\"async\" class=\"wp-image-2265 alignnone\" src=\"http:\/\/stevenson-fontainebleau.fr\/wp-content\/uploads\/2019\/06\/P1070727_nbw-683x1024.jpg\" alt=\"\" width=\"154\" height=\"233\" \/><\/p>\n<p style=\"text-align: center;\">\u00a0 \u00a0 \u00a0 \u00a0 \u00a0 \u00a0 . Italien et anglais \u00a0 \u00a0 \u00a0 \u00a0 \u00a0 \u00a0 \u00a0 \u00a0 \u00a0 \u00a0 \u00a0 \u00a0 \u00a0 \u00a0 \u00a0 \u00a0 \u00a0 \u00a0 \u00a0 \u00a0 \u00a0\u00a0 fran\u00e7ais \u00a0 \u00a0 \u00a0 \u00a0 \u00a0 \u00a0 \u00a0 \u00a0 \u00a0 \u00a0 \u00a0 \u00a0 \u00a0 \u00a0 \u00a0 \u00a0 \u00a0 \u00a0\u00a0 allemand \u00a0 \u00a0 \u00a0 \u00a0 \u00a0 \u00a0 \u00a0 \u00a0 \u00a0 \u00a0 \u00a0 \u00a0 \u00a0 \u00a0 \u00a0 \u00a0 \u00ab\u00a0la supplique de l&rsquo;arbre\u00a0\u00bb<\/p>\n<p>&nbsp;<\/p>\n<p style=\"text-align: center;\">Au fur et \u00e0 mesure, le soleil s\u2019int\u00e9resse \u00e0 nous et finira par briller de tous ses rayons durant notre balade litt\u00e9raire.<\/p>\n<p><img loading=\"lazy\" decoding=\"async\" class=\"size-large wp-image-2246 aligncenter\" style=\"background-color: transparent; color: #000000; font-family: Verdana,Arial,Helvetica,sans-serif; font-size: 14px; font-style: normal; font-variant: normal; font-weight: 400; letter-spacing: normal; orphans: 2; outline-color: #000000; outline-style: solid; outline-width: 1px; text-align: center; text-decoration: none; text-indent: 0px; text-transform: none; -webkit-text-stroke-width: 0px; white-space: normal; word-spacing: 0px;\" src=\"http:\/\/stevenson-fontainebleau.fr\/wp-content\/uploads\/2019\/06\/P1070679_w-1024x682.jpg\" alt=\"\" width=\"474\" height=\"316\" srcset=\"https:\/\/stevenson-fontainebleau.fr\/wp-content\/uploads\/2019\/06\/P1070679_w-1024x682.jpg 1024w, https:\/\/stevenson-fontainebleau.fr\/wp-content\/uploads\/2019\/06\/P1070679_w-300x200.jpg 300w, https:\/\/stevenson-fontainebleau.fr\/wp-content\/uploads\/2019\/06\/P1070679_w-768x511.jpg 768w, https:\/\/stevenson-fontainebleau.fr\/wp-content\/uploads\/2019\/06\/P1070679_w.jpg 1280w\" sizes=\"auto, (max-width: 474px) 100vw, 474px\" \/><b><\/b><i><\/i><u><\/u><\/p>\n<h4 style=\"text-align: left;\">\u00a0<span style=\"text-decoration: underline;\">U<\/span>n bon pique-nique au bord de l\u2019eau<\/h4>\n<p><img loading=\"lazy\" decoding=\"async\" class=\"size-large wp-image-2252 aligncenter\" src=\"http:\/\/stevenson-fontainebleau.fr\/wp-content\/uploads\/2019\/06\/P1070693_w-1024x682.jpg\" alt=\"\" width=\"474\" height=\"316\" srcset=\"https:\/\/stevenson-fontainebleau.fr\/wp-content\/uploads\/2019\/06\/P1070693_w-1024x682.jpg 1024w, https:\/\/stevenson-fontainebleau.fr\/wp-content\/uploads\/2019\/06\/P1070693_w-300x200.jpg 300w, https:\/\/stevenson-fontainebleau.fr\/wp-content\/uploads\/2019\/06\/P1070693_w-768x512.jpg 768w, https:\/\/stevenson-fontainebleau.fr\/wp-content\/uploads\/2019\/06\/P1070693_w.jpg 1280w\" sizes=\"auto, (max-width: 474px) 100vw, 474px\" \/><\/p>\n<h4 style=\"text-align: left;\">Pour rentrer par les chemins<\/h4>\n<p><img loading=\"lazy\" decoding=\"async\" class=\"wp-image-2250 alignnone\" src=\"http:\/\/stevenson-fontainebleau.fr\/wp-content\/uploads\/2019\/06\/P1070690_w-683x1024.jpg\" alt=\"\" width=\"206\" height=\"310\" srcset=\"https:\/\/stevenson-fontainebleau.fr\/wp-content\/uploads\/2019\/06\/P1070690_w-683x1024.jpg 683w, https:\/\/stevenson-fontainebleau.fr\/wp-content\/uploads\/2019\/06\/P1070690_w-200x300.jpg 200w, https:\/\/stevenson-fontainebleau.fr\/wp-content\/uploads\/2019\/06\/P1070690_w.jpg 720w\" sizes=\"auto, (max-width: 206px) 100vw, 206px\" \/> \u00a0\u00a0 <img loading=\"lazy\" decoding=\"async\" class=\"wp-image-2249 alignnone\" style=\"background-color: transparent; color: #000000; font-family: Verdana,Arial,Helvetica,sans-serif; font-size: 14px; font-style: normal; font-variant: normal; font-weight: 400; letter-spacing: normal; orphans: 2; outline-color: #000000; outline-style: solid; outline-width: 1px; text-align: left; text-decoration: none; text-indent: 0px; text-transform: none; -webkit-text-stroke-width: 0px; white-space: normal; word-spacing: 0px;\" src=\"http:\/\/stevenson-fontainebleau.fr\/wp-content\/uploads\/2019\/06\/P1070687_w-1024x682.jpg\" alt=\"\" width=\"316\" height=\"210\" srcset=\"https:\/\/stevenson-fontainebleau.fr\/wp-content\/uploads\/2019\/06\/P1070687_w-1024x682.jpg 1024w, https:\/\/stevenson-fontainebleau.fr\/wp-content\/uploads\/2019\/06\/P1070687_w-300x200.jpg 300w, https:\/\/stevenson-fontainebleau.fr\/wp-content\/uploads\/2019\/06\/P1070687_w-768x512.jpg 768w, https:\/\/stevenson-fontainebleau.fr\/wp-content\/uploads\/2019\/06\/P1070687_w.jpg 1280w\" sizes=\"auto, (max-width: 316px) 100vw, 316px\" \/> \u00a0\u00a0 <img loading=\"lazy\" decoding=\"async\" class=\" wp-image-2266 alignnone\" style=\"background-color: transparent; color: #000000; font-family: Verdana,Arial,Helvetica,sans-serif; font-size: 14px; font-style: normal; font-variant: normal; font-weight: 400; letter-spacing: normal; orphans: 2; outline-color: #000000; outline-style: solid; outline-width: 1px; text-align: left; text-decoration: none; text-indent: 0px; text-transform: none; -webkit-text-stroke-width: 0px; white-space: normal; word-spacing: 0px;\" src=\"http:\/\/stevenson-fontainebleau.fr\/wp-content\/uploads\/2019\/06\/P1070731_w-1024x682.jpg\" alt=\"\" width=\"298\" height=\"198\" srcset=\"https:\/\/stevenson-fontainebleau.fr\/wp-content\/uploads\/2019\/06\/P1070731_w-1024x682.jpg 1024w, https:\/\/stevenson-fontainebleau.fr\/wp-content\/uploads\/2019\/06\/P1070731_w-300x200.jpg 300w, https:\/\/stevenson-fontainebleau.fr\/wp-content\/uploads\/2019\/06\/P1070731_w-768x512.jpg 768w, https:\/\/stevenson-fontainebleau.fr\/wp-content\/uploads\/2019\/06\/P1070731_w.jpg 1280w\" sizes=\"auto, (max-width: 298px) 100vw, 298px\" \/><\/p>\n<p><b><\/b><i><\/i><u><br \/>\n<\/u><\/p>\n<h3 style=\"text-align: center; padding-left: 30px;\">La For\u00eat<\/h3>\n<p style=\"text-align: center;\">For\u00eat silencieuse, aimable solitude,<br \/>\nQue j\u2019aime \u00e0 parcourir votre ombrage ignor\u00e9 !<br \/>\nDans vos sombres d\u00e9tours, en r\u00eavant \u00e9gar\u00e9,<br \/>\nJ\u2019\u00e9prouve un sentiment libre d\u2019inqui\u00e9tude !<br \/>\nPrestiges de mon c\u0153ur ! je crois voir s\u2019exhaler<br \/>\nDes arbres, des gazons une douce tristesse :<br \/>\nCette onde que j\u2019entends murmure avec mollesse,<br \/>\nEt dans le fond des bois semble encor m\u2019appeler.<br \/>\nOh ! Que ne puis-je, heureux, passer ma vie enti\u00e8re<br \/>\nIci, loin des humains !\u2026 Au bruit de ces ruisseaux,<br \/>\nSur un tapis de fleurs, sur l\u2019herbe printani\u00e8re,<br \/>\nQu\u2019ignor\u00e9 je sommeille \u00e0 l\u2019ombre des ormeaux !<br \/>\nTout parle, tout me pla\u00eet sous ces vo\u00fbtes tranquilles ;<br \/>\nCes gen\u00eats, ornements d\u2019un sauvage r\u00e9duit,<br \/>\nCe ch\u00e8vrefeuille atteint d\u2019un vent l\u00e9ger qui fuit,<br \/>\nBalancent tour \u00e0 tour leurs guirlandes mobiles.<br \/>\nFor\u00eats, dans vos abris gardez mes v\u0153ux offerts !<br \/>\nA quel amant jamais serez-vous aussi ch\u00e8res ?<br \/>\nD\u2019autres vous rediront des amours \u00e9trang\u00e8res ;<br \/>\nMoi de vos charmes seuls j\u2019entretiens les d\u00e9serts.<\/p>\n<p style=\"text-align: center;\"><em>Fran\u00e7ois-Ren\u00e9 de Chateaubriand, Tableaux de la nature, 1784-1790<\/em><\/p>\n","protected":false},"excerpt":{"rendered":"<p>Balade litt\u00e9raire multilingue mercredi 1er mai 2019 Nous nous retrouvons une trentaine au lieu de rendez-vous sous un soleil bien timide mais sous la bonne \u00e9toile de Robert-Louis Stevenson et, aid\u00e9s d\u2019une bonne tasse de caf\u00e9, nous d\u00e9marrons notre balade multilingue. Nous retrouvons des amis et quelques nouveaux compagnons qui, lors de nos arr\u00eats en &hellip; <a href=\"https:\/\/stevenson-fontainebleau.fr\/2026\/03\/24\/assemblee-generale-dimanche-29-mars\/evenements-en-cours\/programme-2019\/ce-dimanche-1er-mai-2019\/\" class=\"more-link\">Continuer la lecture de <span class=\"screen-reader-text\">Balade litt\u00e9raire<\/span>  <span class=\"meta-nav\">&rarr;<\/span><\/a><\/p>\n","protected":false},"author":1,"featured_media":0,"parent":2195,"menu_order":5,"comment_status":"closed","ping_status":"closed","template":"","meta":{"footnotes":""},"class_list":["post-2244","page","type-page","status-publish","hentry"],"_links":{"self":[{"href":"https:\/\/stevenson-fontainebleau.fr\/2026\/03\/24\/assemblee-generale-dimanche-29-mars\/wp-json\/wp\/v2\/pages\/2244","targetHints":{"allow":["GET"]}}],"collection":[{"href":"https:\/\/stevenson-fontainebleau.fr\/2026\/03\/24\/assemblee-generale-dimanche-29-mars\/wp-json\/wp\/v2\/pages"}],"about":[{"href":"https:\/\/stevenson-fontainebleau.fr\/2026\/03\/24\/assemblee-generale-dimanche-29-mars\/wp-json\/wp\/v2\/types\/page"}],"author":[{"embeddable":true,"href":"https:\/\/stevenson-fontainebleau.fr\/2026\/03\/24\/assemblee-generale-dimanche-29-mars\/wp-json\/wp\/v2\/users\/1"}],"replies":[{"embeddable":true,"href":"https:\/\/stevenson-fontainebleau.fr\/2026\/03\/24\/assemblee-generale-dimanche-29-mars\/wp-json\/wp\/v2\/comments?post=2244"}],"version-history":[{"count":47,"href":"https:\/\/stevenson-fontainebleau.fr\/2026\/03\/24\/assemblee-generale-dimanche-29-mars\/wp-json\/wp\/v2\/pages\/2244\/revisions"}],"predecessor-version":[{"id":2312,"href":"https:\/\/stevenson-fontainebleau.fr\/2026\/03\/24\/assemblee-generale-dimanche-29-mars\/wp-json\/wp\/v2\/pages\/2244\/revisions\/2312"}],"up":[{"embeddable":true,"href":"https:\/\/stevenson-fontainebleau.fr\/2026\/03\/24\/assemblee-generale-dimanche-29-mars\/wp-json\/wp\/v2\/pages\/2195"}],"wp:attachment":[{"href":"https:\/\/stevenson-fontainebleau.fr\/2026\/03\/24\/assemblee-generale-dimanche-29-mars\/wp-json\/wp\/v2\/media?parent=2244"}],"curies":[{"name":"wp","href":"https:\/\/api.w.org\/{rel}","templated":true}]}}