{"id":2195,"date":"2019-04-10T15:21:57","date_gmt":"2019-04-10T14:21:57","guid":{"rendered":"http:\/\/stevenson-fontainebleau.fr\/?page_id=2195"},"modified":"2024-05-27T18:08:12","modified_gmt":"2024-05-27T17:08:12","slug":"programme-2019","status":"publish","type":"page","link":"https:\/\/stevenson-fontainebleau.fr\/2026\/03\/24\/assemblee-generale-dimanche-29-mars\/evenements-en-cours\/programme-2019\/","title":{"rendered":"\u00e9v\u00e9nements  2019"},"content":{"rendered":"<p>&nbsp;<\/p>\n<h3 align=\"LEFT\">Programme pour 2019 :<\/h3>\n<p align=\"LEFT\">Des \u00e9v\u00e9nements programm\u00e9s et d\u2019autres \u00e0 venir<\/p>\n<p align=\"LEFT\"><strong>Dimanche 10 mars :<\/strong> 10 h 30 \u2013 12 h 30 &#8211; Assembl\u00e9e g\u00e9n\u00e9rale statutaire Salle polyvalente de Recloses<\/p>\n<p align=\"LEFT\"><strong>29 mars :<\/strong><span style=\"color: #ff0000;\"><em>report\u00e9.<\/em><\/span> Fin d\u2019apr\u00e8s midi \u00e0 Moret- Ecuelles, inauguration du Parc R.L. Stevenson de la m\u00e9diath\u00e8que<\/p>\n<p align=\"LEFT\"><strong><a href=\"http:\/\/stevenson-fontainebleau.fr\/evenements\/programme-2019\/ce-dimanche-1er-mai-2019\/\" target=\"_blank\" rel=\"noopener noreferrer\">7 avril :<\/a><\/strong><span style=\"color: #ff0000;\"><em> report\u00e9 au 1er mai. <\/em><\/span>Randonn\u00e9e- lectures- multilingue, sur la \u00ab Ronde de Stevenson \u00bb en for\u00eat de Fontainebleau<\/p>\n<p align=\"LEFT\"><strong>11 et 12 mai :<\/strong> Week-end de rando-d\u00e9couverte entre Stevenson et les impressionnistes vers les bords de l\u2019Oise &#8211;<\/p>\n<p align=\"LEFT\"><a href=\"http:\/\/stevenson-fontainebleau.fr\/evenements\/programme-2019\/les-naturiales-aux-champs\/\" target=\"_blank\" rel=\"noopener noreferrer\"><strong>18 et 19 mai :<\/strong> Naturiales de Fontainebleau : \u00ab apr\u00e8s la for\u00eat, les champs \u00bb<\/a><\/p>\n<p align=\"LEFT\"><strong>7-10 juin :<\/strong> Assembl\u00e9e g\u00e9n\u00e9rale du r\u00e9seau \u00e0 Bad-Hombourg, une magnifique ville thermale pr\u00e8s de Francfort \u00ab Stevenson et Holderlin\u2026)<\/p>\n<p align=\"LEFT\"><strong>6-7 Juillet:<\/strong> Stand Stevenson aux journ\u00e9es \u00ab Histoire et patrimoine \u00bb, Moret sur Loing,<\/p>\n<p align=\"LEFT\"><a href=\"http:\/\/stevenson-fontainebleau.fr\/2019\/08\/27\/flanerie-contee-a-la-fin-du-jour-le-dimanche-15-septembre-2019\/\" target=\"_blank\" rel=\"noopener noreferrer\"><strong>15 septembre : <\/strong>Fl\u00e2nerie cont\u00e9e \u00e0 la fin du jour dans les sentiers et combes de Larchant.<\/a><\/p>\n<p><a href=\"http:\/\/stevenson-fontainebleau.fr\/2019\/10\/23\/randonnee-stevenson-du-20-1-2019\/\" target=\"_blank\" rel=\"noopener noreferrer\"><strong>Dimanche 20 octobre :<\/strong> \u00ab Stevenson \u00e0 Recloses \u00ab &#8211; Randonn\u00e9es le matin, + repas + apr\u00e8s midi \u00e0 dominante musicale.<\/a><\/p>\n<h5><\/h5>\n<p>&nbsp;<\/p>\n","protected":false},"excerpt":{"rendered":"<p>&nbsp; Programme pour 2019 : Des \u00e9v\u00e9nements programm\u00e9s et d\u2019autres \u00e0 venir Dimanche 10 mars : 10 h 30 \u2013 12 h 30 &#8211; Assembl\u00e9e g\u00e9n\u00e9rale statutaire Salle polyvalente de Recloses 29 mars :report\u00e9. Fin d\u2019apr\u00e8s midi \u00e0 Moret- Ecuelles, inauguration du Parc R.L. Stevenson de la m\u00e9diath\u00e8que 7 avril : report\u00e9 au 1er mai. &hellip; <a href=\"https:\/\/stevenson-fontainebleau.fr\/2026\/03\/24\/assemblee-generale-dimanche-29-mars\/evenements-en-cours\/programme-2019\/\" class=\"more-link\">Continuer la lecture de <span class=\"screen-reader-text\">\u00e9v\u00e9nements  2019<\/span>  <span class=\"meta-nav\">&rarr;<\/span><\/a><\/p>\n","protected":false},"author":1,"featured_media":0,"parent":3890,"menu_order":899,"comment_status":"closed","ping_status":"closed","template":"","meta":{"footnotes":""},"class_list":["post-2195","page","type-page","status-publish","hentry"],"_links":{"self":[{"href":"https:\/\/stevenson-fontainebleau.fr\/2026\/03\/24\/assemblee-generale-dimanche-29-mars\/wp-json\/wp\/v2\/pages\/2195","targetHints":{"allow":["GET"]}}],"collection":[{"href":"https:\/\/stevenson-fontainebleau.fr\/2026\/03\/24\/assemblee-generale-dimanche-29-mars\/wp-json\/wp\/v2\/pages"}],"about":[{"href":"https:\/\/stevenson-fontainebleau.fr\/2026\/03\/24\/assemblee-generale-dimanche-29-mars\/wp-json\/wp\/v2\/types\/page"}],"author":[{"embeddable":true,"href":"https:\/\/stevenson-fontainebleau.fr\/2026\/03\/24\/assemblee-generale-dimanche-29-mars\/wp-json\/wp\/v2\/users\/1"}],"replies":[{"embeddable":true,"href":"https:\/\/stevenson-fontainebleau.fr\/2026\/03\/24\/assemblee-generale-dimanche-29-mars\/wp-json\/wp\/v2\/comments?post=2195"}],"version-history":[{"count":10,"href":"https:\/\/stevenson-fontainebleau.fr\/2026\/03\/24\/assemblee-generale-dimanche-29-mars\/wp-json\/wp\/v2\/pages\/2195\/revisions"}],"predecessor-version":[{"id":2805,"href":"https:\/\/stevenson-fontainebleau.fr\/2026\/03\/24\/assemblee-generale-dimanche-29-mars\/wp-json\/wp\/v2\/pages\/2195\/revisions\/2805"}],"up":[{"embeddable":true,"href":"https:\/\/stevenson-fontainebleau.fr\/2026\/03\/24\/assemblee-generale-dimanche-29-mars\/wp-json\/wp\/v2\/pages\/3890"}],"wp:attachment":[{"href":"https:\/\/stevenson-fontainebleau.fr\/2026\/03\/24\/assemblee-generale-dimanche-29-mars\/wp-json\/wp\/v2\/media?parent=2195"}],"curies":[{"name":"wp","href":"https:\/\/api.w.org\/{rel}","templated":true}]}}