{"id":215,"date":"2015-09-22T23:00:32","date_gmt":"2015-09-22T22:00:32","guid":{"rendered":"http:\/\/stevenson-fontainebleau.fr\/?page_id=215"},"modified":"2018-02-18T18:00:47","modified_gmt":"2018-02-18T17:00:47","slug":"dimanche-18-octobre-2015","status":"publish","type":"page","link":"https:\/\/stevenson-fontainebleau.fr\/2026\/03\/24\/assemblee-generale-dimanche-29-mars\/evenements-en-cours\/evenements-2015-2\/dimanche-18-octobre-2015\/","title":{"rendered":"Dimanche 18 octobre 2015"},"content":{"rendered":"<h1><a href=\"http:\/\/stevenson-fontainebleau.fr\/wp-content\/uploads\/2015\/09\/DSC_2738-b.jpg\"><img loading=\"lazy\" decoding=\"async\" class=\"alignleft wp-image-198\" src=\"http:\/\/stevenson-fontainebleau.fr\/wp-content\/uploads\/2015\/09\/DSC_2738-b.jpg\" alt=\"DSC_2738 b\" width=\"164\" height=\"110\" srcset=\"https:\/\/stevenson-fontainebleau.fr\/wp-content\/uploads\/2015\/09\/DSC_2738-b.jpg 3872w, https:\/\/stevenson-fontainebleau.fr\/wp-content\/uploads\/2015\/09\/DSC_2738-b-300x201.jpg 300w, https:\/\/stevenson-fontainebleau.fr\/wp-content\/uploads\/2015\/09\/DSC_2738-b-1024x685.jpg 1024w\" sizes=\"auto, (max-width: 164px) 100vw, 164px\" \/><img loading=\"lazy\" decoding=\"async\" class=\"alignright wp-image-197\" src=\"http:\/\/stevenson-fontainebleau.fr\/wp-content\/uploads\/2015\/09\/DSC_2706-b-300x201.jpg\" alt=\"DSC_2706 b\" width=\"171\" height=\"115\" srcset=\"https:\/\/stevenson-fontainebleau.fr\/wp-content\/uploads\/2015\/09\/DSC_2706-b-300x201.jpg 300w, https:\/\/stevenson-fontainebleau.fr\/wp-content\/uploads\/2015\/09\/DSC_2706-b-1024x685.jpg 1024w\" sizes=\"auto, (max-width: 171px) 100vw, 171px\" \/><\/a><\/h1>\n<p class=\"western\" align=\"center\"><span style=\"color: #7e0021;\"><span style=\"font-size: x-large;\"><b>RECLOSES\u00a0<strong><span style=\"color: #7e0021; font-size: x-large;\">avec R.L.\u00a0STEVENSON<\/span><\/strong><br \/>\n<\/b><\/span><\/span><\/p>\n<p class=\"western\" style=\"text-align: left;\" align=\"center\">.<\/p>\n<p class=\"western\" style=\"text-align: center;\" align=\"center\"><span style=\"color: #000090;\"><span style=\"font-family: Arial, serif;\"><span style=\"font-size: large;\"><u><b>Matin\u00a0:<\/b><\/u><\/span><\/span><\/span><\/p>\n<p class=\"western\" style=\"text-align: left;\" align=\"center\"><span style=\"color: #000090;\"><span style=\"font-family: Arial, serif;\"><span style=\"font-size: large;\"><u><b>Randonn\u00e9es p\u00e9destres <\/b><\/u><\/span><\/span><\/span><span style=\"color: #000090;\"><span style=\"font-family: Arial, serif;\"><span style=\"font-size: large;\"><u><b>de Fontainebleau \u00e0 Recloses en passant par Franchard <\/b><\/u><\/span><\/span><\/span><\/p>\n<p class=\"western\"><span style=\"font-family: Arial, serif;\"><b>1\u00b0 option\u00a0: Fontainebleau \/ Recloses\u00a0: distance 16 km<\/b><\/span><\/p>\n<ul>\n<li>\n<p class=\"western\" align=\"left\">Rendez-vous devant les grilles de la cour d&rsquo;honneur du Ch\u00e2teau \u00e0 8 heures 15 d\u00e9part \u00e0 8 heures 30<span style=\"font-family: Arial, serif;\">.<\/span><\/p>\n<\/li>\n<li>\n<p align=\"left\"><span style=\"font-family: Arial, sans-serif;\"><span style=\"font-family: Arial, serif;\">De Fontainebleau \u00e0 Franchard, nous serons accompagn\u00e9s par nos amis les \u00e2nes &#8211; <\/span><a href=\"http:\/\/www.anerie-bacotte.com\/\"><span style=\"font-family: Arial, serif;\">Anerie Bacotte<\/span><\/a><span style=\"font-family: Arial, serif;\">.<\/span><\/span><\/p>\n<\/li>\n<\/ul>\n<p class=\"western\"><span style=\"font-family: Arial, serif;\"><b>2\u00b0 option: Franchard \/ Recloses\u00a0: distance 10 km<\/b><\/span><\/p>\n<ul>\n<li>\n<p class=\"western\"><span style=\"color: #00000a;\"><span style=\"font-family: Arial, serif;\"><span style=\"font-size: medium;\"><span lang=\"fr-FR\">Rendez-vous devant le Centre Ecotourisme \u00e0 10 heures<\/span><\/span><\/span><\/span><\/p>\n<\/li>\n<li>\n<p class=\"western\"><span style=\"color: #00000a;\"><span style=\"font-family: Arial, serif;\"><span style=\"font-size: medium;\"><span lang=\"fr-FR\">pour un d\u00e9part \u00e0 10 heures 15<\/span><\/span><\/span><\/span><\/p>\n<\/li>\n<\/ul>\n<p class=\"western\"><span style=\"font-family: Arial, serif;\">( Possibilit\u00e9 pour les chauffeurs d&rsquo;un service de retour (payant) \u00e0 leurs v\u00e9hicules).<\/span><\/p>\n<p class=\"western\" style=\"text-align: center;\" align=\"left\"><span style=\"color: #000090;\"><span style=\"font-family: Arial, serif;\"><span style=\"font-size: large;\"><u><b>Vers\u00a0midi\u00a0:<\/b><\/u><\/span><\/span><\/span><\/p>\n<p class=\"western\" style=\"text-align: left;\" align=\"center\"><span style=\"color: #000090;\"><span style=\"font-family: Arial, serif;\"><span style=\"font-size: large;\"><u><b>D\u00e9jeuner dans les Jardins de la Mairie de Recloses:<\/b><\/u><\/span><\/span><\/span><u><b><\/b><\/u><\/p>\n<p class=\"western\" style=\"text-align: left;\" align=\"center\"><span style=\"color: #000099;\"><span style=\"font-family: Arial, serif;\"><span style=\"font-size: medium;\"><b>Possibilit\u00e9 de restauration sur place<\/b><\/span><\/span><\/span><\/p>\n<ul>\n<li>\n<p class=\"western\" align=\"left\"><span style=\"color: #000000;\"><span style=\"font-family: Arial, serif;\"><span style=\"font-size: medium;\">Garbure \u00c9cossaise + dessert + caf\u00e9\u00a0: 10 \u20ac<\/span><\/span><\/span><\/p>\n<\/li>\n<li>\n<p class=\"western\" align=\"left\"><span style=\"color: #000000;\"><span style=\"font-family: Arial, serif;\"><span style=\"font-size: medium;\">Boissons\u00a0: Bi\u00e8re Bio Stevenson fabriqu\u00e9e localement\u00a0<\/span><\/span><\/span><span style=\"color: #000000;\"><span style=\"font-family: Arial, sans-serif;\"><span style=\"font-family: Arial, serif;\"><span style=\"font-size: medium;\">&#8211; <\/span><\/span><\/span><span style=\"color: #0000ff;\"><span lang=\"zxx\"><a href=\"http:\/\/lamoussedebleau.fr\/Accueil\"><span style=\"font-family: Arial, serif;\"><span style=\"font-size: medium;\">Le Mousse de Bleau<\/span><\/span><\/a><\/span><\/span><\/span><\/p>\n<\/li>\n<li>\n<p class=\"western\" align=\"left\"><span style=\"color: #000000;\"><span style=\"font-family: Arial, serif;\"><span style=\"font-size: medium;\">R\u00e9servation\u00a0souhait\u00e9e\u202f: mail\u00a0<\/span><\/span><\/span><span style=\"color: #0000ff;\"><span lang=\"zxx\"><u><a href=\"mailto:info@stevenson-fontainebleau.fr\"><span style=\"color: #000099;\"><span style=\"font-family: Arial, serif;\"><span style=\"font-size: medium;\">info@stevenson-fontainebleau.fr<\/span><\/span><\/span><\/a><\/u><\/span><\/span><\/p>\n<\/li>\n<\/ul>\n<p class=\"western\" style=\"text-align: center;\"><span style=\"color: #000090;\"><span style=\"font-family: Arial, serif;\"><span style=\"font-size: large;\"><u><b>Apr\u00e8s midi\u00a0:<\/b><\/u><\/span><\/span><\/span><\/p>\n<p class=\"western\" style=\"text-align: left;\" align=\"center\"><span style=\"color: #000090;\"><span style=\"font-family: Arial, serif;\"><span style=\"font-size: large;\"><u><b>Animations<\/b><\/u><\/span><\/span><\/span><\/p>\n<ul>\n<li>\n<p align=\"left\"><span style=\"color: #000000;\"><span style=\"font-family: Arial, serif;\"><span style=\"font-size: medium;\"><b>Mini-conf\u00e9rences autour de Stevenson, de la for\u00eat et de tr\u00e9sors<\/b><\/span><\/span><\/span><\/p>\n<\/li>\n<li>\n<p align=\"left\"><span style=\"font-family: Arial, sans-serif;\"><span style=\"color: #000000;\"><span style=\"font-family: Arial, serif;\"><span style=\"font-size: medium;\"><b>Petite\u00a0<\/b><\/span><\/span><\/span><span style=\"color: #000000;\"><span style=\"font-family: Arial, serif;\"><span style=\"font-size: medium;\"><b>libraire \u00e9ph\u00e9m\u00e8re <\/b><\/span><\/span><\/span><span style=\"color: #000000;\"><span style=\"font-family: Arial, serif;\"><span style=\"font-size: medium;\"><i><b>(possibilit\u00e9 d\u2019achat paiement par ch\u00e8ques ou esp\u00e8ces)<\/b><\/i><\/span><\/span><\/span><\/span><\/p>\n<\/li>\n<li>\n<p align=\"left\"><span style=\"font-family: Arial, sans-serif;\"><span style=\"color: #000000;\"><span style=\"font-family: Arial, serif;\"><span style=\"font-size: medium;\"><b>\u00c0 la poursuite de NiamNiam le petit dragon \u2013 jeu d\u00e9couverte familial.<\/b><\/span><\/span><\/span><\/span><\/p>\n<\/li>\n<li>\n<p align=\"left\"><span style=\"font-family: Arial, sans-serif;\"><span style=\"color: #000000;\"><span style=\"font-family: Arial, serif;\"><span style=\"font-size: medium;\"><b>14 h 30 L&rsquo;or des contes par la conteuse Genevi\u00e8ve Dumant <\/b><\/span><\/span><\/span><span style=\"color: #000000;\"><span style=\"font-family: Arial, serif;\"><span style=\"font-size: medium;\"><b>de<\/b><\/span><\/span><\/span><b> <\/b><span style=\"color: #0000ff;\"><span lang=\"zxx\"><a href=\"http:\/\/www.laforetquiparle.com\/\"><span style=\"font-family: Arial, serif;\"><span style=\"font-size: medium;\"><b>La for\u00eat qui parle<\/b><\/span><\/span><\/a><\/span><\/span><b> <\/b><\/span><\/p>\n<\/li>\n<li>\n<p align=\"left\"><span style=\"font-family: Arial, sans-serif;\"><span style=\"color: #000000;\"><span style=\"font-family: Arial, serif;\"><span style=\"font-size: medium;\"><span lang=\"fr-FR\"><b>15 h 30 <\/b><\/span><\/span><\/span><\/span><span style=\"color: #000000;\"><span style=\"font-family: Arial, serif;\"><span style=\"font-size: medium;\"><b>Visite <\/b><\/span><\/span><\/span><span style=\"color: #000000;\"><span style=\"font-family: Arial, serif;\"><span style=\"font-size: medium;\"><b>guid\u00e9e <\/b><\/span><\/span><\/span><span style=\"color: #000000;\"><span style=\"font-family: Arial, serif;\"><span style=\"font-size: medium;\"><b>de l&rsquo;\u00e9glise de Recloses et de son R<\/b><\/span><\/span><\/span><span style=\"color: #000000;\"><span style=\"font-family: Arial, serif;\"><span style=\"font-size: medium;\"><b>e<\/b><\/span><\/span><\/span><span style=\"color: #000000;\"><span style=\"font-family: Arial, serif;\"><span style=\"font-size: medium;\"><b>table par N. Ensergueix<\/b><\/span><\/span><\/span><\/span><\/p>\n<\/li>\n<\/ul>\n<ul>\n<li>\n<p align=\"left\"><span style=\"font-family: Arial, sans-serif;\"><span style=\"color: #000000;\"><span style=\"font-family: Arial, serif;\"><span style=\"font-size: medium;\"><span lang=\"fr-FR\"><b>A la fin de l&rsquo;apr\u00e8s midi tout le mon<\/b><\/span><\/span><\/span><\/span><span style=\"color: #000000;\"><span style=\"font-family: Arial, serif;\"><span style=\"font-size: medium;\"><b>de danse avec Lucie Baudon <\/b><\/span><\/span><\/span><span style=\"color: #0000ff;\"><span lang=\"zxx\"><span style=\"font-family: Arial, serif;\"><span style=\"font-size: medium;\"><b><a href=\"http:\/\/iame.me\/\">www.i\u00e2me.me<\/a><\/b><\/span><\/span><\/span><\/span><\/span><\/p>\n<\/li>\n<\/ul>\n<p><a href=\"http:\/\/stevenson-fontainebleau.fr\/contact\/contacts\/\">Renseignements<\/a><\/p>\n<p><a href=\"http:\/\/stevenson-fontainebleau.fr\/wp-content\/uploads\/2015\/09\/logo-smt.png\"><img loading=\"lazy\" decoding=\"async\" class=\"alignleft wp-image-200 size-full\" src=\"http:\/\/stevenson-fontainebleau.fr\/wp-content\/uploads\/2015\/09\/logo-smt.png\" alt=\"logo-smt\" width=\"75\" height=\"99\" \/><\/a><a href=\"http:\/\/stevenson-fontainebleau.fr\/wp-content\/uploads\/2015\/09\/65px-Blason_recloses.jpg\"><img loading=\"lazy\" decoding=\"async\" class=\"alignright wp-image-199 size-full\" src=\"http:\/\/stevenson-fontainebleau.fr\/wp-content\/uploads\/2015\/09\/65px-Blason_recloses.jpg\" alt=\"65px-Blason_recloses\" width=\"65\" height=\"77\" \/><\/a><\/p>\n","protected":false},"excerpt":{"rendered":"<p>RECLOSES\u00a0avec R.L.\u00a0STEVENSON . Matin\u00a0: Randonn\u00e9es p\u00e9destres de Fontainebleau \u00e0 Recloses en passant par Franchard 1\u00b0 option\u00a0: Fontainebleau \/ Recloses\u00a0: distance 16 km Rendez-vous devant les grilles de la cour d&rsquo;honneur du Ch\u00e2teau \u00e0 8 heures 15 d\u00e9part \u00e0 8 heures 30. De Fontainebleau \u00e0 Franchard, nous serons accompagn\u00e9s par nos amis les \u00e2nes &#8211; Anerie &hellip; <a href=\"https:\/\/stevenson-fontainebleau.fr\/2026\/03\/24\/assemblee-generale-dimanche-29-mars\/evenements-en-cours\/evenements-2015-2\/dimanche-18-octobre-2015\/\" class=\"more-link\">Continuer la lecture de <span class=\"screen-reader-text\">Dimanche 18 octobre 2015<\/span>  <span class=\"meta-nav\">&rarr;<\/span><\/a><\/p>\n","protected":false},"author":1,"featured_media":0,"parent":1426,"menu_order":95,"comment_status":"closed","ping_status":"closed","template":"","meta":{"footnotes":""},"class_list":["post-215","page","type-page","status-publish","hentry"],"_links":{"self":[{"href":"https:\/\/stevenson-fontainebleau.fr\/2026\/03\/24\/assemblee-generale-dimanche-29-mars\/wp-json\/wp\/v2\/pages\/215","targetHints":{"allow":["GET"]}}],"collection":[{"href":"https:\/\/stevenson-fontainebleau.fr\/2026\/03\/24\/assemblee-generale-dimanche-29-mars\/wp-json\/wp\/v2\/pages"}],"about":[{"href":"https:\/\/stevenson-fontainebleau.fr\/2026\/03\/24\/assemblee-generale-dimanche-29-mars\/wp-json\/wp\/v2\/types\/page"}],"author":[{"embeddable":true,"href":"https:\/\/stevenson-fontainebleau.fr\/2026\/03\/24\/assemblee-generale-dimanche-29-mars\/wp-json\/wp\/v2\/users\/1"}],"replies":[{"embeddable":true,"href":"https:\/\/stevenson-fontainebleau.fr\/2026\/03\/24\/assemblee-generale-dimanche-29-mars\/wp-json\/wp\/v2\/comments?post=215"}],"version-history":[{"count":23,"href":"https:\/\/stevenson-fontainebleau.fr\/2026\/03\/24\/assemblee-generale-dimanche-29-mars\/wp-json\/wp\/v2\/pages\/215\/revisions"}],"predecessor-version":[{"id":678,"href":"https:\/\/stevenson-fontainebleau.fr\/2026\/03\/24\/assemblee-generale-dimanche-29-mars\/wp-json\/wp\/v2\/pages\/215\/revisions\/678"}],"up":[{"embeddable":true,"href":"https:\/\/stevenson-fontainebleau.fr\/2026\/03\/24\/assemblee-generale-dimanche-29-mars\/wp-json\/wp\/v2\/pages\/1426"}],"wp:attachment":[{"href":"https:\/\/stevenson-fontainebleau.fr\/2026\/03\/24\/assemblee-generale-dimanche-29-mars\/wp-json\/wp\/v2\/media?parent=215"}],"curies":[{"name":"wp","href":"https:\/\/api.w.org\/{rel}","templated":true}]}}