{"id":2133,"date":"2019-01-09T13:00:04","date_gmt":"2019-01-09T12:00:04","guid":{"rendered":"http:\/\/stevenson-fontainebleau.fr\/?page_id=2133"},"modified":"2026-04-04T18:38:53","modified_gmt":"2026-04-04T17:38:53","slug":"edito-2","status":"publish","type":"page","link":"https:\/\/stevenson-fontainebleau.fr\/2026\/03\/24\/assemblee-generale-dimanche-29-mars\/edito-2\/","title":{"rendered":"EDITO"},"content":{"rendered":"\n<h1 class=\"wp-block-heading\"><\/h1>\n\n\n<div class=\"wp-block-image\">\n<figure class=\"aligncenter\"><img decoding=\"async\" src=\"http:\/\/stevenson-fontainebleau.fr\/wp-content\/uploads\/2023\/07\/logo-europe.jpg\" alt=\"\"\/><\/figure>\n<\/div>\n\n\n<p><\/p><p><\/p><p><\/p><p><\/p><p><\/p><p style=\"text-align: left;\"><strong><img loading=\"lazy\" decoding=\"async\" class=\"wp-image-2861 alignleft\" src=\"http:\/\/stevenson-fontainebleau.fr\/wp-content\/uploads\/2020\/08\/92358833_3096212587077135_6454405697705607168_n-1.jpg\" alt=\"\" width=\"108\" height=\"108\" srcset=\"https:\/\/stevenson-fontainebleau.fr\/wp-content\/uploads\/2020\/08\/92358833_3096212587077135_6454405697705607168_n-1.jpg 160w, https:\/\/stevenson-fontainebleau.fr\/wp-content\/uploads\/2020\/08\/92358833_3096212587077135_6454405697705607168_n-1-150x150.jpg 150w\" sizes=\"auto, (max-width: 108px) 100vw, 108px\" \/><\/strong><\/p>\n<p style=\"text-align: left;\"><strong>Robert-Louis Stevenson, une halte sur les bords du Loing<\/strong><\/p>\n\n\n\n<p>A Bristol, les chasses au tr\u00e9sor se font en&nbsp;bateau et en&nbsp;costume de pirate. Dans les Highlands \u00e9cossais, des jeunes adolescents en difficult\u00e9s sociales r\u00e9alisent des marches, plus pour se trouver eux-m\u00eames que pour accumuler les distances. D\u2019Anvers \u00e0 Pontoise en passant par Bruxelles, pendant l\u2019\u00e9t\u00e9 dernier, un \u00e9crivain sportif, Donatien Garnier et un ami ont refait en cano\u00eb le trajet de Stevenson. Les associations du nord de la France, dans la Thi\u00e9rache et l\u2019Aisne, combinent visites locales, animation de territoires, mais aussi usage de l\u2019art contemporain au service des traces et des m\u00e9moires. Chaque \u00e9t\u00e9, dans les C\u00e9vennes, ce sont des milliers de randonneurs, avec ou sans \u00e2nes, qui parcourent les chemins utilis\u00e9s par Stevenson. Sur ce long trajet, d\u2019Edimbourg \u00e0 Al\u00e8s, les bords du Loing et le canal qui descend vers la Loire constituent une halte, l\u00e0 ou Robert Louis trouva Fanny, l\u2019amour de sa vie.<\/p>\n\n\n\n<p>Au del\u00e0 de \u00ab&nbsp;<em>l\u2019Ile au tr\u00e9sor&nbsp;<\/em>\u00bb ou de&nbsp; \u00ab&nbsp;<em>l\u2019\u00e9trange cas du Dr Jekyll et de Mr Hyde&nbsp;<\/em>\u00bb, ses \u0153uvres les plus fameuses, Stevenson a d\u2019abord&nbsp; \u00e9t\u00e9 l\u2019homme des voyages, l\u2019homme des rencontres, ouvert aux autres, t\u00e9moin bienveillant de son \u00e9poque. Cette philosophie de vie nous semble importante aujourd\u2019hui plus que jamais.&nbsp; D\u00e9velopper des \u00e9changes, partager des projets, \u00e0 la fois sportifs, culturels, environnementaux, mais aussi s\u2019inscrire dans une dynamique de tourisme au service du d\u00e9veloppement des territoires, telle est l\u2019ambition de notre association locale. De Barbizon \u00e0 Recloses et de Recloses \u00e0 Grez, en fran\u00e7ais ou en anglais, n\u2019h\u00e9sitez pas \u00e0 venir nous rejoindre, ensemble, nous irons mieux et plus loin.<\/p>\n\n\n\n<p>Michel Legros<\/p>\n","protected":false},"excerpt":{"rendered":"<p>Robert-Louis Stevenson, une halte sur les bords du Loing A Bristol, les chasses au tr\u00e9sor se font en&nbsp;bateau et en&nbsp;costume de pirate. Dans les Highlands \u00e9cossais, des jeunes adolescents en difficult\u00e9s sociales r\u00e9alisent des marches, plus pour se trouver eux-m\u00eames que pour accumuler les distances. D\u2019Anvers \u00e0 Pontoise en passant par Bruxelles, pendant l\u2019\u00e9t\u00e9 dernier, &hellip; <a href=\"https:\/\/stevenson-fontainebleau.fr\/2026\/03\/24\/assemblee-generale-dimanche-29-mars\/edito-2\/\" class=\"more-link\">Continuer la lecture de <span class=\"screen-reader-text\">EDITO<\/span>  <span class=\"meta-nav\">&rarr;<\/span><\/a><\/p>\n","protected":false},"author":1,"featured_media":0,"parent":0,"menu_order":1,"comment_status":"closed","ping_status":"closed","template":"","meta":{"footnotes":""},"class_list":["post-2133","page","type-page","status-publish","hentry"],"_links":{"self":[{"href":"https:\/\/stevenson-fontainebleau.fr\/2026\/03\/24\/assemblee-generale-dimanche-29-mars\/wp-json\/wp\/v2\/pages\/2133","targetHints":{"allow":["GET"]}}],"collection":[{"href":"https:\/\/stevenson-fontainebleau.fr\/2026\/03\/24\/assemblee-generale-dimanche-29-mars\/wp-json\/wp\/v2\/pages"}],"about":[{"href":"https:\/\/stevenson-fontainebleau.fr\/2026\/03\/24\/assemblee-generale-dimanche-29-mars\/wp-json\/wp\/v2\/types\/page"}],"author":[{"embeddable":true,"href":"https:\/\/stevenson-fontainebleau.fr\/2026\/03\/24\/assemblee-generale-dimanche-29-mars\/wp-json\/wp\/v2\/users\/1"}],"replies":[{"embeddable":true,"href":"https:\/\/stevenson-fontainebleau.fr\/2026\/03\/24\/assemblee-generale-dimanche-29-mars\/wp-json\/wp\/v2\/comments?post=2133"}],"version-history":[{"count":79,"href":"https:\/\/stevenson-fontainebleau.fr\/2026\/03\/24\/assemblee-generale-dimanche-29-mars\/wp-json\/wp\/v2\/pages\/2133\/revisions"}],"predecessor-version":[{"id":5161,"href":"https:\/\/stevenson-fontainebleau.fr\/2026\/03\/24\/assemblee-generale-dimanche-29-mars\/wp-json\/wp\/v2\/pages\/2133\/revisions\/5161"}],"wp:attachment":[{"href":"https:\/\/stevenson-fontainebleau.fr\/2026\/03\/24\/assemblee-generale-dimanche-29-mars\/wp-json\/wp\/v2\/media?parent=2133"}],"curies":[{"name":"wp","href":"https:\/\/api.w.org\/{rel}","templated":true}]}}