{"id":2052,"date":"2018-08-01T06:14:35","date_gmt":"2018-08-01T05:14:35","guid":{"rendered":"http:\/\/stevenson-fontainebleau.fr\/?page_id=2052"},"modified":"2025-11-22T11:42:08","modified_gmt":"2025-11-22T10:42:08","slug":"publications-de-rlsdbag","status":"publish","type":"page","link":"https:\/\/stevenson-fontainebleau.fr\/2026\/03\/24\/assemblee-generale-dimanche-29-mars\/publications\/publications-de-rlsdbag\/","title":{"rendered":"Publications"},"content":{"rendered":"<h2>Les Gazettes et Bulletins de RLSdB\u00e0G<\/h2>\n<ul>\n<li><span style=\"color: #3366ff;\"><a style=\"color: #3366ff;\" href=\"http:\/\/stevenson-fontainebleau.fr\/wp-content\/uploads\/2025\/09\/Gazette-18-2025.pdf\" target=\"_blank\" rel=\"noopener\">La gazette de l\u2019automne N\u00b0 18, septembre 2025<\/a><\/span><\/li>\n<li><span style=\"color: #3366ff;\"><a style=\"color: #3366ff;\" href=\"http:\/\/stevenson-fontainebleau.fr\/wp-content\/uploads\/2025\/06\/Gazette-17-2025.pdf\" target=\"_blank\" rel=\"noopener\">La gazette de l\u2019\u00e9t\u00e9 n\u00b0 17, juin 2025<\/a><\/span><\/li>\n<li><span style=\"color: #3366ff;\"><a style=\"color: #3366ff;\" href=\"http:\/\/stevenson-fontainebleau.fr\/wp-content\/uploads\/2024\/12\/Gazette-16Word.nov-24.Final_.pdf\" target=\"_blank\" rel=\"noopener\">La Gazette de l\u2019automne n\u00b016, d\u00e9cembre 2024<\/a><\/span><\/li>\n<li><span style=\"color: #3366ff;\"><a style=\"color: #3366ff;\" href=\"http:\/\/stevenson-fontainebleau.fr\/wp-content\/uploads\/2024\/07\/Gazette-15Word-2024-PDF.pdf\" target=\"_blank\" rel=\"noopener\">La gazette de l&rsquo;\u00e9t\u00e9 n\u00b015,juillet 2024<\/a><\/span><\/li>\n<li><span style=\"color: #3366ff;\"><a style=\"color: #3366ff;\" href=\"https:\/\/stevenson-fontainebleau.fr\/wp-content\/uploads\/2024\/04\/RLSdBaG-Gazette-Avril-2024.pdf\" target=\"_blank\" rel=\"noopener\">La premi\u00e8re gazette apr\u00e8s AG n\u00b014, avril 2024<\/a><\/span><\/li>\n<li><span style=\"color: #3366ff;\"><a style=\"color: #3366ff;\" href=\"http:\/\/stevenson-fontainebleau.fr\/wp-content\/uploads\/2024\/03\/Gazette-134-2024.pdf\" target=\"_blank\" rel=\"noopener\">La premi\u00e8re gazette de l&rsquo;ann\u00e9e N\u00b0 13, f\u00e9vrier 2024<\/a><\/span><\/li>\n<li><span style=\"color: #3366ff;\"><a style=\"color: #3366ff;\" href=\"http:\/\/stevenson-fontainebleau.fr\/wp-content\/uploads\/2023\/08\/RLSdBaG-Gazette-n\u00b012-aout-2023.pdf\" target=\"_blank\" rel=\"noopener\">La gazette de l&rsquo;\u00e9t\u00e9 n\u00b012-12 ao\u00fbt 2023<\/a><\/span><\/li>\n<li><span style=\"color: #3366ff;\"><a style=\"color: #3366ff;\" href=\"http:\/\/stevenson-fontainebleau.fr\/wp-content\/uploads\/2022\/06\/RLSdBaG-Gazette-n11-25-juin-2022.pdf\" target=\"_blank\" rel=\"noopener\">La gazette de l&rsquo;\u00e9t\u00e9 n\u00b011-25 juin 2022<\/a><\/span><\/li>\n<li><span style=\"color: #3366ff;\"><a style=\"color: #3366ff;\" href=\"http:\/\/stevenson-fontainebleau.fr\/publications\/publications-de-rlsdbag\/gazette-n10-decembre-2021\/\" target=\"_blank\" rel=\"noopener\">La gazette &lsquo;de l&rsquo;hiver et toujours Stevenson&rsquo; N\u00b010 &#8211; 04 d\u00e9cembre 2021<\/a><\/span><\/li>\n<li><span style=\"color: #3366ff;\"><a style=\"color: #3366ff;\" href=\"http:\/\/stevenson-fontainebleau.fr\/wp-content\/uploads\/2021\/06\/RLSdBaG-Gazette-n%C2%B09-24-juin-2021.pdf\">La gazette &lsquo;le jeudi c&rsquo;est toujours Stevenson&rsquo; N\u00b09 &#8211; 24 juin 2021<\/a><\/span><\/li>\n<li><span style=\"color: #3366ff;\"><a style=\"color: #3366ff;\" href=\"http:\/\/stevenson-fontainebleau.fr\/wp-content\/uploads\/2021\/01\/Gazette-n%C2%B08final.pdf\" target=\"_blank\" rel=\"noopener\">La gazette du (re-d\u00e9)confinement et du couvre-feu n\u00b08-25 janvier 2021<\/a><\/span><\/li>\n<li><span style=\"color: #3366ff;\"><a style=\"color: #3366ff;\" href=\"http:\/\/stevenson-fontainebleau.fr\/wp-content\/uploads\/2020\/12\/Gazette-n%C2%B07final.pdf\" target=\"_blank\" rel=\"noopener\">La gazette du (re-d\u00e9)confinement n\u00b07-10 d\u00e9cembre 2020<\/a><\/span><\/li>\n<li><span style=\"color: #3366ff;\"><a style=\"color: #3366ff;\" href=\"http:\/\/stevenson-fontainebleau.fr\/wp-content\/uploads\/2020\/08\/Gazette-n\u00b06-v2.pdf\" target=\"_blank\" rel=\"noopener noreferrer\">Et le jeudi, c\u2019est Stevenson \u00bb programme rando. GAZETTE n\u00b06-30 juillet 2020<\/a><\/span><\/li>\n<li><span style=\"color: #3366ff;\"><a style=\"color: #3366ff;\" href=\"http:\/\/stevenson-fontainebleau.fr\/wp-content\/uploads\/2020\/07\/Gazette-n\u00b05bis-v3.pdf\" target=\"_blank\" rel=\"noopener noreferrer\">La gazette du (d\u00e9)confinement n\u00b05-30 juin 2020<\/a><\/span><\/li>\n<li><span style=\"color: #3366ff;\"><a style=\"color: #3366ff;\" href=\"http:\/\/stevenson-fontainebleau.fr\/wp-content\/uploads\/2020\/06\/Gazette-n4.pdf\" target=\"_blank\" rel=\"noopener noreferrer\">La gazette du (d\u00e9)confinement n\u00b04-11juin 2020<\/a><\/span><\/li>\n<li><span style=\"color: #3366ff;\"><a style=\"color: #3366ff;\" href=\"http:\/\/stevenson-fontainebleau.fr\/wp-content\/uploads\/2020\/05\/Gazette-n%C2%B03.pdf\" target=\"_blank\" rel=\"noopener noreferrer\">La gazette du confinement n\u00b0 3-01 MAI 2020<\/a><\/span><\/li>\n<li><span style=\"color: #3366ff;\"><a style=\"color: #3366ff;\" href=\"http:\/\/stevenson-fontainebleau.fr\/wp-content\/uploads\/2020\/04\/Gazette-n-2-2.pdf\" target=\"_blank\" rel=\"noopener noreferrer\">La gazette du confinement n\u00b02-12 avril 2020<\/a><\/span><\/li>\n<li><span style=\"color: #3366ff;\"><a style=\"color: #3366ff;\" href=\"http:\/\/stevenson-fontainebleau.fr\/wp-content\/uploads\/2020\/03\/Gazette-n-1.1.pdf\" target=\"_blank\" rel=\"noopener noreferrer\">La gazette du confinement N\u00b01-31mars 2020<\/a><\/span><\/li>\n<li><span style=\"color: #3366ff;\"><a style=\"color: #3366ff;\" href=\"http:\/\/stevenson-fontainebleau.fr\/wp-content\/uploads\/2019\/05\/bulletin-n\u00b04-mai-2019.pdf\" target=\"_blank\" rel=\"noopener noreferrer\">Bulletin N\u00b04 mai 2019<\/a><\/span><\/li>\n<li><span style=\"color: #3366ff;\"><a style=\"color: #3366ff;\" href=\"http:\/\/stevenson-fontainebleau.fr\/wp-content\/uploads\/2016\/11\/bulletin-n\u00b03.pdf\" target=\"_blank\" rel=\"noopener noreferrer\">Bulletin N\u00b03 novembre 2016<\/a><\/span><\/li>\n<li><span style=\"color: #3366ff;\"><a style=\"color: #3366ff;\" href=\"http:\/\/stevenson-fontainebleau.fr\/wp-content\/uploads\/2016\/02\/BULLETIN-N\u00b02.pdf\" target=\"_blank\" rel=\"noopener noreferrer\">Bulletin N\u00b02- 2016<\/a><\/span><\/li>\n<li><span style=\"color: #0000ff;\"><a style=\"color: #0000ff;\" href=\"http:\/\/stevenson-fontainebleau.fr\/wp-content\/uploads\/2016\/02\/BULLETIN-N\u00b01.pdf\" target=\"_blank\" rel=\"noopener\">Bulletin N\u00b01 &#8211; 2015<\/a><\/span><\/li>\n<\/ul>\n<h2>Livre de R.L. Stevenson &lsquo;La for\u00eat au Tr\u00e9sor \/ Forest Notes&rsquo;<\/h2>\n<p>En 2015, l\u2019association a rachet\u00e9 une partie du stock de l\u2019ouvrage <a href=\"http:\/\/stevenson-fontainebleau.fr\/wp-content\/uploads\/2016\/04\/Couverture.jpg\" target=\"_blank\" rel=\"noopener noreferrer\">\u00abLa for\u00eat au tr\u00e9sor FONTAINEBLEAU Treasure forest \u00bb<\/a> d\u00e9tenu par l\u2019association des Naturaliste de la Vall\u00e9e du Loing. Ces livres sont en vente \u00e0 l\u2019association et \u00e0 la librairie <a href=\"http:\/\/lempreinte-librairiegalerie.fr\/\">L&rsquo;Empreinte \u00e0 Bourron-Marlotte<\/a> au prix de 10 euros.<\/p>\n<p>&nbsp;<\/p>\n","protected":false},"excerpt":{"rendered":"<p>Les Gazettes et Bulletins de RLSdB\u00e0G La gazette de l\u2019automne N\u00b0 18, septembre 2025 La gazette de l\u2019\u00e9t\u00e9 n\u00b0 17, juin 2025 La Gazette de l\u2019automne n\u00b016, d\u00e9cembre 2024 La gazette de l&rsquo;\u00e9t\u00e9 n\u00b015,juillet 2024 La premi\u00e8re gazette apr\u00e8s AG n\u00b014, avril 2024 La premi\u00e8re gazette de l&rsquo;ann\u00e9e N\u00b0 13, f\u00e9vrier 2024 La gazette de &hellip; <a href=\"https:\/\/stevenson-fontainebleau.fr\/2026\/03\/24\/assemblee-generale-dimanche-29-mars\/publications\/publications-de-rlsdbag\/\" class=\"more-link\">Continuer la lecture de <span class=\"screen-reader-text\">Publications<\/span>  <span class=\"meta-nav\">&rarr;<\/span><\/a><\/p>\n","protected":false},"author":1,"featured_media":0,"parent":313,"menu_order":0,"comment_status":"closed","ping_status":"closed","template":"","meta":{"footnotes":""},"class_list":["post-2052","page","type-page","status-publish","hentry"],"_links":{"self":[{"href":"https:\/\/stevenson-fontainebleau.fr\/2026\/03\/24\/assemblee-generale-dimanche-29-mars\/wp-json\/wp\/v2\/pages\/2052","targetHints":{"allow":["GET"]}}],"collection":[{"href":"https:\/\/stevenson-fontainebleau.fr\/2026\/03\/24\/assemblee-generale-dimanche-29-mars\/wp-json\/wp\/v2\/pages"}],"about":[{"href":"https:\/\/stevenson-fontainebleau.fr\/2026\/03\/24\/assemblee-generale-dimanche-29-mars\/wp-json\/wp\/v2\/types\/page"}],"author":[{"embeddable":true,"href":"https:\/\/stevenson-fontainebleau.fr\/2026\/03\/24\/assemblee-generale-dimanche-29-mars\/wp-json\/wp\/v2\/users\/1"}],"replies":[{"embeddable":true,"href":"https:\/\/stevenson-fontainebleau.fr\/2026\/03\/24\/assemblee-generale-dimanche-29-mars\/wp-json\/wp\/v2\/comments?post=2052"}],"version-history":[{"count":48,"href":"https:\/\/stevenson-fontainebleau.fr\/2026\/03\/24\/assemblee-generale-dimanche-29-mars\/wp-json\/wp\/v2\/pages\/2052\/revisions"}],"predecessor-version":[{"id":4934,"href":"https:\/\/stevenson-fontainebleau.fr\/2026\/03\/24\/assemblee-generale-dimanche-29-mars\/wp-json\/wp\/v2\/pages\/2052\/revisions\/4934"}],"up":[{"embeddable":true,"href":"https:\/\/stevenson-fontainebleau.fr\/2026\/03\/24\/assemblee-generale-dimanche-29-mars\/wp-json\/wp\/v2\/pages\/313"}],"wp:attachment":[{"href":"https:\/\/stevenson-fontainebleau.fr\/2026\/03\/24\/assemblee-generale-dimanche-29-mars\/wp-json\/wp\/v2\/media?parent=2052"}],"curies":[{"name":"wp","href":"https:\/\/api.w.org\/{rel}","templated":true}]}}