{"id":1968,"date":"2018-07-25T16:43:11","date_gmt":"2018-07-25T15:43:11","guid":{"rendered":"http:\/\/stevenson-fontainebleau.fr\/?page_id=1968"},"modified":"2018-07-25T16:54:42","modified_gmt":"2018-07-25T15:54:42","slug":"animation-branches-et-cine-organise-par-lonf-a-larchant-10-juillet-2018","status":"publish","type":"page","link":"https:\/\/stevenson-fontainebleau.fr\/2026\/03\/24\/assemblee-generale-dimanche-29-mars\/evenements-en-cours\/evenement-2018\/animation-branches-et-cine-organise-par-lonf-a-larchant-10-juillet-2018\/","title":{"rendered":"Animation \u2018Branches et Cin\u00e9\u2019 organis\u00e9 par l\u2019ONF \u00e0 Larchant  10 juillet 2018"},"content":{"rendered":"<p>Page en construction<\/p>\n<div id=\"js_ab\" class=\"_5pbx userContent _3576\" data-ft=\"{&quot;tn&quot;:&quot;K&quot;}\">\n<p>Mardi 10 juillet \u00e0 19 h 45 rendez vous au parking de l&rsquo;El\u00e9phant, \u00e0 Larchant en for\u00eat de Fontainebleau rando, flanerie litt\u00e9raire avec Genevi\u00e8ve Dumant de la Fo\u00eat qui Parle (et Robert Louis Stevenson), apr\u00e8s la rando, un film \u00e0 voir , en nocturne et en for\u00eat \u00e0 22 h 30 \u00ab\u00a0Stand by\u00a0\u00bb me de Bob Reiner<br \/>\nregardez le programme complet sur l&rsquo;image et vous pouvez vous pr\u00e9 inscrire pour la rando cont\u00e9e et fl\u00e2n\u00e9e&#8230; ( 06 80 24 40 31)&#8230;.<\/p>\n<\/div>\n<div class=\"_3x-2\" data-ft=\"{&quot;tn&quot;:&quot;H&quot;}\">\n<div data-ft=\"{&quot;tn&quot;:&quot;H&quot;}\">\n<div class=\"mtm\">\n<div>\n<div class=\"_1ktf\" data-ft=\"{&quot;tn&quot;:&quot;E&quot;}\">\n<div class=\"_46-h _517g\"><img loading=\"lazy\" decoding=\"async\" class=\"_46-i img alignnone\" src=\"https:\/\/scontent-cdg2-1.xx.fbcdn.net\/v\/t1.0-0\/p526x296\/36471512_1927522283946177_1613626394292518912_n.jpg?_nc_cat=0&amp;oh=0dfdb8a6afa8d82205724d9436f82a54&amp;oe=5BCDA4DE\" alt=\"Aucun texte alternatif disponible.\" width=\"526\" height=\"756\" \/><\/div>\n<\/div>\n<\/div>\n<\/div>\n<\/div>\n<\/div>\n<div><\/div>\n<div>\n<form id=\"u_jsonp_5_23\" class=\"commentable_item\" action=\"\/ajax\/ufi\/modify.php\" method=\"post\" data-ft=\"{&quot;tn&quot;:&quot;]&quot;}\"><input autocomplete=\"off\" name=\"fb_dtsg\" type=\"hidden\" value=\"AQGiXUk46jn2:AQHOzS2gjV-T\" \/><input autocomplete=\"off\" name=\"ft_ent_identifier\" type=\"hidden\" value=\"1927530167278722\" \/><input autocomplete=\"off\" name=\"data_only_response\" type=\"hidden\" value=\"1\" \/><\/p>\n<div class=\"_sa_ _gsd _fgm _5vsi _192z _1sz4 _1i6z\">\n<div class=\"_37uu\">\n<div>\n<div class=\"_57w\">\n<div class=\"_3399 _1f6t _4_dr _20h5\">\n<div class=\"_524d\">\n<div class=\"_ipn clearfix _-5d\">\n<div class=\"_ipo\">\n<div class=\"_36_q\"><\/div>\n<\/div>\n<\/div>\n<\/div>\n<\/div>\n<\/div>\n<\/div>\n<\/div>\n<\/div>\n<\/form>\n<\/div>\n","protected":false},"excerpt":{"rendered":"<p>Page en construction Mardi 10 juillet \u00e0 19 h 45 rendez vous au parking de l&rsquo;El\u00e9phant, \u00e0 Larchant en for\u00eat de Fontainebleau rando, flanerie litt\u00e9raire avec Genevi\u00e8ve Dumant de la Fo\u00eat qui Parle (et Robert Louis Stevenson), apr\u00e8s la rando, un film \u00e0 voir , en nocturne et en for\u00eat \u00e0 22 h 30 \u00ab\u00a0Stand &hellip; <a href=\"https:\/\/stevenson-fontainebleau.fr\/2026\/03\/24\/assemblee-generale-dimanche-29-mars\/evenements-en-cours\/evenement-2018\/animation-branches-et-cine-organise-par-lonf-a-larchant-10-juillet-2018\/\" class=\"more-link\">Continuer la lecture de <span class=\"screen-reader-text\">Animation \u2018Branches et Cin\u00e9\u2019 organis\u00e9 par l\u2019ONF \u00e0 Larchant  10 juillet 2018<\/span>  <span class=\"meta-nav\">&rarr;<\/span><\/a><\/p>\n","protected":false},"author":1,"featured_media":0,"parent":1840,"menu_order":3,"comment_status":"closed","ping_status":"closed","template":"","meta":{"footnotes":""},"class_list":["post-1968","page","type-page","status-publish","hentry"],"_links":{"self":[{"href":"https:\/\/stevenson-fontainebleau.fr\/2026\/03\/24\/assemblee-generale-dimanche-29-mars\/wp-json\/wp\/v2\/pages\/1968","targetHints":{"allow":["GET"]}}],"collection":[{"href":"https:\/\/stevenson-fontainebleau.fr\/2026\/03\/24\/assemblee-generale-dimanche-29-mars\/wp-json\/wp\/v2\/pages"}],"about":[{"href":"https:\/\/stevenson-fontainebleau.fr\/2026\/03\/24\/assemblee-generale-dimanche-29-mars\/wp-json\/wp\/v2\/types\/page"}],"author":[{"embeddable":true,"href":"https:\/\/stevenson-fontainebleau.fr\/2026\/03\/24\/assemblee-generale-dimanche-29-mars\/wp-json\/wp\/v2\/users\/1"}],"replies":[{"embeddable":true,"href":"https:\/\/stevenson-fontainebleau.fr\/2026\/03\/24\/assemblee-generale-dimanche-29-mars\/wp-json\/wp\/v2\/comments?post=1968"}],"version-history":[{"count":3,"href":"https:\/\/stevenson-fontainebleau.fr\/2026\/03\/24\/assemblee-generale-dimanche-29-mars\/wp-json\/wp\/v2\/pages\/1968\/revisions"}],"predecessor-version":[{"id":1971,"href":"https:\/\/stevenson-fontainebleau.fr\/2026\/03\/24\/assemblee-generale-dimanche-29-mars\/wp-json\/wp\/v2\/pages\/1968\/revisions\/1971"}],"up":[{"embeddable":true,"href":"https:\/\/stevenson-fontainebleau.fr\/2026\/03\/24\/assemblee-generale-dimanche-29-mars\/wp-json\/wp\/v2\/pages\/1840"}],"wp:attachment":[{"href":"https:\/\/stevenson-fontainebleau.fr\/2026\/03\/24\/assemblee-generale-dimanche-29-mars\/wp-json\/wp\/v2\/media?parent=1968"}],"curies":[{"name":"wp","href":"https:\/\/api.w.org\/{rel}","templated":true}]}}