{"id":1844,"date":"2018-07-25T13:41:47","date_gmt":"2018-07-25T12:41:47","guid":{"rendered":"http:\/\/stevenson-fontainebleau.fr\/?page_id=1844"},"modified":"2018-07-25T16:39:24","modified_gmt":"2018-07-25T15:39:24","slug":"un-tresor-etait-cache","status":"publish","type":"page","link":"https:\/\/stevenson-fontainebleau.fr\/2026\/03\/24\/assemblee-generale-dimanche-29-mars\/evenements-en-cours\/evenement-2018\/un-tresor-etait-cache\/","title":{"rendered":"Un tr\u00e9sor \u00e9tait cach\u00e9 27 juin 2018"},"content":{"rendered":"<p>&nbsp;<\/p>\n<p>Bonjour<\/p>\n<p>Sollicit\u00e9s par la maison d&rsquo;enfants de Samoreau de la \u00a0Fondation Cognac-Jay pour organiser une chasse au tr\u00e8sor le mardi 27 juin, nous avions r\u00e9pondu pr\u00e9sent&#8230;<\/p>\n<p>12 \u00e9quipes d&rsquo;enfants et de jeunes avec leurs encadrants, cela faisait quelques 130 personnes qui ont pris part \u00e0 cette chasse qui reprenait sensiblement le parcours de la chasse au tr\u00e9sor d&rsquo;avril dernier, nous \u00e9tions 25 pour organiser, encadrer et animer l&rsquo;apr\u00e8s midi ensoleill\u00e9e et chaude.<\/p>\n<p>Tout c&rsquo;est superbement bien pass\u00e9 et en fin d&rsquo;apr\u00e8s midi, le directeur de la fondation m&rsquo;a charg\u00e9 de vous transmettre ses remerciements pour notre investissement et notre professionnalisme.<\/p>\n<p>Merci \u00e0 celles et ceux qui ont pu se lib\u00e9rer pour le mardi apr\u00e8s midi afin de pr\u00e9parer le tr\u00e9sor, les documents et les sacs \u00e0 dos pour les enfants et leurs accompagnateurs, merci aussi pour votre participation active, attentive et souriante du mercredi apr\u00e8s midi.<\/p>\n<p>merci aussi \u00e0 celles et ceux qui n&rsquo;\u00e9taient pas disponibles mais dont nous savions le soutien.<\/p>\n<p>Michel Legros<\/p>\n<p>&nbsp;<\/p>\n<div id='gallery-1' class='gallery galleryid-1844 gallery-columns-3 gallery-size-large'><figure class='gallery-item'>\n\t\t\t<div class='gallery-icon landscape'>\n\t\t\t\t<a href='https:\/\/stevenson-fontainebleau.fr\/2026\/03\/24\/assemblee-generale-dimanche-29-mars\/evenements-en-cours\/evenement-2018\/un-tresor-etait-cache\/20180627_155653\/'><img loading=\"lazy\" decoding=\"async\" width=\"474\" height=\"267\" src=\"https:\/\/stevenson-fontainebleau.fr\/wp-content\/uploads\/2018\/07\/20180627_155653-1024x576.jpg\" class=\"attachment-large size-large\" alt=\"\" srcset=\"https:\/\/stevenson-fontainebleau.fr\/wp-content\/uploads\/2018\/07\/20180627_155653-1024x576.jpg 1024w, https:\/\/stevenson-fontainebleau.fr\/wp-content\/uploads\/2018\/07\/20180627_155653-300x169.jpg 300w, https:\/\/stevenson-fontainebleau.fr\/wp-content\/uploads\/2018\/07\/20180627_155653-768x432.jpg 768w\" sizes=\"auto, (max-width: 474px) 100vw, 474px\" \/><\/a>\n\t\t\t<\/div><\/figure><figure class='gallery-item'>\n\t\t\t<div class='gallery-icon portrait'>\n\t\t\t\t<a href='https:\/\/stevenson-fontainebleau.fr\/2026\/03\/24\/assemblee-generale-dimanche-29-mars\/evenements-en-cours\/evenement-2018\/un-tresor-etait-cache\/20180627_151754\/'><img loading=\"lazy\" decoding=\"async\" width=\"474\" height=\"843\" src=\"https:\/\/stevenson-fontainebleau.fr\/wp-content\/uploads\/2018\/07\/20180627_151754-576x1024.jpg\" class=\"attachment-large size-large\" alt=\"\" srcset=\"https:\/\/stevenson-fontainebleau.fr\/wp-content\/uploads\/2018\/07\/20180627_151754-576x1024.jpg 576w, https:\/\/stevenson-fontainebleau.fr\/wp-content\/uploads\/2018\/07\/20180627_151754-169x300.jpg 169w, https:\/\/stevenson-fontainebleau.fr\/wp-content\/uploads\/2018\/07\/20180627_151754-768x1365.jpg 768w, https:\/\/stevenson-fontainebleau.fr\/wp-content\/uploads\/2018\/07\/20180627_151754.jpg 1836w\" sizes=\"auto, (max-width: 474px) 100vw, 474px\" \/><\/a>\n\t\t\t<\/div><\/figure><figure class='gallery-item'>\n\t\t\t<div class='gallery-icon landscape'>\n\t\t\t\t<a href='https:\/\/stevenson-fontainebleau.fr\/2026\/03\/24\/assemblee-generale-dimanche-29-mars\/20180627_131725\/'><img loading=\"lazy\" decoding=\"async\" width=\"474\" height=\"267\" src=\"https:\/\/stevenson-fontainebleau.fr\/wp-content\/uploads\/2018\/07\/20180627_131725-1024x576.jpg\" class=\"attachment-large size-large\" alt=\"\" srcset=\"https:\/\/stevenson-fontainebleau.fr\/wp-content\/uploads\/2018\/07\/20180627_131725-1024x576.jpg 1024w, https:\/\/stevenson-fontainebleau.fr\/wp-content\/uploads\/2018\/07\/20180627_131725-300x169.jpg 300w, https:\/\/stevenson-fontainebleau.fr\/wp-content\/uploads\/2018\/07\/20180627_131725-768x432.jpg 768w\" sizes=\"auto, (max-width: 474px) 100vw, 474px\" \/><\/a>\n\t\t\t<\/div><\/figure>\n\t\t<\/div>\n\n","protected":false},"excerpt":{"rendered":"<p>&nbsp; Bonjour Sollicit\u00e9s par la maison d&rsquo;enfants de Samoreau de la \u00a0Fondation Cognac-Jay pour organiser une chasse au tr\u00e8sor le mardi 27 juin, nous avions r\u00e9pondu pr\u00e9sent&#8230; 12 \u00e9quipes d&rsquo;enfants et de jeunes avec leurs encadrants, cela faisait quelques 130 personnes qui ont pris part \u00e0 cette chasse qui reprenait sensiblement le parcours de la &hellip; <a href=\"https:\/\/stevenson-fontainebleau.fr\/2026\/03\/24\/assemblee-generale-dimanche-29-mars\/evenements-en-cours\/evenement-2018\/un-tresor-etait-cache\/\" class=\"more-link\">Continuer la lecture de <span class=\"screen-reader-text\">Un tr\u00e9sor \u00e9tait cach\u00e9 27 juin 2018<\/span>  <span class=\"meta-nav\">&rarr;<\/span><\/a><\/p>\n","protected":false},"author":1,"featured_media":0,"parent":1840,"menu_order":4,"comment_status":"closed","ping_status":"closed","template":"","meta":{"footnotes":""},"class_list":["post-1844","page","type-page","status-publish","hentry"],"_links":{"self":[{"href":"https:\/\/stevenson-fontainebleau.fr\/2026\/03\/24\/assemblee-generale-dimanche-29-mars\/wp-json\/wp\/v2\/pages\/1844","targetHints":{"allow":["GET"]}}],"collection":[{"href":"https:\/\/stevenson-fontainebleau.fr\/2026\/03\/24\/assemblee-generale-dimanche-29-mars\/wp-json\/wp\/v2\/pages"}],"about":[{"href":"https:\/\/stevenson-fontainebleau.fr\/2026\/03\/24\/assemblee-generale-dimanche-29-mars\/wp-json\/wp\/v2\/types\/page"}],"author":[{"embeddable":true,"href":"https:\/\/stevenson-fontainebleau.fr\/2026\/03\/24\/assemblee-generale-dimanche-29-mars\/wp-json\/wp\/v2\/users\/1"}],"replies":[{"embeddable":true,"href":"https:\/\/stevenson-fontainebleau.fr\/2026\/03\/24\/assemblee-generale-dimanche-29-mars\/wp-json\/wp\/v2\/comments?post=1844"}],"version-history":[{"count":5,"href":"https:\/\/stevenson-fontainebleau.fr\/2026\/03\/24\/assemblee-generale-dimanche-29-mars\/wp-json\/wp\/v2\/pages\/1844\/revisions"}],"predecessor-version":[{"id":1967,"href":"https:\/\/stevenson-fontainebleau.fr\/2026\/03\/24\/assemblee-generale-dimanche-29-mars\/wp-json\/wp\/v2\/pages\/1844\/revisions\/1967"}],"up":[{"embeddable":true,"href":"https:\/\/stevenson-fontainebleau.fr\/2026\/03\/24\/assemblee-generale-dimanche-29-mars\/wp-json\/wp\/v2\/pages\/1840"}],"wp:attachment":[{"href":"https:\/\/stevenson-fontainebleau.fr\/2026\/03\/24\/assemblee-generale-dimanche-29-mars\/wp-json\/wp\/v2\/media?parent=1844"}],"curies":[{"name":"wp","href":"https:\/\/api.w.org\/{rel}","templated":true}]}}