{"id":151,"date":"2015-08-27T13:30:28","date_gmt":"2015-08-27T12:30:28","guid":{"rendered":"http:\/\/stevenson-fontainebleau.fr\/?page_id=151"},"modified":"2018-02-18T18:01:03","modified_gmt":"2018-02-18T17:01:03","slug":"20-septembre-2015","status":"publish","type":"page","link":"https:\/\/stevenson-fontainebleau.fr\/2026\/03\/24\/assemblee-generale-dimanche-29-mars\/evenements-en-cours\/evenements-2015-2\/20-septembre-2015\/","title":{"rendered":"20 Septembre 2015"},"content":{"rendered":"<p>&nbsp;<\/p>\n<h2 style=\"text-align: center;\"><span style=\"color: #808080;\">Hommage \u00e0 Robert Louis Stevenson\u00a0 organis\u00e9\u00a0\u00a0par la Ville de Moret sur Loing<\/span><br \/>\n<span style=\"color: #808080;\"> le dimanche 20 septembre 2015<\/span><\/h2>\n<p><strong>A l&rsquo;occasion des Journ\u00e9es du Patrimoine, <\/strong><br \/>\nune plaque comm\u00e9morative a \u00e9t\u00e9 install\u00e9e sur le site des anciens chantiers Matrat.<a href=\"http:\/\/stevenson-fontainebleau.fr\/wp-content\/uploads\/2015\/09\/n__44963_w.jpg\" target=\"_blank\"><img loading=\"lazy\" decoding=\"async\" class=\"alignright wp-image-224\" src=\"http:\/\/stevenson-fontainebleau.fr\/wp-content\/uploads\/2015\/09\/n__44963_w-300x199.jpg\" alt=\"n__44963_w\" width=\"240\" height=\"159\" srcset=\"https:\/\/stevenson-fontainebleau.fr\/wp-content\/uploads\/2015\/09\/n__44963_w-300x199.jpg 300w, https:\/\/stevenson-fontainebleau.fr\/wp-content\/uploads\/2015\/09\/n__44963_w-1024x678.jpg 1024w, https:\/\/stevenson-fontainebleau.fr\/wp-content\/uploads\/2015\/09\/n__44963_w.jpg 1280w\" sizes=\"auto, (max-width: 240px) 100vw, 240px\" \/><\/a><\/p>\n<p>En ce dimanche 20 septembre, f\u00eate du patrimoine et premier jour de l&rsquo;automne, Moret sur Loing \u00e9tait en f\u00eate.<\/p>\n<p><img loading=\"lazy\" decoding=\"async\" class=\"alignright wp-image-223\" src=\"http:\/\/stevenson-fontainebleau.fr\/wp-content\/uploads\/2015\/09\/n__44950_w-300x232.jpg\" alt=\"n__44950_w\" width=\"240\" height=\"185\" srcset=\"https:\/\/stevenson-fontainebleau.fr\/wp-content\/uploads\/2015\/09\/n__44950_w-300x232.jpg 300w, https:\/\/stevenson-fontainebleau.fr\/wp-content\/uploads\/2015\/09\/n__44950_w-1024x792.jpg 1024w, https:\/\/stevenson-fontainebleau.fr\/wp-content\/uploads\/2015\/09\/n__44950_w.jpg 1280w\" sizes=\"auto, (max-width: 240px) 100vw, 240px\" \/>Des sculpteurs sur chaque place, des chansons \u00e0 chaque coin de rues et il faisait beau. A 14 heures, pr\u00e8s de la halte-fluviale, sur la route de Saint Mammes, l\u00e0 o\u00f9 le Loing se pr\u00e9pare \u00e0 rejoindre la Seine, devant le b\u00e2timent de l&rsquo;ancien chantier naval Matrat, Patrick Septiers, maire de Moret, Claire Leray, pr\u00e9sidente des Artistes du Bout du Monde, et Michel Legros, pr\u00e9sident de \u00ab\u00a0Robert-Louis Stevenson, de Barbizon \u00e0 Grez\u00a0\u00bb, d\u00e9couvrent la plaque consacr\u00e9e \u00e0 R.L. Stevenson.<\/p>\n<p><a href=\"http:\/\/stevenson-fontainebleau.fr\/wp-content\/uploads\/2015\/08\/n__44905_w.jpg\" target=\"_blank\"><img loading=\"lazy\" decoding=\"async\" class=\"alignright wp-image-235\" src=\"http:\/\/stevenson-fontainebleau.fr\/wp-content\/uploads\/2015\/08\/n__44905_w-300x183.jpg\" alt=\"n__44905_w\" width=\"239\" height=\"146\" srcset=\"https:\/\/stevenson-fontainebleau.fr\/wp-content\/uploads\/2015\/08\/n__44905_w-300x183.jpg 300w, https:\/\/stevenson-fontainebleau.fr\/wp-content\/uploads\/2015\/08\/n__44905_w-1024x623.jpg 1024w, https:\/\/stevenson-fontainebleau.fr\/wp-content\/uploads\/2015\/08\/n__44905_w.jpg 1280w\" sizes=\"auto, (max-width: 239px) 100vw, 239px\" \/><\/a>Pour en arriver \u00e0 ce moment, il a fallu randonner depuis Montigny sur Loing, venir de Grez en v\u00e9lo par l&rsquo;Eurov\u00e9loroute3, le chemin du halage. Ceux et celles qui ne randonnaient ni ne marchaient ont fait le trajet depuis Moncourt-Fromonville en empruntant l&rsquo;itin\u00e9raire navigable du <a href=\"http:\/\/stevenson-fontainebleau.fr\/wp-content\/uploads\/2016\/04\/ZIA.jpg\" target=\"_blank\">canal avec le Zia<\/a>. Au final pr\u00e8s de 100 personnes piqueniquaient &#8211; nique nique nique&#8230; sur les merveilleux bords du Loing avant de se retrouver autour de la<img loading=\"lazy\" decoding=\"async\" class=\"alignright wp-image-237\" src=\"http:\/\/stevenson-fontainebleau.fr\/wp-content\/uploads\/2015\/08\/DSC_5335-300x201.jpg\" alt=\"DSC_5335\" width=\"239\" height=\"160\" srcset=\"https:\/\/stevenson-fontainebleau.fr\/wp-content\/uploads\/2015\/08\/DSC_5335-300x201.jpg 300w, https:\/\/stevenson-fontainebleau.fr\/wp-content\/uploads\/2015\/08\/DSC_5335-1024x685.jpg 1024w\" sizes=\"auto, (max-width: 239px) 100vw, 239px\" \/> plaque Stevenson pour quelques moments de souvenirs et de paroles, et m\u00eame un texte de Stevenson dit avec bonheur par Genevi\u00e8ve Dumant.<\/p>\n<p><img loading=\"lazy\" decoding=\"async\" class=\" wp-image-146 alignleft\" src=\"http:\/\/stevenson-fontainebleau.fr\/wp-content\/uploads\/2015\/07\/LogoJ1-300x154.jpg\" alt=\"_LogoJ[1]\" width=\"177\" height=\"91\" srcset=\"https:\/\/stevenson-fontainebleau.fr\/wp-content\/uploads\/2015\/07\/LogoJ1-300x154.jpg 300w, https:\/\/stevenson-fontainebleau.fr\/wp-content\/uploads\/2015\/07\/LogoJ1.jpg 320w\" sizes=\"auto, (max-width: 177px) 100vw, 177px\" \/><\/p>\n<h5><a href=\"http:\/\/stevenson-fontainebleau.fr\/wp-content\/uploads\/2015\/06\/cropped-entete1.png\"><img loading=\"lazy\" decoding=\"async\" class=\"wp-image-100 alignnone\" src=\"http:\/\/stevenson-fontainebleau.fr\/wp-content\/uploads\/2015\/06\/cropped-entete1-300x110.png\" alt=\"cropped-entete1.png\" width=\"180\" height=\"66\" srcset=\"https:\/\/stevenson-fontainebleau.fr\/wp-content\/uploads\/2015\/06\/cropped-entete1-300x110.png 300w, https:\/\/stevenson-fontainebleau.fr\/wp-content\/uploads\/2015\/06\/cropped-entete1-1024x376.png 1024w, https:\/\/stevenson-fontainebleau.fr\/wp-content\/uploads\/2015\/06\/cropped-entete1.png 1260w\" sizes=\"auto, (max-width: 180px) 100vw, 180px\" \/><\/a><\/h5>\n<p>Photos: Jean-Paul Battin et Ian Fuller<\/p>\n<p>&nbsp;<\/p>\n<p>&nbsp;<\/p>\n<hr \/>\n<h6><\/h6>\n<h6><\/h6>\n","protected":false},"excerpt":{"rendered":"<p>&nbsp; Hommage \u00e0 Robert Louis Stevenson\u00a0 organis\u00e9\u00a0\u00a0par la Ville de Moret sur Loing le dimanche 20 septembre 2015 A l&rsquo;occasion des Journ\u00e9es du Patrimoine, une plaque comm\u00e9morative a \u00e9t\u00e9 install\u00e9e sur le site des anciens chantiers Matrat. En ce dimanche 20 septembre, f\u00eate du patrimoine et premier jour de l&rsquo;automne, Moret sur Loing \u00e9tait en &hellip; <a href=\"https:\/\/stevenson-fontainebleau.fr\/2026\/03\/24\/assemblee-generale-dimanche-29-mars\/evenements-en-cours\/evenements-2015-2\/20-septembre-2015\/\" class=\"more-link\">Continuer la lecture de <span class=\"screen-reader-text\">20 Septembre 2015<\/span>  <span class=\"meta-nav\">&rarr;<\/span><\/a><\/p>\n","protected":false},"author":1,"featured_media":0,"parent":1426,"menu_order":95,"comment_status":"closed","ping_status":"closed","template":"","meta":{"footnotes":""},"class_list":["post-151","page","type-page","status-publish","hentry"],"_links":{"self":[{"href":"https:\/\/stevenson-fontainebleau.fr\/2026\/03\/24\/assemblee-generale-dimanche-29-mars\/wp-json\/wp\/v2\/pages\/151","targetHints":{"allow":["GET"]}}],"collection":[{"href":"https:\/\/stevenson-fontainebleau.fr\/2026\/03\/24\/assemblee-generale-dimanche-29-mars\/wp-json\/wp\/v2\/pages"}],"about":[{"href":"https:\/\/stevenson-fontainebleau.fr\/2026\/03\/24\/assemblee-generale-dimanche-29-mars\/wp-json\/wp\/v2\/types\/page"}],"author":[{"embeddable":true,"href":"https:\/\/stevenson-fontainebleau.fr\/2026\/03\/24\/assemblee-generale-dimanche-29-mars\/wp-json\/wp\/v2\/users\/1"}],"replies":[{"embeddable":true,"href":"https:\/\/stevenson-fontainebleau.fr\/2026\/03\/24\/assemblee-generale-dimanche-29-mars\/wp-json\/wp\/v2\/comments?post=151"}],"version-history":[{"count":15,"href":"https:\/\/stevenson-fontainebleau.fr\/2026\/03\/24\/assemblee-generale-dimanche-29-mars\/wp-json\/wp\/v2\/pages\/151\/revisions"}],"predecessor-version":[{"id":781,"href":"https:\/\/stevenson-fontainebleau.fr\/2026\/03\/24\/assemblee-generale-dimanche-29-mars\/wp-json\/wp\/v2\/pages\/151\/revisions\/781"}],"up":[{"embeddable":true,"href":"https:\/\/stevenson-fontainebleau.fr\/2026\/03\/24\/assemblee-generale-dimanche-29-mars\/wp-json\/wp\/v2\/pages\/1426"}],"wp:attachment":[{"href":"https:\/\/stevenson-fontainebleau.fr\/2026\/03\/24\/assemblee-generale-dimanche-29-mars\/wp-json\/wp\/v2\/media?parent=151"}],"curies":[{"name":"wp","href":"https:\/\/api.w.org\/{rel}","templated":true}]}}