{"id":1486,"date":"2018-02-19T18:03:52","date_gmt":"2018-02-19T17:03:52","guid":{"rendered":"http:\/\/stevenson-fontainebleau.fr\/?page_id=1486"},"modified":"2018-07-25T13:35:44","modified_gmt":"2018-07-25T12:35:44","slug":"randonnee-multilingue-dimanche-4-mars-2018","status":"publish","type":"page","link":"https:\/\/stevenson-fontainebleau.fr\/2026\/03\/24\/assemblee-generale-dimanche-29-mars\/evenements-en-cours\/evenement-2018\/randonnee-multilingue-dimanche-4-mars-2018\/","title":{"rendered":"RANDONNEE MULTILINGUE dimanche 4 mars 2018"},"content":{"rendered":"<h2 style=\"text-align: center; padding-left: 30px;\">L&rsquo;association &lsquo;<em>R.L. Stevenson de Barbizon \u00e0 Grez<\/em>&lsquo; vous invite \u00e0 participer \u00e0<\/h2>\n<h2 style=\"text-align: center; padding-left: 30px;\">une randonn\u00e9e multilingue<\/h2>\n<h3 style=\"text-align: center;\">Le dimanche 4 mars 2018 &#8211; Apr\u00e8s midi<\/h3>\n<p style=\"text-align: center;\"><strong>Pour francophones, anglophones, germanophones et italophones, une randonn\u00e9e familiale gratuite avec quelques lectures de Robert-Louis Stevenson.<\/strong><\/p>\n<p style=\"text-align: center;\"><strong><em> <strong><em>Rendez-vous \u00e0 14h devant la gare de Fontainebleau-Avon.<\/em><\/strong><\/em><\/strong><\/p>\n<p style=\"text-align: left;\"><a href=\"http:\/\/stevenson-fontainebleau.fr\/wp-content\/uploads\/2018\/02\/2018-Randon\u00e9e-Multilingue-FR-v2.pdf\" target=\"_blank\" rel=\"noopener\">cliquez ici pour acc\u00e9der au document a<\/a><\/p>\n<p style=\"text-align: left;\"><a href=\"http:\/\/stevenson-fontainebleau.fr\/wp-content\/uploads\/2018\/02\/Sentier-N\u00b02.jpg\" target=\"_blank\" rel=\"noopener\">cliquez ici pour acc\u00e9der au document b<\/a><\/p>\n<p>___________________________________________________________________________<\/p>\n<p style=\"text-align: left;\"><a href=\"http:\/\/stevenson-fontainebleau.fr\/wp-content\/uploads\/2018\/02\/2018-Randon\u00e9e-Multilingue-FR-v2.pdf\" target=\"_blank\" rel=\"noopener\">A<\/a>\u00a0\u00a0\u00a0\u00a0\u00a0\u00a0\u00a0\u00a0\u00a0\u00a0\u00a0\u00a0\u00a0\u00a0\u00a0\u00a0\u00a0\u00a0\u00a0\u00a0\u00a0\u00a0\u00a0\u00a0\u00a0\u00a0\u00a0\u00a0\u00a0\u00a0\u00a0\u00a0\u00a0\u00a0\u00a0\u00a0\u00a0\u00a0\u00a0\u00a0\u00a0\u00a0\u00a0\u00a0\u00a0\u00a0 \u00a0<a href=\"http:\/\/stevenson-fontainebleau.fr\/wp-content\/uploads\/2018\/02\/Sentier-N\u00b02.jpg\" target=\"_blank\" rel=\"noopener\"> B<\/a><\/p>\n<p><a href=\"http:\/\/stevenson-fontainebleau.fr\/wp-content\/uploads\/2018\/02\/2018-Randon\u00e9e-Multilingue-FR-v2.pdf\" target=\"_blank\" rel=\"noopener\"><img loading=\"lazy\" decoding=\"async\" class=\"wp-image-1391 alignleft\" src=\"http:\/\/stevenson-fontainebleau.fr\/wp-content\/uploads\/2018\/02\/2018-Randon\u00e9e-Multilingue-FR-v2-1-211x300.jpg\" alt=\"\" width=\"138\" height=\"196\" srcset=\"https:\/\/stevenson-fontainebleau.fr\/wp-content\/uploads\/2018\/02\/2018-Randon\u00e9e-Multilingue-FR-v2-1-211x300.jpg 211w, https:\/\/stevenson-fontainebleau.fr\/wp-content\/uploads\/2018\/02\/2018-Randon\u00e9e-Multilingue-FR-v2-1-768x1089.jpg 768w, https:\/\/stevenson-fontainebleau.fr\/wp-content\/uploads\/2018\/02\/2018-Randon\u00e9e-Multilingue-FR-v2-1-722x1024.jpg 722w, https:\/\/stevenson-fontainebleau.fr\/wp-content\/uploads\/2018\/02\/2018-Randon\u00e9e-Multilingue-FR-v2-1.jpg 1166w\" sizes=\"auto, (max-width: 138px) 100vw, 138px\" \/><\/a><a href=\"http:\/\/stevenson-fontainebleau.fr\/wp-content\/uploads\/2018\/02\/Sentier-N\u00b02.jpg\" target=\"_blank\" rel=\"noopener\"><img loading=\"lazy\" decoding=\"async\" class=\"wp-image-1399 alignnone\" src=\"http:\/\/stevenson-fontainebleau.fr\/wp-content\/uploads\/2018\/02\/Sentier-N\u00b02-300x179.jpg\" alt=\"\" width=\"305\" height=\"182\" srcset=\"https:\/\/stevenson-fontainebleau.fr\/wp-content\/uploads\/2018\/02\/Sentier-N\u00b02-300x179.jpg 300w, https:\/\/stevenson-fontainebleau.fr\/wp-content\/uploads\/2018\/02\/Sentier-N\u00b02-768x459.jpg 768w, https:\/\/stevenson-fontainebleau.fr\/wp-content\/uploads\/2018\/02\/Sentier-N\u00b02-1024x612.jpg 1024w, https:\/\/stevenson-fontainebleau.fr\/wp-content\/uploads\/2018\/02\/Sentier-N\u00b02.jpg 1564w\" sizes=\"auto, (max-width: 305px) 100vw, 305px\" \/><\/a><\/p>\n<p>&nbsp;<\/p>\n<p>&nbsp;<\/p>\n","protected":false},"excerpt":{"rendered":"<p>L&rsquo;association &lsquo;R.L. Stevenson de Barbizon \u00e0 Grez&lsquo; vous invite \u00e0 participer \u00e0 une randonn\u00e9e multilingue Le dimanche 4 mars 2018 &#8211; Apr\u00e8s midi Pour francophones, anglophones, germanophones et italophones, une randonn\u00e9e familiale gratuite avec quelques lectures de Robert-Louis Stevenson. Rendez-vous \u00e0 14h devant la gare de Fontainebleau-Avon. cliquez ici pour acc\u00e9der au document a cliquez &hellip; <a href=\"https:\/\/stevenson-fontainebleau.fr\/2026\/03\/24\/assemblee-generale-dimanche-29-mars\/evenements-en-cours\/evenement-2018\/randonnee-multilingue-dimanche-4-mars-2018\/\" class=\"more-link\">Continuer la lecture de <span class=\"screen-reader-text\">RANDONNEE MULTILINGUE dimanche 4 mars 2018<\/span>  <span class=\"meta-nav\">&rarr;<\/span><\/a><\/p>\n","protected":false},"author":1,"featured_media":0,"parent":1840,"menu_order":15,"comment_status":"closed","ping_status":"closed","template":"","meta":{"footnotes":""},"class_list":["post-1486","page","type-page","status-publish","hentry"],"_links":{"self":[{"href":"https:\/\/stevenson-fontainebleau.fr\/2026\/03\/24\/assemblee-generale-dimanche-29-mars\/wp-json\/wp\/v2\/pages\/1486","targetHints":{"allow":["GET"]}}],"collection":[{"href":"https:\/\/stevenson-fontainebleau.fr\/2026\/03\/24\/assemblee-generale-dimanche-29-mars\/wp-json\/wp\/v2\/pages"}],"about":[{"href":"https:\/\/stevenson-fontainebleau.fr\/2026\/03\/24\/assemblee-generale-dimanche-29-mars\/wp-json\/wp\/v2\/types\/page"}],"author":[{"embeddable":true,"href":"https:\/\/stevenson-fontainebleau.fr\/2026\/03\/24\/assemblee-generale-dimanche-29-mars\/wp-json\/wp\/v2\/users\/1"}],"replies":[{"embeddable":true,"href":"https:\/\/stevenson-fontainebleau.fr\/2026\/03\/24\/assemblee-generale-dimanche-29-mars\/wp-json\/wp\/v2\/comments?post=1486"}],"version-history":[{"count":2,"href":"https:\/\/stevenson-fontainebleau.fr\/2026\/03\/24\/assemblee-generale-dimanche-29-mars\/wp-json\/wp\/v2\/pages\/1486\/revisions"}],"predecessor-version":[{"id":1490,"href":"https:\/\/stevenson-fontainebleau.fr\/2026\/03\/24\/assemblee-generale-dimanche-29-mars\/wp-json\/wp\/v2\/pages\/1486\/revisions\/1490"}],"up":[{"embeddable":true,"href":"https:\/\/stevenson-fontainebleau.fr\/2026\/03\/24\/assemblee-generale-dimanche-29-mars\/wp-json\/wp\/v2\/pages\/1840"}],"wp:attachment":[{"href":"https:\/\/stevenson-fontainebleau.fr\/2026\/03\/24\/assemblee-generale-dimanche-29-mars\/wp-json\/wp\/v2\/media?parent=1486"}],"curies":[{"name":"wp","href":"https:\/\/api.w.org\/{rel}","templated":true}]}}