{"id":1456,"date":"2018-02-19T17:15:36","date_gmt":"2018-02-19T16:15:36","guid":{"rendered":"http:\/\/stevenson-fontainebleau.fr\/?page_id=1456"},"modified":"2018-07-25T13:36:36","modified_gmt":"2018-07-25T12:36:36","slug":"chasse-au-tresor","status":"publish","type":"page","link":"https:\/\/stevenson-fontainebleau.fr\/2026\/03\/24\/assemblee-generale-dimanche-29-mars\/evenements-en-cours\/evenement-2018\/chasse-au-tresor\/","title":{"rendered":"CHASSE AU TRESOR samedi 7 avril 2018"},"content":{"rendered":"<h3 style=\"text-align: center;\"><span style=\"color: #ff0000;\">Samedi 7 avril 2018<\/span><\/h3>\n<p><a href=\"http:\/\/stevenson-fontainebleau.fr\/wp-content\/uploads\/2018\/03\/aa-affiche-.pdf\" target=\"_blank\" rel=\"noopener\">Cliquez sur l&rsquo;image pour voir l&rsquo;affiche et le plan d&rsquo;acc\u00e8s<\/a><\/p>\n<p><a href=\"http:\/\/stevenson-fontainebleau.fr\/wp-content\/uploads\/2018\/03\/aa-affiche-.pdf\" target=\"_blank\" rel=\"noopener\"><img loading=\"lazy\" decoding=\"async\" class=\"size-full wp-image-1496 aligncenter\" src=\"http:\/\/stevenson-fontainebleau.fr\/wp-content\/uploads\/2018\/03\/affiche-.jpg\" alt=\"\" width=\"454\" height=\"634\" srcset=\"https:\/\/stevenson-fontainebleau.fr\/wp-content\/uploads\/2018\/03\/affiche-.jpg 454w, https:\/\/stevenson-fontainebleau.fr\/wp-content\/uploads\/2018\/03\/affiche--215x300.jpg 215w\" sizes=\"auto, (max-width: 454px) 100vw, 454px\" \/><\/a><\/p>\n<h2 style=\"text-align: center;\">Chasse au tr\u00e9sor<\/h2>\n<p style=\"text-align: center;\">\u00e0 Franchard rendez-vous \u00e0 14 heures au centre d\u2019\u00e9cotourisme pour un d\u00e9part \u00e0 14 heures 30<\/p>\n<h3 style=\"text-align: center;\">Le petit peuple de la for\u00eat<\/h3>\n<p style=\"text-align: center;\">Aidez nous \u00e0 retrouver le nom du lutin familier \u00e9voqu\u00e9 par<br \/>\nRobert-Louis Stevenson<\/p>\n<p style=\"text-align: center;\">Enigmes, jeux d&rsquo;adresse, petits d\u00e9fis sportifs, r\u00e9flexion et observations \u00e0 d\u00e9couvrir en famille<\/p>\n<p style=\"text-align: center;\">Sur inscription avant le 03\/04\/2018<\/p>\n<p style=\"text-align: center;\">Par t\u00e9l\u00e9phone : 06 81 77 65 15<br \/>\nPar courriel : roxele94@gmail.com<\/p>\n<p style=\"text-align: center;\">ACTIVITE GRATUITE<\/p>\n<p style=\"text-align: center;\">En cas d\u2019intemp\u00e9ries, possibilit\u00e9 d\u2019annulation.<\/p>\n","protected":false},"excerpt":{"rendered":"<p>Samedi 7 avril 2018 Cliquez sur l&rsquo;image pour voir l&rsquo;affiche et le plan d&rsquo;acc\u00e8s Chasse au tr\u00e9sor \u00e0 Franchard rendez-vous \u00e0 14 heures au centre d\u2019\u00e9cotourisme pour un d\u00e9part \u00e0 14 heures 30 Le petit peuple de la for\u00eat Aidez nous \u00e0 retrouver le nom du lutin familier \u00e9voqu\u00e9 par Robert-Louis Stevenson Enigmes, jeux d&rsquo;adresse, &hellip; <a href=\"https:\/\/stevenson-fontainebleau.fr\/2026\/03\/24\/assemblee-generale-dimanche-29-mars\/evenements-en-cours\/evenement-2018\/chasse-au-tresor\/\" class=\"more-link\">Continuer la lecture de <span class=\"screen-reader-text\">CHASSE AU TRESOR samedi 7 avril 2018<\/span>  <span class=\"meta-nav\">&rarr;<\/span><\/a><\/p>\n","protected":false},"author":1,"featured_media":0,"parent":1840,"menu_order":12,"comment_status":"closed","ping_status":"closed","template":"","meta":{"footnotes":""},"class_list":["post-1456","page","type-page","status-publish","hentry"],"_links":{"self":[{"href":"https:\/\/stevenson-fontainebleau.fr\/2026\/03\/24\/assemblee-generale-dimanche-29-mars\/wp-json\/wp\/v2\/pages\/1456","targetHints":{"allow":["GET"]}}],"collection":[{"href":"https:\/\/stevenson-fontainebleau.fr\/2026\/03\/24\/assemblee-generale-dimanche-29-mars\/wp-json\/wp\/v2\/pages"}],"about":[{"href":"https:\/\/stevenson-fontainebleau.fr\/2026\/03\/24\/assemblee-generale-dimanche-29-mars\/wp-json\/wp\/v2\/types\/page"}],"author":[{"embeddable":true,"href":"https:\/\/stevenson-fontainebleau.fr\/2026\/03\/24\/assemblee-generale-dimanche-29-mars\/wp-json\/wp\/v2\/users\/1"}],"replies":[{"embeddable":true,"href":"https:\/\/stevenson-fontainebleau.fr\/2026\/03\/24\/assemblee-generale-dimanche-29-mars\/wp-json\/wp\/v2\/comments?post=1456"}],"version-history":[{"count":16,"href":"https:\/\/stevenson-fontainebleau.fr\/2026\/03\/24\/assemblee-generale-dimanche-29-mars\/wp-json\/wp\/v2\/pages\/1456\/revisions"}],"predecessor-version":[{"id":1648,"href":"https:\/\/stevenson-fontainebleau.fr\/2026\/03\/24\/assemblee-generale-dimanche-29-mars\/wp-json\/wp\/v2\/pages\/1456\/revisions\/1648"}],"up":[{"embeddable":true,"href":"https:\/\/stevenson-fontainebleau.fr\/2026\/03\/24\/assemblee-generale-dimanche-29-mars\/wp-json\/wp\/v2\/pages\/1840"}],"wp:attachment":[{"href":"https:\/\/stevenson-fontainebleau.fr\/2026\/03\/24\/assemblee-generale-dimanche-29-mars\/wp-json\/wp\/v2\/media?parent=1456"}],"curies":[{"name":"wp","href":"https:\/\/api.w.org\/{rel}","templated":true}]}}