{"id":1448,"date":"2018-02-18T18:58:39","date_gmt":"2018-02-18T17:58:39","guid":{"rendered":"http:\/\/stevenson-fontainebleau.fr\/?page_id=1448"},"modified":"2019-04-10T15:08:55","modified_gmt":"2019-04-10T14:08:55","slug":"programme-2018","status":"publish","type":"page","link":"https:\/\/stevenson-fontainebleau.fr\/2026\/03\/24\/assemblee-generale-dimanche-29-mars\/evenements-en-cours\/evenement-2018\/programme-2018\/","title":{"rendered":"PROGRAMME  2018"},"content":{"rendered":"<h6 style=\"text-align: center;\" align=\"LEFT\"><\/h6>\n<table style=\"height: 814px;\" width=\"496\">\n<tbody>\n<tr>\n<td width=\"166\"><\/td>\n<td width=\"516\"><\/td>\n<\/tr>\n<tr>\n<td width=\"166\">\n<h6>4 mars 2018<\/h6>\n<\/td>\n<td width=\"516\">\n<h6>Randonn\u00e9e multilingue<\/h6>\n<h6>For\u00eat de Fontainebleau, 14h Gare de Fontainebleau-Avon<\/h6>\n<\/td>\n<\/tr>\n<tr>\n<td width=\"166\">\n<h6>11 mars 2018<\/h6>\n<\/td>\n<td width=\"516\">\n<h6>Assembl\u00e9e G\u00e9n\u00e9rale<\/h6>\n<h6>10:30 Salle Polyvalente, Recloses<\/h6>\n<\/td>\n<\/tr>\n<tr>\n<td width=\"166\">\n<h6>7 avril 2018<\/h6>\n<\/td>\n<td width=\"516\">\n<h6>Chasse aux Tr\u00e9sors<\/h6>\n<h6>Franchard, For\u00eat de Fontainebleau<\/h6>\n<\/td>\n<\/tr>\n<tr>\n<td width=\"166\">\n<h6>10, 11, 12 mai 2018<\/h6>\n<\/td>\n<td width=\"516\">\n<h6>Randonn\u00e9e: La Ronde de Fontainebleau<\/h6>\n<h6>Barbizon, Recloses, Grez-sur-Loing, Moret-sur-Loing, Fontainebleau<\/h6>\n<\/td>\n<\/tr>\n<tr>\n<td width=\"166\">\n<h6>26 et 27 mai 2018<\/h6>\n<\/td>\n<td width=\"516\">\n<h6>Participation aux Naturiales de Fontainebleau avec contes Stevenson en Fran\u00e7ais et d\u2019autres langues et en pr\u00e9sence de notre P\u00e9rissoire \u2018l\u2019Arethuse 2\u2019<\/h6>\n<\/td>\n<\/tr>\n<tr>\n<td width=\"166\"><\/td>\n<td width=\"516\"><\/td>\n<\/tr>\n<tr>\n<td width=\"166\">\n<h6>10 juillet 2018<\/h6>\n<\/td>\n<td width=\"516\">\n<h6>Animation \u2018Branches et Cin\u00e9\u2019 organis\u00e9 par l\u2019ONF \u00e0 Larchant<\/h6>\n<\/td>\n<\/tr>\n<tr>\n<td width=\"166\">\n<h6>Septembre 2018<\/h6>\n<\/td>\n<td width=\"516\">\n<h6>Journ\u00e9e Patrimoine les P\u00e9rissoires de RLSdBaG et ABDM<\/h6>\n<\/td>\n<\/tr>\n<tr>\n<td width=\"166\">\n<h6>21 Octobre 2018<\/h6>\n<\/td>\n<td width=\"516\">\n<h6>Journ\u00e9e RLS \u00e0 Recloses \u2013 Randonn\u00e9es<\/h6>\n<\/td>\n<\/tr>\n<tr>\n<td width=\"166\">\n<h6>28 octobre 2018<\/h6>\n<\/td>\n<td width=\"516\">\n<h6>Visite Bad Homburg, pr\u00e9sentation rosier R.L. Stevenson<\/h6>\n<\/td>\n<\/tr>\n<tr>\n<td width=\"166\"><\/td>\n<td width=\"516\"><\/td>\n<\/tr>\n<\/tbody>\n<\/table>\n<h5>Autre \u00e9v\u00e9nement interne<\/h5>\n<table style=\"height: 92px;\" width=\"587\">\n<tbody>\n<tr>\n<td width=\"166\">\n<h6>27 juin 2018\u00a0 \u00a0 \u00a0 \u00a0Animation d\u2019une chasse au Tr\u00e9sor en faveur de\u00a0 \u00a0 \u00a0 \u00a0 \u00a0 \u00a0 \u00a0 \u00a0 \u00a0 \u00a0 \u00a0 \u00a0 \u00a0 \u00a0 \u00a0 \u00a0 \u00a0 \u00a0 \u00a0 \u00a0 \u00a0 la\u00a0 Fondation Cognacq-Jay<\/h6>\n<\/td>\n<\/tr>\n<\/tbody>\n<\/table>\n","protected":false},"excerpt":{"rendered":"<p>4 mars 2018 Randonn\u00e9e multilingue For\u00eat de Fontainebleau, 14h Gare de Fontainebleau-Avon 11 mars 2018 Assembl\u00e9e G\u00e9n\u00e9rale 10:30 Salle Polyvalente, Recloses 7 avril 2018 Chasse aux Tr\u00e9sors Franchard, For\u00eat de Fontainebleau 10, 11, 12 mai 2018 Randonn\u00e9e: La Ronde de Fontainebleau Barbizon, Recloses, Grez-sur-Loing, Moret-sur-Loing, Fontainebleau 26 et 27 mai 2018 Participation aux Naturiales de &hellip; <a href=\"https:\/\/stevenson-fontainebleau.fr\/2026\/03\/24\/assemblee-generale-dimanche-29-mars\/evenements-en-cours\/evenement-2018\/programme-2018\/\" class=\"more-link\">Continuer la lecture de <span class=\"screen-reader-text\">PROGRAMME  2018<\/span>  <span class=\"meta-nav\">&rarr;<\/span><\/a><\/p>\n","protected":false},"author":1,"featured_media":0,"parent":1840,"menu_order":0,"comment_status":"closed","ping_status":"closed","template":"","meta":{"footnotes":""},"class_list":["post-1448","page","type-page","status-publish","hentry"],"_links":{"self":[{"href":"https:\/\/stevenson-fontainebleau.fr\/2026\/03\/24\/assemblee-generale-dimanche-29-mars\/wp-json\/wp\/v2\/pages\/1448","targetHints":{"allow":["GET"]}}],"collection":[{"href":"https:\/\/stevenson-fontainebleau.fr\/2026\/03\/24\/assemblee-generale-dimanche-29-mars\/wp-json\/wp\/v2\/pages"}],"about":[{"href":"https:\/\/stevenson-fontainebleau.fr\/2026\/03\/24\/assemblee-generale-dimanche-29-mars\/wp-json\/wp\/v2\/types\/page"}],"author":[{"embeddable":true,"href":"https:\/\/stevenson-fontainebleau.fr\/2026\/03\/24\/assemblee-generale-dimanche-29-mars\/wp-json\/wp\/v2\/users\/1"}],"replies":[{"embeddable":true,"href":"https:\/\/stevenson-fontainebleau.fr\/2026\/03\/24\/assemblee-generale-dimanche-29-mars\/wp-json\/wp\/v2\/comments?post=1448"}],"version-history":[{"count":13,"href":"https:\/\/stevenson-fontainebleau.fr\/2026\/03\/24\/assemblee-generale-dimanche-29-mars\/wp-json\/wp\/v2\/pages\/1448\/revisions"}],"predecessor-version":[{"id":1978,"href":"https:\/\/stevenson-fontainebleau.fr\/2026\/03\/24\/assemblee-generale-dimanche-29-mars\/wp-json\/wp\/v2\/pages\/1448\/revisions\/1978"}],"up":[{"embeddable":true,"href":"https:\/\/stevenson-fontainebleau.fr\/2026\/03\/24\/assemblee-generale-dimanche-29-mars\/wp-json\/wp\/v2\/pages\/1840"}],"wp:attachment":[{"href":"https:\/\/stevenson-fontainebleau.fr\/2026\/03\/24\/assemblee-generale-dimanche-29-mars\/wp-json\/wp\/v2\/media?parent=1448"}],"curies":[{"name":"wp","href":"https:\/\/api.w.org\/{rel}","templated":true}]}}