{"id":1434,"date":"2018-02-18T18:24:48","date_gmt":"2018-02-18T17:24:48","guid":{"rendered":"http:\/\/stevenson-fontainebleau.fr\/?page_id=1434"},"modified":"2018-07-25T13:32:29","modified_gmt":"2018-07-25T12:32:29","slug":"rosier-robert-louis-stevenson","status":"publish","type":"page","link":"https:\/\/stevenson-fontainebleau.fr\/2026\/03\/24\/assemblee-generale-dimanche-29-mars\/evenements-en-cours\/evenements-2017\/rosier-robert-louis-stevenson\/","title":{"rendered":"rosier Robert Louis Stevenson 13 d\u00e9cembre 2017"},"content":{"rendered":"<p>&nbsp;<\/p>\n<p><span style=\"color: #000000; font-family: Calibri;\">Et voil\u00e0, apr\u00e8s un long travail d&rsquo;horticulteur, ( merci aux rosiers Andr\u00e9 Eve), une souscription r\u00e9ussie (merci \u00e0 toutes et \u00e0 tous pour vos soutiens), l&rsquo;heure est venue du bapt\u00eame ( merci au maire de Fontainebleau) et un grand merci \u00e0 Alexandra Lapierre pour avoir accept\u00e9 d&rsquo;\u00eatre la marraine de ce rosier, apr\u00e8s avoir \u00e9crit un fabuleux \u00a0\u00bb Fanny Stevenson\u00a0\u00bb<\/span><\/p>\n<p><a href=\"http:\/\/stevenson-fontainebleau.fr\/wp-content\/uploads\/2018\/02\/rosier.jpg\" target=\"_blank\" rel=\"noopener\"><img loading=\"lazy\" decoding=\"async\" class=\"size-medium wp-image-1444 alignnone aligncenter\" src=\"http:\/\/stevenson-fontainebleau.fr\/wp-content\/uploads\/2018\/02\/rosier-212x300.jpg\" alt=\"\" width=\"212\" height=\"300\" srcset=\"https:\/\/stevenson-fontainebleau.fr\/wp-content\/uploads\/2018\/02\/rosier-212x300.jpg 212w, https:\/\/stevenson-fontainebleau.fr\/wp-content\/uploads\/2018\/02\/rosier.jpg 595w\" sizes=\"auto, (max-width: 212px) 100vw, 212px\" \/><\/a><\/p>\n<h4 style=\"text-align: center;\"><a href=\"http:\/\/stevenson-fontainebleau.fr\/wp-content\/uploads\/2018\/03\/Vous-souhaitez-planter-un-rosier-EVE-\u00e0-racine-nue-\u00ab-Robert-Louis-STEVENSON-\u00bb-dans-votre-jardin.docx\" target=\"_blank\" rel=\"noopener\">Vous souhaitez planter un rosier\u00a0\u00ab\u00a0 Robert Louis STEVENSON\u00a0\u00bb dans votre jardin<img loading=\"lazy\" decoding=\"async\" class=\"size-medium wp-image-1507 aligncenter\" src=\"http:\/\/stevenson-fontainebleau.fr\/wp-content\/uploads\/2018\/03\/rosier-RLS-300x155.jpg\" alt=\"\" width=\"300\" height=\"155\" srcset=\"https:\/\/stevenson-fontainebleau.fr\/wp-content\/uploads\/2018\/03\/rosier-RLS-300x155.jpg 300w, https:\/\/stevenson-fontainebleau.fr\/wp-content\/uploads\/2018\/03\/rosier-RLS-768x396.jpg 768w, https:\/\/stevenson-fontainebleau.fr\/wp-content\/uploads\/2018\/03\/rosier-RLS-1024x528.jpg 1024w, https:\/\/stevenson-fontainebleau.fr\/wp-content\/uploads\/2018\/03\/rosier-RLS.jpg 1280w\" sizes=\"auto, (max-width: 300px) 100vw, 300px\" \/><\/a><\/h4>\n<p style=\"text-align: center;\"><span id=\"fbPhotoSnowliftCaption\" class=\"fbPhotosPhotoCaption\" tabindex=\"0\" aria-live=\"polite\" data-ft=\"{&quot;tn&quot;:&quot;K&quot;}\"><span class=\"hasCaption\">L\u2019association \u201cRobert Louis Stevenson de Barbizon \u00e0 Grez\u201d , membre du r\u00e9seau europ\u00e9en \u201cSur les traces de Robert Louis Stevenson\u201d (porteur de l\u2019Itin\u00e9raire culturel du Conseil de l\u2019Europe et membre de la F\u00e9d\u00e9ration fran\u00e7aise des Itin\u00e9raires culturels europ\u00e9ens), a inaugur\u00e9 ce matin devant l\u2019H\u00f4tel de Ville de <a class=\"_58cn\" href=\"https:\/\/www.facebook.com\/hashtag\/fontainebleau\" data-ft=\"{&quot;tn&quot;:&quot;*N&quot;,&quot;type&quot;:104}\">#Fontainebleau<\/a>, en pr\u00e9sence de son pr\u00e9sident Michel Legros, &lsquo;Alexandra Lapierre, romanci\u00e8re et marraine du rosier Robert ouis Stevenson et de <a href=\"https:\/\/www.facebook.com\/frederic.valletoux.9\" data-hovercard-prefer-more-content-show=\"1\" data-hovercard=\"\/ajax\/hovercard\/user.php?id=100013172857812&amp;extragetparams=%7B%22directed_target_id%22%3Anull%2C%22groups_location%22%3Anull%7D\">Fr\u00e9d\u00e9ric Valletoux<\/a>, un rosier \u00ab\u00a0Stevenson\u00a0\u00bb p\u00e9cialement cr\u00e9e pour fleurir les villes, villages et chemins de andonn\u00e9es de l&rsquo;itin\u00e9raire !<\/span><\/span><span id=\"fbPhotoSnowliftTagList\" class=\"fbPhotoTagList hidden_elem\"><\/span><\/p>\n<p><span id=\"fbPhotoSnowliftCaption\" class=\"fbPhotosPhotoCaption\" tabindex=\"0\" aria-live=\"polite\" data-ft=\"{&quot;tn&quot;:&quot;K&quot;}\"><\/span><span id=\"fbPhotoSnowliftTagList\" class=\"fbPhotoTagList hidden_elem\"><span id=\"fbPhotoSnowliftCaption\" class=\"fbPhotosPhotoCaption\" tabindex=\"0\" aria-live=\"polite\" data-ft=\"{&quot;tn&quot;:&quot;K&quot;}\"><span class=\"hasCaption\"><img loading=\"lazy\" decoding=\"async\" class=\"size-medium wp-image-1438 aligncenter\" src=\"http:\/\/stevenson-fontainebleau.fr\/wp-content\/uploads\/2018\/02\/RLS-FBLEAU-300x225.jpg\" alt=\"\" width=\"300\" height=\"225\" srcset=\"https:\/\/stevenson-fontainebleau.fr\/wp-content\/uploads\/2018\/02\/RLS-FBLEAU-300x225.jpg 300w, https:\/\/stevenson-fontainebleau.fr\/wp-content\/uploads\/2018\/02\/RLS-FBLEAU-768x576.jpg 768w, https:\/\/stevenson-fontainebleau.fr\/wp-content\/uploads\/2018\/02\/RLS-FBLEAU.jpg 960w\" sizes=\"auto, (max-width: 300px) 100vw, 300px\" \/><\/span><\/span><br \/>\n<\/span><\/p>\n<div id=\"fbPhotoSnowliftCTMButton\"><\/div>\n<div id=\"fbPhotoSnowliftCTMButton\"><\/div>\n","protected":false},"excerpt":{"rendered":"<p>&nbsp; Et voil\u00e0, apr\u00e8s un long travail d&rsquo;horticulteur, ( merci aux rosiers Andr\u00e9 Eve), une souscription r\u00e9ussie (merci \u00e0 toutes et \u00e0 tous pour vos soutiens), l&rsquo;heure est venue du bapt\u00eame ( merci au maire de Fontainebleau) et un grand merci \u00e0 Alexandra Lapierre pour avoir accept\u00e9 d&rsquo;\u00eatre la marraine de ce rosier, apr\u00e8s avoir &hellip; <a href=\"https:\/\/stevenson-fontainebleau.fr\/2026\/03\/24\/assemblee-generale-dimanche-29-mars\/evenements-en-cours\/evenements-2017\/rosier-robert-louis-stevenson\/\" class=\"more-link\">Continuer la lecture de <span class=\"screen-reader-text\">rosier Robert Louis Stevenson 13 d\u00e9cembre 2017<\/span>  <span class=\"meta-nav\">&rarr;<\/span><\/a><\/p>\n","protected":false},"author":1,"featured_media":0,"parent":1432,"menu_order":5,"comment_status":"closed","ping_status":"closed","template":"","meta":{"footnotes":""},"class_list":["post-1434","page","type-page","status-publish","hentry"],"_links":{"self":[{"href":"https:\/\/stevenson-fontainebleau.fr\/2026\/03\/24\/assemblee-generale-dimanche-29-mars\/wp-json\/wp\/v2\/pages\/1434","targetHints":{"allow":["GET"]}}],"collection":[{"href":"https:\/\/stevenson-fontainebleau.fr\/2026\/03\/24\/assemblee-generale-dimanche-29-mars\/wp-json\/wp\/v2\/pages"}],"about":[{"href":"https:\/\/stevenson-fontainebleau.fr\/2026\/03\/24\/assemblee-generale-dimanche-29-mars\/wp-json\/wp\/v2\/types\/page"}],"author":[{"embeddable":true,"href":"https:\/\/stevenson-fontainebleau.fr\/2026\/03\/24\/assemblee-generale-dimanche-29-mars\/wp-json\/wp\/v2\/users\/1"}],"replies":[{"embeddable":true,"href":"https:\/\/stevenson-fontainebleau.fr\/2026\/03\/24\/assemblee-generale-dimanche-29-mars\/wp-json\/wp\/v2\/comments?post=1434"}],"version-history":[{"count":29,"href":"https:\/\/stevenson-fontainebleau.fr\/2026\/03\/24\/assemblee-generale-dimanche-29-mars\/wp-json\/wp\/v2\/pages\/1434\/revisions"}],"predecessor-version":[{"id":1842,"href":"https:\/\/stevenson-fontainebleau.fr\/2026\/03\/24\/assemblee-generale-dimanche-29-mars\/wp-json\/wp\/v2\/pages\/1434\/revisions\/1842"}],"up":[{"embeddable":true,"href":"https:\/\/stevenson-fontainebleau.fr\/2026\/03\/24\/assemblee-generale-dimanche-29-mars\/wp-json\/wp\/v2\/pages\/1432"}],"wp:attachment":[{"href":"https:\/\/stevenson-fontainebleau.fr\/2026\/03\/24\/assemblee-generale-dimanche-29-mars\/wp-json\/wp\/v2\/media?parent=1434"}],"curies":[{"name":"wp","href":"https:\/\/api.w.org\/{rel}","templated":true}]}}