{"id":1428,"date":"2018-02-18T18:04:41","date_gmt":"2018-02-18T17:04:41","guid":{"rendered":"http:\/\/stevenson-fontainebleau.fr\/?page_id=1428"},"modified":"2024-05-27T18:05:48","modified_gmt":"2024-05-27T17:05:48","slug":"evenements-2016","status":"publish","type":"page","link":"https:\/\/stevenson-fontainebleau.fr\/2026\/03\/24\/assemblee-generale-dimanche-29-mars\/evenements-en-cours\/evenements-2016\/","title":{"rendered":"EVENEMENTS 2016"},"content":{"rendered":"<ol>\n<li>\n<h6><a href=\"http:\/\/stevenson-fontainebleau.fr\/evenements\/randonnee-du-16-octobre-2016\/\" target=\"_blank\" rel=\"noopener\">Randonn\u00e9e RLS Dimanche 16 octobre 2016<\/a><\/h6>\n<\/li>\n<li>\n<h6><strong><a href=\"http:\/\/stevenson-fontainebleau.fr\/evenements\/itineraire-de-randonnee\/\" target=\"_blank\" rel=\"noopener\">Itin\u00e9raire de randonn\u00e9e<\/a><\/strong><\/h6>\n<\/li>\n<li>\n<h6><strong><a href=\"http:\/\/stevenson-fontainebleau.fr\/evenements\/chasse-au-tresor-le-3-avril-2016\/\">Chasse au tr\u00e9sor le 3 avril 2016<\/a><\/strong><\/h6>\n<\/li>\n<li>\n<h6><strong><a href=\"http:\/\/stevenson-fontainebleau.fr\/evenements\/la-fete-des-jonquilles\/\" target=\"_blank\" rel=\"noopener\">La F\u00eate des Jonquilles le 20 mars 2016<\/a><\/strong><\/h6>\n<\/li>\n<\/ol>\n","protected":false},"excerpt":{"rendered":"<p>Randonn\u00e9e RLS Dimanche 16 octobre 2016 Itin\u00e9raire de randonn\u00e9e Chasse au tr\u00e9sor le 3 avril 2016 La F\u00eate des Jonquilles le 20 mars 2016<\/p>\n","protected":false},"author":1,"featured_media":0,"parent":3890,"menu_order":998,"comment_status":"closed","ping_status":"closed","template":"","meta":{"footnotes":""},"class_list":["post-1428","page","type-page","status-publish","hentry"],"_links":{"self":[{"href":"https:\/\/stevenson-fontainebleau.fr\/2026\/03\/24\/assemblee-generale-dimanche-29-mars\/wp-json\/wp\/v2\/pages\/1428","targetHints":{"allow":["GET"]}}],"collection":[{"href":"https:\/\/stevenson-fontainebleau.fr\/2026\/03\/24\/assemblee-generale-dimanche-29-mars\/wp-json\/wp\/v2\/pages"}],"about":[{"href":"https:\/\/stevenson-fontainebleau.fr\/2026\/03\/24\/assemblee-generale-dimanche-29-mars\/wp-json\/wp\/v2\/types\/page"}],"author":[{"embeddable":true,"href":"https:\/\/stevenson-fontainebleau.fr\/2026\/03\/24\/assemblee-generale-dimanche-29-mars\/wp-json\/wp\/v2\/users\/1"}],"replies":[{"embeddable":true,"href":"https:\/\/stevenson-fontainebleau.fr\/2026\/03\/24\/assemblee-generale-dimanche-29-mars\/wp-json\/wp\/v2\/comments?post=1428"}],"version-history":[{"count":2,"href":"https:\/\/stevenson-fontainebleau.fr\/2026\/03\/24\/assemblee-generale-dimanche-29-mars\/wp-json\/wp\/v2\/pages\/1428\/revisions"}],"predecessor-version":[{"id":1430,"href":"https:\/\/stevenson-fontainebleau.fr\/2026\/03\/24\/assemblee-generale-dimanche-29-mars\/wp-json\/wp\/v2\/pages\/1428\/revisions\/1430"}],"up":[{"embeddable":true,"href":"https:\/\/stevenson-fontainebleau.fr\/2026\/03\/24\/assemblee-generale-dimanche-29-mars\/wp-json\/wp\/v2\/pages\/3890"}],"wp:attachment":[{"href":"https:\/\/stevenson-fontainebleau.fr\/2026\/03\/24\/assemblee-generale-dimanche-29-mars\/wp-json\/wp\/v2\/media?parent=1428"}],"curies":[{"name":"wp","href":"https:\/\/api.w.org\/{rel}","templated":true}]}}