{"id":1355,"date":"2017-09-19T19:07:10","date_gmt":"2017-09-19T18:07:10","guid":{"rendered":"http:\/\/stevenson-fontainebleau.fr\/?page_id=1355"},"modified":"2026-04-02T16:53:20","modified_gmt":"2026-04-02T15:53:20","slug":"la-ronde-stevenson-en-chemin-vers-les-impressionnistes","status":"publish","type":"page","link":"https:\/\/stevenson-fontainebleau.fr\/2026\/03\/24\/assemblee-generale-dimanche-29-mars\/itineraire-de-randonnee\/la-ronde-stevenson-en-chemin-vers-les-impressionnistes\/","title":{"rendered":"La Ronde Stevenson <br\/>en chemin vers les impressionnistes"},"content":{"rendered":"<h5 style=\"text-align: left;\"><\/h5>\n<p data-start=\"0\" data-end=\"209\">La For\u00eat de Fontainebleau, \u00e9crin naturel d\u2019une beaut\u00e9 intemporelle, a depuis des si\u00e8cles nourri l\u2019imaginaire des \u00e9crivains, des peintres et des po\u00e8tes, devenant une source in\u00e9puisable d\u2019inspiration artistique.<\/p>\n<p data-start=\"211\" data-end=\"542\">L\u2019association Stevenson, reliant Barbizon \u00e0 Grez-sur-Loing, s\u2019attache notamment \u00e0 pr\u00e9server et valoriser un itin\u00e9raire de randonn\u00e9e au c\u0153ur de cette for\u00eat embl\u00e9matique. Ce parcours rend hommage \u00e0 l\u2019\u00e9crivain Robert Louis Stevenson ainsi qu\u2019aux peintres impressionnistes qui ont su capter la lumi\u00e8re et l\u2019\u00e2me de ces paysages uniques.<\/p>\n<p data-start=\"544\" data-end=\"656\">Ce circuit incarne avec justesse la philosophie de Stevenson, pour qui le voyage d\u00e9passe la simple destination :<\/p>\n<p><strong><span style=\"color: #999999;\">\u00ab\u00a0<em>En v\u00e9rit\u00e9, je ne voyage pas, moi, pour atteindre un endroit pr\u00e9cis, mais pour marcher : simple plaisir de voyager\u00a0\u00bb<\/em>.<\/span><\/strong><\/p>\n<p>&nbsp;<\/p>\n<h4>Vous pouvez vous procurer la plaquette descriptive de ce circuit dans les offices de tourisme des villes \u00e9tapes.<\/h4>\n<p><img loading=\"lazy\" decoding=\"async\" class=\" wp-image-2007 aligncenter\" src=\"http:\/\/stevenson-fontainebleau.fr\/wp-content\/uploads\/2018\/07\/Num\u00e9risation_20180730-2-500x1024.jpg\" alt=\"\" width=\"308\" height=\"631\" srcset=\"https:\/\/stevenson-fontainebleau.fr\/wp-content\/uploads\/2018\/07\/Num\u00e9risation_20180730-2-500x1024.jpg 500w, https:\/\/stevenson-fontainebleau.fr\/wp-content\/uploads\/2018\/07\/Num\u00e9risation_20180730-2-146x300.jpg 146w, https:\/\/stevenson-fontainebleau.fr\/wp-content\/uploads\/2018\/07\/Num\u00e9risation_20180730-2-768x1574.jpg 768w, https:\/\/stevenson-fontainebleau.fr\/wp-content\/uploads\/2018\/07\/Num\u00e9risation_20180730-2.jpg 1275w\" sizes=\"auto, (max-width: 308px) 100vw, 308px\" \/><\/p>\n<p><em><strong>Cliquez sur les lignes ci-dessous pour ouvrir les fichiers en pdf :<\/strong><\/em><\/p>\n<ol>\n<li><a href=\"http:\/\/stevenson-fontainebleau.fr\/wp-content\/uploads\/2018\/07\/ronde-brochure-3.pdf\" target=\"_blank\" rel=\"noopener\">Ronde brochure 3<\/a><\/li>\n<li><a href=\"http:\/\/stevenson-fontainebleau.fr\/wp-content\/uploads\/2018\/07\/D\u00e9pliant-1-de-Grez-\u00e0-moret.pdf\" target=\"_blank\" rel=\"noopener\">D\u00e9pliant 1 de Grez \u00e0 moret<\/a><\/li>\n<li><a href=\"http:\/\/stevenson-fontainebleau.fr\/wp-content\/uploads\/2018\/07\/depliant-2-Moret-\u00e0-Fbleau-modifi\u00e9.pdf\" target=\"_blank\" rel=\"noopener\">D\u00e9pliant 2 Moret \u00e0 Fbleau <\/a><\/li>\n<li><a href=\"http:\/\/stevenson-fontainebleau.fr\/wp-content\/uploads\/2018\/07\/D\u00e9pliant-3-de-Fontainebleau-\u00e0-Barbizon.pdf\" target=\"_blank\" rel=\"noopener\">D\u00e9pliant 3 de Fontainebleau \u00e0 Barbizon<\/a><\/li>\n<li><a href=\"http:\/\/stevenson-fontainebleau.fr\/wp-content\/uploads\/2018\/07\/D\u00e9pliant-4-de-Barbizon-\u00e0-Grez.pdf\" target=\"_blank\" rel=\"noopener\">D\u00e9pliant 4 de Barbizon \u00e0 Grez<\/a><\/li>\n<\/ol>\n<p>&nbsp;<\/p>\n<p>&nbsp;<\/p>\n","protected":false},"excerpt":{"rendered":"<p>La For\u00eat de Fontainebleau, \u00e9crin naturel d\u2019une beaut\u00e9 intemporelle, a depuis des si\u00e8cles nourri l\u2019imaginaire des \u00e9crivains, des peintres et des po\u00e8tes, devenant une source in\u00e9puisable d\u2019inspiration artistique. L\u2019association Stevenson, reliant Barbizon \u00e0 Grez-sur-Loing, s\u2019attache notamment \u00e0 pr\u00e9server et valoriser un itin\u00e9raire de randonn\u00e9e au c\u0153ur de cette for\u00eat embl\u00e9matique. Ce parcours rend hommage \u00e0 &hellip; <a href=\"https:\/\/stevenson-fontainebleau.fr\/2026\/03\/24\/assemblee-generale-dimanche-29-mars\/itineraire-de-randonnee\/la-ronde-stevenson-en-chemin-vers-les-impressionnistes\/\" class=\"more-link\">Continuer la lecture de <span class=\"screen-reader-text\">La Ronde Stevenson <br \/>en chemin vers les impressionnistes<\/span>  <span class=\"meta-nav\">&rarr;<\/span><\/a><\/p>\n","protected":false},"author":1,"featured_media":0,"parent":1350,"menu_order":0,"comment_status":"closed","ping_status":"closed","template":"","meta":{"footnotes":""},"class_list":["post-1355","page","type-page","status-publish","hentry"],"_links":{"self":[{"href":"https:\/\/stevenson-fontainebleau.fr\/2026\/03\/24\/assemblee-generale-dimanche-29-mars\/wp-json\/wp\/v2\/pages\/1355","targetHints":{"allow":["GET"]}}],"collection":[{"href":"https:\/\/stevenson-fontainebleau.fr\/2026\/03\/24\/assemblee-generale-dimanche-29-mars\/wp-json\/wp\/v2\/pages"}],"about":[{"href":"https:\/\/stevenson-fontainebleau.fr\/2026\/03\/24\/assemblee-generale-dimanche-29-mars\/wp-json\/wp\/v2\/types\/page"}],"author":[{"embeddable":true,"href":"https:\/\/stevenson-fontainebleau.fr\/2026\/03\/24\/assemblee-generale-dimanche-29-mars\/wp-json\/wp\/v2\/users\/1"}],"replies":[{"embeddable":true,"href":"https:\/\/stevenson-fontainebleau.fr\/2026\/03\/24\/assemblee-generale-dimanche-29-mars\/wp-json\/wp\/v2\/comments?post=1355"}],"version-history":[{"count":43,"href":"https:\/\/stevenson-fontainebleau.fr\/2026\/03\/24\/assemblee-generale-dimanche-29-mars\/wp-json\/wp\/v2\/pages\/1355\/revisions"}],"predecessor-version":[{"id":5146,"href":"https:\/\/stevenson-fontainebleau.fr\/2026\/03\/24\/assemblee-generale-dimanche-29-mars\/wp-json\/wp\/v2\/pages\/1355\/revisions\/5146"}],"up":[{"embeddable":true,"href":"https:\/\/stevenson-fontainebleau.fr\/2026\/03\/24\/assemblee-generale-dimanche-29-mars\/wp-json\/wp\/v2\/pages\/1350"}],"wp:attachment":[{"href":"https:\/\/stevenson-fontainebleau.fr\/2026\/03\/24\/assemblee-generale-dimanche-29-mars\/wp-json\/wp\/v2\/media?parent=1355"}],"curies":[{"name":"wp","href":"https:\/\/api.w.org\/{rel}","templated":true}]}}