{"id":1350,"date":"2017-09-19T18:29:32","date_gmt":"2017-09-19T17:29:32","guid":{"rendered":"http:\/\/stevenson-fontainebleau.fr\/?page_id=1350"},"modified":"2020-08-05T17:44:23","modified_gmt":"2020-08-05T16:44:23","slug":"itineraire-de-randonnee","status":"publish","type":"page","link":"https:\/\/stevenson-fontainebleau.fr\/2026\/03\/24\/assemblee-generale-dimanche-29-mars\/itineraire-de-randonnee\/","title":{"rendered":"Itin\u00e9raires"},"content":{"rendered":"<h3 class=\"alignnone\"><img loading=\"lazy\" decoding=\"async\" class=\"wp-image-684 aligncenter\" style=\"background-color: transparent; color: #000000; font-family: Verdana,Arial,Helvetica,sans-serif; font-size: 14px; font-style: normal; font-variant: normal; font-weight: 400; letter-spacing: normal; orphans: 2; outline-color: #000000; outline-style: solid; outline-width: 1px; text-align: center; text-decoration: none; text-indent: 0px; text-transform: none; -webkit-text-stroke-width: 0px; white-space: normal; word-spacing: 0px;\" src=\"http:\/\/stevenson-fontainebleau.fr\/wp-content\/uploads\/2016\/04\/Carte-Ian1.jpg\" alt=\"\" width=\"485\" height=\"502\" srcset=\"https:\/\/stevenson-fontainebleau.fr\/wp-content\/uploads\/2016\/04\/Carte-Ian1.jpg 672w, https:\/\/stevenson-fontainebleau.fr\/wp-content\/uploads\/2016\/04\/Carte-Ian1-290x300.jpg 290w\" sizes=\"auto, (max-width: 485px) 100vw, 485px\" \/><i><\/i><u><\/u><\/h3>\n<h3><\/h3>\n<h3 style=\"text-align: center;\">POUR ENRICHIR NOTRE SITE<\/h3>\n<p style=\"text-align: left;\">Si vous envisagez de parcourir un de nos chemins par \u00e9tape ou enti\u00e8rement, n\u2019h\u00e9sitez pas \u00e0 nous transmettre vos suggestions, impressions sur le paysage, sur le chemin, sur vos r\u00eaves de randonneurs, etc.\u2026Nous \u00e9diterons avec plaisir vos comptes-rendus et ressentis sur notre site.<\/p>\n<p style=\"text-align: center;\">adresse mail : <a href=\"mailto:info@stevenson-fontainebleau.fr\" target=\"_blank\" rel=\"noopener noreferrer\">info@stevenson-fontainebleau.fr<\/a><\/p>\n<ol>\n<li><a href=\"http:\/\/stevenson-fontainebleau.fr\/itineraire-de-randonnee\/la-ronde-stevenson-en-chemin-vers-les-impressionnistes\/\" target=\"_blank\" rel=\"noopener noreferrer\">La Ronde Stevenson en chemin vers les impressionnistes.<\/a><\/li>\n<li><a href=\"http:\/\/stevenson-fontainebleau.fr\/itineraire-de-randonnee\/rls-de-grez-a-chatillon-sloire\/\" target=\"_blank\" rel=\"noopener noreferrer\">Sur les traces de Stevenson De Grez-sur-Loing \u00e0 Chatillon-sur-Loire.<\/a><\/li>\n<li><a href=\"http:\/\/stevenson-fontainebleau.fr\/wp-content\/uploads\/2016\/04\/SENTIER-RLS-BARBIZON-GREZ1.pdf\" target=\"_blank\" rel=\"noopener noreferrer\">Sentier RLS\u00a0 Barbizon \u00e0 Grez-sur-Loing.<\/a><\/li>\n<\/ol>\n<p>&nbsp;<\/p>\n","protected":false},"excerpt":{"rendered":"<p>POUR ENRICHIR NOTRE SITE Si vous envisagez de parcourir un de nos chemins par \u00e9tape ou enti\u00e8rement, n\u2019h\u00e9sitez pas \u00e0 nous transmettre vos suggestions, impressions sur le paysage, sur le chemin, sur vos r\u00eaves de randonneurs, etc.\u2026Nous \u00e9diterons avec plaisir vos comptes-rendus et ressentis sur notre site. adresse mail : info@stevenson-fontainebleau.fr La Ronde Stevenson en &hellip; <a href=\"https:\/\/stevenson-fontainebleau.fr\/2026\/03\/24\/assemblee-generale-dimanche-29-mars\/itineraire-de-randonnee\/\" class=\"more-link\">Continuer la lecture de <span class=\"screen-reader-text\">Itin\u00e9raires<\/span>  <span class=\"meta-nav\">&rarr;<\/span><\/a><\/p>\n","protected":false},"author":1,"featured_media":0,"parent":0,"menu_order":5,"comment_status":"closed","ping_status":"closed","template":"","meta":{"footnotes":""},"class_list":["post-1350","page","type-page","status-publish","hentry"],"_links":{"self":[{"href":"https:\/\/stevenson-fontainebleau.fr\/2026\/03\/24\/assemblee-generale-dimanche-29-mars\/wp-json\/wp\/v2\/pages\/1350","targetHints":{"allow":["GET"]}}],"collection":[{"href":"https:\/\/stevenson-fontainebleau.fr\/2026\/03\/24\/assemblee-generale-dimanche-29-mars\/wp-json\/wp\/v2\/pages"}],"about":[{"href":"https:\/\/stevenson-fontainebleau.fr\/2026\/03\/24\/assemblee-generale-dimanche-29-mars\/wp-json\/wp\/v2\/types\/page"}],"author":[{"embeddable":true,"href":"https:\/\/stevenson-fontainebleau.fr\/2026\/03\/24\/assemblee-generale-dimanche-29-mars\/wp-json\/wp\/v2\/users\/1"}],"replies":[{"embeddable":true,"href":"https:\/\/stevenson-fontainebleau.fr\/2026\/03\/24\/assemblee-generale-dimanche-29-mars\/wp-json\/wp\/v2\/comments?post=1350"}],"version-history":[{"count":14,"href":"https:\/\/stevenson-fontainebleau.fr\/2026\/03\/24\/assemblee-generale-dimanche-29-mars\/wp-json\/wp\/v2\/pages\/1350\/revisions"}],"predecessor-version":[{"id":2720,"href":"https:\/\/stevenson-fontainebleau.fr\/2026\/03\/24\/assemblee-generale-dimanche-29-mars\/wp-json\/wp\/v2\/pages\/1350\/revisions\/2720"}],"wp:attachment":[{"href":"https:\/\/stevenson-fontainebleau.fr\/2026\/03\/24\/assemblee-generale-dimanche-29-mars\/wp-json\/wp\/v2\/media?parent=1350"}],"curies":[{"name":"wp","href":"https:\/\/api.w.org\/{rel}","templated":true}]}}