{"id":1328,"date":"2017-09-19T13:56:22","date_gmt":"2017-09-19T12:56:22","guid":{"rendered":"http:\/\/stevenson-fontainebleau.fr\/?page_id=1328"},"modified":"2026-04-02T16:45:12","modified_gmt":"2026-04-02T15:45:12","slug":"rls-de-grez-a-chatillon-sloire","status":"publish","type":"page","link":"https:\/\/stevenson-fontainebleau.fr\/2026\/03\/24\/assemblee-generale-dimanche-29-mars\/itineraire-de-randonnee\/rls-de-grez-a-chatillon-sloire\/","title":{"rendered":"RLS de Grez \u00e0 Chatillon S\/Loire"},"content":{"rendered":"<p>&nbsp;<\/p>\n<p><b><strong><u>16 s<\/u><\/strong><\/b><b><strong><u>eptembre 2017 : lancement de la brochure \u00ab RLS de Grez \u00e0 Ch\u00e2tillon-sur-Loire \u00bb<\/u><\/strong><\/b><\/p>\n<p>Elle a \u00e9t\u00e9 retravaill\u00e9e avec le concours des comit\u00e9s d\u00e9partementaux du tourisme du Loiret et de Seine-et-Marne, qui ont fourni un important travail et financ\u00e9 le tirage de 1 000 exemplaires, mis gratuitement \u00e0 la disposition du public. La r\u00e9ception aura lieu \u00e0 11 heures, salle de la Pierre, \u00e0 Ch\u00e2teau-Landon.<\/p>\n<p style=\"text-align: center;\">(Pour agrandir l&rsquo;image, cliquer sur l&rsquo;article du journal &lsquo;l&rsquo;Eclaireur du G\u00e2tinais)<\/p>\n<p style=\"text-align: center;\"><a href=\"http:\/\/stevenson-fontainebleau.fr\/wp-content\/uploads\/2017\/09\/eclaireur-du-gatinais.jpeg\" target=\"_blank\" rel=\"noopener noreferrer\"><img loading=\"lazy\" decoding=\"async\" class=\" wp-image-1363 alignnone\" src=\"http:\/\/stevenson-fontainebleau.fr\/wp-content\/uploads\/2017\/09\/eclaireur-du-gatinais-256x300.jpeg\" alt=\"\" width=\"247\" height=\"289\" srcset=\"https:\/\/stevenson-fontainebleau.fr\/wp-content\/uploads\/2017\/09\/eclaireur-du-gatinais-256x300.jpeg 256w, https:\/\/stevenson-fontainebleau.fr\/wp-content\/uploads\/2017\/09\/eclaireur-du-gatinais-768x899.jpeg 768w, https:\/\/stevenson-fontainebleau.fr\/wp-content\/uploads\/2017\/09\/eclaireur-du-gatinais-874x1024.jpeg 874w, https:\/\/stevenson-fontainebleau.fr\/wp-content\/uploads\/2017\/09\/eclaireur-du-gatinais.jpeg 1403w\" sizes=\"auto, (max-width: 247px) 100vw, 247px\" \/><\/a><\/p>\n<p style=\"text-align: center;\"><a href=\"http:\/\/stevenson-fontainebleau.fr\/wp-content\/uploads\/2017\/09\/Brochure-Stevenson-de-Grez-\u00e0-Ch\u00e2tillon.pdf\" target=\"_blank\" rel=\"noopener noreferrer\">Sur les traces de Stevenson<\/a>\u00a0 <a href=\"http:\/\/stevenson-fontainebleau.fr\/wp-content\/uploads\/2017\/09\/Brochure-Stevenson-de-Grez-\u00e0-Ch\u00e2tillon.pdf\" target=\"_blank\" rel=\"noopener noreferrer\">De Grez-sur-Loing \u00e0 Chatillon-sur-Loire<\/a><\/p>\n<p style=\"text-align: center;\"><a href=\"http:\/\/stevenson-fontainebleau.fr\/wp-content\/uploads\/2017\/09\/Brochure-Stevenson-de-Grez-\u00e0-Ch\u00e2tillon.pdf\" target=\"_blank\" rel=\"noopener noreferrer\"><img loading=\"lazy\" decoding=\"async\" class=\" wp-image-1330 alignnone\" src=\"http:\/\/stevenson-fontainebleau.fr\/wp-content\/uploads\/2017\/09\/Stevenson1-192x300.jpg\" alt=\"\" width=\"259\" height=\"406\" \/><\/a><\/p>\n<p>&nbsp;<\/p>\n<p>&nbsp;<\/p>\n<p>&nbsp;<\/p>\n","protected":false},"excerpt":{"rendered":"<p>&nbsp; 16 septembre 2017 : lancement de la brochure \u00ab RLS de Grez \u00e0 Ch\u00e2tillon-sur-Loire \u00bb Elle a \u00e9t\u00e9 retravaill\u00e9e avec le concours des comit\u00e9s d\u00e9partementaux du tourisme du Loiret et de Seine-et-Marne, qui ont fourni un important travail et financ\u00e9 le tirage de 1 000 exemplaires, mis gratuitement \u00e0 la disposition du public. La &hellip; <a href=\"https:\/\/stevenson-fontainebleau.fr\/2026\/03\/24\/assemblee-generale-dimanche-29-mars\/itineraire-de-randonnee\/rls-de-grez-a-chatillon-sloire\/\" class=\"more-link\">Continuer la lecture de <span class=\"screen-reader-text\">RLS de Grez \u00e0 Chatillon S\/Loire<\/span>  <span class=\"meta-nav\">&rarr;<\/span><\/a><\/p>\n","protected":false},"author":1,"featured_media":0,"parent":1350,"menu_order":1,"comment_status":"closed","ping_status":"closed","template":"","meta":{"footnotes":""},"class_list":["post-1328","page","type-page","status-publish","hentry"],"_links":{"self":[{"href":"https:\/\/stevenson-fontainebleau.fr\/2026\/03\/24\/assemblee-generale-dimanche-29-mars\/wp-json\/wp\/v2\/pages\/1328","targetHints":{"allow":["GET"]}}],"collection":[{"href":"https:\/\/stevenson-fontainebleau.fr\/2026\/03\/24\/assemblee-generale-dimanche-29-mars\/wp-json\/wp\/v2\/pages"}],"about":[{"href":"https:\/\/stevenson-fontainebleau.fr\/2026\/03\/24\/assemblee-generale-dimanche-29-mars\/wp-json\/wp\/v2\/types\/page"}],"author":[{"embeddable":true,"href":"https:\/\/stevenson-fontainebleau.fr\/2026\/03\/24\/assemblee-generale-dimanche-29-mars\/wp-json\/wp\/v2\/users\/1"}],"replies":[{"embeddable":true,"href":"https:\/\/stevenson-fontainebleau.fr\/2026\/03\/24\/assemblee-generale-dimanche-29-mars\/wp-json\/wp\/v2\/comments?post=1328"}],"version-history":[{"count":31,"href":"https:\/\/stevenson-fontainebleau.fr\/2026\/03\/24\/assemblee-generale-dimanche-29-mars\/wp-json\/wp\/v2\/pages\/1328\/revisions"}],"predecessor-version":[{"id":5143,"href":"https:\/\/stevenson-fontainebleau.fr\/2026\/03\/24\/assemblee-generale-dimanche-29-mars\/wp-json\/wp\/v2\/pages\/1328\/revisions\/5143"}],"up":[{"embeddable":true,"href":"https:\/\/stevenson-fontainebleau.fr\/2026\/03\/24\/assemblee-generale-dimanche-29-mars\/wp-json\/wp\/v2\/pages\/1350"}],"wp:attachment":[{"href":"https:\/\/stevenson-fontainebleau.fr\/2026\/03\/24\/assemblee-generale-dimanche-29-mars\/wp-json\/wp\/v2\/media?parent=1328"}],"curies":[{"name":"wp","href":"https:\/\/api.w.org\/{rel}","templated":true}]}}