{"id":1261,"date":"2017-05-15T04:25:04","date_gmt":"2017-05-15T03:25:04","guid":{"rendered":"http:\/\/stevenson-fontainebleau.fr\/?page_id=1261"},"modified":"2018-07-25T13:31:05","modified_gmt":"2018-07-25T12:31:05","slug":"la-ronde-stevenson-en-chemin-vers-les-impressionnistes","status":"publish","type":"page","link":"https:\/\/stevenson-fontainebleau.fr\/2026\/03\/24\/assemblee-generale-dimanche-29-mars\/evenements-en-cours\/evenements-2017\/la-ronde-stevenson-en-chemin-vers-les-impressionnistes\/","title":{"rendered":"La Ronde Stevenson en chemin vers les impressionnistes Mai  2017"},"content":{"rendered":"<p>La For\u00eat de Fontainebleau est c\u00e9l\u00e8bre pour avoir inspir\u00e9 les \u00e9crivains, les peintres et les po\u00e8tes.<\/p>\n<p style=\"text-align: center;\"><span class=\"st\">PDF cliquez sur le lien&#8211;&gt;<\/span>\u00a0 <a href=\"http:\/\/stevenson-fontainebleau.fr\/wp-content\/uploads\/2017\/05\/la-ronde-stevenson-mai-2017.pdf\" target=\"_blank\" rel=\"noopener noreferrer\">la ronde stevenson mai 2017<\/a><\/p>\n<p>L\u2019association Stevenson de Barbizon \u00e0 Grez a, entre autres, pour objectif de p\u00e9renniser un circuit de randonn\u00e9e p\u00e9destre en for\u00eat de Fontainebleau autour de l\u2019\u00e9crivain R.L\u00a0Stevenson\u00a0et les impressionnistes<\/p>\n<p>Cette randonn\u00e9e \u00e9tal\u00e9e sur 4jours couvre une distance de 70 km.<\/p>\n<p><img loading=\"lazy\" decoding=\"async\" class=\" wp-image-1264 aligncenter\" src=\"http:\/\/stevenson-fontainebleau.fr\/wp-content\/uploads\/2017\/05\/c1-300x148.jpg\" alt=\"\" width=\"373\" height=\"184\" srcset=\"https:\/\/stevenson-fontainebleau.fr\/wp-content\/uploads\/2017\/05\/c1-300x148.jpg 300w, https:\/\/stevenson-fontainebleau.fr\/wp-content\/uploads\/2017\/05\/c1.jpg 446w\" sizes=\"auto, (max-width: 373px) 100vw, 373px\" \/><\/p>\n<h4><strong><em><u>La d\u00e9couverte reconnaissance de ce circuit aura lieu du 25 au 28 mai 2017 <\/u><\/em><\/strong><\/h4>\n<p>Vous \u00eates toutes et tous invit\u00e9s \u00e0 participer \u00e0 cette manifestation sur une ou plusieurs \u00e9tapes, \u00e0 votre choix, vous trouverez ci-dessous toutes les informations.<\/p>\n<p>&nbsp;<\/p>\n<p><span style=\"color: #000080;\"><strong><u>Jeudi 25 mai<\/u>\u00a0:<\/strong><\/span> 1<sup>er<\/sup> \u00e9tape Grez sur Loing\/Moret sur Loing\u00a0: 15,7 km d\u00e9part de Grez (pr\u00e9 communal) \u00e0 9 heures, arriv\u00e9e \u00e0 Moret vers 13 heures, repas tir\u00e9 du sac \u00e0 Moret sur les bords du Loing.<\/p>\n<p><span style=\"color: #000080;\"><u><strong>Vendredi 26 mai<\/strong>\u00a0:<\/u><\/span> 2<sup>\u00e8me<\/sup> \u00e9tape Moret sur Loing\/Fontainebleau\u00a0: 17,5 km d\u00e9part de Moret (office de tourisme)<\/p>\n<p>\u00e0 10 heures, repas tir\u00e9 du sac en for\u00eat vers 12 h 30, arriv\u00e9e \u00e0 Fontainebleau (grille du Ch\u00e2teau) vers 15 heures.<\/p>\n<p><span style=\"color: #000080;\"><strong><u>Samedi 27 mai\u00a0:<\/u><\/strong><\/span> 3<sup>\u00e8me<\/sup> \u00e9tape Fontainebleau\/Barbizon\u00a0: 12,6 km\u00a0d\u00e9part de Fontainebleau (grille du Ch\u00e2teau) \u00e0 9 heures, arriv\u00e9e \u00e0 Barbizon vers 12 h 30, repas au restaurant, inscriptions obligatoires, informations<\/p>\n<p>T\u00e9l\u00a0: 06 81 77 65 15<\/p>\n<p><strong><span style=\"color: #000080;\"><u>Dimanche 28 mai\u00a0:<\/u><\/span><\/strong> 4<sup>\u00e8me<\/sup> \u00e9tape Barbizon\/Grez sur Loing\u00a0: 24 km d\u00e9part de Barbizon (mairie) \u00e0 9 heures.<\/p>\n<p>Vers 12 h 30 \u00a0\u00e0 Recloses (\u00e0 proximit\u00e9 des Tennis) pique-nique, organis\u00e9 par l\u2019association Stevenson moyennant la somme de 10 \u20ac\u00a0:<\/p>\n<p><u>sur inscription<\/u> T\u00e9l\u00a0: 06 81 77 65 15<\/p>\n<p>A 14 heures, seconde partie de la randonn\u00e9e Recloses\/Grez sur Loing pour une arriv\u00e9e \u00e0 Grez vers 17 heures.<\/p>\n<p>Possibilit\u00e9 de ne faire qu\u2019une demi \u00e9tape \u2013Barbizon\/Recloses 14 km ou Recloses\/Grez 10 km.<\/p>\n","protected":false},"excerpt":{"rendered":"<p>La For\u00eat de Fontainebleau est c\u00e9l\u00e8bre pour avoir inspir\u00e9 les \u00e9crivains, les peintres et les po\u00e8tes. PDF cliquez sur le lien&#8211;&gt;\u00a0 la ronde stevenson mai 2017 L\u2019association Stevenson de Barbizon \u00e0 Grez a, entre autres, pour objectif de p\u00e9renniser un circuit de randonn\u00e9e p\u00e9destre en for\u00eat de Fontainebleau autour de l\u2019\u00e9crivain R.L\u00a0Stevenson\u00a0et les impressionnistes Cette &hellip; <a href=\"https:\/\/stevenson-fontainebleau.fr\/2026\/03\/24\/assemblee-generale-dimanche-29-mars\/evenements-en-cours\/evenements-2017\/la-ronde-stevenson-en-chemin-vers-les-impressionnistes\/\" class=\"more-link\">Continuer la lecture de <span class=\"screen-reader-text\">La Ronde Stevenson en chemin vers les impressionnistes Mai  2017<\/span>  <span class=\"meta-nav\">&rarr;<\/span><\/a><\/p>\n","protected":false},"author":1,"featured_media":0,"parent":1432,"menu_order":15,"comment_status":"closed","ping_status":"closed","template":"","meta":{"footnotes":""},"class_list":["post-1261","page","type-page","status-publish","hentry"],"_links":{"self":[{"href":"https:\/\/stevenson-fontainebleau.fr\/2026\/03\/24\/assemblee-generale-dimanche-29-mars\/wp-json\/wp\/v2\/pages\/1261","targetHints":{"allow":["GET"]}}],"collection":[{"href":"https:\/\/stevenson-fontainebleau.fr\/2026\/03\/24\/assemblee-generale-dimanche-29-mars\/wp-json\/wp\/v2\/pages"}],"about":[{"href":"https:\/\/stevenson-fontainebleau.fr\/2026\/03\/24\/assemblee-generale-dimanche-29-mars\/wp-json\/wp\/v2\/types\/page"}],"author":[{"embeddable":true,"href":"https:\/\/stevenson-fontainebleau.fr\/2026\/03\/24\/assemblee-generale-dimanche-29-mars\/wp-json\/wp\/v2\/users\/1"}],"replies":[{"embeddable":true,"href":"https:\/\/stevenson-fontainebleau.fr\/2026\/03\/24\/assemblee-generale-dimanche-29-mars\/wp-json\/wp\/v2\/comments?post=1261"}],"version-history":[{"count":15,"href":"https:\/\/stevenson-fontainebleau.fr\/2026\/03\/24\/assemblee-generale-dimanche-29-mars\/wp-json\/wp\/v2\/pages\/1261\/revisions"}],"predecessor-version":[{"id":1843,"href":"https:\/\/stevenson-fontainebleau.fr\/2026\/03\/24\/assemblee-generale-dimanche-29-mars\/wp-json\/wp\/v2\/pages\/1261\/revisions\/1843"}],"up":[{"embeddable":true,"href":"https:\/\/stevenson-fontainebleau.fr\/2026\/03\/24\/assemblee-generale-dimanche-29-mars\/wp-json\/wp\/v2\/pages\/1432"}],"wp:attachment":[{"href":"https:\/\/stevenson-fontainebleau.fr\/2026\/03\/24\/assemblee-generale-dimanche-29-mars\/wp-json\/wp\/v2\/media?parent=1261"}],"curies":[{"name":"wp","href":"https:\/\/api.w.org\/{rel}","templated":true}]}}