{"id":12,"date":"2015-06-02T22:21:19","date_gmt":"2015-06-02T21:21:19","guid":{"rendered":"http:\/\/stevenson-fontainebleau.fr\/?page_id=12"},"modified":"2016-04-21T13:42:03","modified_gmt":"2016-04-21T12:42:03","slug":"stevenson","status":"publish","type":"page","link":"https:\/\/stevenson-fontainebleau.fr\/2026\/03\/24\/assemblee-generale-dimanche-29-mars\/rl-stevenson\/stevenson\/","title":{"rendered":"de 1875 \u00e0 1878"},"content":{"rendered":"<h1 style=\"text-align: center;\"><span style=\"color: #808080;\">Robert Louis Stevenson<\/span><\/h1>\n<h2 style=\"text-align: center;\">De Barbizon \u00e0 Grez sur Loing \u00a0entre 1875 et 1878<\/h2>\n<p>&nbsp;<\/p>\n<div class=\"article\">\n<h4>1875<\/h4>\n<p>C\u2019est en 1875, \u00e0 l&rsquo;\u00e2ge de 25 ans, ses \u00e9tudes d\u2019avocat termin\u00e9es que Stevenson rejoint son cousin Bob, artiste peintre \u00e0 Paris. Bob fr\u00e9quente l\u2019atelier de Carolus Duran et les deux cousins m\u00e8nent au milieu des artistes la vie de Boh\u00e8me D\u00e8s les beaux jours ils suivent le mouvement et se rendent \u00e0 Barbizon o\u00f9 ils r\u00e9sident \u00e0 l\u2019H\u00f4tel Siron (actuel Bas Br\u00e9au). Monsieur Siron les appelle <q>les Stennies, Stennie l\u2019ain\u00e9 et Stennie fr\u00e8re<\/q>.<\/p>\n<p>Durant l\u2019\u00e9t\u00e9, ils font, avec leurs compagnons de boh\u00e8me, une excursion \u00e0 Grez\u00a0<q>o\u00f9 il y a de l\u2019eau !<\/q>. Ils pousseront jusqu\u2019\u00e0 Marlotte mais reviendront passer la nuit \u00e0 Grez \u00e0 la pension Chevillon au pied du pont.<\/p>\n<p>De ses longues promenades en for\u00eat, Stevenson t\u00e9moignera dans son essai\u00a0<em>\u00abTreasure forest\u00bb.<\/em> Il r\u00e9digera \u00e9galement une nouvelle <em>\u00abLe tr\u00e9sor de Franchard\u00bb.<\/em><\/p>\n<h4>1876<\/h4>\n<p>En 1876, Stevenson part en \u00ab\u00a0croisi\u00e8re\u00a0\u00bb sur les canaux du Nord &#8211; d\u2019Anvers \u00e0 Pontoise &#8211; en compagnie de l\u2019artiste Walter Simpson, \u00e0 bord de deux canots : l\u2019Ar\u00e9thuse et la Cigarette, aventure relat\u00e9e dans son ouvrage <em>\u00ab\u00a0Par les canaux et les rivi\u00e8res\u00a0\u00bb.<\/em><\/p>\n<p>D\u00e8s son retour, il rejoint son cousin Bob qui a suivi les colonies d\u2019artistes britanniques \u00e0 Grez. R\u00e9side alors \u00e0 l\u2019H\u00f4tel Chevillon une belle et sombre artiste am\u00e9ricaine &#8211; Fanny Osborne\u00a0&#8211; accompagn\u00e9e de sa fille Isobel, une ravissante jeune fille de 17 ans et de son fils d\u2019une dizaine d\u2019ann\u00e9es, Lloyd. Elle est venue \u00e0 Grez se remettre du d\u00e9c\u00e8s de son plus jeune fils, au grand dam des artistes qui ne supportent comme pr\u00e9sence f\u00e9minine que celles des mod\u00e8les qu\u2019ils am\u00e8nent. Si Robert Louis Stevenson fut imm\u00e9diatement attir\u00e9 par la belle am\u00e9ricaine, celle-ci marqu\u00e2t dans un premier temps une pr\u00e9f\u00e9rence pour Bob.<\/p>\n<h4>1877<\/h4>\n<p>L\u2019ann\u00e9e 1877 marquera le d\u00e9but des v\u00e9ritables relations entre Stevenson et celle qui deviendra plus tard son \u00e9pouse, Fanny. C\u2019est une saison idyllique qu\u2019ils passent au bord du Loing, Fanny peignant encore et toujours, Stevenson la suivant, portant ombrelles et mat\u00e9riel.<\/p>\n<p>Durant l\u2019\u00e9t\u00e9, Stevenson et le sculpteur am\u00e9ricain Pasdessus se font construire \u00e0 Moret une p\u00e9niche appel\u00e9e \u00ables onze mille vierges de Cologne\u00bb. Incapables de r\u00e9gler le charpentier, celui-ci saisira la p\u00e9niche et les deux canots qui ont servi sur les canaux du nord.<\/p>\n<p>De retour \u00e0 Paris, Stevenson donne comme adresse \u00e0 sa famille \u00ab5, rue Ravignan\u00a0\u00bb, c\u2019est \u00e0 dire celle de Fanny\u2026<\/p>\n<h4>1878<\/h4>\n<p>D\u00e8s les premiers beaux jours de 1978, Stevenson, Fanny et ses enfants se retrouvent \u00e0 Grez. L\u2019horizon s\u2019obscurcit car le mari de Fanny la somme de rentrer en Californie et lui coupe les vivres. Quant au p\u00e8re de Stevenson peu satisfait de la liaison de son fils avec une am\u00e9ricaine, m\u00e8re de famille, plus \u00e2g\u00e9e d\u2019une dizaine d\u2019ann\u00e9es, il d\u00e9cide finalement \u00e0 la suite d\u2019un entretien qui aurait du \u00eatre tr\u00e8s orageux mais touch\u00e9 par la sinc\u00e9rit\u00e9 de son fils de lui verser une avance sur l\u2019h\u00e9ritage afin qu\u2019il poursuive sa carri\u00e8re litt\u00e9raire.<\/p>\n<p>A la fin de l\u2019\u00e9t\u00e9, Fanny rentre \u00e0 San Francisco pour obtenir le divorce et Stevenson part dans les C\u00e9vennes qu\u2019il parcourra \u00e0 pied accompagn\u00e9 de son \u00e2ne, Modestine, un p\u00e9riple de 240 km. Cette nouvelle aventure \u00ab du p\u00e8re de la randonn\u00e9e\u00a0\u00bb sera le th\u00e8me d\u2019un nouvel ouvrage : <em>\u00ab\u00a0Voyage avec un \u00e2ne dans les C\u00e9vennes\u00a0\u00bb.<\/em><\/p>\n<h5 style=\"text-align: center;\"><span style=\"color: #808080;\">Fanny et R.L. Stevenson se marieront le 18 mai 1880 \u00e0 <span style=\"color: #808080;\">Cisco en Californie.<\/span><\/span><\/h5>\n<\/div>\n","protected":false},"excerpt":{"rendered":"<p>Robert Louis Stevenson De Barbizon \u00e0 Grez sur Loing \u00a0entre 1875 et 1878 &nbsp; 1875 C\u2019est en 1875, \u00e0 l&rsquo;\u00e2ge de 25 ans, ses \u00e9tudes d\u2019avocat termin\u00e9es que Stevenson rejoint son cousin Bob, artiste peintre \u00e0 Paris. Bob fr\u00e9quente l\u2019atelier de Carolus Duran et les deux cousins m\u00e8nent au milieu des artistes la vie de &hellip; <a href=\"https:\/\/stevenson-fontainebleau.fr\/2026\/03\/24\/assemblee-generale-dimanche-29-mars\/rl-stevenson\/stevenson\/\" class=\"more-link\">Continuer la lecture de <span class=\"screen-reader-text\">de 1875 \u00e0 1878<\/span>  <span class=\"meta-nav\">&rarr;<\/span><\/a><\/p>\n","protected":false},"author":1,"featured_media":0,"parent":44,"menu_order":0,"comment_status":"closed","ping_status":"closed","template":"","meta":{"footnotes":""},"class_list":["post-12","page","type-page","status-publish","hentry"],"_links":{"self":[{"href":"https:\/\/stevenson-fontainebleau.fr\/2026\/03\/24\/assemblee-generale-dimanche-29-mars\/wp-json\/wp\/v2\/pages\/12","targetHints":{"allow":["GET"]}}],"collection":[{"href":"https:\/\/stevenson-fontainebleau.fr\/2026\/03\/24\/assemblee-generale-dimanche-29-mars\/wp-json\/wp\/v2\/pages"}],"about":[{"href":"https:\/\/stevenson-fontainebleau.fr\/2026\/03\/24\/assemblee-generale-dimanche-29-mars\/wp-json\/wp\/v2\/types\/page"}],"author":[{"embeddable":true,"href":"https:\/\/stevenson-fontainebleau.fr\/2026\/03\/24\/assemblee-generale-dimanche-29-mars\/wp-json\/wp\/v2\/users\/1"}],"replies":[{"embeddable":true,"href":"https:\/\/stevenson-fontainebleau.fr\/2026\/03\/24\/assemblee-generale-dimanche-29-mars\/wp-json\/wp\/v2\/comments?post=12"}],"version-history":[{"count":11,"href":"https:\/\/stevenson-fontainebleau.fr\/2026\/03\/24\/assemblee-generale-dimanche-29-mars\/wp-json\/wp\/v2\/pages\/12\/revisions"}],"predecessor-version":[{"id":668,"href":"https:\/\/stevenson-fontainebleau.fr\/2026\/03\/24\/assemblee-generale-dimanche-29-mars\/wp-json\/wp\/v2\/pages\/12\/revisions\/668"}],"up":[{"embeddable":true,"href":"https:\/\/stevenson-fontainebleau.fr\/2026\/03\/24\/assemblee-generale-dimanche-29-mars\/wp-json\/wp\/v2\/pages\/44"}],"wp:attachment":[{"href":"https:\/\/stevenson-fontainebleau.fr\/2026\/03\/24\/assemblee-generale-dimanche-29-mars\/wp-json\/wp\/v2\/media?parent=12"}],"curies":[{"name":"wp","href":"https:\/\/api.w.org\/{rel}","templated":true}]}}